{"id":2832,"date":"2021-09-11T11:53:20","date_gmt":"2021-09-11T10:53:20","guid":{"rendered":"https:\/\/ordemdosfisioterapeutas.pt\/?page_id=2832"},"modified":"2024-08-02T14:29:45","modified_gmt":"2024-08-02T13:29:45","slug":"recenseamento","status":"publish","type":"page","link":"https:\/\/ordemdosfisioterapeutas.pt\/fr\/eleicoes\/recenseamento\/","title":{"rendered":"Recensement"},"content":{"rendered":"<div data-elementor-type=\"wp-page\" data-elementor-id=\"2832\" class=\"elementor elementor-2832\" data-elementor-post-type=\"page\">\n\t\t\t\t\t\t<section class=\"elementor-section elementor-top-section elementor-element elementor-element-12784140 elementor-section-boxed elementor-section-height-default elementor-section-height-default\" data-id=\"12784140\" data-element_type=\"section\" data-e-type=\"section\">\n\t\t\t\t\t\t<div class=\"elementor-container elementor-column-gap-default\">\n\t\t\t\t\t<div class=\"elementor-column elementor-col-50 elementor-top-column elementor-element elementor-element-19301503 sticky-parent\" data-id=\"19301503\" data-element_type=\"column\" data-e-type=\"column\">\n\t\t\t<div class=\"elementor-widget-wrap elementor-element-populated\">\n\t\t\t\t\t\t<section class=\"elementor-section elementor-inner-section elementor-element elementor-element-7a2bd087 sticky-column elementor-section-boxed elementor-section-height-default elementor-section-height-default\" data-id=\"7a2bd087\" data-element_type=\"section\" data-e-type=\"section\">\n\t\t\t\t\t\t<div class=\"elementor-container elementor-column-gap-default\">\n\t\t\t\t\t<div class=\"elementor-column elementor-col-100 elementor-inner-column elementor-element elementor-element-44c3944e\" data-id=\"44c3944e\" data-element_type=\"column\" data-e-type=\"column\">\n\t\t\t<div class=\"elementor-widget-wrap elementor-element-populated\">\n\t\t\t\t\t\t<div class=\"elementor-element elementor-element-d8d9e7d elementor-hidden-desktop elementor-hidden-tablet elementor-hidden-mobile elementor-nav-menu--dropdown-tablet elementor-nav-menu__text-align-aside elementor-nav-menu--toggle elementor-nav-menu--burger elementor-widget elementor-widget-global elementor-global-2875 elementor-widget-nav-menu\" data-id=\"d8d9e7d\" data-element_type=\"widget\" data-e-type=\"widget\" data-settings=\"{&quot;layout&quot;:&quot;vertical&quot;,&quot;submenu_icon&quot;:{&quot;value&quot;:&quot;fas fa-caret-down&quot;,&quot;library&quot;:&quot;fa-solid&quot;},&quot;toggle&quot;:&quot;burger&quot;}\" data-widget_type=\"nav-menu.default\">\n\t\t\t\t<div class=\"elementor-widget-container\">\n\t\t\t\t\t\t\t\t<nav aria-label=\"Menu\" class=\"elementor-nav-menu--main elementor-nav-menu__container elementor-nav-menu--layout-vertical e--pointer-underline e--animation-fade\">\n\t\t\t\t<ul id=\"menu-1-d8d9e7d\" class=\"elementor-nav-menu sm-vertical\"><li class=\"menu-item menu-item-type-post_type menu-item-object-page menu-item-2852\"><a href=\"https:\/\/ordemdosfisioterapeutas.pt\/fr\/eleicoes\/\" class=\"elementor-item\">\u00c9lections au conseil de surveillance<\/a><\/li>\n<li class=\"menu-item menu-item-type-post_type menu-item-object-page menu-item-2863\"><a href=\"https:\/\/ordemdosfisioterapeutas.pt\/fr\/eleicoes\/calendario-eleitoral\/\" class=\"elementor-item\">Calendrier \u00e9lectoral<\/a><\/li>\n<li class=\"menu-item menu-item-type-post_type menu-item-object-page menu-item-2864\"><a href=\"https:\/\/ordemdosfisioterapeutas.pt\/fr\/eleicoes\/comissao-eleitoral\/\" class=\"elementor-item\">Commission \u00e9lectorale<\/a><\/li>\n<li class=\"menu-item menu-item-type-post_type menu-item-object-page menu-item-2862\"><a href=\"https:\/\/ordemdosfisioterapeutas.pt\/fr\/eleicoes\/recenseamento\/\" class=\"elementor-item\">Recensement<\/a><\/li>\n<li class=\"menu-item menu-item-type-post_type menu-item-object-page menu-item-2861\"><a href=\"https:\/\/ordemdosfisioterapeutas.pt\/fr\/eleicoes\/caderno-eleitoral\/\" class=\"elementor-item\">Listes \u00e9lectorales<\/a><\/li>\n<li class=\"menu-item menu-item-type-post_type menu-item-object-page menu-item-2860\"><a href=\"https:\/\/ordemdosfisioterapeutas.pt\/fr\/eleicoes\/candidaturas\/\" class=\"elementor-item\">Applications<\/a><\/li>\n<li class=\"menu-item menu-item-type-post_type menu-item-object-page menu-item-2859\"><a href=\"https:\/\/ordemdosfisioterapeutas.pt\/fr\/eleicoes\/listas-candidatas\/\" class=\"elementor-item\">Listes de candidats<\/a><\/li>\n<li class=\"menu-item menu-item-type-post_type menu-item-object-page menu-item-2858\"><a href=\"https:\/\/ordemdosfisioterapeutas.pt\/fr\/eleicoes\/campanha-eleitoral\/\" class=\"elementor-item\">Campagne \u00e9lectorale<\/a><\/li>\n<li class=\"menu-item menu-item-type-post_type menu-item-object-page menu-item-2857\"><a href=\"https:\/\/ordemdosfisioterapeutas.pt\/fr\/eleicoes\/ato-eleitoral\/\" class=\"elementor-item\">Loi \u00e9lectorale<\/a><\/li>\n<li class=\"menu-item menu-item-type-post_type menu-item-object-page menu-item-2856\"><a href=\"https:\/\/ordemdosfisioterapeutas.pt\/fr\/eleicoes\/apuramento-dos-resultados\/\" class=\"elementor-item\">R\u00e9sultats provisoires<\/a><\/li>\n<li class=\"menu-item menu-item-type-post_type menu-item-object-page menu-item-2855\"><a href=\"https:\/\/ordemdosfisioterapeutas.pt\/fr\/eleicoes\/resultados-oficiais\/\" class=\"elementor-item\">R\u00e9sultats officiels<\/a><\/li>\n<li class=\"menu-item menu-item-type-post_type menu-item-object-page menu-item-2853\"><a href=\"https:\/\/ordemdosfisioterapeutas.pt\/fr\/eleicoes\/faq-eleicoes\/\" class=\"elementor-item\">Questions fr\u00e9quemment pos\u00e9es<\/a><\/li>\n<\/ul>\t\t\t<\/nav>\n\t\t\t\t\t<div class=\"elementor-menu-toggle\" role=\"button\" tabindex=\"0\" aria-label=\"Activer le menu\" aria-expanded=\"false\">\n\t\t\t<i aria-hidden=\"true\" role=\"presentation\" class=\"elementor-menu-toggle__icon--open eicon-menu-bar\"><\/i><i aria-hidden=\"true\" role=\"presentation\" class=\"elementor-menu-toggle__icon--close eicon-close\"><\/i>\t\t<\/div>\n\t\t\t\t\t<nav class=\"elementor-nav-menu--dropdown elementor-nav-menu__container\" aria-hidden=\"true\">\n\t\t\t\t<ul id=\"menu-2-d8d9e7d\" class=\"elementor-nav-menu sm-vertical\"><li class=\"menu-item menu-item-type-post_type menu-item-object-page menu-item-2852\"><a href=\"https:\/\/ordemdosfisioterapeutas.pt\/fr\/eleicoes\/\" class=\"elementor-item\" tabindex=\"-1\">\u00c9lections au conseil de surveillance<\/a><\/li>\n<li class=\"menu-item menu-item-type-post_type menu-item-object-page menu-item-2863\"><a href=\"https:\/\/ordemdosfisioterapeutas.pt\/fr\/eleicoes\/calendario-eleitoral\/\" class=\"elementor-item\" tabindex=\"-1\">Calendrier \u00e9lectoral<\/a><\/li>\n<li class=\"menu-item menu-item-type-post_type menu-item-object-page menu-item-2864\"><a href=\"https:\/\/ordemdosfisioterapeutas.pt\/fr\/eleicoes\/comissao-eleitoral\/\" class=\"elementor-item\" tabindex=\"-1\">Commission \u00e9lectorale<\/a><\/li>\n<li class=\"menu-item menu-item-type-post_type menu-item-object-page menu-item-2862\"><a href=\"https:\/\/ordemdosfisioterapeutas.pt\/fr\/eleicoes\/recenseamento\/\" class=\"elementor-item\" tabindex=\"-1\">Recensement<\/a><\/li>\n<li class=\"menu-item menu-item-type-post_type menu-item-object-page menu-item-2861\"><a href=\"https:\/\/ordemdosfisioterapeutas.pt\/fr\/eleicoes\/caderno-eleitoral\/\" class=\"elementor-item\" tabindex=\"-1\">Listes \u00e9lectorales<\/a><\/li>\n<li class=\"menu-item menu-item-type-post_type menu-item-object-page menu-item-2860\"><a href=\"https:\/\/ordemdosfisioterapeutas.pt\/fr\/eleicoes\/candidaturas\/\" class=\"elementor-item\" tabindex=\"-1\">Applications<\/a><\/li>\n<li class=\"menu-item menu-item-type-post_type menu-item-object-page menu-item-2859\"><a href=\"https:\/\/ordemdosfisioterapeutas.pt\/fr\/eleicoes\/listas-candidatas\/\" class=\"elementor-item\" tabindex=\"-1\">Listes de candidats<\/a><\/li>\n<li class=\"menu-item menu-item-type-post_type menu-item-object-page menu-item-2858\"><a href=\"https:\/\/ordemdosfisioterapeutas.pt\/fr\/eleicoes\/campanha-eleitoral\/\" class=\"elementor-item\" tabindex=\"-1\">Campagne \u00e9lectorale<\/a><\/li>\n<li class=\"menu-item menu-item-type-post_type menu-item-object-page menu-item-2857\"><a href=\"https:\/\/ordemdosfisioterapeutas.pt\/fr\/eleicoes\/ato-eleitoral\/\" class=\"elementor-item\" tabindex=\"-1\">Loi \u00e9lectorale<\/a><\/li>\n<li class=\"menu-item menu-item-type-post_type menu-item-object-page menu-item-2856\"><a href=\"https:\/\/ordemdosfisioterapeutas.pt\/fr\/eleicoes\/apuramento-dos-resultados\/\" class=\"elementor-item\" tabindex=\"-1\">R\u00e9sultats provisoires<\/a><\/li>\n<li class=\"menu-item menu-item-type-post_type menu-item-object-page menu-item-2855\"><a href=\"https:\/\/ordemdosfisioterapeutas.pt\/fr\/eleicoes\/resultados-oficiais\/\" class=\"elementor-item\" tabindex=\"-1\">R\u00e9sultats officiels<\/a><\/li>\n<li class=\"menu-item menu-item-type-post_type menu-item-object-page menu-item-2853\"><a href=\"https:\/\/ordemdosfisioterapeutas.pt\/fr\/eleicoes\/faq-eleicoes\/\" class=\"elementor-item\" tabindex=\"-1\">Questions fr\u00e9quemment pos\u00e9es<\/a><\/li>\n<\/ul>\t\t\t<\/nav>\n\t\t\t\t\t\t<\/div>\n\t\t\t\t<\/div>\n\t\t\t\t\t<\/div>\n\t\t<\/div>\n\t\t\t\t\t<\/div>\n\t\t<\/section>\n\t\t\t\t\t<\/div>\n\t\t<\/div>\n\t\t\t\t<div class=\"elementor-column elementor-col-50 elementor-top-column elementor-element elementor-element-7883b541\" data-id=\"7883b541\" data-element_type=\"column\" data-e-type=\"column\">\n\t\t\t<div class=\"elementor-widget-wrap elementor-element-populated\">\n\t\t\t\t\t\t<div class=\"elementor-element elementor-element-e55a462 elementor-widget elementor-widget-text-editor\" data-id=\"e55a462\" data-element_type=\"widget\" data-e-type=\"widget\" data-widget_type=\"text-editor.default\">\n\t\t\t\t<div class=\"elementor-widget-container\">\n\t\t\t\t\t\t\t\t\t<p>Il est essentiel que tous les membres de l'Ordre des physioth\u00e9rapeutes mettent \u00e0 jour leurs coordonn\u00e9es pour pouvoir participer aux \u00e9lections. V\u00e9rifiez et mettez \u00e0 jour vos coordonn\u00e9es sur votre <span style=\"text-decoration: underline;\"><a href=\"https:\/\/portal.ordemdosfisioterapeutas.pt\/?_ga=2.225000473.20998420.1630766367-1640897408.1605222732\" target=\"_blank\" rel=\"noopener\">zone r\u00e9serv\u00e9e<\/a><\/span>en particulier l'adresse \u00e9lectronique et le num\u00e9ro de t\u00e9l\u00e9phone portable, car ils sont indispensables pour pouvoir voter (voir notre <span style=\"text-decoration: underline;\"><a href=\"https:\/\/www.youtube.com\/watch?v=8KkcbL9JKNI\" target=\"_blank\" rel=\"noopener\">tutoriel vid\u00e9o<\/a><\/span>). Sont \u00e9lecteurs tous les kin\u00e9sith\u00e9rapeutes qui, \u00e0 la date d'\u00e9tablissement de la liste \u00e9lectorale (15 octobre 2024), ne sont pas en retard de cotisation depuis plus de six mois.<\/p>\t\t\t\t\t\t\t\t<\/div>\n\t\t\t\t<\/div>\n\t\t\t\t\t<\/div>\n\t\t<\/div>\n\t\t\t\t\t<\/div>\n\t\t<\/section>\n\t\t\t\t<\/div>","protected":false},"excerpt":{"rendered":"<p>Il est essentiel que tous les membres de l'Ordre des kin\u00e9sith\u00e9rapeutes mettent \u00e0 jour leurs coordonn\u00e9es afin de pouvoir participer aux \u00e9lections. V\u00e9rifiez et mettez \u00e0 jour vos coordonn\u00e9es dans votre espace r\u00e9serv\u00e9, en particulier votre adresse e-mail et votre num\u00e9ro de t\u00e9l\u00e9phone portable, qui sont indispensables pour pouvoir voter (voir notre tutoriel vid\u00e9o). Vous \u00eates \u00e9lecteur et \u00e9ligible pour participer ... <a title=\"Recensement\" class=\"read-more\" href=\"https:\/\/ordemdosfisioterapeutas.pt\/fr\/eleicoes\/recenseamento\/\" aria-label=\"En savoir plus sur Recensement\">En savoir plus<\/a><\/p>","protected":false},"author":1,"featured_media":0,"parent":2495,"menu_order":3,"comment_status":"closed","ping_status":"closed","template":"","meta":{"footnotes":""},"class_list":["post-2832","page","type-page","status-publish"],"_links":{"self":[{"href":"https:\/\/ordemdosfisioterapeutas.pt\/fr\/wp-json\/wp\/v2\/pages\/2832","targetHints":{"allow":["GET"]}}],"collection":[{"href":"https:\/\/ordemdosfisioterapeutas.pt\/fr\/wp-json\/wp\/v2\/pages"}],"about":[{"href":"https:\/\/ordemdosfisioterapeutas.pt\/fr\/wp-json\/wp\/v2\/types\/page"}],"author":[{"embeddable":true,"href":"https:\/\/ordemdosfisioterapeutas.pt\/fr\/wp-json\/wp\/v2\/users\/1"}],"replies":[{"embeddable":true,"href":"https:\/\/ordemdosfisioterapeutas.pt\/fr\/wp-json\/wp\/v2\/comments?post=2832"}],"version-history":[{"count":0,"href":"https:\/\/ordemdosfisioterapeutas.pt\/fr\/wp-json\/wp\/v2\/pages\/2832\/revisions"}],"up":[{"embeddable":true,"href":"https:\/\/ordemdosfisioterapeutas.pt\/fr\/wp-json\/wp\/v2\/pages\/2495"}],"wp:attachment":[{"href":"https:\/\/ordemdosfisioterapeutas.pt\/fr\/wp-json\/wp\/v2\/media?parent=2832"}],"curies":[{"name":"wp","href":"https:\/\/api.w.org\/{rel}","templated":true}]}}