{"id":2740,"date":"2021-08-17T14:31:35","date_gmt":"2021-08-17T13:31:35","guid":{"rendered":"https:\/\/ordemdosfisioterapeutas.pt\/?page_id=2740"},"modified":"2024-03-01T12:22:58","modified_gmt":"2024-03-01T12:22:58","slug":"erros-frequentes-preenchimento-requerimento-inscricao","status":"publish","type":"page","link":"https:\/\/ordemdosfisioterapeutas.pt\/fr\/erros-frequentes-preenchimento-requerimento-inscricao\/","title":{"rendered":"Erreurs fr\u00e9quentes lors du remplissage du formulaire de candidature"},"content":{"rendered":"<div data-elementor-type=\"wp-page\" data-elementor-id=\"2740\" class=\"elementor elementor-2740\" data-elementor-post-type=\"page\">\n\t\t\t\t\t\t<section class=\"elementor-section elementor-top-section elementor-element elementor-element-19dd88d9 elementor-section-boxed elementor-section-height-default elementor-section-height-default\" data-id=\"19dd88d9\" data-element_type=\"section\" data-e-type=\"section\">\n\t\t\t\t\t\t<div class=\"elementor-container elementor-column-gap-default\">\n\t\t\t\t\t<div class=\"elementor-column elementor-col-100 elementor-top-column elementor-element elementor-element-36417d4e\" data-id=\"36417d4e\" data-element_type=\"column\" data-e-type=\"column\">\n\t\t\t<div class=\"elementor-widget-wrap elementor-element-populated\">\n\t\t\t\t\t\t<div class=\"elementor-element elementor-element-2d94bdcb elementor-widget elementor-widget-text-editor\" data-id=\"2d94bdcb\" data-element_type=\"widget\" data-e-type=\"widget\" data-widget_type=\"text-editor.default\">\n\t\t\t\t<div class=\"elementor-widget-container\">\n\t\t\t\t\t\t\t\t\t<p>Aidez-nous \u00e0 am\u00e9liorer l'efficacit\u00e9 du processus d'inscription. Nous avons observ\u00e9 un certain nombre de difficult\u00e9s et d'erreurs fr\u00e9quentes, qui rendent n\u00e9cessaire le renvoi des demandes et retardent l'ensemble du processus d'inscription.<\/p>\n<p>\u00c9vitez le retour de votre demande.<\/p>\n<p><strong>Principales difficult\u00e9s et erreurs fr\u00e9quentes que vous pouvez facilement \u00e9viter :<\/strong><\/p>\t\t\t\t\t\t\t\t<\/div>\n\t\t\t\t<\/div>\n\t\t\t\t<div class=\"elementor-element elementor-element-616b1955 elementor-widget elementor-widget-heading\" data-id=\"616b1955\" data-element_type=\"widget\" data-e-type=\"widget\" data-widget_type=\"heading.default\">\n\t\t\t\t<div class=\"elementor-widget-container\">\n\t\t\t\t\t<h2 class=\"elementor-heading-title elementor-size-default\">1. choisissez l'option de remplir le formulaire<\/h2>\t\t\t\t<\/div>\n\t\t\t\t<\/div>\n\t\t\t\t<div class=\"elementor-element elementor-element-77e6a7a8 elementor-widget elementor-widget-text-editor\" data-id=\"77e6a7a8\" data-element_type=\"widget\" data-e-type=\"widget\" data-widget_type=\"text-editor.default\">\n\t\t\t\t<div class=\"elementor-widget-container\">\n\t\t\t\t\t\t\t\t\t<p>Le formulaire est con\u00e7u de mani\u00e8re \u00e0 \u00eatre adapt\u00e9 \u00e0 chacune des situations les plus courantes du parcours de formation :<\/p><ul><li>Physioth\u00e9rapeute dipl\u00f4m\u00e9 au Portugal avec une licence (avant 1993) ;<\/li><li>Physioth\u00e9rapeute dipl\u00f4m\u00e9 au Portugal avec un dipl\u00f4me en bioth\u00e9rapie (1993-2008) ;<\/li><li>Physioth\u00e9rapeute dipl\u00f4m\u00e9 au Portugal (apr\u00e8s 2008) ;<\/li><li>Physioth\u00e9rapeute form\u00e9 dans un pays de l'UE\/AELE ;<\/li><li>Physioth\u00e9rapeute form\u00e9 dans un pays hors UE\/AELE.<\/li><\/ul><p>Le choix initial d'une mauvaise option conduit naturellement le formulaire \u00e0 ouvrir des options qui ne sont pas totalement adapt\u00e9es, g\u00e9n\u00e9rant des difficult\u00e9s et des erreurs de remplissage.<\/p><p>Par exemple, les personnes titulaires d'une licence qui choisissent l'option \"Licenciatura ( apr\u00e8s 2008 )\" verront leur formulaire retourn\u00e9 pour correction, en raison du manque de donn\u00e9es.<\/p><p><strong>Si vous n'\u00eates pas s\u00fbr du formulaire \u00e0 suivre, veuillez vous r\u00e9f\u00e9rer aux guides de candidature \u00e9tape par \u00e9tape pour confirmer la marche \u00e0 suivre pour remplir le formulaire, ainsi que les documents que vous devrez soumettre :<\/strong><\/p><ul><li><span style=\"text-decoration: underline;\"><a href=\"https:\/\/ordemdosfisioterapeutas.pt\/wp-content\/uploads\/2021\/05\/guia-passopasso-nacionais-bacharelato-12017-12773.pdf\" target=\"_blank\" rel=\"noopener\">Physioth\u00e9rapeute dipl\u00f4m\u00e9 au Portugal avec une licence ( avant 1993 )<\/a><\/span><\/li><li><span style=\"text-decoration: underline;\"><a href=\"https:\/\/ordemdosfisioterapeutas.pt\/wp-content\/uploads\/2021\/05\/guia-passopasso-nacionais-bietapica-12019-12772.pdf\" target=\"_blank\" rel=\"noopener\">Physioth\u00e9rapeute dipl\u00f4m\u00e9e au Portugal avec un dipl\u00f4me en bioth\u00e9rapie (1993-2008).<\/a><\/span><\/li><li><span style=\"text-decoration: underline;\"><a href=\"https:\/\/ordemdosfisioterapeutas.pt\/wp-content\/uploads\/2021\/05\/guia-passopasso-nacionais-licenciatura-12015-12774.pdf\" target=\"_blank\" rel=\"noopener\">Physioth\u00e9rapeute dipl\u00f4m\u00e9 au Portugal ( apr\u00e8s 2008 )<\/a><\/span><\/li><li><span style=\"text-decoration: underline;\"><a href=\"https:\/\/ordemdosfisioterapeutas.pt\/wp-content\/uploads\/2022\/03\/guia_passopasso_EU_EFTA1201612770-Final-com-CPE.pdf\" target=\"_blank\" rel=\"noopener\">Physioth\u00e9rapeute form\u00e9 dans un pays de l'UE\/AELE (avec CPE)<\/a><\/span><\/li><li><span style=\"text-decoration: underline;\"><a href=\"https:\/\/ordemdosfisioterapeutas.pt\/wp-content\/uploads\/2022\/03\/guia_passopasso_EU_EFTA1201612770-Final-sem-CPE.pdf\" target=\"_blank\" rel=\"noopener\">Physioth\u00e9rapeute form\u00e9 dans un pays de l'UE\/AELE (sans CPE)<\/a><\/span><\/li><li><span style=\"text-decoration: underline;\"><a href=\"https:\/\/ordemdosfisioterapeutas.pt\/wp-content\/uploads\/2021\/05\/guia-passopasso-estrangeirospaisesterceiros-12018-12771.pdf\" target=\"_blank\" rel=\"noopener\">Physioth\u00e9rapeute form\u00e9 dans un pays hors UE\/AELE<\/a><\/span><\/li><\/ul>\t\t\t\t\t\t\t\t<\/div>\n\t\t\t\t<\/div>\n\t\t\t\t<div class=\"elementor-element elementor-element-6dc798d elementor-widget elementor-widget-heading\" data-id=\"6dc798d\" data-element_type=\"widget\" data-e-type=\"widget\" data-widget_type=\"heading.default\">\n\t\t\t\t<div class=\"elementor-widget-container\">\n\t\t\t\t\t<h2 class=\"elementor-heading-title elementor-size-default\">2. Non-utilisation du formulaire de signature fourni et d'un stylo de la bonne couleur.<\/h2>\t\t\t\t<\/div>\n\t\t\t\t<\/div>\n\t\t\t\t<div class=\"elementor-element elementor-element-11fb91e1 elementor-widget elementor-widget-text-editor\" data-id=\"11fb91e1\" data-element_type=\"widget\" data-e-type=\"widget\" data-widget_type=\"text-editor.default\">\n\t\t\t\t<div class=\"elementor-widget-container\">\n\t\t\t\t\t\t\t\t\t<p>Il convient d'utiliser le formulaire de signature pr\u00e9vu \u00e0 cet effet sur le site de l'Ordre et d'utiliser un stylo \u00e0 encre noire.<\/p>\n<p>Il s'agira de la signature \u00e0 utiliser sur votre bulletin de vote (carte). La taille, la couleur de l'encre et le contraste sont donc essentiels.<\/p>\t\t\t\t\t\t\t\t<\/div>\n\t\t\t\t<\/div>\n\t\t\t\t<div class=\"elementor-element elementor-element-507ed9f6 elementor-widget elementor-widget-heading\" data-id=\"507ed9f6\" data-element_type=\"widget\" data-e-type=\"widget\" data-widget_type=\"heading.default\">\n\t\t\t\t<div class=\"elementor-widget-container\">\n\t\t\t\t\t<h2 class=\"elementor-heading-title elementor-size-default\">3. Non-placement du num\u00e9ro de c\u00e9dula du CESA, dans le cas de ceux qui poss\u00e8dent ce document.<\/h2>\t\t\t\t<\/div>\n\t\t\t\t<\/div>\n\t\t\t\t<div class=\"elementor-element elementor-element-24ce926a elementor-widget elementor-widget-text-editor\" data-id=\"24ce926a\" data-element_type=\"widget\" data-e-type=\"widget\" data-widget_type=\"text-editor.default\">\n\t\t\t\t<div class=\"elementor-widget-container\">\n\t\t\t\t\t\t\t\t\t<p>Cet \u00e9l\u00e9ment est essentiel pour le processus d'analyse des candidatures, et en particulier pour \u00e9viter de devoir confirmer l'authenticit\u00e9 des qualifications acad\u00e9miques soumises en PDF.<\/p><p>N'oubliez pas d'indiquer le num\u00e9ro du bulletin de vote.<\/p><p>Si vous ne vous souvenez pas du num\u00e9ro, consultez la base de donn\u00e9es du SACR, <a href=\"https:\/\/tdt-rhs.min-saude.pt\/pages\/entradaacss.aspx?ReturnUrl=%2fAPP%2fUserProcess%2fDEFAULT.ASPX\" target=\"_blank\" rel=\"noopener\"><span style=\"text-decoration: underline;\">en cliquant ici<\/span><\/a>.<\/p>\t\t\t\t\t\t\t\t<\/div>\n\t\t\t\t<\/div>\n\t\t\t\t<div class=\"elementor-element elementor-element-74741710 elementor-widget elementor-widget-heading\" data-id=\"74741710\" data-element_type=\"widget\" data-e-type=\"widget\" data-widget_type=\"heading.default\">\n\t\t\t\t<div class=\"elementor-widget-container\">\n\t\t\t\t\t<h2 class=\"elementor-heading-title elementor-size-default\">4. Date d'ach\u00e8vement du cours incorrecte<\/h2>\t\t\t\t<\/div>\n\t\t\t\t<\/div>\n\t\t\t\t<div class=\"elementor-element elementor-element-128762f8 elementor-widget elementor-widget-text-editor\" data-id=\"128762f8\" data-element_type=\"widget\" data-e-type=\"widget\" data-widget_type=\"text-editor.default\">\n\t\t\t\t<div class=\"elementor-widget-container\">\n\t\t\t\t\t\t\t\t\t<p><strong>4.1. doit enregistrer la date d'ach\u00e8vement du cours, et non la date de d\u00e9livrance du dipl\u00f4me<\/strong><\/p><p>La date d'ach\u00e8vement du cours est normalement indiqu\u00e9e dans le corps du dipl\u00f4me\/certificat, et non \u00e0 la fin.<\/p><p>La date d'ach\u00e8vement de la formation, notamment celle qui vous a donn\u00e9 acc\u00e8s \u00e0 la pratique professionnelle, qui figure sur votre dipl\u00f4me ou certificat de qualification, est pertinente pour le calcul global de votre dur\u00e9e de pratique professionnelle (anciennet\u00e9).<\/p><p>Elle ne doit pas \u00eatre confondue avec la date de d\u00e9livrance du dipl\u00f4me ou du certificat lui-m\u00eame, qui est normalement d\u00e9livr\u00e9 \u00e0 une date ult\u00e9rieure. Dans le cas d'un dipl\u00f4me dupliqu\u00e9, cette diff\u00e9rence sera naturellement encore plus marqu\u00e9e.<\/p><p><strong>4.2 - La date \u00e0 indiquer sur le formulaire est celle de la fin du cours initial qui vous a donn\u00e9 acc\u00e8s \u00e0 l'exercice de la profession.<\/strong><\/p><p>La date d'ach\u00e8vement de la formation, notamment celle qui vous a donn\u00e9 acc\u00e8s \u00e0 la pratique professionnelle, qui figure sur votre dipl\u00f4me ou certificat de qualification, est pertinente pour le calcul global de votre dur\u00e9e de pratique professionnelle (anciennet\u00e9).<\/p><p>Dans le cas de coll\u00e8gues ayant une formation plus ancienne, un pr\u00e9c\u00e9dent dipl\u00f4me de Bologne, il y a eu quelques doutes et erreurs dans le remplissage du formulaire, qui sont faciles \u00e0 \u00e9viter.<\/p><p><strong>4.2.1 - Si votre formation initiale n'a pas donn\u00e9 lieu \u00e0 l'obtention d'un dipl\u00f4me acad\u00e9mique, mais que vous avez obtenu par la suite une \u00e9quivalence au grade de Bachelor, la date \u00e0 indiquer sur le formulaire est celle de la fin de la formation initiale.<\/strong><\/p><p>Exemple : Pour un cours de 1985, qui a fait l'objet d'une \u00e9quivalence formelle en 1999, la date figurant sur le formulaire doit \u00eatre 1985.<\/p><p>Vous devez toutefois pr\u00e9senter les deux documents : celui de la formation initiale et celui de la reconnaissance officielle du dipl\u00f4me universitaire. Comme il n'y a qu'un seul champ dans le formulaire pour soumettre ces deux documents, vous devez faire une copie conjointe, dans un seul PDF.<\/p><p><strong>4.2.2 - Il en va de m\u00eame si vous avez obtenu un dipl\u00f4me Biopic.<\/strong><\/p><p>Compte tenu du fait que le premier cycle de la licence en bioth\u00e9rapie, qui correspond \u00e0 la licence en physioth\u00e9rapie, \u00e9tait, \u00e0 l'\u00e9poque, la qualification suffisante pour l'exercice de la profession de physioth\u00e9rapeute et l'inscription pour l'obtention de la carte professionnelle correspondante, il s'agira de la qualification de r\u00e9f\u00e9rence \u00e0 des fins statistiques.<\/p><p>Sur cette base, c'est la date d'obtention du dipl\u00f4me de bachelor qui sera retenue pour le d\u00e9compte de votre anciennet\u00e9 professionnelle.<\/p><p>Si vous n'avez pas demand\u00e9 ce certificat d'ach\u00e8vement du baccalaur\u00e9at, vous devez pr\u00e9senter une d\u00e9claration sur l'honneur, avec la date d'ach\u00e8vement respective.<\/p><p>Pour faciliter votre d\u00e9claration, vous pouvez utiliser le mod\u00e8le disponible ici.<\/p>\t\t\t\t\t\t\t\t<\/div>\n\t\t\t\t<\/div>\n\t\t\t\t<div class=\"elementor-element elementor-element-62895b5d elementor-widget elementor-widget-heading\" data-id=\"62895b5d\" data-element_type=\"widget\" data-e-type=\"widget\" data-widget_type=\"heading.default\">\n\t\t\t\t<div class=\"elementor-widget-container\">\n\t\t\t\t\t<h2 class=\"elementor-heading-title elementor-size-default\">5. Absence de document prouvant le domicile professionnel<\/h2>\t\t\t\t<\/div>\n\t\t\t\t<\/div>\n\t\t\t\t<div class=\"elementor-element elementor-element-506411e0 elementor-widget elementor-widget-text-editor\" data-id=\"506411e0\" data-element_type=\"widget\" data-e-type=\"widget\" data-widget_type=\"text-editor.default\">\n\t\t\t\t<div class=\"elementor-widget-container\">\n\t\t\t\t\t\t\t\t\t<p>Tous les documents \u00e0 jour suivants peuvent \u00eatre accept\u00e9s pour l'inclusion :<\/p>\n<ul>\n<li>Re\u00e7u de salaire avec adresse professionnelle (vous pouvez masquer les montants) ;<\/li>\n<li>D\u00e9claration de l'adresse professionnelle de l'employeur ;<\/li>\n<li>D\u00e9claration d'ouverture de l'activit\u00e9 dans le d\u00e9partement des finances ;<\/li>\n<li>Re\u00e7u vert avec adresse ;<\/li>\n<li>D\u00e9claration de l'IEFP dans les cas applicables.<\/li>\n<\/ul>\t\t\t\t\t\t\t\t<\/div>\n\t\t\t\t<\/div>\n\t\t\t\t<div class=\"elementor-element elementor-element-46f8c191 elementor-widget elementor-widget-heading\" data-id=\"46f8c191\" data-element_type=\"widget\" data-e-type=\"widget\" data-widget_type=\"heading.default\">\n\t\t\t\t<div class=\"elementor-widget-container\">\n\t\t\t\t\t<h2 class=\"elementor-heading-title elementor-size-default\">6. Difficult\u00e9 \u00e0 d\u00e9finir la longueur et le d\u00e9tail du CV \u00e0 soumettre<\/h2>\t\t\t\t<\/div>\n\t\t\t\t<\/div>\n\t\t\t\t<div class=\"elementor-element elementor-element-47cd6a94 elementor-widget elementor-widget-text-editor\" data-id=\"47cd6a94\" data-element_type=\"widget\" data-e-type=\"widget\" data-widget_type=\"text-editor.default\">\n\t\t\t\t<div class=\"elementor-widget-container\">\n\t\t\t\t\t\t\t\t\t<p>Le CV doit faire \u00e9tat d'une \"exp\u00e9rience professionnelle pertinente\".<\/p>\n<p>Le niveau de d\u00e9tail de la description de cette exp\u00e9rience professionnelle sera, \u00e0 ce stade, \u00e0 la discr\u00e9tion du candidat et sous son honneur.<\/p>\n<p>Il est \u00e9galement inform\u00e9 que ce champ pourra \u00eatre mis \u00e0 jour, \u00e0 tout moment, et \u00e0 leur libre initiative, dans leur espace personnel, accessible par le site de l'Ordre des kin\u00e9sith\u00e9rapeutes.<\/p>\n<p>Vous pouvez \u00e9galement ins\u00e9rer le lien vers votre CV, mais dans ce cas, assurez-vous qu'il est accessible de cette mani\u00e8re, sans avoir besoin de mots de passe.<\/p>\t\t\t\t\t\t\t\t<\/div>\n\t\t\t\t<\/div>\n\t\t\t\t<div class=\"elementor-element elementor-element-53f7e897 elementor-align-center elementor-widget elementor-widget-button\" data-id=\"53f7e897\" data-element_type=\"widget\" data-e-type=\"widget\" data-widget_type=\"button.default\">\n\t\t\t\t<div class=\"elementor-widget-container\">\n\t\t\t\t\t\t\t\t\t<div class=\"elementor-button-wrapper\">\n\t\t\t\t\t<a class=\"elementor-button elementor-button-link elementor-size-sm\" href=\"https:\/\/portal.ordemdosfisioterapeutas.pt\/\" target=\"_blank\">\n\t\t\t\t\t\t<span class=\"elementor-button-content-wrapper\">\n\t\t\t\t\t\t<span class=\"elementor-button-icon\">\n\t\t\t\t<i aria-hidden=\"true\" class=\"fas fa-pen-alt\"><\/i>\t\t\t<\/span>\n\t\t\t\t\t\t\t\t\t<span class=\"elementor-button-text\">Continuer vers le formulaire d'inscription<\/span>\n\t\t\t\t\t<\/span>\n\t\t\t\t\t<\/a>\n\t\t\t\t<\/div>\n\t\t\t\t\t\t\t\t<\/div>\n\t\t\t\t<\/div>\n\t\t\t\t\t<\/div>\n\t\t<\/div>\n\t\t\t\t\t<\/div>\n\t\t<\/section>\n\t\t\t\t<\/div>","protected":false},"excerpt":{"rendered":"<p>Aidez-nous \u00e0 am\u00e9liorer l'efficacit\u00e9 du processus d'inscription. Nous avons constat\u00e9 un certain nombre de difficult\u00e9s et d'erreurs fr\u00e9quentes, qui obligent \u00e0 renvoyer les demandes et retardent l'ensemble du processus d'inscription. \u00c9vitez de devoir renvoyer votre demande. Principales difficult\u00e9s et erreurs fr\u00e9quentes que vous pouvez facilement \u00e9viter : 1. choisir l'option sur le formulaire de demande ... <a title=\"Erreurs fr\u00e9quentes lors du remplissage du formulaire de candidature\" class=\"read-more\" href=\"https:\/\/ordemdosfisioterapeutas.pt\/fr\/erros-frequentes-preenchimento-requerimento-inscricao\/\" aria-label=\"En savoir plus sur Erreurs fr\u00e9quentes dans le remplissage du formulaire de candidature\">En savoir plus<\/a><\/p>","protected":false},"author":1,"featured_media":0,"parent":0,"menu_order":0,"comment_status":"closed","ping_status":"closed","template":"","meta":{"footnotes":""},"class_list":["post-2740","page","type-page","status-publish"],"_links":{"self":[{"href":"https:\/\/ordemdosfisioterapeutas.pt\/fr\/wp-json\/wp\/v2\/pages\/2740","targetHints":{"allow":["GET"]}}],"collection":[{"href":"https:\/\/ordemdosfisioterapeutas.pt\/fr\/wp-json\/wp\/v2\/pages"}],"about":[{"href":"https:\/\/ordemdosfisioterapeutas.pt\/fr\/wp-json\/wp\/v2\/types\/page"}],"author":[{"embeddable":true,"href":"https:\/\/ordemdosfisioterapeutas.pt\/fr\/wp-json\/wp\/v2\/users\/1"}],"replies":[{"embeddable":true,"href":"https:\/\/ordemdosfisioterapeutas.pt\/fr\/wp-json\/wp\/v2\/comments?post=2740"}],"version-history":[{"count":0,"href":"https:\/\/ordemdosfisioterapeutas.pt\/fr\/wp-json\/wp\/v2\/pages\/2740\/revisions"}],"wp:attachment":[{"href":"https:\/\/ordemdosfisioterapeutas.pt\/fr\/wp-json\/wp\/v2\/media?parent=2740"}],"curies":[{"name":"wp","href":"https:\/\/api.w.org\/{rel}","templated":true}]}}