{"id":1471,"date":"2020-11-11T19:31:32","date_gmt":"2020-11-11T19:31:32","guid":{"rendered":"https:\/\/ordemdosfisioterapeutas.pt\/?page_id=1471"},"modified":"2021-02-03T19:19:24","modified_gmt":"2021-02-03T19:19:24","slug":"mensagem-de-boas-vindas","status":"publish","type":"page","link":"https:\/\/ordemdosfisioterapeutas.pt\/fr\/mensagem-de-boas-vindas\/","title":{"rendered":"Message de bienvenue"},"content":{"rendered":"<div data-elementor-type=\"wp-page\" data-elementor-id=\"1471\" class=\"elementor elementor-1471\" data-elementor-post-type=\"page\">\n\t\t\t\t\t\t<section class=\"elementor-section elementor-top-section elementor-element elementor-element-ad8715c elementor-section-boxed elementor-section-height-default elementor-section-height-default\" data-id=\"ad8715c\" data-element_type=\"section\" data-e-type=\"section\">\n\t\t\t\t\t\t<div class=\"elementor-container elementor-column-gap-default\">\n\t\t\t\t\t<div class=\"elementor-column elementor-col-50 elementor-top-column elementor-element elementor-element-e03a368\" data-id=\"e03a368\" data-element_type=\"column\" data-e-type=\"column\">\n\t\t\t<div class=\"elementor-widget-wrap elementor-element-populated\">\n\t\t\t\t\t\t<div class=\"elementor-element elementor-element-b788fe2 elementor-widget elementor-widget-image\" data-id=\"b788fe2\" data-element_type=\"widget\" data-e-type=\"widget\" data-widget_type=\"image.default\">\n\t\t\t\t<div class=\"elementor-widget-container\">\n\t\t\t\t\t\t\t\t\t\t\t\t\t\t\t<img fetchpriority=\"high\" decoding=\"async\" width=\"683\" height=\"1024\" src=\"https:\/\/ordemdosfisioterapeutas.pt\/wp-content\/uploads\/2020\/10\/isabel-souza-guerra-683x1024.jpg\" class=\"attachment-large size-large wp-image-1057\" alt=\"Isabel de Souza Guerra\" srcset=\"https:\/\/ordemdosfisioterapeutas.pt\/wp-content\/uploads\/2020\/10\/isabel-souza-guerra-683x1024.jpg 683w, https:\/\/ordemdosfisioterapeutas.pt\/wp-content\/uploads\/2020\/10\/isabel-souza-guerra-200x300.jpg 200w, https:\/\/ordemdosfisioterapeutas.pt\/wp-content\/uploads\/2020\/10\/isabel-souza-guerra-768x1152.jpg 768w, https:\/\/ordemdosfisioterapeutas.pt\/wp-content\/uploads\/2020\/10\/isabel-souza-guerra.jpg 1000w\" sizes=\"(max-width: 683px) 100vw, 683px\" \/>\t\t\t\t\t\t\t\t\t\t\t\t\t\t\t<\/div>\n\t\t\t\t<\/div>\n\t\t\t\t\t<\/div>\n\t\t<\/div>\n\t\t\t\t<div class=\"elementor-column elementor-col-50 elementor-top-column elementor-element elementor-element-34b608f\" data-id=\"34b608f\" data-element_type=\"column\" data-e-type=\"column\">\n\t\t\t<div class=\"elementor-widget-wrap elementor-element-populated\">\n\t\t\t\t\t\t<div class=\"elementor-element elementor-element-e1dea3c elementor-widget elementor-widget-text-editor\" data-id=\"e1dea3c\" data-element_type=\"widget\" data-e-type=\"widget\" data-widget_type=\"text-editor.default\">\n\t\t\t\t<div class=\"elementor-widget-container\">\n\t\t\t\t\t\t\t\t\t<p>Bienvenue \u00e0 l'Ordre des physioth\u00e9rapeutes.<\/p><p>L'Ordre des physioth\u00e9rapeutes est une avanc\u00e9e importante dans l'affirmation de notre profession au sein de la soci\u00e9t\u00e9 portugaise.<\/p><p>La mission principale de l'Ordre est la d\u00e9fense des citoyens contre les pratiques non qualifi\u00e9es et le droit aux soins de physioth\u00e9rapie, avec qualit\u00e9, s\u00e9curit\u00e9 et bons r\u00e9sultats, fournis par des professionnels aux comp\u00e9tences reconnues et certifi\u00e9es.<\/p><p>La commission d'installation de l'Ordre des kin\u00e9sith\u00e9rapeutes travaille \u00e0 garantir les conditions n\u00e9cessaires \u00e0 l'\u00e9lection des organes sociaux, \u00e0 partir de laquelle l'Ordre pourra d\u00e9velopper pleinement son activit\u00e9.<\/p><p>Aujourd'hui, nous disposons de trois plateformes num\u00e9riques : un site web, une page Facebook et un profil LinkedIn, afin que notre communaut\u00e9 puisse commencer \u00e0 se d\u00e9velopper gr\u00e2ce \u00e0 la participation de chacun. Le site web sera le principal canal de communication entre la commission d'installation et les kin\u00e9sith\u00e9rapeutes, o\u00f9 tous les doutes pourront \u00eatre clarifi\u00e9s. Bient\u00f4t, un espace priv\u00e9 sera \u00e9galement disponible pour chaque kin\u00e9sith\u00e9rapeute o\u00f9, entre autres, il sera possible de s'inscrire \u00e0 l'Ordre, ce qui est obligatoire pour l'exercice de la profession.<\/p><p>Nous sommes avec vous !<\/p><p>Restez avec nous aussi.<\/p>\t\t\t\t\t\t\t\t<\/div>\n\t\t\t\t<\/div>\n\t\t\t\t\t<\/div>\n\t\t<\/div>\n\t\t\t\t\t<\/div>\n\t\t<\/section>\n\t\t\t\t<\/div>","protected":false},"excerpt":{"rendered":"<p>Seja bem-vindo \u00e0 Ordem dos Fisioterapeutas. A Ordem dos Fisioterapeutas \u00e9 um importante avan\u00e7o na afirma\u00e7\u00e3o da nossa profiss\u00e3o na sociedade portuguesa. A principal miss\u00e3o da ordem \u00e9 a defesa dos cidad\u00e3os contra o exerc\u00edcio inqualificado e o direito a cuidados de fisioterapia, com qualidade, seguran\u00e7a e bons resultados, prestados por profissionais de reconhecidas compet\u00eancias &#8230; <a title=\"Message de bienvenue\" class=\"read-more\" href=\"https:\/\/ordemdosfisioterapeutas.pt\/fr\/mensagem-de-boas-vindas\/\" aria-label=\"En savoir plus sur Mensagem de boas-vindas\">En savoir plus<\/a><\/p>","protected":false},"author":1,"featured_media":0,"parent":0,"menu_order":0,"comment_status":"closed","ping_status":"closed","template":"","meta":{"footnotes":""},"class_list":["post-1471","page","type-page","status-publish"],"_links":{"self":[{"href":"https:\/\/ordemdosfisioterapeutas.pt\/fr\/wp-json\/wp\/v2\/pages\/1471","targetHints":{"allow":["GET"]}}],"collection":[{"href":"https:\/\/ordemdosfisioterapeutas.pt\/fr\/wp-json\/wp\/v2\/pages"}],"about":[{"href":"https:\/\/ordemdosfisioterapeutas.pt\/fr\/wp-json\/wp\/v2\/types\/page"}],"author":[{"embeddable":true,"href":"https:\/\/ordemdosfisioterapeutas.pt\/fr\/wp-json\/wp\/v2\/users\/1"}],"replies":[{"embeddable":true,"href":"https:\/\/ordemdosfisioterapeutas.pt\/fr\/wp-json\/wp\/v2\/comments?post=1471"}],"version-history":[{"count":0,"href":"https:\/\/ordemdosfisioterapeutas.pt\/fr\/wp-json\/wp\/v2\/pages\/1471\/revisions"}],"wp:attachment":[{"href":"https:\/\/ordemdosfisioterapeutas.pt\/fr\/wp-json\/wp\/v2\/media?parent=1471"}],"curies":[{"name":"wp","href":"https:\/\/api.w.org\/{rel}","templated":true}]}}