{"id":13111,"date":"2026-03-20T19:36:05","date_gmt":"2026-03-20T19:36:05","guid":{"rendered":"https:\/\/ordemdosfisioterapeutas.pt\/?page_id=13111"},"modified":"2026-03-20T19:41:08","modified_gmt":"2026-03-20T19:41:08","slug":"fala-sem-fronteiras","status":"publish","type":"page","link":"https:\/\/ordemdosfisioterapeutas.pt\/fr\/fala-sem-fronteiras\/","title":{"rendered":"Parler sans fronti\u00e8res"},"content":{"rendered":"<div data-elementor-type=\"wp-page\" data-elementor-id=\"13111\" class=\"elementor elementor-13111\" data-elementor-post-type=\"page\">\n\t\t\t\t<div class=\"elementor-element elementor-element-1139d65 e-grid e-con-boxed e-con e-parent\" data-id=\"1139d65\" data-element_type=\"container\" data-e-type=\"container\">\n\t\t\t\t\t<div class=\"e-con-inner\">\n\t\t\t\t<div class=\"elementor-element elementor-element-8d3c7df elementor-widget elementor-widget-image\" data-id=\"8d3c7df\" data-element_type=\"widget\" data-e-type=\"widget\" data-widget_type=\"image.default\">\n\t\t\t\t<div class=\"elementor-widget-container\">\n\t\t\t\t\t\t\t\t\t\t\t\t\t\t\t<img decoding=\"async\" src=\"https:\/\/ordemdosfisioterapeutas.pt\/wp-content\/uploads\/elementor\/thumbs\/logo__0012_falasemfronteiras-rksuby2k7iof2htihirk7k3p5vpd6kcucfmce15tz4.png\" title=\"logo__0012_falasemfronteiras\" alt=\"logo__0012_falasemfronteiras\" loading=\"lazy\" \/>\t\t\t\t\t\t\t\t\t\t\t\t\t\t\t<\/div>\n\t\t\t\t<\/div>\n\t\t\t\t<div class=\"elementor-element elementor-element-63cdbc0 elementor-widget elementor-widget-image\" data-id=\"63cdbc0\" data-element_type=\"widget\" data-e-type=\"widget\" data-widget_type=\"image.default\">\n\t\t\t\t<div class=\"elementor-widget-container\">\n\t\t\t\t\t\t\t\t\t\t\t\t\t\t\t<img decoding=\"async\" src=\"https:\/\/ordemdosfisioterapeutas.pt\/wp-content\/uploads\/elementor\/thumbs\/parcerias-r1e5sfsz0l2px9fc2vf1dqmethbbh5ts4btblfpj40.png\" title=\"partenariats.png\" alt=\"parcerias.png\" loading=\"lazy\" \/>\t\t\t\t\t\t\t\t\t\t\t\t\t\t\t<\/div>\n\t\t\t\t<\/div>\n\t\t\t\t\t<\/div>\n\t\t\t\t<\/div>\n\t\t<div class=\"elementor-element elementor-element-4e092fe e-flex e-con-boxed e-con e-parent\" data-id=\"4e092fe\" data-element_type=\"container\" data-e-type=\"container\">\n\t\t\t\t\t<div class=\"e-con-inner\">\n\t\t\t\t<div class=\"elementor-element elementor-element-464e55e elementor-widget elementor-widget-heading\" data-id=\"464e55e\" data-element_type=\"widget\" data-e-type=\"widget\" data-widget_type=\"heading.default\">\n\t\t\t\t<div class=\"elementor-widget-container\">\n\t\t\t\t\t<h2 class=\"elementor-heading-title elementor-size-default\">Description<\/h2>\t\t\t\t<\/div>\n\t\t\t\t<\/div>\n\t\t\t\t<div class=\"elementor-element elementor-element-eb5655d elementor-widget elementor-widget-text-editor\" data-id=\"eb5655d\" data-element_type=\"widget\" data-e-type=\"widget\" data-widget_type=\"text-editor.default\">\n\t\t\t\t<div class=\"elementor-widget-container\">\n\t\t\t\t\t\t\t\t\t<p data-olk-copy-source=\"MessageBody\">Fala Sem Fronteiras est une clinique certifi\u00e9e ERS sp\u00e9cialis\u00e9e dans l'orthophonie et la psychologie clinique. Gr\u00e2ce \u00e0 une approche centr\u00e9e sur l'individu, l'\u00e9quipe de sp\u00e9cialistes aide les enfants, les jeunes et les adultes \u00e0 d\u00e9velopper leurs capacit\u00e9s de communication et \u00e0 renforcer leur \u00e9quilibre \u00e9motionnel.<\/p><p>Il offre la possibilit\u00e9 de consultations en face \u00e0 face (Lisbonne et Aveiro) et en ligne, garantissant un excellent soutien o\u00f9 que vous soyez. L'objectif est clair : promouvoir la sant\u00e9 mentale et la confiance en soi gr\u00e2ce \u00e0 des solutions cliniques personnalis\u00e9es et efficaces.<\/p>\t\t\t\t\t\t\t\t<\/div>\n\t\t\t\t<\/div>\n\t\t\t\t\t<\/div>\n\t\t\t\t<\/div>\n\t\t<div class=\"elementor-element elementor-element-ccda0df condicoes e-flex e-con-boxed e-con e-parent\" data-id=\"ccda0df\" data-element_type=\"container\" data-e-type=\"container\">\n\t\t\t\t\t<div class=\"e-con-inner\">\n\t\t\t\t<div class=\"elementor-element elementor-element-470aa51 elementor-widget elementor-widget-heading\" data-id=\"470aa51\" data-element_type=\"widget\" data-e-type=\"widget\" data-widget_type=\"heading.default\">\n\t\t\t\t<div class=\"elementor-widget-container\">\n\t\t\t\t\t<h2 class=\"elementor-heading-title elementor-size-default\">Conditions<\/h2>\t\t\t\t<\/div>\n\t\t\t\t<\/div>\n\t\t\t\t<div class=\"elementor-element elementor-element-f8d46e2 elementor-widget elementor-widget-text-editor\" data-id=\"f8d46e2\" data-element_type=\"widget\" data-e-type=\"widget\" data-widget_type=\"text-editor.default\">\n\t\t\t\t<div class=\"elementor-widget-container\">\n\t\t\t\t\t\t\t\t\t<p data-olk-copy-source=\"MessageBody\">- 15% r\u00e9duction sur les services d'orthophonie et de psychologie clinique pour les membres et leur famille imm\u00e9diate (parents, enfants ou conjoints). Ce rabais s'applique \u00e0 la valeur du service au prix factur\u00e9, y compris les campagnes promotionnelles.<\/p><p>Les sessions peuvent se d\u00e9rouler : en personne ou \u00e0 domicile, dans les districts de Lisbonne et d'Aveiro ; en ligne, accessible depuis n'importe quel endroit du Portugal.<\/p><p>Les conditions g\u00e9n\u00e9rales applicables aux services fournis sont disponibles \u00e0 l'adresse suivante :\u00a0<a title=\"https:\/\/falasemfronteiras.eu\/termos-e-condicoes\/\" href=\"https:\/\/falasemfronteiras.eu\/termos-e-condicoes\/\" data-auth=\"NotApplicable\" data-linkindex=\"0\" target=\"_blank\" rel=\"noopener\">https:\/\/falasemfronteiras.eu\/termos-e-condicoes\/<\/a><\/p><p><strong>Acc\u00e8s \u00e0 la prestation :<\/strong><\/p><p>Pour b\u00e9n\u00e9ficier des conditions pr\u00e9f\u00e9rentielles, vous devez saisir le code de r\u00e9duction \u201c<b>PHYSIO15<\/b>\u201dlors de la r\u00e9servation du service et envoyer la preuve de l'\u00e9ligibilit\u00e9.<\/p><p>Contactez Fala Sem Fronteiras via les canaux suivants :<\/p><p>T\u00e9l\u00e9phone : 911 924 757<\/p><p>Courriel :\u00a0<a title=\"mailto:geral@falasemfronteiras.eu\" href=\"mailto:geral@falasemfronteiras.eu\" data-linkindex=\"1\">geral@falasemfronteiras.eu<\/a><\/p>\t\t\t\t\t\t\t\t<\/div>\n\t\t\t\t<\/div>\n\t\t\t\t\t<\/div>\n\t\t\t\t<\/div>\n\t\t<div class=\"elementor-element elementor-element-9487975 condicoes-btn e-flex e-con-boxed e-con e-parent\" data-id=\"9487975\" data-element_type=\"container\" data-e-type=\"container\">\n\t\t\t\t\t<div class=\"e-con-inner\">\n\t\t\t\t<div class=\"elementor-element elementor-element-d247edb elementor-align-right elementor-mobile-align-center elementor-widget elementor-widget-button\" data-id=\"d247edb\" data-element_type=\"widget\" data-e-type=\"widget\" data-widget_type=\"button.default\">\n\t\t\t\t<div class=\"elementor-widget-container\">\n\t\t\t\t\t\t\t\t\t<div class=\"elementor-button-wrapper\">\n\t\t\t\t\t<a class=\"elementor-button elementor-button-link elementor-size-xs\" href=\"https:\/\/portal.ordemdosfisioterapeutas.pt\/of-auth\/?app_ref=e985d1b30a025a19af003c638a7f64a2\" target=\"_blank\">\n\t\t\t\t\t\t<span class=\"elementor-button-content-wrapper\">\n\t\t\t\t\t\t\t\t\t<span class=\"elementor-button-text\">Conna\u00eetre les conditions<\/span>\n\t\t\t\t\t<\/span>\n\t\t\t\t\t<\/a>\n\t\t\t\t<\/div>\n\t\t\t\t\t\t\t\t<\/div>\n\t\t\t\t<\/div>\n\t\t\t\t\t<\/div>\n\t\t\t\t<\/div>\n\t\t<div class=\"elementor-element elementor-element-39aafbc e-flex e-con-boxed e-con e-parent\" data-id=\"39aafbc\" data-element_type=\"container\" data-e-type=\"container\">\n\t\t\t\t\t<div class=\"e-con-inner\">\n\t\t\t\t<div class=\"elementor-element elementor-element-3367fab elementor-align-right elementor-mobile-align-center elementor-widget elementor-widget-button\" data-id=\"3367fab\" data-element_type=\"widget\" data-e-type=\"widget\" data-widget_type=\"button.default\">\n\t\t\t\t<div class=\"elementor-widget-container\">\n\t\t\t\t\t\t\t\t\t<div class=\"elementor-button-wrapper\">\n\t\t\t\t\t<a class=\"elementor-button elementor-button-link elementor-size-xs\" href=\"https:\/\/ordemdosfisioterapeutas.pt\/fr\/parcerias\/\">\n\t\t\t\t\t\t<span class=\"elementor-button-content-wrapper\">\n\t\t\t\t\t\t\t\t\t<span class=\"elementor-button-text\">Retour<\/span>\n\t\t\t\t\t<\/span>\n\t\t\t\t\t<\/a>\n\t\t\t\t<\/div>\n\t\t\t\t\t\t\t\t<\/div>\n\t\t\t\t<\/div>\n\t\t\t\t\t<\/div>\n\t\t\t\t<\/div>\n\t\t\t\t<\/div>","protected":false},"excerpt":{"rendered":"<p>Descri\u00e7\u00e3o A Fala Sem Fronteiras \u00e9 uma cl\u00ednica certificada pela ERS, especializada em Terapia da Fala e Psicologia Cl\u00ednica. Com uma abordagem centrada no indiv\u00edduo, a equipa de especialistas apoia crian\u00e7as, jovens e adultos no desenvolvimento de compet\u00eancias comunicativas e no fortalecimento do equil\u00edbrio emocional. Oferece a conveni\u00eancia de consultas presenciais (Lisboa e Aveiro) e &#8230; <a title=\"Parler sans fronti\u00e8res\" class=\"read-more\" href=\"https:\/\/ordemdosfisioterapeutas.pt\/fr\/fala-sem-fronteiras\/\" aria-label=\"En savoir plus sur Fala Sem Fronteiras\">En savoir plus<\/a><\/p>","protected":false},"author":1,"featured_media":0,"parent":0,"menu_order":0,"comment_status":"closed","ping_status":"closed","template":"","meta":{"footnotes":""},"class_list":["post-13111","page","type-page","status-publish"],"_links":{"self":[{"href":"https:\/\/ordemdosfisioterapeutas.pt\/fr\/wp-json\/wp\/v2\/pages\/13111","targetHints":{"allow":["GET"]}}],"collection":[{"href":"https:\/\/ordemdosfisioterapeutas.pt\/fr\/wp-json\/wp\/v2\/pages"}],"about":[{"href":"https:\/\/ordemdosfisioterapeutas.pt\/fr\/wp-json\/wp\/v2\/types\/page"}],"author":[{"embeddable":true,"href":"https:\/\/ordemdosfisioterapeutas.pt\/fr\/wp-json\/wp\/v2\/users\/1"}],"replies":[{"embeddable":true,"href":"https:\/\/ordemdosfisioterapeutas.pt\/fr\/wp-json\/wp\/v2\/comments?post=13111"}],"version-history":[{"count":4,"href":"https:\/\/ordemdosfisioterapeutas.pt\/fr\/wp-json\/wp\/v2\/pages\/13111\/revisions"}],"predecessor-version":[{"id":13117,"href":"https:\/\/ordemdosfisioterapeutas.pt\/fr\/wp-json\/wp\/v2\/pages\/13111\/revisions\/13117"}],"wp:attachment":[{"href":"https:\/\/ordemdosfisioterapeutas.pt\/fr\/wp-json\/wp\/v2\/media?parent=13111"}],"curies":[{"name":"wp","href":"https:\/\/api.w.org\/{rel}","templated":true}]}}