{"id":13105,"date":"2026-03-20T19:30:23","date_gmt":"2026-03-20T19:30:23","guid":{"rendered":"https:\/\/ordemdosfisioterapeutas.pt\/?page_id=13105"},"modified":"2026-04-19T18:51:16","modified_gmt":"2026-04-19T17:51:16","slug":"credilink","status":"publish","type":"page","link":"https:\/\/ordemdosfisioterapeutas.pt\/fr\/credilink\/","title":{"rendered":"Credilink"},"content":{"rendered":"<div data-elementor-type=\"wp-page\" data-elementor-id=\"13105\" class=\"elementor elementor-13105\" data-elementor-post-type=\"page\">\n\t\t\t\t<div class=\"elementor-element elementor-element-df75f01 e-grid e-con-boxed e-con e-parent\" data-id=\"df75f01\" data-element_type=\"container\" data-e-type=\"container\">\n\t\t\t\t\t<div class=\"e-con-inner\">\n\t\t\t\t<div class=\"elementor-element elementor-element-286e850 elementor-widget elementor-widget-image\" data-id=\"286e850\" data-element_type=\"widget\" data-e-type=\"widget\" data-widget_type=\"image.default\">\n\t\t\t\t<div class=\"elementor-widget-container\">\n\t\t\t\t\t\t\t\t\t\t\t\t\t\t\t<img decoding=\"async\" src=\"https:\/\/ordemdosfisioterapeutas.pt\/wp-content\/uploads\/elementor\/thumbs\/logo__0013_Credilink-rksu4ntl8qpf3aeg0vendwa3fdlyj0fqcdlvhtyo74.png\" title=\"logo__0013_Credilink\" alt=\"logo__0013_Credilink\" loading=\"lazy\" \/>\t\t\t\t\t\t\t\t\t\t\t\t\t\t\t<\/div>\n\t\t\t\t<\/div>\n\t\t\t\t<div class=\"elementor-element elementor-element-fc68fde elementor-widget elementor-widget-image\" data-id=\"fc68fde\" data-element_type=\"widget\" data-e-type=\"widget\" data-widget_type=\"image.default\">\n\t\t\t\t<div class=\"elementor-widget-container\">\n\t\t\t\t\t\t\t\t\t\t\t\t\t\t\t<img decoding=\"async\" src=\"https:\/\/ordemdosfisioterapeutas.pt\/wp-content\/uploads\/elementor\/thumbs\/parcerias-r1e5sfsz0l2px9fc2vf1dqmethbbh5ts4btblfpj40.png\" title=\"partenariats.png\" alt=\"parcerias.png\" loading=\"lazy\" \/>\t\t\t\t\t\t\t\t\t\t\t\t\t\t\t<\/div>\n\t\t\t\t<\/div>\n\t\t\t\t\t<\/div>\n\t\t\t\t<\/div>\n\t\t<div class=\"elementor-element elementor-element-ca6a059 e-flex e-con-boxed e-con e-parent\" data-id=\"ca6a059\" data-element_type=\"container\" data-e-type=\"container\">\n\t\t\t\t\t<div class=\"e-con-inner\">\n\t\t\t\t<div class=\"elementor-element elementor-element-fa7a604 elementor-widget elementor-widget-heading\" data-id=\"fa7a604\" data-element_type=\"widget\" data-e-type=\"widget\" data-widget_type=\"heading.default\">\n\t\t\t\t<div class=\"elementor-widget-container\">\n\t\t\t\t\t<h2 class=\"elementor-heading-title elementor-size-default\">Description<\/h2>\t\t\t\t<\/div>\n\t\t\t\t<\/div>\n\t\t\t\t<div class=\"elementor-element elementor-element-4e4249c elementor-widget elementor-widget-text-editor\" data-id=\"4e4249c\" data-element_type=\"widget\" data-e-type=\"widget\" data-widget_type=\"text-editor.default\">\n\t\t\t\t<div class=\"elementor-widget-container\">\n\t\t\t\t\t\t\t\t\t<p class=\"x_xxmsonormal\"><span data-olk-copy-source=\"MessageBody\">Credilink est une soci\u00e9t\u00e9 d'interm\u00e9diation de cr\u00e9dit agr\u00e9\u00e9e par la Banque du Portugal et sp\u00e9cialis\u00e9e dans la recherche des meilleures solutions de cr\u00e9dit aupr\u00e8s des \u00e9tablissements de cr\u00e9dit au Portugal, y compris les principales banques et soci\u00e9t\u00e9s de financement avec lesquelles elle a conclu des partenariats.<\/span><\/p><p class=\"x_xxmsonormal\">Il accompagne les clients tout au long du processus de cr\u00e9dit de mani\u00e8re simple, transparente et personnalis\u00e9e.<\/p><p class=\"x_xxmsonormal\">Ce service permet aux clients d'\u00e9conomiser du temps (parce qu'ils n'ont pas besoin de prendre des contacts ou de se rendre dans des banques\/institutions financi\u00e8res) et de l'argent (parce que les conditions que Credilink peut obtenir sont presque toujours meilleures que celles que le client peut obtenir par ses propres moyens).<\/p>\t\t\t\t\t\t\t\t<\/div>\n\t\t\t\t<\/div>\n\t\t\t\t\t<\/div>\n\t\t\t\t<\/div>\n\t\t<div class=\"elementor-element elementor-element-c8dfb18 condicoes e-flex e-con-boxed e-con e-parent\" data-id=\"c8dfb18\" data-element_type=\"container\" data-e-type=\"container\">\n\t\t\t\t\t<div class=\"e-con-inner\">\n\t\t\t\t<div class=\"elementor-element elementor-element-593e045 elementor-widget elementor-widget-heading\" data-id=\"593e045\" data-element_type=\"widget\" data-e-type=\"widget\" data-widget_type=\"heading.default\">\n\t\t\t\t<div class=\"elementor-widget-container\">\n\t\t\t\t\t<h2 class=\"elementor-heading-title elementor-size-default\">Conditions<\/h2>\t\t\t\t<\/div>\n\t\t\t\t<\/div>\n\t\t\t\t<div class=\"elementor-element elementor-element-83e50dd elementor-widget elementor-widget-text-editor\" data-id=\"83e50dd\" data-element_type=\"widget\" data-e-type=\"widget\" data-widget_type=\"text-editor.default\">\n\t\t\t\t<div class=\"elementor-widget-container\">\n\t\t\t\t\t\t\t\t\t<p class=\"x_MsoNormal\" data-olk-copy-source=\"MessageBody\">- Offre d'un bon d'achat Pingo Doce ou FNAC (ou \u00e9quivalent) d'une valeur de 250 euros, lorsqu'un pr\u00eat immobilier ou un transfert de pr\u00eat immobilier est effectu\u00e9 en utilisant les services de Credilink.<\/p><p class=\"x_MsoNormal\">- Offre d'un bon d'achat Pingo Doce ou FNAC (ou \u00e9quivalent) d'une valeur de 250 \u20ac, lorsqu'ils recommandent Credilink \u00e0 un ami ou \u00e0 un membre de leur famille (qui n'est pas un employ\u00e9 et\/ou un membre de l'ORDEM DOS FISIOTERAPEUTAS) et qui r\u00e9alise un pr\u00eat immobilier ou un transfert de pr\u00eat immobilier par l'interm\u00e9diaire des services de Credilink.<\/p><p class=\"x_MsoNormal\">- S\u00e9minaires en ligne gratuits<\/p><p class=\"x_MsoNormal\">- Simulation gratuite et sans engagement<\/p><p class=\"x_MsoNormal\">- Soutien sp\u00e9cialis\u00e9<\/p><p class=\"x_MsoNormal\">Webinaires gratuits \u00e0 partir de 2026 :<\/p><p class=\"x_MsoNormal\">- Avril | 16 | 13:30 | Comment les banques analysent votre profil financier<\/p><p class=\"x_MsoNormal\">- Mai | 26 | 13.30 | Comment \u00e9conomiser sur l'assurance hypoth\u00e9caire<\/p><p class=\"x_MsoNormal\">- juin | 29 | Taux fixe, variable ou mixte : Le choix qui peut tout changer<\/p><p class=\"x_MsoNormal\">Invit\u00e9e sp\u00e9ciale : Paula Alves, directrice d'agence chez Novobanco<\/p><p class=\"x_MsoNormal\">- Juillet | pas de date fix\u00e9e | Cr\u00e9dit \u00e0 la construction vs. construction : quelle est la meilleure solution ?<\/p><p class=\"x_MsoNormal\">Invit\u00e9e sp\u00e9ciale : Cristiana Campelo, 360 Manager chez Novobanco<\/p><p class=\"x_MsoNormal\">- Septembre | pas de date fix\u00e9e | Cr\u00e9dit consolid\u00e9 : comment reprendre le contr\u00f4le de vos finances<\/p><p class=\"x_MsoNormal\">- Octobre | pas de date fix\u00e9e | Le cr\u00e9dit comme outil de croissance (et non de survie)<\/p><p class=\"x_MsoNormal\">Invit\u00e9 sp\u00e9cial : Investisseur (\u00e0 confirmer)<\/p><p class=\"x_MsoNormal\">- novembre | pas de date fix\u00e9e | Ce qu'il faut savoir avant de signer un contrat de cr\u00e9dit<\/p><p class=\"x_MsoNormal\">- D\u00e9cembre | pas de date fix\u00e9e | 2026 en revue : Ce que nous avons appris sur le cr\u00e9dit et les clients<\/p><p class=\"x_MsoNormal\">Acc\u00e8s \u00e0 la prestation :<\/p><p class=\"x_MsoNormal\">Vous pouvez b\u00e9n\u00e9ficier de ces conditions gr\u00e2ce au code promotionnel :\u00a0<b>ORDEMFISIO1<\/b><br \/>Contactez Credilink par les moyens suivants :<\/p><p class=\"x_MsoNormal\">T\u00e9l\u00e9phone ou WhatsApp : 913 594 545<\/p><p class=\"x_MsoNormal\">Courriel :\u00a0<a title=\"mailto:info@credilink.pt\" href=\"mailto:info@credilink.pt\" data-linkindex=\"0\">info@credilink.pt<\/a><\/p><p class=\"x_MsoNormal\">Site web :\u00a0<a title=\"http:\/\/www.credilink.pt\" href=\"http:\/\/www.credilink.pt\/\" data-auth=\"NotApplicable\" data-linkindex=\"1\" target=\"_blank\" rel=\"noopener\">www.credilink.pt<\/a><\/p>\t\t\t\t\t\t\t\t<\/div>\n\t\t\t\t<\/div>\n\t\t\t\t<div class=\"elementor-element elementor-element-5478628 elementor-widget elementor-widget-image\" data-id=\"5478628\" data-element_type=\"widget\" data-e-type=\"widget\" data-widget_type=\"image.default\">\n\t\t\t\t<div class=\"elementor-widget-container\">\n\t\t\t\t\t\t\t\t\t\t\t\t\t\t\t<img fetchpriority=\"high\" decoding=\"async\" width=\"855\" height=\"513\" src=\"https:\/\/ordemdosfisioterapeutas.pt\/wp-content\/uploads\/2026\/04\/Webinar-16-Abril.png\" class=\"attachment-large size-large wp-image-13258\" alt=\"\" srcset=\"https:\/\/ordemdosfisioterapeutas.pt\/wp-content\/uploads\/2026\/04\/Webinar-16-Abril.png 1000w, https:\/\/ordemdosfisioterapeutas.pt\/wp-content\/uploads\/2026\/04\/Webinar-16-Abril-300x180.png 300w, https:\/\/ordemdosfisioterapeutas.pt\/wp-content\/uploads\/2026\/04\/Webinar-16-Abril-768x461.png 768w, https:\/\/ordemdosfisioterapeutas.pt\/wp-content\/uploads\/2026\/04\/Webinar-16-Abril-18x12.png 18w\" sizes=\"(max-width: 855px) 100vw, 855px\" \/>\t\t\t\t\t\t\t\t\t\t\t\t\t\t\t<\/div>\n\t\t\t\t<\/div>\n\t\t\t\t\t<\/div>\n\t\t\t\t<\/div>\n\t\t<div class=\"elementor-element elementor-element-2c80e88 condicoes-btn e-flex e-con-boxed e-con e-parent\" data-id=\"2c80e88\" data-element_type=\"container\" data-e-type=\"container\">\n\t\t\t\t\t<div class=\"e-con-inner\">\n\t\t\t\t<div class=\"elementor-element elementor-element-cf67895 elementor-align-right elementor-mobile-align-center elementor-widget elementor-widget-button\" data-id=\"cf67895\" data-element_type=\"widget\" data-e-type=\"widget\" data-widget_type=\"button.default\">\n\t\t\t\t<div class=\"elementor-widget-container\">\n\t\t\t\t\t\t\t\t\t<div class=\"elementor-button-wrapper\">\n\t\t\t\t\t<a class=\"elementor-button elementor-button-link elementor-size-xs\" href=\"https:\/\/portal.ordemdosfisioterapeutas.pt\/of-auth\/?app_ref=e985d1b30a025a19af003c638a7f64a2\" target=\"_blank\">\n\t\t\t\t\t\t<span class=\"elementor-button-content-wrapper\">\n\t\t\t\t\t\t\t\t\t<span class=\"elementor-button-text\">Conna\u00eetre les conditions<\/span>\n\t\t\t\t\t<\/span>\n\t\t\t\t\t<\/a>\n\t\t\t\t<\/div>\n\t\t\t\t\t\t\t\t<\/div>\n\t\t\t\t<\/div>\n\t\t\t\t\t<\/div>\n\t\t\t\t<\/div>\n\t\t<div class=\"elementor-element elementor-element-06250ea e-flex e-con-boxed e-con e-parent\" data-id=\"06250ea\" data-element_type=\"container\" data-e-type=\"container\">\n\t\t\t\t\t<div class=\"e-con-inner\">\n\t\t\t\t<div class=\"elementor-element elementor-element-aa3f201 elementor-align-right elementor-mobile-align-center elementor-widget elementor-widget-button\" data-id=\"aa3f201\" data-element_type=\"widget\" data-e-type=\"widget\" data-widget_type=\"button.default\">\n\t\t\t\t<div class=\"elementor-widget-container\">\n\t\t\t\t\t\t\t\t\t<div class=\"elementor-button-wrapper\">\n\t\t\t\t\t<a class=\"elementor-button elementor-button-link elementor-size-xs\" href=\"https:\/\/ordemdosfisioterapeutas.pt\/fr\/parcerias\/\">\n\t\t\t\t\t\t<span class=\"elementor-button-content-wrapper\">\n\t\t\t\t\t\t\t\t\t<span class=\"elementor-button-text\">Retour<\/span>\n\t\t\t\t\t<\/span>\n\t\t\t\t\t<\/a>\n\t\t\t\t<\/div>\n\t\t\t\t\t\t\t\t<\/div>\n\t\t\t\t<\/div>\n\t\t\t\t\t<\/div>\n\t\t\t\t<\/div>\n\t\t\t\t<\/div>","protected":false},"excerpt":{"rendered":"<p>Descri\u00e7\u00e3o A Credilink \u00e9 uma empresa de intermedia\u00e7\u00e3o de cr\u00e9dito autorizada pelo Banco de Portugal, sendo especializada em encontrar as melhores solu\u00e7\u00f5es de cr\u00e9dito junto das Institui\u00e7\u00f5es de Cr\u00e9dito em Portugal, incluindo bancos e financeiras de refer\u00eancia, com as quais tem parcerias. Apoia os clientes em todo o processo de cr\u00e9dito, de forma simples, transparente &#8230; <a title=\"Credilink\" class=\"read-more\" href=\"https:\/\/ordemdosfisioterapeutas.pt\/fr\/credilink\/\" aria-label=\"En savoir plus sur Credilink\">En savoir plus<\/a><\/p>","protected":false},"author":1,"featured_media":0,"parent":0,"menu_order":0,"comment_status":"closed","ping_status":"closed","template":"","meta":{"footnotes":""},"class_list":["post-13105","page","type-page","status-publish"],"_links":{"self":[{"href":"https:\/\/ordemdosfisioterapeutas.pt\/fr\/wp-json\/wp\/v2\/pages\/13105","targetHints":{"allow":["GET"]}}],"collection":[{"href":"https:\/\/ordemdosfisioterapeutas.pt\/fr\/wp-json\/wp\/v2\/pages"}],"about":[{"href":"https:\/\/ordemdosfisioterapeutas.pt\/fr\/wp-json\/wp\/v2\/types\/page"}],"author":[{"embeddable":true,"href":"https:\/\/ordemdosfisioterapeutas.pt\/fr\/wp-json\/wp\/v2\/users\/1"}],"replies":[{"embeddable":true,"href":"https:\/\/ordemdosfisioterapeutas.pt\/fr\/wp-json\/wp\/v2\/comments?post=13105"}],"version-history":[{"count":7,"href":"https:\/\/ordemdosfisioterapeutas.pt\/fr\/wp-json\/wp\/v2\/pages\/13105\/revisions"}],"predecessor-version":[{"id":13261,"href":"https:\/\/ordemdosfisioterapeutas.pt\/fr\/wp-json\/wp\/v2\/pages\/13105\/revisions\/13261"}],"wp:attachment":[{"href":"https:\/\/ordemdosfisioterapeutas.pt\/fr\/wp-json\/wp\/v2\/media?parent=13105"}],"curies":[{"name":"wp","href":"https:\/\/api.w.org\/{rel}","templated":true}]}}