{"id":12862,"date":"2026-02-20T16:20:23","date_gmt":"2026-02-20T16:20:23","guid":{"rendered":"https:\/\/ordemdosfisioterapeutas.pt\/?page_id=12862"},"modified":"2026-02-25T09:30:28","modified_gmt":"2026-02-25T09:30:28","slug":"lidel","status":"publish","type":"page","link":"https:\/\/ordemdosfisioterapeutas.pt\/fr\/lidel\/","title":{"rendered":"LIDEL"},"content":{"rendered":"<div data-elementor-type=\"wp-page\" data-elementor-id=\"12862\" class=\"elementor elementor-12862\" data-elementor-post-type=\"page\">\n\t\t\t\t<div class=\"elementor-element elementor-element-2084110 e-grid e-con-boxed e-con e-parent\" data-id=\"2084110\" data-element_type=\"container\" data-e-type=\"container\">\n\t\t\t\t\t<div class=\"e-con-inner\">\n\t\t\t\t<div class=\"elementor-element elementor-element-a0ce45d elementor-widget elementor-widget-image\" data-id=\"a0ce45d\" data-element_type=\"widget\" data-e-type=\"widget\" data-widget_type=\"image.default\">\n\t\t\t\t<div class=\"elementor-widget-container\">\n\t\t\t\t\t\t\t\t\t\t\t\t\t\t\t<img decoding=\"async\" src=\"https:\/\/ordemdosfisioterapeutas.pt\/wp-content\/uploads\/elementor\/thumbs\/logo__0009_LIDEL-rjfv75j8h37kdxlc0k2f272qgr0qscrpba130ywk5c.png\" title=\"logo__0009_LIDEL\" alt=\"logo__0009_LIDEL\" loading=\"lazy\" \/>\t\t\t\t\t\t\t\t\t\t\t\t\t\t\t<\/div>\n\t\t\t\t<\/div>\n\t\t\t\t<div class=\"elementor-element elementor-element-6e04a02 elementor-widget elementor-widget-image\" data-id=\"6e04a02\" data-element_type=\"widget\" data-e-type=\"widget\" data-widget_type=\"image.default\">\n\t\t\t\t<div class=\"elementor-widget-container\">\n\t\t\t\t\t\t\t\t\t\t\t\t\t\t\t<img decoding=\"async\" src=\"https:\/\/ordemdosfisioterapeutas.pt\/wp-content\/uploads\/elementor\/thumbs\/parcerias-r1e5sfsz0l2px9fc2vf1dqmethbbh5ts4btblfpj40.png\" title=\"partenariats.png\" alt=\"parcerias.png\" loading=\"lazy\" \/>\t\t\t\t\t\t\t\t\t\t\t\t\t\t\t<\/div>\n\t\t\t\t<\/div>\n\t\t\t\t\t<\/div>\n\t\t\t\t<\/div>\n\t\t<div class=\"elementor-element elementor-element-7832d3e e-flex e-con-boxed e-con e-parent\" data-id=\"7832d3e\" data-element_type=\"container\" data-e-type=\"container\">\n\t\t\t\t\t<div class=\"e-con-inner\">\n\t\t\t\t<div class=\"elementor-element elementor-element-fd053f4 elementor-widget elementor-widget-heading\" data-id=\"fd053f4\" data-element_type=\"widget\" data-e-type=\"widget\" data-widget_type=\"heading.default\">\n\t\t\t\t<div class=\"elementor-widget-container\">\n\t\t\t\t\t<h2 class=\"elementor-heading-title elementor-size-default\">Description<\/h2>\t\t\t\t<\/div>\n\t\t\t\t<\/div>\n\t\t\t\t<div class=\"elementor-element elementor-element-8eab87f elementor-widget elementor-widget-text-editor\" data-id=\"8eab87f\" data-element_type=\"widget\" data-e-type=\"widget\" data-widget_type=\"text-editor.default\">\n\t\t\t\t<div class=\"elementor-widget-container\">\n\t\t\t\t\t\t\t\t\t<p data-olk-copy-source=\"MessageBody\">Le Groupe LIDEL est un projet portugais 100% d\u00e9di\u00e9 \u00e0 la publication de livres techniques et scientifiques d'auteurs lusophones.<\/p><p>Aujourd'hui, le groupe LIDEL est l'une des plus grandes r\u00e9f\u00e9rences nationales dans le domaine de l'\u00e9dition technique et de l'enseignement du portugais langue \u00e9trang\u00e8re en termes de diversit\u00e9 de son offre, de qualit\u00e9 de ses produits, de contenu th\u00e9matique et d'innovation, avec un catalogue d'environ 1 000 ouvrages en portugais.<\/p><p>Le groupe LIDEL comprend les labels LIDEL, LIDEL Sa\u00fade e bem-estar, FCA, FCA Design, PACTOR, PACTOR Kids et ETEP, qui sont sp\u00e9cialis\u00e9s dans la publication de livres d'auteurs portugais dans divers domaines.<\/p>\t\t\t\t\t\t\t\t<\/div>\n\t\t\t\t<\/div>\n\t\t\t\t\t<\/div>\n\t\t\t\t<\/div>\n\t\t<div class=\"elementor-element elementor-element-573b008 condicoes e-flex e-con-boxed e-con e-parent\" data-id=\"573b008\" data-element_type=\"container\" data-e-type=\"container\">\n\t\t\t\t\t<div class=\"e-con-inner\">\n\t\t\t\t<div class=\"elementor-element elementor-element-a6e62a0 elementor-widget elementor-widget-heading\" data-id=\"a6e62a0\" data-element_type=\"widget\" data-e-type=\"widget\" data-widget_type=\"heading.default\">\n\t\t\t\t<div class=\"elementor-widget-container\">\n\t\t\t\t\t<h2 class=\"elementor-heading-title elementor-size-default\">Conditions<\/h2>\t\t\t\t<\/div>\n\t\t\t\t<\/div>\n\t\t\t\t<div class=\"elementor-element elementor-element-fc10843 elementor-widget elementor-widget-text-editor\" data-id=\"fc10843\" data-element_type=\"widget\" data-e-type=\"widget\" data-widget_type=\"text-editor.default\">\n\t\t\t\t<div class=\"elementor-widget-container\">\n\t\t\t\t\t\t\t\t\t<p><span data-olk-copy-source=\"MessageBody\">- Remises de 10 et 20%, conform\u00e9ment \u00e0 la loi sur le prix fixe du livre, sur les achats de livres publi\u00e9s par les marques du groupe LIDEL (LIDEL, LIDEL Sa\u00fade e bem-estar, FCA, FCA design, PACTOR, PACTOR Kids et ETEP) effectu\u00e9s directement \u00e0 la librairie LIDEL de Lisbonne.<br \/><\/span>Acc\u00e8s \u00e0 la prestation : \u00e0 la librairie LIDEL de Lisbonne, identifiez-vous comme physioth\u00e9rapeute et pr\u00e9sentez votre carte professionnelle.<br \/>Adresse : Av. Praia da Vit\u00f3ria, n\u00ba 14A - 1000-247 Lisboa<br \/>Contact : 213 541 418<\/p><p>- Remise de 20% sur les achats effectu\u00e9s sur le site web, en utilisant le Voucher sur les achats de livres publi\u00e9s par les labels du groupe LIDEL (LIDEL, LIDEL Sa\u00fade e bem-estar, FCA, FCA design, PACTOR, PACTOR Kids et ETEP), \u00e0 condition qu'ils ne soient pas couverts par la loi sur les prix fixes.<\/p><p>Acc\u00e8s \u00e0 la prestation :<\/p>\t\t\t\t\t\t\t\t<\/div>\n\t\t\t\t<\/div>\n\t\t\t\t<div class=\"elementor-element elementor-element-da32ab0 elementor-widget elementor-widget-image\" data-id=\"da32ab0\" data-element_type=\"widget\" data-e-type=\"widget\" data-widget_type=\"image.default\">\n\t\t\t\t<div class=\"elementor-widget-container\">\n\t\t\t\t\t\t\t\t\t\t\t\t\t\t\t<img decoding=\"async\" src=\"https:\/\/ordemdosfisioterapeutas.pt\/wp-content\/uploads\/2026\/02\/Voucher-de-DESCONTO-2026-Ordem-Fisioterapeutas_web.png\" title=\"Bon de r\u00e9duction 2026 - Ordre des kin\u00e9sith\u00e9rapeutes_web\" alt=\"Voucher de DESCONTO 2026 - Ordem Fisioterapeutas_web\" loading=\"lazy\" \/>\t\t\t\t\t\t\t\t\t\t\t\t\t\t\t<\/div>\n\t\t\t\t<\/div>\n\t\t\t\t<div class=\"elementor-element elementor-element-0d43cab elementor-widget elementor-widget-text-editor\" data-id=\"0d43cab\" data-element_type=\"widget\" data-e-type=\"widget\" data-widget_type=\"text-editor.default\">\n\t\t\t\t<div class=\"elementor-widget-container\">\n\t\t\t\t\t\t\t\t\t<p><span data-olk-copy-source=\"MessageBody\">Ces r\u00e9ductions ne sont pas cumulables avec d'autres campagnes en cours et ne s'appliquent pas aux produits num\u00e9riques (livres \u00e9lectroniques et livres interactifs).<\/span><\/p>\t\t\t\t\t\t\t\t<\/div>\n\t\t\t\t<\/div>\n\t\t\t\t\t<\/div>\n\t\t\t\t<\/div>\n\t\t<div class=\"elementor-element elementor-element-7c0d11d condicoes-btn e-flex e-con-boxed e-con e-parent\" data-id=\"7c0d11d\" data-element_type=\"container\" data-e-type=\"container\">\n\t\t\t\t\t<div class=\"e-con-inner\">\n\t\t\t\t<div class=\"elementor-element elementor-element-4da348f elementor-align-right elementor-mobile-align-center elementor-widget elementor-widget-button\" data-id=\"4da348f\" data-element_type=\"widget\" data-e-type=\"widget\" data-widget_type=\"button.default\">\n\t\t\t\t<div class=\"elementor-widget-container\">\n\t\t\t\t\t\t\t\t\t<div class=\"elementor-button-wrapper\">\n\t\t\t\t\t<a class=\"elementor-button elementor-button-link elementor-size-xs\" href=\"https:\/\/portal.ordemdosfisioterapeutas.pt\/of-auth\/?app_ref=e985d1b30a025a19af003c638a7f64a2\" target=\"_blank\">\n\t\t\t\t\t\t<span class=\"elementor-button-content-wrapper\">\n\t\t\t\t\t\t\t\t\t<span class=\"elementor-button-text\">Conna\u00eetre les conditions<\/span>\n\t\t\t\t\t<\/span>\n\t\t\t\t\t<\/a>\n\t\t\t\t<\/div>\n\t\t\t\t\t\t\t\t<\/div>\n\t\t\t\t<\/div>\n\t\t\t\t\t<\/div>\n\t\t\t\t<\/div>\n\t\t<div class=\"elementor-element elementor-element-7e47daa e-flex e-con-boxed e-con e-parent\" data-id=\"7e47daa\" data-element_type=\"container\" data-e-type=\"container\">\n\t\t\t\t\t<div class=\"e-con-inner\">\n\t\t\t\t<div class=\"elementor-element elementor-element-e1e6cc8 elementor-align-right elementor-mobile-align-center elementor-widget elementor-widget-button\" data-id=\"e1e6cc8\" data-element_type=\"widget\" data-e-type=\"widget\" data-widget_type=\"button.default\">\n\t\t\t\t<div class=\"elementor-widget-container\">\n\t\t\t\t\t\t\t\t\t<div class=\"elementor-button-wrapper\">\n\t\t\t\t\t<a class=\"elementor-button elementor-button-link elementor-size-xs\" href=\"https:\/\/ordemdosfisioterapeutas.pt\/fr\/parcerias\/\">\n\t\t\t\t\t\t<span class=\"elementor-button-content-wrapper\">\n\t\t\t\t\t\t\t\t\t<span class=\"elementor-button-text\">Retour<\/span>\n\t\t\t\t\t<\/span>\n\t\t\t\t\t<\/a>\n\t\t\t\t<\/div>\n\t\t\t\t\t\t\t\t<\/div>\n\t\t\t\t<\/div>\n\t\t\t\t\t<\/div>\n\t\t\t\t<\/div>\n\t\t\t\t<\/div>","protected":false},"excerpt":{"rendered":"<p>Descri\u00e7\u00e3o O Grupo LIDEL \u00e9 um projeto 100% portugu\u00eas que se dedica \u00e0 publica\u00e7\u00e3o de livros t\u00e9cnicos e cient\u00edficos de autores de express\u00e3o portuguesa. Atualmente, o Grupo LIDEL \u00e9 uma das maiores refer\u00eancias nacionais na edi\u00e7\u00e3o t\u00e9cnica e no ensino de Portugu\u00eas L\u00edngua Estrangeira em termos de diversidade de oferta, qualidade dos produtos, conte\u00fados tem\u00e1ticos &#8230; <a title=\"LIDEL\" class=\"read-more\" href=\"https:\/\/ordemdosfisioterapeutas.pt\/fr\/lidel\/\" aria-label=\"En savoir plus sur LIDEL\">En savoir plus<\/a><\/p>","protected":false},"author":1,"featured_media":0,"parent":0,"menu_order":0,"comment_status":"closed","ping_status":"closed","template":"","meta":{"footnotes":""},"class_list":["post-12862","page","type-page","status-publish"],"_links":{"self":[{"href":"https:\/\/ordemdosfisioterapeutas.pt\/fr\/wp-json\/wp\/v2\/pages\/12862","targetHints":{"allow":["GET"]}}],"collection":[{"href":"https:\/\/ordemdosfisioterapeutas.pt\/fr\/wp-json\/wp\/v2\/pages"}],"about":[{"href":"https:\/\/ordemdosfisioterapeutas.pt\/fr\/wp-json\/wp\/v2\/types\/page"}],"author":[{"embeddable":true,"href":"https:\/\/ordemdosfisioterapeutas.pt\/fr\/wp-json\/wp\/v2\/users\/1"}],"replies":[{"embeddable":true,"href":"https:\/\/ordemdosfisioterapeutas.pt\/fr\/wp-json\/wp\/v2\/comments?post=12862"}],"version-history":[{"count":7,"href":"https:\/\/ordemdosfisioterapeutas.pt\/fr\/wp-json\/wp\/v2\/pages\/12862\/revisions"}],"predecessor-version":[{"id":12875,"href":"https:\/\/ordemdosfisioterapeutas.pt\/fr\/wp-json\/wp\/v2\/pages\/12862\/revisions\/12875"}],"wp:attachment":[{"href":"https:\/\/ordemdosfisioterapeutas.pt\/fr\/wp-json\/wp\/v2\/media?parent=12862"}],"curies":[{"name":"wp","href":"https:\/\/api.w.org\/{rel}","templated":true}]}}