{"id":12786,"date":"2026-02-14T15:38:50","date_gmt":"2026-02-14T15:38:50","guid":{"rendered":"https:\/\/ordemdosfisioterapeutas.pt\/?page_id=12786"},"modified":"2026-02-14T17:23:06","modified_gmt":"2026-02-14T17:23:06","slug":"resultados-provisorios-2026","status":"publish","type":"page","link":"https:\/\/ordemdosfisioterapeutas.pt\/fr\/resultados-provisorios-2026\/","title":{"rendered":"R\u00e9sultats provisoires"},"content":{"rendered":"<div data-elementor-type=\"wp-page\" data-elementor-id=\"12786\" class=\"elementor elementor-12786\" data-elementor-post-type=\"page\">\n\t\t\t\t<div class=\"elementor-element elementor-element-e60f998 e-flex e-con-boxed e-con e-parent\" data-id=\"e60f998\" data-element_type=\"container\" data-e-type=\"container\">\n\t\t\t\t\t<div class=\"e-con-inner\">\n\t\t\t\t<div class=\"elementor-element elementor-element-22572f5 elementor-widget elementor-widget-text-editor\" data-id=\"22572f5\" data-element_type=\"widget\" data-e-type=\"widget\" data-widget_type=\"text-editor.default\">\n\t\t\t\t<div class=\"elementor-widget-container\">\n\t\t\t\t\t\t\t\t\t<p>Les r\u00e9sultats provisoires des \u00e9lections seront annonc\u00e9s d\u00e8s le d\u00e9pouillement des votes, le jour m\u00eame. <b>18 mai 2026<\/b>.<\/p>\t\t\t\t\t\t\t\t<\/div>\n\t\t\t\t<\/div>\n\t\t\t\t\t<\/div>\n\t\t\t\t<\/div>\n\t\t\t\t<\/div>","protected":false},"excerpt":{"rendered":"<p>Os resultados provis\u00f3rios das elei\u00e7\u00f5es ser\u00e3o divulgados logo ap\u00f3s a contagem dos votos, no dia 18 de maio de 2026.<\/p>","protected":false},"author":1,"featured_media":0,"parent":0,"menu_order":0,"comment_status":"closed","ping_status":"closed","template":"","meta":{"footnotes":""},"class_list":["post-12786","page","type-page","status-publish"],"_links":{"self":[{"href":"https:\/\/ordemdosfisioterapeutas.pt\/fr\/wp-json\/wp\/v2\/pages\/12786","targetHints":{"allow":["GET"]}}],"collection":[{"href":"https:\/\/ordemdosfisioterapeutas.pt\/fr\/wp-json\/wp\/v2\/pages"}],"about":[{"href":"https:\/\/ordemdosfisioterapeutas.pt\/fr\/wp-json\/wp\/v2\/types\/page"}],"author":[{"embeddable":true,"href":"https:\/\/ordemdosfisioterapeutas.pt\/fr\/wp-json\/wp\/v2\/users\/1"}],"replies":[{"embeddable":true,"href":"https:\/\/ordemdosfisioterapeutas.pt\/fr\/wp-json\/wp\/v2\/comments?post=12786"}],"version-history":[{"count":4,"href":"https:\/\/ordemdosfisioterapeutas.pt\/fr\/wp-json\/wp\/v2\/pages\/12786\/revisions"}],"predecessor-version":[{"id":12834,"href":"https:\/\/ordemdosfisioterapeutas.pt\/fr\/wp-json\/wp\/v2\/pages\/12786\/revisions\/12834"}],"wp:attachment":[{"href":"https:\/\/ordemdosfisioterapeutas.pt\/fr\/wp-json\/wp\/v2\/media?parent=12786"}],"curies":[{"name":"wp","href":"https:\/\/api.w.org\/{rel}","templated":true}]}}