{"id":12784,"date":"2026-02-14T15:38:24","date_gmt":"2026-02-14T15:38:24","guid":{"rendered":"https:\/\/ordemdosfisioterapeutas.pt\/?page_id=12784"},"modified":"2026-02-14T17:22:18","modified_gmt":"2026-02-14T17:22:18","slug":"ato-eleitoral-2026","status":"publish","type":"page","link":"https:\/\/ordemdosfisioterapeutas.pt\/fr\/ato-eleitoral-2026\/","title":{"rendered":"Loi \u00e9lectorale"},"content":{"rendered":"<div data-elementor-type=\"wp-page\" data-elementor-id=\"12784\" class=\"elementor elementor-12784\" data-elementor-post-type=\"page\">\n\t\t\t\t<div class=\"elementor-element elementor-element-cfe39e8 e-flex e-con-boxed e-con e-parent\" data-id=\"cfe39e8\" data-element_type=\"container\" data-e-type=\"container\">\n\t\t\t\t\t<div class=\"e-con-inner\">\n\t\t\t\t<div class=\"elementor-element elementor-element-ff1525c elementor-widget elementor-widget-text-editor\" data-id=\"ff1525c\" data-element_type=\"widget\" data-e-type=\"widget\" data-widget_type=\"text-editor.default\">\n\t\t\t\t<div class=\"elementor-widget-container\">\n\t\t\t\t\t\t\t\t\t<p>Les \u00e9lections auront lieu le <b>18 mai 2026<\/b>au cours d'une seule journ\u00e9e de vote, organis\u00e9e par voie \u00e9lectronique.<\/p><p>L'identifiant de l'\u00e9lecteur sera envoy\u00e9 et l'acc\u00e8s \u00e0 la plateforme de vote, ainsi que le code PIN envoy\u00e9 par SMS, seront disponibles le jour du vote. <b>15 mai 2026.<\/b><\/p>\t\t\t\t\t\t\t\t<\/div>\n\t\t\t\t<\/div>\n\t\t\t\t\t<\/div>\n\t\t\t\t<\/div>\n\t\t\t\t<\/div>","protected":false},"excerpt":{"rendered":"<p>As elei\u00e7\u00f5es ocorrer\u00e3o no dia 18 de maio de 2026, num dia \u00fanico de vota\u00e7\u00e3o, realizada eletronicamente. O envio do ID Eleitor e o acesso \u00e0 plataforma de voto , bem como o envio de pin, por SMS , ser\u00e3o disponibilizados no dia 15 de maio de 2026.<\/p>","protected":false},"author":1,"featured_media":0,"parent":0,"menu_order":0,"comment_status":"closed","ping_status":"closed","template":"","meta":{"footnotes":""},"class_list":["post-12784","page","type-page","status-publish"],"_links":{"self":[{"href":"https:\/\/ordemdosfisioterapeutas.pt\/fr\/wp-json\/wp\/v2\/pages\/12784","targetHints":{"allow":["GET"]}}],"collection":[{"href":"https:\/\/ordemdosfisioterapeutas.pt\/fr\/wp-json\/wp\/v2\/pages"}],"about":[{"href":"https:\/\/ordemdosfisioterapeutas.pt\/fr\/wp-json\/wp\/v2\/types\/page"}],"author":[{"embeddable":true,"href":"https:\/\/ordemdosfisioterapeutas.pt\/fr\/wp-json\/wp\/v2\/users\/1"}],"replies":[{"embeddable":true,"href":"https:\/\/ordemdosfisioterapeutas.pt\/fr\/wp-json\/wp\/v2\/comments?post=12784"}],"version-history":[{"count":4,"href":"https:\/\/ordemdosfisioterapeutas.pt\/fr\/wp-json\/wp\/v2\/pages\/12784\/revisions"}],"predecessor-version":[{"id":12831,"href":"https:\/\/ordemdosfisioterapeutas.pt\/fr\/wp-json\/wp\/v2\/pages\/12784\/revisions\/12831"}],"wp:attachment":[{"href":"https:\/\/ordemdosfisioterapeutas.pt\/fr\/wp-json\/wp\/v2\/media?parent=12784"}],"curies":[{"name":"wp","href":"https:\/\/api.w.org\/{rel}","templated":true}]}}