{"id":12782,"date":"2026-02-14T15:38:03","date_gmt":"2026-02-14T15:38:03","guid":{"rendered":"https:\/\/ordemdosfisioterapeutas.pt\/?page_id=12782"},"modified":"2026-02-14T17:21:14","modified_gmt":"2026-02-14T17:21:14","slug":"campanha-eleitoral-2025-2","status":"publish","type":"page","link":"https:\/\/ordemdosfisioterapeutas.pt\/fr\/campanha-eleitoral-2025-2\/","title":{"rendered":"Campagne \u00e9lectorale"},"content":{"rendered":"<div data-elementor-type=\"wp-page\" data-elementor-id=\"12782\" class=\"elementor elementor-12782\" data-elementor-post-type=\"page\">\n\t\t\t\t<div class=\"elementor-element elementor-element-6936afb e-flex e-con-boxed e-con e-parent\" data-id=\"6936afb\" data-element_type=\"container\" data-e-type=\"container\">\n\t\t\t\t\t<div class=\"e-con-inner\">\n\t\t\t\t<div class=\"elementor-element elementor-element-bf9df89 elementor-widget elementor-widget-text-editor\" data-id=\"bf9df89\" data-element_type=\"widget\" data-e-type=\"widget\" data-widget_type=\"text-editor.default\">\n\t\t\t\t<div class=\"elementor-widget-container\">\n\t\t\t\t\t\t\t\t\t<p>La campagne \u00e9lectorale commence le jour suivant la publication des candidats accept\u00e9s pour le scrutin, c'est-\u00e0-dire le jour de l'\u00e9lection. <b>3 mai 2026 <\/b>et se terminera le <b>16 mai 2026 <\/b>(la veille des \u00e9lections).<\/p><p>Au cours de cette p\u00e9riode, <b>l'ordonnance mettra \u00e0 disposition <\/b>les moyens dont disposent les candidats pour promouvoir leurs propositions et interagir avec les \u00e9lecteurs, comme suit :<\/p><ul><li>Chaque liste peut envoyer jusqu'\u00e0 deux courriels aux \u00e9lecteurs, qui seront diffus\u00e9s par les canaux officiels de l'Ordre ;<\/li><li>Les messages doivent \u00eatre envoy\u00e9s en format HTML \u00e0 : eleicoes@ordemdosfisioterapeutas.pt, en identifiant clairement la liste ;<\/li><li>Les r\u00e9ponses aux contacts re\u00e7us \u00e0 l'adresse ci-dessus seront envoy\u00e9es pendant les heures de bureau, les jours ouvrables, de 09h00 \u00e0 18h00 ;<\/li><li>Le calendrier sera g\u00e9r\u00e9 par la Commission \u00e9lectorale, en fonction de l'ordre de r\u00e9ception et de la p\u00e9riode de campagne ;<\/li><li>Aucun contact de membre ne sera mis \u00e0 disposition et aucun SMS\/MMS ne sera envoy\u00e9 au nom des listes ;<\/li><li>A la demande des listes, des liens hypertextes peuvent \u00eatre publi\u00e9s sur le site de l'Ordre qui redirigent vers les pages officielles des candidats.<\/li><\/ul><p>A <b>L'ordonnance pr\u00e9voit <\/b>\u00e9galement un acc\u00e8s occasionnel aux locaux de l'Ordre situ\u00e9s Rua D. Jo\u00e3o V, n\u00b0 24 - 1.06, 1250-091 Lisboa.<\/p><ul><li>Une salle pouvant accueillir jusqu'\u00e0 6 personnes peut \u00eatre mise \u00e0 disposition sur demande 48 heures \u00e0 l'avance ;<\/li><li>Les demandes doivent \u00eatre envoy\u00e9es \u00e0 l'adresse \u00e9lectronique officielle ci-dessus ;<\/li><li>La r\u00e9ponse sera donn\u00e9e dans les 24 heures ;<\/li><li>L'espace sera disponible en semaine de 9h00 \u00e0 18h00.<\/li><li>Conform\u00e9ment \u00e0 l'article 49, paragraphe 2, des statuts, le conseil d'administration a d\u00e9cid\u00e9 de ne pas participer aux frais de campagne \u00e9lectorale, comme ce fut le cas lors des \u00e9lections pr\u00e9c\u00e9dentes.<\/li><\/ul>\t\t\t\t\t\t\t\t<\/div>\n\t\t\t\t<\/div>\n\t\t\t\t\t<\/div>\n\t\t\t\t<\/div>\n\t\t\t\t<\/div>","protected":false},"excerpt":{"rendered":"<p>A campanha eleitoral tem in\u00edcio no dia seguinte \u00e0 publicita\u00e7\u00e3o das candidaturas aceites a sufr\u00e1gio, ou seja, come\u00e7ar\u00e1 no dia 3 de maio de 2026 e terminar\u00e1 no dia 16 de maio de 2026 (antev\u00e9spera das elei\u00e7\u00f5es). Durante este per\u00edodo, a Ordem disponibilizar\u00e1 aos candidatos meios de promo\u00e7\u00e3o das suas propostas e de intera\u00e7\u00e3o com &#8230; <a title=\"Campagne \u00e9lectorale\" class=\"read-more\" href=\"https:\/\/ordemdosfisioterapeutas.pt\/fr\/campanha-eleitoral-2025-2\/\" aria-label=\"En savoir plus sur Campagne \u00e9lectorale\">En savoir plus<\/a><\/p>","protected":false},"author":1,"featured_media":0,"parent":0,"menu_order":0,"comment_status":"closed","ping_status":"closed","template":"","meta":{"footnotes":""},"class_list":["post-12782","page","type-page","status-publish"],"_links":{"self":[{"href":"https:\/\/ordemdosfisioterapeutas.pt\/fr\/wp-json\/wp\/v2\/pages\/12782","targetHints":{"allow":["GET"]}}],"collection":[{"href":"https:\/\/ordemdosfisioterapeutas.pt\/fr\/wp-json\/wp\/v2\/pages"}],"about":[{"href":"https:\/\/ordemdosfisioterapeutas.pt\/fr\/wp-json\/wp\/v2\/types\/page"}],"author":[{"embeddable":true,"href":"https:\/\/ordemdosfisioterapeutas.pt\/fr\/wp-json\/wp\/v2\/users\/1"}],"replies":[{"embeddable":true,"href":"https:\/\/ordemdosfisioterapeutas.pt\/fr\/wp-json\/wp\/v2\/comments?post=12782"}],"version-history":[{"count":4,"href":"https:\/\/ordemdosfisioterapeutas.pt\/fr\/wp-json\/wp\/v2\/pages\/12782\/revisions"}],"predecessor-version":[{"id":12828,"href":"https:\/\/ordemdosfisioterapeutas.pt\/fr\/wp-json\/wp\/v2\/pages\/12782\/revisions\/12828"}],"wp:attachment":[{"href":"https:\/\/ordemdosfisioterapeutas.pt\/fr\/wp-json\/wp\/v2\/media?parent=12782"}],"curies":[{"name":"wp","href":"https:\/\/api.w.org\/{rel}","templated":true}]}}