{"id":12778,"date":"2026-02-14T15:37:12","date_gmt":"2026-02-14T15:37:12","guid":{"rendered":"https:\/\/ordemdosfisioterapeutas.pt\/?page_id=12778"},"modified":"2026-02-14T17:19:13","modified_gmt":"2026-02-14T17:19:13","slug":"candidaturas-2026","status":"publish","type":"page","link":"https:\/\/ordemdosfisioterapeutas.pt\/fr\/candidaturas-2026\/","title":{"rendered":"Applications"},"content":{"rendered":"<div data-elementor-type=\"wp-page\" data-elementor-id=\"12778\" class=\"elementor elementor-12778\" data-elementor-post-type=\"page\">\n\t\t\t\t<div class=\"elementor-element elementor-element-b01c4e4 e-flex e-con-boxed e-con e-parent\" data-id=\"b01c4e4\" data-element_type=\"container\" data-e-type=\"container\">\n\t\t\t\t\t<div class=\"e-con-inner\">\n\t\t\t\t<div class=\"elementor-element elementor-element-e5e74ac elementor-widget elementor-widget-text-editor\" data-id=\"e5e74ac\" data-element_type=\"widget\" data-e-type=\"widget\" data-widget_type=\"text-editor.default\">\n\t\t\t\t<div class=\"elementor-widget-container\">\n\t\t\t\t\t\t\t\t\t<p>Les membres int\u00e9ress\u00e9s \u00e0 se pr\u00e9senter aux \u00e9lections des organes de l'Ordre peuvent d\u00e9poser leur candidature entre les jours suivants <b>Du 17 f\u00e9vrier au<\/b> <b>19 mars 2026<\/b>. Pour soumettre votre candidature, acc\u00e9dez aux formulaires de candidature ci-dessous et suivez les instructions fournies. V\u00e9rifiez les conditions requises et pr\u00e9parez la documentation n\u00e9cessaire.<\/p><p><u><b>Proc\u00e9dures de r\u00e9ception des listes de candidats (avec <\/b><\/u><u><b><i>lien<\/i><\/b><\/u><u><b> pour le document \u201cr\u00e9ception des listes\u201d<\/b><\/u><\/p><ul><li><b>R\u00e9ception par e-mail :<\/b> La r\u00e9ception se fait par l'interm\u00e9diaire de l'adresse <a href=\"mailto:eleicoes@ordemdosfisioterapeutas.pt\">eleicoes@ordemdosfisioterapeutas.pt<\/a>La documentation est sign\u00e9e num\u00e9riquement par les services de l'Ordre et envoy\u00e9e au repr\u00e9sentant de la liste. A son tour, le repr\u00e9sentant de la liste d\u00e9clare\/confirme avoir re\u00e7u une r\u00e9ponse des services de l'Ordre.<\/li><li><b>Remise en main propre<\/b>Lors de la r\u00e9ception de la liste dans les locaux de l'Ordre, Rua D. Jo\u00e3o V, n\u00b0 24 - 1.06, 1250-091 Lisboa, toutes les pages sont tamponn\u00e9es et paraph\u00e9es par les services de l'Ordre. Tous les documents originaux sont photocopi\u00e9s afin qu'une copie puisse \u00eatre remise au mandataire de la liste, qui d\u00e9clare\/confirme avoir re\u00e7u la copie, en utilisant le formulaire pr\u00e9vu \u00e0 cet effet.<\/li><li><b>R\u00e9ception par la poste<\/b>Les candidatures doivent \u00eatre envoy\u00e9es \u00e0 l'Ordem dos Fisioterapeutas - Rua D. Jo\u00e3o V, n\u00b0 24 - 1.06, 1250-091 Lisboa, en veillant \u00e0 ce qu'elles parviennent avant la date limite de d\u00e9p\u00f4t des candidatures (19 mars). Les enveloppes seront ouvertes par les services de l'Ordre en pr\u00e9sence de deux t\u00e9moins. Les documents re\u00e7us doivent \u00e9galement \u00eatre tamponn\u00e9s et paraph\u00e9s sur toutes les pages.<\/li><\/ul><p>\u00a0<\/p><p><u><b>Formulaires de demande :<\/b><\/u><\/p><p>a)<span style=\"text-decoration: underline;\"><a href=\"https:\/\/ordemdosfisioterapeutas.pt\/wp-content\/uploads\/2025\/08\/e-REQUERIMENTO-CANDIDATURA-DIRECAO-REGIONAL.pdf\" target=\"_blank\" rel=\"noopener\">Demande aupr\u00e8s de la direction r\u00e9gionale<\/a><\/span><\/p><p>b)<span style=\"text-decoration: underline;\"><a href=\"https:\/\/ordemdosfisioterapeutas.pt\/wp-content\/uploads\/2025\/08\/f_CANDIDATURA-MESA-ASSEMBLEIA-REGIONAL.pdf\" target=\"_blank\" rel=\"noopener\">Candidature au Bureau de l'Assembl\u00e9e r\u00e9gionale<\/a><\/span><br \/><br \/>c) <span style=\"text-decoration: underline;\"><a href=\"https:\/\/ordemdosfisioterapeutas.pt\/wp-content\/uploads\/2025\/08\/g_DECLARACAO-ACEITACAO-DE-CANDIDATURA.pdf\" target=\"_blank\" rel=\"noopener\">D\u00e9claration d'acceptation de la candidature<\/a><\/span><\/p><p>d) <span style=\"text-decoration: underline;\"><a href=\"https:\/\/ordemdosfisioterapeutas.pt\/wp-content\/uploads\/2025\/08\/h-DECLARACAO-NOMEACOES-REPRESENTANTE-CE_M_290325.pdf\" target=\"_blank\" rel=\"noopener\">D\u00e9claration de nomination du repr\u00e9sentant aupr\u00e8s de la Commission \u00e9lectorale<\/a><\/span><\/p><p>e) <span style=\"text-decoration: underline;\"><a href=\"https:\/\/ordemdosfisioterapeutas.pt\/wp-content\/uploads\/2025\/08\/i-LISTA-SUBSCRITORES-COLETIVA.pdf\" target=\"_blank\" rel=\"noopener\">Liste collective des abonn\u00e9s<\/a><\/span><\/p><p>f) <span style=\"text-decoration: underline;\"><a href=\"https:\/\/ordemdosfisioterapeutas.pt\/wp-content\/uploads\/2025\/08\/j-LISTA-SUBSCRITORES-INDIVIDUAL.pdf\">Liste d'abonn\u00e9s individuels<\/a><\/span><\/p><p>\u00a0<\/p><p>\u26a0\ufe0f <b>Note d'information - Formulaires de demande<\/b><\/p><p>Veuillez noter que certains des formulaires de candidature figurant dans les annexes du r\u00e8glement \u00e9lectoral publi\u00e9 dans le Di\u00e1rio da Rep\u00fablica contiennent des erreurs mat\u00e9rielles et ne refl\u00e8tent pas enti\u00e8rement les exigences \u00e9nonc\u00e9es dans le texte r\u00e9glementaire respectif.<\/p><p>Les formulaires de demande disponibles sur cette page du site web de l <b>Ordre des physioth\u00e9rapeutes<\/b> correspondent aux versions mises \u00e0 jour et sont conformes aux dispositions du Statut et du R\u00e8glement \u00e9lectoral en vigueur, et doivent \u00eatre utilis\u00e9es <b>exclusivement<\/b> dans le cadre de cet acte \u00e9lectoral compl\u00e9mentaire.<\/p><p>Il est donc recommand\u00e9 que toutes les demandes soumises utilisent uniquement les formulaires fournis ici ; les versions alternatives ou les formulaires sur d'autres supports ne seront pas pris en consid\u00e9ration.<\/p>\t\t\t\t\t\t\t\t<\/div>\n\t\t\t\t<\/div>\n\t\t\t\t\t<\/div>\n\t\t\t\t<\/div>\n\t\t\t\t<\/div>","protected":false},"excerpt":{"rendered":"<p>Os membros interessados em candidatar-se aos \u00f3rg\u00e3os da Ordem poder\u00e3o apresentar as suas candidaturas entre os dias 17 de fevereiro a 19 de mar\u00e7o de 2026. Para submeter a sua candidatura, aceda aos formul\u00e1rios de candidatura, disponibilizados abaixo e siga as instru\u00e7\u00f5es fornecidas. Verifique os requisitos necess\u00e1rios e prepare a documenta\u00e7\u00e3o exigida. Procedimentos para a &#8230; <a title=\"Applications\" class=\"read-more\" href=\"https:\/\/ordemdosfisioterapeutas.pt\/fr\/candidaturas-2026\/\" aria-label=\"En savoir plus sur Applications\">En savoir plus<\/a><\/p>","protected":false},"author":1,"featured_media":0,"parent":0,"menu_order":0,"comment_status":"closed","ping_status":"closed","template":"","meta":{"footnotes":""},"class_list":["post-12778","page","type-page","status-publish"],"_links":{"self":[{"href":"https:\/\/ordemdosfisioterapeutas.pt\/fr\/wp-json\/wp\/v2\/pages\/12778","targetHints":{"allow":["GET"]}}],"collection":[{"href":"https:\/\/ordemdosfisioterapeutas.pt\/fr\/wp-json\/wp\/v2\/pages"}],"about":[{"href":"https:\/\/ordemdosfisioterapeutas.pt\/fr\/wp-json\/wp\/v2\/types\/page"}],"author":[{"embeddable":true,"href":"https:\/\/ordemdosfisioterapeutas.pt\/fr\/wp-json\/wp\/v2\/users\/1"}],"replies":[{"embeddable":true,"href":"https:\/\/ordemdosfisioterapeutas.pt\/fr\/wp-json\/wp\/v2\/comments?post=12778"}],"version-history":[{"count":4,"href":"https:\/\/ordemdosfisioterapeutas.pt\/fr\/wp-json\/wp\/v2\/pages\/12778\/revisions"}],"predecessor-version":[{"id":12822,"href":"https:\/\/ordemdosfisioterapeutas.pt\/fr\/wp-json\/wp\/v2\/pages\/12778\/revisions\/12822"}],"wp:attachment":[{"href":"https:\/\/ordemdosfisioterapeutas.pt\/fr\/wp-json\/wp\/v2\/media?parent=12778"}],"curies":[{"name":"wp","href":"https:\/\/api.w.org\/{rel}","templated":true}]}}