{"id":12776,"date":"2026-02-14T15:36:39","date_gmt":"2026-02-14T15:36:39","guid":{"rendered":"https:\/\/ordemdosfisioterapeutas.pt\/?page_id=12776"},"modified":"2026-04-30T12:56:48","modified_gmt":"2026-04-30T11:56:48","slug":"caderno-eleitoral-2026","status":"publish","type":"page","link":"https:\/\/ordemdosfisioterapeutas.pt\/fr\/caderno-eleitoral-2026\/","title":{"rendered":"Listes \u00e9lectorales"},"content":{"rendered":"<div data-elementor-type=\"wp-page\" data-elementor-id=\"12776\" class=\"elementor elementor-12776\" data-elementor-post-type=\"page\">\n\t\t\t\t<div class=\"elementor-element elementor-element-853cf6e condicoes-btn e-flex e-con-boxed e-con e-parent\" data-id=\"853cf6e\" data-element_type=\"container\" data-e-type=\"container\">\n\t\t\t\t\t<div class=\"e-con-inner\">\n\t\t\t\t<div class=\"elementor-element elementor-element-768d981 elementor-widget elementor-widget-text-editor\" data-id=\"768d981\" data-element_type=\"widget\" data-e-type=\"widget\" data-widget_type=\"text-editor.default\">\n\t\t\t\t<div class=\"elementor-widget-container\">\n\t\t\t\t\t\t\t\t\t<p><span lang=\"PT\">La liste \u00e9lectorale d\u00e9finitive peut \u00eatre consult\u00e9e.<\/span><\/p><p><span lang=\"PT\">Une fois que le d\u00e9lai de r\u00e9clamation est pass\u00e9 et qu'aucune r\u00e9clamation n'a \u00e9t\u00e9 re\u00e7ue, la liste \u00e9lectorale d\u00e9finitive est publi\u00e9e.<\/span><\/p><p><span lang=\"PT\">Le document comprend les physioth\u00e9rapeutes ayant une adresse professionnelle dans les r\u00e9gions correspondant aux organes \u00e0 \u00e9lire - le conseil r\u00e9gional de Mad\u00e8re et le conseil de l'assembl\u00e9e r\u00e9gionale du Sud - avec une inscription active, \u00e0 l'exclusion des inscriptions en cours, suspendues et annul\u00e9es. Il comprend \u00e9galement les membres dont la derni\u00e8re cotisation a \u00e9t\u00e9 pay\u00e9e avant novembre 2025 et dont l'inscription a \u00e9t\u00e9 compl\u00e9t\u00e9e (date du deuxi\u00e8me paiement) avant le 19 janvier 2026.<\/span><\/p><p><span lang=\"PT\">Le livret peut \u00eatre consult\u00e9 dans la zone r\u00e9serv\u00e9e du site web de l'Ordem dos Fisioterapeutas ou en personne dans les locaux de l'Ordem dos Fisioterapeutas (LEAP Centre - Espa\u00e7o Amoreiras | Rua D. Jo\u00e3o V, n.\u00ba 24 - 1.03, 1250-091 Lisboa).<\/span><\/p>\t\t\t\t\t\t\t\t<\/div>\n\t\t\t\t<\/div>\n\t\t\t\t\t<\/div>\n\t\t\t\t<\/div>\n\t\t<div class=\"elementor-element elementor-element-69a276f condicoes e-flex e-con-boxed e-con e-parent\" data-id=\"69a276f\" data-element_type=\"container\" data-e-type=\"container\">\n\t\t\t\t\t<div class=\"e-con-inner\">\n\t\t\t\t<div class=\"elementor-element elementor-element-98c48f2 elementor-widget elementor-widget-text-editor\" data-id=\"98c48f2\" data-element_type=\"widget\" data-e-type=\"widget\" data-widget_type=\"text-editor.default\">\n\t\t\t\t<div class=\"elementor-widget-container\">\n\t\t\t\t\t\t\t\t\t<p><span lang=\"PT\">La liste \u00e9lectorale d\u00e9finitive peut \u00eatre consult\u00e9e.<\/span><\/p><p><span lang=\"PT\">Une fois que le d\u00e9lai de r\u00e9clamation est pass\u00e9 et qu'aucune r\u00e9clamation n'a \u00e9t\u00e9 re\u00e7ue, la liste \u00e9lectorale d\u00e9finitive est publi\u00e9e.<\/span><\/p><p><span lang=\"PT\">Le document comprend les physioth\u00e9rapeutes ayant une adresse professionnelle dans les r\u00e9gions correspondant aux organes \u00e0 \u00e9lire - le conseil r\u00e9gional de Mad\u00e8re et le conseil de l'assembl\u00e9e r\u00e9gionale du Sud - avec une inscription active, \u00e0 l'exclusion des inscriptions en cours, suspendues et annul\u00e9es. Il comprend \u00e9galement les membres dont la derni\u00e8re cotisation a \u00e9t\u00e9 pay\u00e9e avant novembre 2025 et dont l'inscription a \u00e9t\u00e9 compl\u00e9t\u00e9e (date du deuxi\u00e8me paiement) avant le 19 janvier 2026. <\/span><\/p><p><span lang=\"PT\">La brochure peut \u00eatre consult\u00e9e en cliquant sur le lien ci-dessous ou en personne, dans les locaux de l'Ordre des physioth\u00e9rapeutes (Centre LEAP - Espa\u00e7o Amoreiras | Rua D. Jo\u00e3o V, n.\u00ba 24 - 1.03, 1250-091 Lisboa).<\/span><\/p>\t\t\t\t\t\t\t\t<\/div>\n\t\t\t\t<\/div>\n\t\t\t\t<div class=\"elementor-element elementor-element-ca4594a elementor-widget elementor-widget-button\" data-id=\"ca4594a\" data-element_type=\"widget\" data-e-type=\"widget\" data-widget_type=\"button.default\">\n\t\t\t\t<div class=\"elementor-widget-container\">\n\t\t\t\t\t\t\t\t\t<div class=\"elementor-button-wrapper\">\n\t\t\t\t\t<a class=\"elementor-button elementor-button-link elementor-size-sm\" href=\"https:\/\/ordemdosfisioterapeutas.pt\/wp-content\/uploads\/2026\/04\/CADERNOS_ELEITORAIS_FINAIS_2026.pdf\" target=\"_blank\">\n\t\t\t\t\t\t<span class=\"elementor-button-content-wrapper\">\n\t\t\t\t\t\t\t\t\t<span class=\"elementor-button-text\">Listes \u00e9lectorales<\/span>\n\t\t\t\t\t<\/span>\n\t\t\t\t\t<\/a>\n\t\t\t\t<\/div>\n\t\t\t\t\t\t\t\t<\/div>\n\t\t\t\t<\/div>\n\t\t\t\t\t<\/div>\n\t\t\t\t<\/div>\n\t\t\t\t<\/div>","protected":false},"excerpt":{"rendered":"<p>O caderno eleitoral final encontra-se dispon\u00edvel para consulta. Findo o prazo de reclama\u00e7\u00f5es sem que tenham sido recebidas reclama\u00e7\u00f5es, procede-se \u00e0 publica\u00e7\u00e3o do caderno eleitoral final. O documento inclui os Fisioterapeutas com domic\u00edlio profissional nas regi\u00f5es correspondentes aos \u00f3rg\u00e3os a eleger \u2014 Dire\u00e7\u00e3o Regional da Madeira e Mesa da Assembleia Regional do Sul \u2014 com &#8230; <a title=\"Listes \u00e9lectorales\" class=\"read-more\" href=\"https:\/\/ordemdosfisioterapeutas.pt\/fr\/caderno-eleitoral-2026\/\" aria-label=\"En savoir plus sur Liste \u00e9lectorale\">En savoir plus<\/a><\/p>","protected":false},"author":1,"featured_media":0,"parent":0,"menu_order":0,"comment_status":"closed","ping_status":"closed","template":"","meta":{"footnotes":""},"class_list":["post-12776","page","type-page","status-publish"],"_links":{"self":[{"href":"https:\/\/ordemdosfisioterapeutas.pt\/fr\/wp-json\/wp\/v2\/pages\/12776","targetHints":{"allow":["GET"]}}],"collection":[{"href":"https:\/\/ordemdosfisioterapeutas.pt\/fr\/wp-json\/wp\/v2\/pages"}],"about":[{"href":"https:\/\/ordemdosfisioterapeutas.pt\/fr\/wp-json\/wp\/v2\/types\/page"}],"author":[{"embeddable":true,"href":"https:\/\/ordemdosfisioterapeutas.pt\/fr\/wp-json\/wp\/v2\/users\/1"}],"replies":[{"embeddable":true,"href":"https:\/\/ordemdosfisioterapeutas.pt\/fr\/wp-json\/wp\/v2\/comments?post=12776"}],"version-history":[{"count":13,"href":"https:\/\/ordemdosfisioterapeutas.pt\/fr\/wp-json\/wp\/v2\/pages\/12776\/revisions"}],"predecessor-version":[{"id":13339,"href":"https:\/\/ordemdosfisioterapeutas.pt\/fr\/wp-json\/wp\/v2\/pages\/12776\/revisions\/13339"}],"wp:attachment":[{"href":"https:\/\/ordemdosfisioterapeutas.pt\/fr\/wp-json\/wp\/v2\/media?parent=12776"}],"curies":[{"name":"wp","href":"https:\/\/api.w.org\/{rel}","templated":true}]}}