{"id":12774,"date":"2026-02-14T15:36:07","date_gmt":"2026-02-14T15:36:07","guid":{"rendered":"https:\/\/ordemdosfisioterapeutas.pt\/?page_id=12774"},"modified":"2026-02-14T17:14:09","modified_gmt":"2026-02-14T17:14:09","slug":"recenseamento-2026","status":"publish","type":"page","link":"https:\/\/ordemdosfisioterapeutas.pt\/fr\/recenseamento-2026\/","title":{"rendered":"Recensement"},"content":{"rendered":"<div data-elementor-type=\"wp-page\" data-elementor-id=\"12774\" class=\"elementor elementor-12774\" data-elementor-post-type=\"page\">\n\t\t\t\t<div class=\"elementor-element elementor-element-2cee738 e-flex e-con-boxed e-con e-parent\" data-id=\"2cee738\" data-element_type=\"container\" data-e-type=\"container\">\n\t\t\t\t\t<div class=\"e-con-inner\">\n\t\t\t\t<div class=\"elementor-element elementor-element-59babe9 elementor-widget elementor-widget-text-editor\" data-id=\"59babe9\" data-element_type=\"widget\" data-e-type=\"widget\" data-widget_type=\"text-editor.default\">\n\t\t\t\t<div class=\"elementor-widget-container\">\n\t\t\t\t\t\t\t\t\t<p>Il est essentiel que tous les membres de l'Ordre des physioth\u00e9rapeutes mettent \u00e0 jour leurs coordonn\u00e9es pour pouvoir participer aux \u00e9lections. V\u00e9rifiez et mettez \u00e0 jour vos coordonn\u00e9es sur votre <span style=\"text-decoration: underline;\"><a href=\"https:\/\/portal.ordemdosfisioterapeutas.pt\/?_ga=2.225000473.20998420.1630766367-1640897408.1605222732\" target=\"_blank\" rel=\"noopener\">zone r\u00e9serv\u00e9e<\/a><\/span>en particulier l'adresse \u00e9lectronique et le num\u00e9ro de t\u00e9l\u00e9phone portable, car ils sont indispensables pour pouvoir voter (voir notre <span style=\"text-decoration: underline;\"><a href=\"https:\/\/www.youtube.com\/watch?v=8KkcbL9JKNI\" target=\"_blank\" rel=\"noopener\">tutoriel vid\u00e9o<\/a><\/span>). Sont \u00e9lecteurs tous les kin\u00e9sith\u00e9rapeutes qui, \u00e0 la date d'\u00e9tablissement de la liste \u00e9lectorale (9 avril 2026), ne sont pas en retard de paiement de leur cotisation depuis plus de six mois.<\/p>\t\t\t\t\t\t\t\t<\/div>\n\t\t\t\t<\/div>\n\t\t\t\t\t<\/div>\n\t\t\t\t<\/div>\n\t\t\t\t<\/div>","protected":false},"excerpt":{"rendered":"<p>Il est essentiel que tous les membres de l'Ordre des kin\u00e9sith\u00e9rapeutes mettent \u00e0 jour leurs coordonn\u00e9es afin de pouvoir participer aux \u00e9lections. V\u00e9rifiez et mettez \u00e0 jour vos coordonn\u00e9es dans votre espace r\u00e9serv\u00e9, en particulier votre adresse e-mail et votre num\u00e9ro de t\u00e9l\u00e9phone portable, qui sont indispensables pour pouvoir voter (voir notre tutoriel vid\u00e9o). Vous \u00eates \u00e9lecteur et \u00e9ligible pour participer ... <a title=\"Recensement\" class=\"read-more\" href=\"https:\/\/ordemdosfisioterapeutas.pt\/fr\/recenseamento-2026\/\" aria-label=\"En savoir plus sur Recensement\">En savoir plus<\/a><\/p>","protected":false},"author":1,"featured_media":0,"parent":0,"menu_order":0,"comment_status":"closed","ping_status":"closed","template":"","meta":{"footnotes":""},"class_list":["post-12774","page","type-page","status-publish"],"_links":{"self":[{"href":"https:\/\/ordemdosfisioterapeutas.pt\/fr\/wp-json\/wp\/v2\/pages\/12774","targetHints":{"allow":["GET"]}}],"collection":[{"href":"https:\/\/ordemdosfisioterapeutas.pt\/fr\/wp-json\/wp\/v2\/pages"}],"about":[{"href":"https:\/\/ordemdosfisioterapeutas.pt\/fr\/wp-json\/wp\/v2\/types\/page"}],"author":[{"embeddable":true,"href":"https:\/\/ordemdosfisioterapeutas.pt\/fr\/wp-json\/wp\/v2\/users\/1"}],"replies":[{"embeddable":true,"href":"https:\/\/ordemdosfisioterapeutas.pt\/fr\/wp-json\/wp\/v2\/comments?post=12774"}],"version-history":[{"count":4,"href":"https:\/\/ordemdosfisioterapeutas.pt\/fr\/wp-json\/wp\/v2\/pages\/12774\/revisions"}],"predecessor-version":[{"id":12816,"href":"https:\/\/ordemdosfisioterapeutas.pt\/fr\/wp-json\/wp\/v2\/pages\/12774\/revisions\/12816"}],"wp:attachment":[{"href":"https:\/\/ordemdosfisioterapeutas.pt\/fr\/wp-json\/wp\/v2\/media?parent=12774"}],"curies":[{"name":"wp","href":"https:\/\/api.w.org\/{rel}","templated":true}]}}