{"id":12770,"date":"2026-02-14T15:33:24","date_gmt":"2026-02-14T15:33:24","guid":{"rendered":"https:\/\/ordemdosfisioterapeutas.pt\/?page_id=12770"},"modified":"2026-03-20T19:10:17","modified_gmt":"2026-03-20T19:10:17","slug":"comissao-eleitoral-2026","status":"publish","type":"page","link":"https:\/\/ordemdosfisioterapeutas.pt\/fr\/comissao-eleitoral-2026\/","title":{"rendered":"Commission \u00e9lectorale"},"content":{"rendered":"<div data-elementor-type=\"wp-page\" data-elementor-id=\"12770\" class=\"elementor elementor-12770\" data-elementor-post-type=\"page\">\n\t\t\t\t<div class=\"elementor-element elementor-element-5631aeb e-flex e-con-boxed e-con e-parent\" data-id=\"5631aeb\" data-element_type=\"container\" data-e-type=\"container\">\n\t\t\t\t\t<div class=\"e-con-inner\">\n\t\t\t\t<div class=\"elementor-element elementor-element-44942b5 elementor-widget elementor-widget-text-editor\" data-id=\"44942b5\" data-element_type=\"widget\" data-e-type=\"widget\" data-widget_type=\"text-editor.default\">\n\t\t\t\t<div class=\"elementor-widget-container\">\n\t\t\t\t\t\t\t\t\t<p><span data-olk-copy-source=\"MessageBody\">La Commission \u00e9lectorale est charg\u00e9e de garantir la l\u00e9galit\u00e9 et la transparence de l'ensemble du processus \u00e9lectoral. Elle joue un r\u00f4le cl\u00e9 dans la supervision de toutes les \u00e9tapes du processus \u00e9lectoral, de la r\u00e9ception des candidatures \u00e0 la tabulation des r\u00e9sultats.<\/span><\/p><p>Conform\u00e9ment au r\u00e8glement \u00e9lectoral, la commission \u00e9lectorale est compos\u00e9e du pr\u00e9sident du conseil g\u00e9n\u00e9ral et d'un repr\u00e9sentant de chacune des listes admises au vote, d\u00e9sign\u00e9 lors du d\u00e9p\u00f4t des candidatures respectives.<\/p><p>La Commission \u00e9lectorale pour les \u00e9lections 2026 - Loi \u00e9lectorale compl\u00e9mentaire est compos\u00e9e comme suit :<\/p><p><strong>Pr\u00e9sident de la Commission \u00e9lectorale<\/strong><br \/>Maria Ant\u00f3nio Ferreira de Castro, CP n\u00b0 410<br \/>(Pr\u00e9sident du Conseil g\u00e9n\u00e9ral)<\/p><p><strong>Repr\u00e9sentants des demandes accept\u00e9es :<\/strong><\/p><p>Repr\u00e9sentant de la liste conduite par Mara Soraia Gon\u00e7alves Gouveia Abreu Teixeira pour la Direction r\u00e9gionale de Mad\u00e8re :<br \/>N\u00e1dia Priscila Vieira da Silva, CP n\u00b0 9652<\/p><p>Repr\u00e9sentant de la liste conduite par Ol\u00edmpio Manuel Gouveia Pereira au Bureau de l'Assembl\u00e9e r\u00e9gionale du Sud :<br \/>Jo\u00e3o Filipe Ferreira, CP n\u00b0 13204<\/p>\t\t\t\t\t\t\t\t<\/div>\n\t\t\t\t<\/div>\n\t\t\t\t\t<\/div>\n\t\t\t\t<\/div>\n\t\t\t\t<\/div>","protected":false},"excerpt":{"rendered":"<p>A Comiss\u00e3o Eleitoral \u00e9 respons\u00e1vel por garantir a legalidade e a transpar\u00eancia de todo o processo eleitoral. Desempenha um papel fundamental na supervis\u00e3o de todas as fases do processo eleitoral, desde a rece\u00e7\u00e3o das candidaturas at\u00e9 ao apuramento dos resultados. De acordo com o Regulamento Eleitoral, a Comiss\u00e3o Eleitoral \u00e9 composta pelo presidente da mesa &#8230; <a title=\"Commission \u00e9lectorale\" class=\"read-more\" href=\"https:\/\/ordemdosfisioterapeutas.pt\/fr\/comissao-eleitoral-2026\/\" aria-label=\"En savoir plus sur Commission \u00e9lectorale\">En savoir plus<\/a><\/p>","protected":false},"author":1,"featured_media":0,"parent":0,"menu_order":0,"comment_status":"closed","ping_status":"closed","template":"","meta":{"footnotes":""},"class_list":["post-12770","page","type-page","status-publish"],"_links":{"self":[{"href":"https:\/\/ordemdosfisioterapeutas.pt\/fr\/wp-json\/wp\/v2\/pages\/12770","targetHints":{"allow":["GET"]}}],"collection":[{"href":"https:\/\/ordemdosfisioterapeutas.pt\/fr\/wp-json\/wp\/v2\/pages"}],"about":[{"href":"https:\/\/ordemdosfisioterapeutas.pt\/fr\/wp-json\/wp\/v2\/types\/page"}],"author":[{"embeddable":true,"href":"https:\/\/ordemdosfisioterapeutas.pt\/fr\/wp-json\/wp\/v2\/users\/1"}],"replies":[{"embeddable":true,"href":"https:\/\/ordemdosfisioterapeutas.pt\/fr\/wp-json\/wp\/v2\/comments?post=12770"}],"version-history":[{"count":7,"href":"https:\/\/ordemdosfisioterapeutas.pt\/fr\/wp-json\/wp\/v2\/pages\/12770\/revisions"}],"predecessor-version":[{"id":13095,"href":"https:\/\/ordemdosfisioterapeutas.pt\/fr\/wp-json\/wp\/v2\/pages\/12770\/revisions\/13095"}],"wp:attachment":[{"href":"https:\/\/ordemdosfisioterapeutas.pt\/fr\/wp-json\/wp\/v2\/media?parent=12770"}],"curies":[{"name":"wp","href":"https:\/\/api.w.org\/{rel}","templated":true}]}}