{"id":12763,"date":"2026-02-14T15:30:42","date_gmt":"2026-02-14T15:30:42","guid":{"rendered":"https:\/\/ordemdosfisioterapeutas.pt\/?page_id=12763"},"modified":"2026-02-20T15:09:39","modified_gmt":"2026-02-20T15:09:39","slug":"eleicoes-complementares-para-orgaos-regionais-2026","status":"publish","type":"page","link":"https:\/\/ordemdosfisioterapeutas.pt\/fr\/eleicoes-complementares-para-orgaos-regionais-2026\/","title":{"rendered":"\u00c9lections compl\u00e9mentaires pour les organes r\u00e9gionaux"},"content":{"rendered":"<div data-elementor-type=\"wp-page\" data-elementor-id=\"12763\" class=\"elementor elementor-12763\" data-elementor-post-type=\"page\">\n\t\t\t\t<div class=\"elementor-element elementor-element-6153e4a e-flex e-con-boxed e-con e-parent\" data-id=\"6153e4a\" data-element_type=\"container\" data-e-type=\"container\">\n\t\t\t\t\t<div class=\"e-con-inner\">\n\t\t\t\t<div class=\"elementor-element elementor-element-792c743 elementor-widget elementor-widget-text-editor\" data-id=\"792c743\" data-element_type=\"widget\" data-e-type=\"widget\" data-widget_type=\"text-editor.default\">\n\t\t\t\t<div class=\"elementor-widget-container\">\n\t\t\t\t\t\t\t\t\t<p>Processus \u00e9lectoral compl\u00e9mentaire dans le cadre des \u00e9lections statutaires de l'Ordre des kin\u00e9sith\u00e9rapeutes pour la p\u00e9riode quadriennale 2025-2029, concernant les instances pour lesquelles aucune candidature n'a \u00e9t\u00e9 accept\u00e9e dans l'acte \u00e9lectoral du 5 d\u00e9cembre 2025.<\/p><p>Les organisations concern\u00e9es sont les suivantes<br \/>- Direction r\u00e9gionale de Mad\u00e8re<br \/>- Bureau de l'Assembl\u00e9e r\u00e9gionale du Sud<\/p><p>Les autres organes de l'Ordre ont \u00e9t\u00e9 d\u00fbment \u00e9lus et sont en fonction.<\/p><p>Consultez le <span style=\"text-decoration: underline;\"><a href=\"https:\/\/ordemdosfisioterapeutas.pt\/fr\/regulamento-eleitoral-2025\/\" target=\"_blank\" rel=\"noopener\">R\u00e8glement \u00e9lectoral<\/a><\/span><\/p><p><span data-olk-copy-source=\"MessageBody\">Voir <a href=\"https:\/\/ordemdosfisioterapeutas.pt\/wp-content\/uploads\/2026\/02\/Extrato-de-Ata-1-de-dia-19-de-janeiro-2026_deliberacaoDL.7.RD_.1.2026.pdf\" target=\"_blank\" rel=\"noopener\"><span style=\"text-decoration: underline;\">D\u00e9cision du Conseil d'administration<\/span><\/a><\/span><\/p>\t\t\t\t\t\t\t\t<\/div>\n\t\t\t\t<\/div>\n\t\t\t\t\t<\/div>\n\t\t\t\t<\/div>\n\t\t\t\t<\/div>","protected":false},"excerpt":{"rendered":"<p>Processo eleitoral complementar no \u00e2mbito das elei\u00e7\u00f5es estatut\u00e1rias da Ordem dos Fisioterapeutas para o quadri\u00e9nio 2025\u20132029, relativo a \u00f3rg\u00e3os para os quais n\u00e3o foram aceites candidaturas a sufr\u00e1gio no ato eleitoral de 5 de dezembro de 2025. Os \u00f3rg\u00e3os abrangidos s\u00e3o:\u2013 Dire\u00e7\u00e3o Regional da Madeira\u2013 Mesa da Assembleia Regional do Sul Os restantes \u00d3rg\u00e3os Sociais &#8230; <a title=\"\u00c9lections compl\u00e9mentaires pour les organes r\u00e9gionaux\" class=\"read-more\" href=\"https:\/\/ordemdosfisioterapeutas.pt\/fr\/eleicoes-complementares-para-orgaos-regionais-2026\/\" aria-label=\"En savoir plus sur Elei\u00e7\u00f5es complementares para \u00d3rg\u00e3os Regionais\">En savoir plus<\/a><\/p>","protected":false},"author":1,"featured_media":0,"parent":0,"menu_order":0,"comment_status":"closed","ping_status":"closed","template":"","meta":{"footnotes":""},"class_list":["post-12763","page","type-page","status-publish"],"_links":{"self":[{"href":"https:\/\/ordemdosfisioterapeutas.pt\/fr\/wp-json\/wp\/v2\/pages\/12763","targetHints":{"allow":["GET"]}}],"collection":[{"href":"https:\/\/ordemdosfisioterapeutas.pt\/fr\/wp-json\/wp\/v2\/pages"}],"about":[{"href":"https:\/\/ordemdosfisioterapeutas.pt\/fr\/wp-json\/wp\/v2\/types\/page"}],"author":[{"embeddable":true,"href":"https:\/\/ordemdosfisioterapeutas.pt\/fr\/wp-json\/wp\/v2\/users\/1"}],"replies":[{"embeddable":true,"href":"https:\/\/ordemdosfisioterapeutas.pt\/fr\/wp-json\/wp\/v2\/comments?post=12763"}],"version-history":[{"count":7,"href":"https:\/\/ordemdosfisioterapeutas.pt\/fr\/wp-json\/wp\/v2\/pages\/12763\/revisions"}],"predecessor-version":[{"id":12861,"href":"https:\/\/ordemdosfisioterapeutas.pt\/fr\/wp-json\/wp\/v2\/pages\/12763\/revisions\/12861"}],"wp:attachment":[{"href":"https:\/\/ordemdosfisioterapeutas.pt\/fr\/wp-json\/wp\/v2\/media?parent=12763"}],"curies":[{"name":"wp","href":"https:\/\/api.w.org\/{rel}","templated":true}]}}