{"id":11417,"date":"2025-09-07T10:49:26","date_gmt":"2025-09-07T09:49:26","guid":{"rendered":"https:\/\/ordemdosfisioterapeutas.pt\/?page_id=11417"},"modified":"2026-03-19T20:25:50","modified_gmt":"2026-03-19T20:25:50","slug":"turim","status":"publish","type":"page","link":"https:\/\/ordemdosfisioterapeutas.pt\/fr\/turim\/","title":{"rendered":"Turin"},"content":{"rendered":"<div data-elementor-type=\"wp-page\" data-elementor-id=\"11417\" class=\"elementor elementor-11417\" data-elementor-post-type=\"page\">\n\t\t\t\t<div class=\"elementor-element elementor-element-9c430f4 e-grid e-con-boxed e-con e-parent\" data-id=\"9c430f4\" data-element_type=\"container\" data-e-type=\"container\">\n\t\t\t\t\t<div class=\"e-con-inner\">\n\t\t\t\t<div class=\"elementor-element elementor-element-4eb8149 elementor-widget elementor-widget-image\" data-id=\"4eb8149\" data-element_type=\"widget\" data-e-type=\"widget\" data-widget_type=\"image.default\">\n\t\t\t\t<div class=\"elementor-widget-container\">\n\t\t\t\t\t\t\t\t\t\t\t\t\t\t\t<img decoding=\"async\" src=\"https:\/\/ordemdosfisioterapeutas.pt\/wp-content\/uploads\/elementor\/thumbs\/logo__0008_TURIM_I-1-rkr5lftyfdik51uc5e3p4bd7cwptxa2rq8b5wf47wg.png\" title=\"logo__0008_TURIM_I\" alt=\"logo__0008_TURIM_I\" loading=\"lazy\" \/>\t\t\t\t\t\t\t\t\t\t\t\t\t\t\t<\/div>\n\t\t\t\t<\/div>\n\t\t\t\t<div class=\"elementor-element elementor-element-1e32579 elementor-widget elementor-widget-image\" data-id=\"1e32579\" data-element_type=\"widget\" data-e-type=\"widget\" data-widget_type=\"image.default\">\n\t\t\t\t<div class=\"elementor-widget-container\">\n\t\t\t\t\t\t\t\t\t\t\t\t\t\t\t<img decoding=\"async\" src=\"https:\/\/ordemdosfisioterapeutas.pt\/wp-content\/uploads\/elementor\/thumbs\/parcerias-r1e5sfsz0l2px9fc2vf1dqmethbbh5ts4btblfpj40.png\" title=\"partenariats.png\" alt=\"parcerias.png\" loading=\"lazy\" \/>\t\t\t\t\t\t\t\t\t\t\t\t\t\t\t<\/div>\n\t\t\t\t<\/div>\n\t\t\t\t\t<\/div>\n\t\t\t\t<\/div>\n\t\t<div class=\"elementor-element elementor-element-14c51a9 e-flex e-con-boxed e-con e-parent\" data-id=\"14c51a9\" data-element_type=\"container\" data-e-type=\"container\">\n\t\t\t\t\t<div class=\"e-con-inner\">\n\t\t\t\t<div class=\"elementor-element elementor-element-05f3aee elementor-widget elementor-widget-heading\" data-id=\"05f3aee\" data-element_type=\"widget\" data-e-type=\"widget\" data-widget_type=\"heading.default\">\n\t\t\t\t<div class=\"elementor-widget-container\">\n\t\t\t\t\t<h2 class=\"elementor-heading-title elementor-size-default\">Description<\/h2>\t\t\t\t<\/div>\n\t\t\t\t<\/div>\n\t\t\t\t<div class=\"elementor-element elementor-element-3129544 elementor-widget elementor-widget-text-editor\" data-id=\"3129544\" data-element_type=\"widget\" data-e-type=\"widget\" data-widget_type=\"text-editor.default\">\n\t\t\t\t<div class=\"elementor-widget-container\">\n\t\t\t\t\t\t\t\t\t<p><span data-ogsc=\"black\" data-olk-copy-source=\"MessageBody\">Le groupe Turim Hotels est portugais,\u00a0<\/span><span data-ogsc=\"black\">\u200b<\/span><span data-ogsc=\"black\">\u00a0a commenc\u00e9 ses activit\u00e9s en 1992 et est bas\u00e9 \u00e0 Lisbonne. Le groupe compte actuellement 18 h\u00f4tels en activit\u00e9 et 7 autres en construction, r\u00e9partis dans diff\u00e9rentes r\u00e9gions du Portugal, dont Lisbonne, Porto, Mad\u00e8re, l'Algarve, les A\u00e7ores, Sintra, \u00c9vora, Coimbra et Aveiro. La marque est reconnue pour son engagement en faveur de la qualit\u00e9, du confort et de la modernit\u00e9, offrant un h\u00e9bergement qui allie sophistication, espaces fonctionnels et hospitalit\u00e9. Plus tard dans l'ann\u00e9e, le Turim Sintra Palace Hotel devrait ouvrir ses portes. Comme son nom l'indique, il est situ\u00e9 \u00e0 Sintra, une r\u00e9gion class\u00e9e au patrimoine mondial de l'humanit\u00e9.<\/span><\/p>\t\t\t\t\t\t\t\t<\/div>\n\t\t\t\t<\/div>\n\t\t\t\t\t<\/div>\n\t\t\t\t<\/div>\n\t\t<div class=\"elementor-element elementor-element-f08340d condicoes e-flex e-con-boxed e-con e-parent\" data-id=\"f08340d\" data-element_type=\"container\" data-e-type=\"container\">\n\t\t\t\t\t<div class=\"e-con-inner\">\n\t\t\t\t<div class=\"elementor-element elementor-element-25c8b4d elementor-widget elementor-widget-heading\" data-id=\"25c8b4d\" data-element_type=\"widget\" data-e-type=\"widget\" data-widget_type=\"heading.default\">\n\t\t\t\t<div class=\"elementor-widget-container\">\n\t\t\t\t\t<h2 class=\"elementor-heading-title elementor-size-default\">Conditions<\/h2>\t\t\t\t<\/div>\n\t\t\t\t<\/div>\n\t\t\t\t<div class=\"elementor-element elementor-element-8dc7c0b elementor-widget elementor-widget-text-editor\" data-id=\"8dc7c0b\" data-element_type=\"widget\" data-e-type=\"widget\" data-widget_type=\"text-editor.default\">\n\t\t\t\t<div class=\"elementor-widget-container\">\n\t\t\t\t\t\t\t\t\t<p><span data-olk-copy-source=\"MessageBody\">- 15% de r\u00e9duction sur le meilleur tarif d'h\u00e9bergement disponible sur le site web\u00a0<a title=\"http:\/\/www.turim-hotels.com\" href=\"http:\/\/www.turim-hotels.com\/\" data-auth=\"NotApplicable\" data-linkindex=\"0\" data-ogsc=\"\" target=\"_blank\" rel=\"noopener\">www.turim-hotels.com<\/a>.<\/span><\/p><p>R\u00e9duction applicable \u00e0 tout type de chambre et sur une base \"bed and breakfast\" ou \"accommodation only\".<\/p><p>Acc\u00e8s \u00e0 la prestation :<\/p><p>Lors de la r\u00e9servation, les membres et les employ\u00e9s de l'Ordre doivent indiquer le code promotionnel\u00a0<b>ORDRE DES KIN\u00c9SITH\u00c9RAPEUTES<\/b>.<\/p>\t\t\t\t\t\t\t\t<\/div>\n\t\t\t\t<\/div>\n\t\t\t\t\t<\/div>\n\t\t\t\t<\/div>\n\t\t<div class=\"elementor-element elementor-element-247ad11 condicoes-btn e-flex e-con-boxed e-con e-parent\" data-id=\"247ad11\" data-element_type=\"container\" data-e-type=\"container\">\n\t\t\t\t\t<div class=\"e-con-inner\">\n\t\t\t\t<div class=\"elementor-element elementor-element-75628fe elementor-align-right elementor-mobile-align-center elementor-widget elementor-widget-button\" data-id=\"75628fe\" data-element_type=\"widget\" data-e-type=\"widget\" data-widget_type=\"button.default\">\n\t\t\t\t<div class=\"elementor-widget-container\">\n\t\t\t\t\t\t\t\t\t<div class=\"elementor-button-wrapper\">\n\t\t\t\t\t<a class=\"elementor-button elementor-button-link elementor-size-xs\" href=\"https:\/\/portal.ordemdosfisioterapeutas.pt\/of-auth\/?app_ref=e985d1b30a025a19af003c638a7f64a2\" target=\"_blank\">\n\t\t\t\t\t\t<span class=\"elementor-button-content-wrapper\">\n\t\t\t\t\t\t\t\t\t<span class=\"elementor-button-text\">Conna\u00eetre les conditions<\/span>\n\t\t\t\t\t<\/span>\n\t\t\t\t\t<\/a>\n\t\t\t\t<\/div>\n\t\t\t\t\t\t\t\t<\/div>\n\t\t\t\t<\/div>\n\t\t\t\t\t<\/div>\n\t\t\t\t<\/div>\n\t\t<div class=\"elementor-element elementor-element-ec7e52d e-flex e-con-boxed e-con e-parent\" data-id=\"ec7e52d\" data-element_type=\"container\" data-e-type=\"container\">\n\t\t\t\t\t<div class=\"e-con-inner\">\n\t\t\t\t<div class=\"elementor-element elementor-element-19b295f elementor-align-right elementor-mobile-align-center elementor-widget elementor-widget-button\" data-id=\"19b295f\" data-element_type=\"widget\" data-e-type=\"widget\" data-widget_type=\"button.default\">\n\t\t\t\t<div class=\"elementor-widget-container\">\n\t\t\t\t\t\t\t\t\t<div class=\"elementor-button-wrapper\">\n\t\t\t\t\t<a class=\"elementor-button elementor-button-link elementor-size-xs\" href=\"https:\/\/ordemdosfisioterapeutas.pt\/fr\/parcerias\/\">\n\t\t\t\t\t\t<span class=\"elementor-button-content-wrapper\">\n\t\t\t\t\t\t\t\t\t<span class=\"elementor-button-text\">Retour<\/span>\n\t\t\t\t\t<\/span>\n\t\t\t\t\t<\/a>\n\t\t\t\t<\/div>\n\t\t\t\t\t\t\t\t<\/div>\n\t\t\t\t<\/div>\n\t\t\t\t\t<\/div>\n\t\t\t\t<\/div>\n\t\t\t\t<\/div>","protected":false},"excerpt":{"rendered":"<p>Descri\u00e7\u00e3o O Grupo Turim Hot\u00e9is\u00a0\u00e9 portugu\u00eas,\u00a0\u200b\u00a0iniciou a sua opera\u00e7\u00e3o em 1992, e tem sede em Lisboa. O Grupo tem atualmente em funcionamento 18 Hot\u00e9is, e mais 7 em fase de constru\u00e7\u00e3o, distribu\u00eddos por v\u00e1rias regi\u00f5es de Portugal, incluindo Lisboa, Porto, Madeira, Algarve, A\u00e7ores, Sintra, \u00c9vora, Coimbra e Aveiro. A marca \u00e9 reconhecida pelo seu compromisso &#8230; <a title=\"Turin\" class=\"read-more\" href=\"https:\/\/ordemdosfisioterapeutas.pt\/fr\/turim\/\" aria-label=\"En savoir plus sur Turim\">En savoir plus<\/a><\/p>","protected":false},"author":1,"featured_media":0,"parent":0,"menu_order":0,"comment_status":"closed","ping_status":"closed","template":"","meta":{"footnotes":""},"class_list":["post-11417","page","type-page","status-publish"],"_links":{"self":[{"href":"https:\/\/ordemdosfisioterapeutas.pt\/fr\/wp-json\/wp\/v2\/pages\/11417","targetHints":{"allow":["GET"]}}],"collection":[{"href":"https:\/\/ordemdosfisioterapeutas.pt\/fr\/wp-json\/wp\/v2\/pages"}],"about":[{"href":"https:\/\/ordemdosfisioterapeutas.pt\/fr\/wp-json\/wp\/v2\/types\/page"}],"author":[{"embeddable":true,"href":"https:\/\/ordemdosfisioterapeutas.pt\/fr\/wp-json\/wp\/v2\/users\/1"}],"replies":[{"embeddable":true,"href":"https:\/\/ordemdosfisioterapeutas.pt\/fr\/wp-json\/wp\/v2\/comments?post=11417"}],"version-history":[{"count":4,"href":"https:\/\/ordemdosfisioterapeutas.pt\/fr\/wp-json\/wp\/v2\/pages\/11417\/revisions"}],"predecessor-version":[{"id":13092,"href":"https:\/\/ordemdosfisioterapeutas.pt\/fr\/wp-json\/wp\/v2\/pages\/11417\/revisions\/13092"}],"wp:attachment":[{"href":"https:\/\/ordemdosfisioterapeutas.pt\/fr\/wp-json\/wp\/v2\/media?parent=11417"}],"curies":[{"name":"wp","href":"https:\/\/api.w.org\/{rel}","templated":true}]}}