{"id":11405,"date":"2025-09-05T14:42:11","date_gmt":"2025-09-05T13:42:11","guid":{"rendered":"https:\/\/ordemdosfisioterapeutas.pt\/?page_id=11405"},"modified":"2026-03-24T21:44:24","modified_gmt":"2026-03-24T21:44:24","slug":"actif","status":"publish","type":"page","link":"https:\/\/ordemdosfisioterapeutas.pt\/fr\/actif\/","title":{"rendered":"Actif"},"content":{"rendered":"<div data-elementor-type=\"wp-page\" data-elementor-id=\"11405\" class=\"elementor elementor-11405\" data-elementor-post-type=\"page\">\n\t\t\t\t<div class=\"elementor-element elementor-element-2879433a e-flex e-con-boxed e-con e-parent\" data-id=\"2879433a\" data-element_type=\"container\" data-e-type=\"container\">\n\t\t\t\t\t<div class=\"e-con-inner\">\n\t\t\t\t<div class=\"elementor-element elementor-element-13e4bfa elementor-widget elementor-widget-text-editor\" data-id=\"13e4bfa\" data-element_type=\"widget\" data-e-type=\"widget\" data-widget_type=\"text-editor.default\">\n\t\t\t\t<div class=\"elementor-widget-container\">\n\t\t\t\t\t\t\t\t\t\n<p><\/p>\n\n\n\n<p><\/p>\n\t\t\t\t\t\t\t\t<\/div>\n\t\t\t\t<\/div>\n\t\t\t\t\t<\/div>\n\t\t\t\t<\/div>\n\t\t<div class=\"elementor-element elementor-element-28d0285 e-grid e-con-boxed e-con e-parent\" data-id=\"28d0285\" data-element_type=\"container\" data-e-type=\"container\">\n\t\t\t\t\t<div class=\"e-con-inner\">\n\t\t\t\t<div class=\"elementor-element elementor-element-5c83dde elementor-widget elementor-widget-image\" data-id=\"5c83dde\" data-element_type=\"widget\" data-e-type=\"widget\" data-widget_type=\"image.default\">\n\t\t\t\t<div class=\"elementor-widget-container\">\n\t\t\t\t\t\t\t\t\t\t\t\t\t\t\t<img decoding=\"async\" src=\"https:\/\/ordemdosfisioterapeutas.pt\/wp-content\/uploads\/elementor\/thumbs\/logo__0010_actif-1-rkr5l2o7rp0jmidga8ex5eor1iioximj0f6d6jnqbk.png\" title=\"logo__0010_actif\" alt=\"logo__0010_actif\" loading=\"lazy\" \/>\t\t\t\t\t\t\t\t\t\t\t\t\t\t\t<\/div>\n\t\t\t\t<\/div>\n\t\t\t\t<div class=\"elementor-element elementor-element-f340fb0 elementor-widget elementor-widget-image\" data-id=\"f340fb0\" data-element_type=\"widget\" data-e-type=\"widget\" data-widget_type=\"image.default\">\n\t\t\t\t<div class=\"elementor-widget-container\">\n\t\t\t\t\t\t\t\t\t\t\t\t\t\t\t<img decoding=\"async\" src=\"https:\/\/ordemdosfisioterapeutas.pt\/wp-content\/uploads\/elementor\/thumbs\/parcerias-r1e5sfsz0l2px9fc2vf1dqmethbbh5ts4btblfpj40.png\" title=\"partenariats.png\" alt=\"parcerias.png\" loading=\"lazy\" \/>\t\t\t\t\t\t\t\t\t\t\t\t\t\t\t<\/div>\n\t\t\t\t<\/div>\n\t\t\t\t\t<\/div>\n\t\t\t\t<\/div>\n\t\t<div class=\"elementor-element elementor-element-67735d2 e-flex e-con-boxed e-con e-parent\" data-id=\"67735d2\" data-element_type=\"container\" data-e-type=\"container\">\n\t\t\t\t\t<div class=\"e-con-inner\">\n\t\t\t\t<div class=\"elementor-element elementor-element-e99e731 elementor-widget elementor-widget-heading\" data-id=\"e99e731\" data-element_type=\"widget\" data-e-type=\"widget\" data-widget_type=\"heading.default\">\n\t\t\t\t<div class=\"elementor-widget-container\">\n\t\t\t\t\t<h2 class=\"elementor-heading-title elementor-size-default\">Description<\/h2>\t\t\t\t<\/div>\n\t\t\t\t<\/div>\n\t\t\t\t<div class=\"elementor-element elementor-element-7e9f99e elementor-widget elementor-widget-text-editor\" data-id=\"7e9f99e\" data-element_type=\"widget\" data-e-type=\"widget\" data-widget_type=\"text-editor.default\">\n\t\t\t\t<div class=\"elementor-widget-container\">\n\t\t\t\t\t\t\t\t\t<p><span data-olk-copy-source=\"MessageBody\">Actif est une entreprise sp\u00e9cialis\u00e9e dans les services de solutions num\u00e9riques, qui propose une large gamme de produits et de services technologiques aux entreprises et aux particuliers. Actif est un dispositif m\u00e9dical enregistr\u00e9 qui fournit des exercices physiques et cognitifs adapt\u00e9s aux personnes \u00e2g\u00e9es, permettant aux physioth\u00e9rapeutes d'optimiser la planification et l'ex\u00e9cution des activit\u00e9s de r\u00e9\u00e9ducation.<\/span><\/p>\t\t\t\t\t\t\t\t<\/div>\n\t\t\t\t<\/div>\n\t\t\t\t\t<\/div>\n\t\t\t\t<\/div>\n\t\t<div class=\"elementor-element elementor-element-97962be condicoes e-flex e-con-boxed e-con e-parent\" data-id=\"97962be\" data-element_type=\"container\" data-e-type=\"container\">\n\t\t\t\t\t<div class=\"e-con-inner\">\n\t\t\t\t<div class=\"elementor-element elementor-element-6b641cc elementor-widget elementor-widget-heading\" data-id=\"6b641cc\" data-element_type=\"widget\" data-e-type=\"widget\" data-widget_type=\"heading.default\">\n\t\t\t\t<div class=\"elementor-widget-container\">\n\t\t\t\t\t<h2 class=\"elementor-heading-title elementor-size-default\">Conditions<\/h2>\t\t\t\t<\/div>\n\t\t\t\t<\/div>\n\t\t\t\t<div class=\"elementor-element elementor-element-98c844c elementor-widget elementor-widget-text-editor\" data-id=\"98c844c\" data-element_type=\"widget\" data-e-type=\"widget\" data-widget_type=\"text-editor.default\">\n\t\t\t\t<div class=\"elementor-widget-container\">\n\t\t\t\t\t\t\t\t\t<p><span data-olk-copy-source=\"MessageBody\">- Offre du module de prescription \u00e0 l'achat d'une licence professionnelle<\/span><\/p>\n<p>Ou<\/p>\n<p>- Remise de 10% sur le montant total<\/p>\n<p>Acc\u00e8s \u00e0 la prestation :<\/p>\n<p>Les membres doivent pr\u00e9senter la carte professionnelle de l'Ordre des physioth\u00e9rapeutes, tandis que les employ\u00e9s doivent pr\u00e9senter une preuve d'emploi (par exemple, une fiche de paie).<\/p>\t\t\t\t\t\t\t\t<\/div>\n\t\t\t\t<\/div>\n\t\t\t\t\t<\/div>\n\t\t\t\t<\/div>\n\t\t<div class=\"elementor-element elementor-element-c068eee condicoes-btn e-flex e-con-boxed e-con e-parent\" data-id=\"c068eee\" data-element_type=\"container\" data-e-type=\"container\">\n\t\t\t\t\t<div class=\"e-con-inner\">\n\t\t\t\t<div class=\"elementor-element elementor-element-7ba0681 elementor-align-right elementor-mobile-align-center elementor-widget elementor-widget-button\" data-id=\"7ba0681\" data-element_type=\"widget\" data-e-type=\"widget\" data-widget_type=\"button.default\">\n\t\t\t\t<div class=\"elementor-widget-container\">\n\t\t\t\t\t\t\t\t\t<div class=\"elementor-button-wrapper\">\n\t\t\t\t\t<a class=\"elementor-button elementor-button-link elementor-size-xs\" href=\"https:\/\/portal.ordemdosfisioterapeutas.pt\/of-auth\/?app_ref=e985d1b30a025a19af003c638a7f64a2\" target=\"_blank\">\n\t\t\t\t\t\t<span class=\"elementor-button-content-wrapper\">\n\t\t\t\t\t\t\t\t\t<span class=\"elementor-button-text\">Conna\u00eetre les conditions<\/span>\n\t\t\t\t\t<\/span>\n\t\t\t\t\t<\/a>\n\t\t\t\t<\/div>\n\t\t\t\t\t\t\t\t<\/div>\n\t\t\t\t<\/div>\n\t\t\t\t\t<\/div>\n\t\t\t\t<\/div>\n\t\t<div class=\"elementor-element elementor-element-20b7b16 e-flex e-con-boxed e-con e-parent\" data-id=\"20b7b16\" data-element_type=\"container\" data-e-type=\"container\">\n\t\t\t\t\t<div class=\"e-con-inner\">\n\t\t\t\t<div class=\"elementor-element elementor-element-98ddbea elementor-align-right elementor-mobile-align-center elementor-widget elementor-widget-button\" data-id=\"98ddbea\" data-element_type=\"widget\" data-e-type=\"widget\" data-widget_type=\"button.default\">\n\t\t\t\t<div class=\"elementor-widget-container\">\n\t\t\t\t\t\t\t\t\t<div class=\"elementor-button-wrapper\">\n\t\t\t\t\t<a class=\"elementor-button elementor-button-link elementor-size-xs\" href=\"https:\/\/ordemdosfisioterapeutas.pt\/fr\/parcerias\/\">\n\t\t\t\t\t\t<span class=\"elementor-button-content-wrapper\">\n\t\t\t\t\t\t\t\t\t<span class=\"elementor-button-text\">Retour<\/span>\n\t\t\t\t\t<\/span>\n\t\t\t\t\t<\/a>\n\t\t\t\t<\/div>\n\t\t\t\t\t\t\t\t<\/div>\n\t\t\t\t<\/div>\n\t\t\t\t\t<\/div>\n\t\t\t\t<\/div>\n\t\t\t\t<\/div>","protected":false},"excerpt":{"rendered":"<p>Descri\u00e7\u00e3o A\u00a0Actif \u00e9 uma empresa especializada na presta\u00e7\u00e3o de servi\u00e7os de solu\u00e7\u00f5es digitais, focada em oferecer uma ampla gama de produtos e servi\u00e7os tecnol\u00f3gicos para empresas e particulares. Actif\u00a0\u00e9 um dispositivo m\u00e9dico registado que disponibiliza exerc\u00edcios f\u00edsicos e cognitivos adaptados a pessoas mais velhas, permitindo que os fisioterapeutas otimizem o planeamento e a execu\u00e7\u00e3o das &#8230; <a title=\"Actif\" class=\"read-more\" href=\"https:\/\/ordemdosfisioterapeutas.pt\/fr\/actif\/\" aria-label=\"En savoir plus sur Actif\">En savoir plus<\/a><\/p>","protected":false},"author":1,"featured_media":0,"parent":0,"menu_order":0,"comment_status":"closed","ping_status":"closed","template":"","meta":{"footnotes":""},"class_list":["post-11405","page","type-page","status-publish"],"_links":{"self":[{"href":"https:\/\/ordemdosfisioterapeutas.pt\/fr\/wp-json\/wp\/v2\/pages\/11405","targetHints":{"allow":["GET"]}}],"collection":[{"href":"https:\/\/ordemdosfisioterapeutas.pt\/fr\/wp-json\/wp\/v2\/pages"}],"about":[{"href":"https:\/\/ordemdosfisioterapeutas.pt\/fr\/wp-json\/wp\/v2\/types\/page"}],"author":[{"embeddable":true,"href":"https:\/\/ordemdosfisioterapeutas.pt\/fr\/wp-json\/wp\/v2\/users\/1"}],"replies":[{"embeddable":true,"href":"https:\/\/ordemdosfisioterapeutas.pt\/fr\/wp-json\/wp\/v2\/comments?post=11405"}],"version-history":[{"count":16,"href":"https:\/\/ordemdosfisioterapeutas.pt\/fr\/wp-json\/wp\/v2\/pages\/11405\/revisions"}],"predecessor-version":[{"id":13223,"href":"https:\/\/ordemdosfisioterapeutas.pt\/fr\/wp-json\/wp\/v2\/pages\/11405\/revisions\/13223"}],"wp:attachment":[{"href":"https:\/\/ordemdosfisioterapeutas.pt\/fr\/wp-json\/wp\/v2\/media?parent=11405"}],"curies":[{"name":"wp","href":"https:\/\/api.w.org\/{rel}","templated":true}]}}