{"id":11044,"date":"2025-08-02T12:17:49","date_gmt":"2025-08-02T11:17:49","guid":{"rendered":"https:\/\/ordemdosfisioterapeutas.pt\/?page_id=11044"},"modified":"2025-09-27T11:55:25","modified_gmt":"2025-09-27T10:55:25","slug":"ato-eleitoral-2025","status":"publish","type":"page","link":"https:\/\/ordemdosfisioterapeutas.pt\/fr\/ato-eleitoral-2025\/","title":{"rendered":"Loi \u00e9lectorale"},"content":{"rendered":"<div data-elementor-type=\"wp-page\" data-elementor-id=\"11044\" class=\"elementor elementor-11044\" data-elementor-post-type=\"page\">\n\t\t\t\t<div class=\"elementor-element elementor-element-e31f7c2 e-flex e-con-boxed e-con e-parent\" data-id=\"e31f7c2\" data-element_type=\"container\" data-e-type=\"container\">\n\t\t\t\t\t<div class=\"e-con-inner\">\n\t\t<div class=\"elementor-element elementor-element-cd04408 e-grid e-con-full e-con e-child\" data-id=\"cd04408\" data-element_type=\"container\" data-e-type=\"container\">\n\t\t\t\t<div class=\"elementor-element elementor-element-4e57dd5 elementor-nav-menu__text-align-aside elementor-nav-menu--toggle elementor-nav-menu--burger elementor-widget elementor-widget-nav-menu\" data-id=\"4e57dd5\" data-element_type=\"widget\" data-e-type=\"widget\" data-settings=\"{&quot;layout&quot;:&quot;dropdown&quot;,&quot;submenu_icon&quot;:{&quot;value&quot;:&quot;&lt;i class=\\&quot;\\&quot; aria-hidden=\\&quot;true\\&quot;&gt;&lt;\\\/i&gt;&quot;,&quot;library&quot;:&quot;&quot;},&quot;toggle&quot;:&quot;burger&quot;}\" data-widget_type=\"nav-menu.default\">\n\t\t\t\t<div class=\"elementor-widget-container\">\n\t\t\t\t\t\t\t<div class=\"elementor-menu-toggle\" role=\"button\" tabindex=\"0\" aria-label=\"Activer le menu\" aria-expanded=\"false\">\n\t\t\t<i aria-hidden=\"true\" role=\"presentation\" class=\"elementor-menu-toggle__icon--open eicon-menu-bar\"><\/i><i aria-hidden=\"true\" role=\"presentation\" class=\"elementor-menu-toggle__icon--close eicon-close\"><\/i>\t\t<\/div>\n\t\t\t\t\t<nav class=\"elementor-nav-menu--dropdown elementor-nav-menu__container\" aria-hidden=\"true\">\n\t\t\t\t<ul id=\"menu-2-4e57dd5\" class=\"elementor-nav-menu\"><li class=\"menu-item menu-item-type-post_type menu-item-object-page menu-item-11230\"><a href=\"https:\/\/ordemdosfisioterapeutas.pt\/fr\/eleicoes-2025\/\" class=\"elementor-item\" tabindex=\"-1\">\u00c9lections<\/a><\/li>\n<li class=\"menu-item menu-item-type-post_type menu-item-object-page menu-item-11231\"><a href=\"https:\/\/ordemdosfisioterapeutas.pt\/fr\/calendario-eleitoral-2025\/\" class=\"elementor-item\" tabindex=\"-1\">Calendrier \u00e9lectoral<\/a><\/li>\n<li class=\"menu-item menu-item-type-post_type menu-item-object-page menu-item-11229\"><a href=\"https:\/\/ordemdosfisioterapeutas.pt\/fr\/comissao-eleitoral-2025\/\" class=\"elementor-item\" tabindex=\"-1\">Commission \u00e9lectorale<\/a><\/li>\n<li class=\"menu-item menu-item-type-post_type menu-item-object-page menu-item-11228\"><a href=\"https:\/\/ordemdosfisioterapeutas.pt\/fr\/recenseamento-2025\/\" class=\"elementor-item\" tabindex=\"-1\">Recensement<\/a><\/li>\n<li class=\"menu-item menu-item-type-post_type menu-item-object-page menu-item-11227\"><a href=\"https:\/\/ordemdosfisioterapeutas.pt\/fr\/caderno-eleitoral-2025\/\" class=\"elementor-item\" tabindex=\"-1\">Listes \u00e9lectorales<\/a><\/li>\n<li class=\"menu-item menu-item-type-post_type menu-item-object-page menu-item-11226\"><a href=\"https:\/\/ordemdosfisioterapeutas.pt\/fr\/candidaturas-2025\/\" class=\"elementor-item\" tabindex=\"-1\">Applications<\/a><\/li>\n<li class=\"menu-item menu-item-type-post_type menu-item-object-page menu-item-11225\"><a href=\"https:\/\/ordemdosfisioterapeutas.pt\/fr\/listas-candidatas-2025\/\" class=\"elementor-item\" tabindex=\"-1\">Listes de candidats<\/a><\/li>\n<li class=\"menu-item menu-item-type-post_type menu-item-object-page menu-item-11224\"><a href=\"https:\/\/ordemdosfisioterapeutas.pt\/fr\/campanha-eleitoral-2025\/\" class=\"elementor-item\" tabindex=\"-1\">Campagne \u00e9lectorale<\/a><\/li>\n<li class=\"menu-item menu-item-type-post_type menu-item-object-page menu-item-11223\"><a href=\"https:\/\/ordemdosfisioterapeutas.pt\/fr\/ato-eleitoral-2025\/\" class=\"elementor-item\" tabindex=\"-1\">Loi \u00e9lectorale<\/a><\/li>\n<li class=\"menu-item menu-item-type-post_type menu-item-object-page menu-item-11221\"><a href=\"https:\/\/ordemdosfisioterapeutas.pt\/fr\/resultados-provisorios-2025\/\" class=\"elementor-item\" tabindex=\"-1\">R\u00e9sultats provisoires<\/a><\/li>\n<li class=\"menu-item menu-item-type-post_type menu-item-object-page menu-item-11222\"><a href=\"https:\/\/ordemdosfisioterapeutas.pt\/fr\/resultados-oficiais-2025\/\" class=\"elementor-item\" tabindex=\"-1\">R\u00e9sultats officiels<\/a><\/li>\n<li class=\"menu-item menu-item-type-post_type menu-item-object-page menu-item-11220\"><a href=\"https:\/\/ordemdosfisioterapeutas.pt\/fr\/tomada-de-posse-2025\/\" class=\"elementor-item\" tabindex=\"-1\">Inauguration<\/a><\/li>\n<li class=\"menu-item menu-item-type-post_type menu-item-object-page menu-item-11216\"><a href=\"https:\/\/ordemdosfisioterapeutas.pt\/fr\/perguntas-frequentes-2025\/\" class=\"elementor-item\" tabindex=\"-1\">Questions fr\u00e9quemment pos\u00e9es<\/a><\/li>\n<\/ul>\t\t\t<\/nav>\n\t\t\t\t\t\t<\/div>\n\t\t\t\t<\/div>\n\t\t\t\t<\/div>\n\t\t\t\t<div class=\"elementor-element elementor-element-f503e17 elementor-widget elementor-widget-text-editor\" data-id=\"f503e17\" data-element_type=\"widget\" data-e-type=\"widget\" data-widget_type=\"text-editor.default\">\n\t\t\t\t<div class=\"elementor-widget-container\">\n\t\t\t\t\t\t\t\t\t<p>Les \u00e9lections auront lieu le <b>5 d\u00e9cembre 2025<\/b>au cours d'une seule journ\u00e9e de vote, organis\u00e9e par voie \u00e9lectronique.<\/p><p>L'identifiant de l'\u00e9lecteur sera envoy\u00e9 et l'acc\u00e8s \u00e0 la plateforme de vote, ainsi que le code PIN envoy\u00e9 par SMS, seront disponibles le jour du vote. <b>2 d\u00e9cembre.<\/b><\/p>\t\t\t\t\t\t\t\t<\/div>\n\t\t\t\t<\/div>\n\t\t\t\t\t<\/div>\n\t\t\t\t<\/div>\n\t\t\t\t<\/div>","protected":false},"excerpt":{"rendered":"<p>Les \u00e9lections auront lieu le 5 d\u00e9cembre 2025, lors d'une seule journ\u00e9e de vote, par voie \u00e9lectronique. L'identifiant de l'\u00e9lecteur et l'acc\u00e8s \u00e0 la plateforme de vote, ainsi que l'envoi des pin's par SMS, seront mis \u00e0 disposition le 2 d\u00e9cembre.<\/p>","protected":false},"author":1,"featured_media":0,"parent":0,"menu_order":0,"comment_status":"closed","ping_status":"closed","template":"","meta":{"footnotes":""},"class_list":["post-11044","page","type-page","status-publish"],"_links":{"self":[{"href":"https:\/\/ordemdosfisioterapeutas.pt\/fr\/wp-json\/wp\/v2\/pages\/11044","targetHints":{"allow":["GET"]}}],"collection":[{"href":"https:\/\/ordemdosfisioterapeutas.pt\/fr\/wp-json\/wp\/v2\/pages"}],"about":[{"href":"https:\/\/ordemdosfisioterapeutas.pt\/fr\/wp-json\/wp\/v2\/types\/page"}],"author":[{"embeddable":true,"href":"https:\/\/ordemdosfisioterapeutas.pt\/fr\/wp-json\/wp\/v2\/users\/1"}],"replies":[{"embeddable":true,"href":"https:\/\/ordemdosfisioterapeutas.pt\/fr\/wp-json\/wp\/v2\/comments?post=11044"}],"version-history":[{"count":3,"href":"https:\/\/ordemdosfisioterapeutas.pt\/fr\/wp-json\/wp\/v2\/pages\/11044\/revisions"}],"predecessor-version":[{"id":11710,"href":"https:\/\/ordemdosfisioterapeutas.pt\/fr\/wp-json\/wp\/v2\/pages\/11044\/revisions\/11710"}],"wp:attachment":[{"href":"https:\/\/ordemdosfisioterapeutas.pt\/fr\/wp-json\/wp\/v2\/media?parent=11044"}],"curies":[{"name":"wp","href":"https:\/\/api.w.org\/{rel}","templated":true}]}}