{"id":11042,"date":"2025-08-02T12:16:43","date_gmt":"2025-08-02T11:16:43","guid":{"rendered":"https:\/\/ordemdosfisioterapeutas.pt\/?page_id=11042"},"modified":"2025-09-27T11:54:08","modified_gmt":"2025-09-27T10:54:08","slug":"campanha-eleitoral-2025","status":"publish","type":"page","link":"https:\/\/ordemdosfisioterapeutas.pt\/fr\/campanha-eleitoral-2025\/","title":{"rendered":"Campagne \u00e9lectorale"},"content":{"rendered":"<div data-elementor-type=\"wp-page\" data-elementor-id=\"11042\" class=\"elementor elementor-11042\" data-elementor-post-type=\"page\">\n\t\t\t\t<div class=\"elementor-element elementor-element-1a1f2b7 e-flex e-con-boxed e-con e-parent\" data-id=\"1a1f2b7\" data-element_type=\"container\" data-e-type=\"container\">\n\t\t\t\t\t<div class=\"e-con-inner\">\n\t\t<div class=\"elementor-element elementor-element-3941d8e e-grid e-con-full e-con e-child\" data-id=\"3941d8e\" data-element_type=\"container\" data-e-type=\"container\">\n\t\t\t\t<div class=\"elementor-element elementor-element-89d134f elementor-nav-menu__text-align-aside elementor-nav-menu--toggle elementor-nav-menu--burger elementor-widget elementor-widget-nav-menu\" data-id=\"89d134f\" data-element_type=\"widget\" data-e-type=\"widget\" data-settings=\"{&quot;layout&quot;:&quot;dropdown&quot;,&quot;submenu_icon&quot;:{&quot;value&quot;:&quot;&lt;i class=\\&quot;\\&quot; aria-hidden=\\&quot;true\\&quot;&gt;&lt;\\\/i&gt;&quot;,&quot;library&quot;:&quot;&quot;},&quot;toggle&quot;:&quot;burger&quot;}\" data-widget_type=\"nav-menu.default\">\n\t\t\t\t<div class=\"elementor-widget-container\">\n\t\t\t\t\t\t\t<div class=\"elementor-menu-toggle\" role=\"button\" tabindex=\"0\" aria-label=\"Activer le menu\" aria-expanded=\"false\">\n\t\t\t<i aria-hidden=\"true\" role=\"presentation\" class=\"elementor-menu-toggle__icon--open eicon-menu-bar\"><\/i><i aria-hidden=\"true\" role=\"presentation\" class=\"elementor-menu-toggle__icon--close eicon-close\"><\/i>\t\t<\/div>\n\t\t\t\t\t<nav class=\"elementor-nav-menu--dropdown elementor-nav-menu__container\" aria-hidden=\"true\">\n\t\t\t\t<ul id=\"menu-2-89d134f\" class=\"elementor-nav-menu\"><li class=\"menu-item menu-item-type-post_type menu-item-object-page menu-item-11230\"><a href=\"https:\/\/ordemdosfisioterapeutas.pt\/fr\/eleicoes-2025\/\" class=\"elementor-item\" tabindex=\"-1\">\u00c9lections<\/a><\/li>\n<li class=\"menu-item menu-item-type-post_type menu-item-object-page menu-item-11231\"><a href=\"https:\/\/ordemdosfisioterapeutas.pt\/fr\/calendario-eleitoral-2025\/\" class=\"elementor-item\" tabindex=\"-1\">Calendrier \u00e9lectoral<\/a><\/li>\n<li class=\"menu-item menu-item-type-post_type menu-item-object-page menu-item-11229\"><a href=\"https:\/\/ordemdosfisioterapeutas.pt\/fr\/comissao-eleitoral-2025\/\" class=\"elementor-item\" tabindex=\"-1\">Commission \u00e9lectorale<\/a><\/li>\n<li class=\"menu-item menu-item-type-post_type menu-item-object-page menu-item-11228\"><a href=\"https:\/\/ordemdosfisioterapeutas.pt\/fr\/recenseamento-2025\/\" class=\"elementor-item\" tabindex=\"-1\">Recensement<\/a><\/li>\n<li class=\"menu-item menu-item-type-post_type menu-item-object-page menu-item-11227\"><a href=\"https:\/\/ordemdosfisioterapeutas.pt\/fr\/caderno-eleitoral-2025\/\" class=\"elementor-item\" tabindex=\"-1\">Listes \u00e9lectorales<\/a><\/li>\n<li class=\"menu-item menu-item-type-post_type menu-item-object-page menu-item-11226\"><a href=\"https:\/\/ordemdosfisioterapeutas.pt\/fr\/candidaturas-2025\/\" class=\"elementor-item\" tabindex=\"-1\">Applications<\/a><\/li>\n<li class=\"menu-item menu-item-type-post_type menu-item-object-page menu-item-11225\"><a href=\"https:\/\/ordemdosfisioterapeutas.pt\/fr\/listas-candidatas-2025\/\" class=\"elementor-item\" tabindex=\"-1\">Listes de candidats<\/a><\/li>\n<li class=\"menu-item menu-item-type-post_type menu-item-object-page menu-item-11224\"><a href=\"https:\/\/ordemdosfisioterapeutas.pt\/fr\/campanha-eleitoral-2025\/\" class=\"elementor-item\" tabindex=\"-1\">Campagne \u00e9lectorale<\/a><\/li>\n<li class=\"menu-item menu-item-type-post_type menu-item-object-page menu-item-11223\"><a href=\"https:\/\/ordemdosfisioterapeutas.pt\/fr\/ato-eleitoral-2025\/\" class=\"elementor-item\" tabindex=\"-1\">Loi \u00e9lectorale<\/a><\/li>\n<li class=\"menu-item menu-item-type-post_type menu-item-object-page menu-item-11221\"><a href=\"https:\/\/ordemdosfisioterapeutas.pt\/fr\/resultados-provisorios-2025\/\" class=\"elementor-item\" tabindex=\"-1\">R\u00e9sultats provisoires<\/a><\/li>\n<li class=\"menu-item menu-item-type-post_type menu-item-object-page menu-item-11222\"><a href=\"https:\/\/ordemdosfisioterapeutas.pt\/fr\/resultados-oficiais-2025\/\" class=\"elementor-item\" tabindex=\"-1\">R\u00e9sultats officiels<\/a><\/li>\n<li class=\"menu-item menu-item-type-post_type menu-item-object-page menu-item-11220\"><a href=\"https:\/\/ordemdosfisioterapeutas.pt\/fr\/tomada-de-posse-2025\/\" class=\"elementor-item\" tabindex=\"-1\">Inauguration<\/a><\/li>\n<li class=\"menu-item menu-item-type-post_type menu-item-object-page menu-item-11216\"><a href=\"https:\/\/ordemdosfisioterapeutas.pt\/fr\/perguntas-frequentes-2025\/\" class=\"elementor-item\" tabindex=\"-1\">Questions fr\u00e9quemment pos\u00e9es<\/a><\/li>\n<\/ul>\t\t\t<\/nav>\n\t\t\t\t\t\t<\/div>\n\t\t\t\t<\/div>\n\t\t\t\t<\/div>\n\t\t\t\t<div class=\"elementor-element elementor-element-5ed4e5d elementor-widget elementor-widget-text-editor\" data-id=\"5ed4e5d\" data-element_type=\"widget\" data-e-type=\"widget\" data-widget_type=\"text-editor.default\">\n\t\t\t\t<div class=\"elementor-widget-container\">\n\t\t\t\t\t\t\t\t\t<p>La campagne \u00e9lectorale commence le jour suivant la publication des candidats accept\u00e9s pour le scrutin, c'est-\u00e0-dire le jour de l'\u00e9lection. <b>20 novembre 2025 <\/b>et se terminera le <b>3 d\u00e9cembre 2025 <\/b>(la veille des \u00e9lections).<\/p><p>Au cours de cette p\u00e9riode, <b>l'ordonnance mettra \u00e0 disposition <\/b>les moyens dont disposent les candidats pour promouvoir leurs propositions et interagir avec les \u00e9lecteurs, comme suit :<\/p><ul><li>Chaque liste peut envoyer jusqu'\u00e0 deux courriels aux \u00e9lecteurs, qui seront diffus\u00e9s par les canaux officiels de l'Ordre ;<\/li><li>Les messages doivent \u00eatre envoy\u00e9s en format HTML \u00e0 : eleicoes@ordemdosfisioterapeutas.pt, en identifiant clairement la liste ;<\/li><li>Les r\u00e9ponses aux contacts re\u00e7us \u00e0 l'adresse ci-dessus seront envoy\u00e9es pendant les heures de bureau, les jours ouvrables, de 09h00 \u00e0 18h00 ;<\/li><li>Le calendrier sera d\u00e9fini par la Commission \u00e9lectorale, en fonction de l'ordre de r\u00e9ception et de la p\u00e9riode de campagne ;<\/li><li>Aucun contact de membre ne sera mis \u00e0 disposition et aucun SMS\/MMS ne sera envoy\u00e9 au nom des listes ;<\/li><li>A la demande des listes, des liens hypertextes peuvent \u00eatre publi\u00e9s sur le site de l'Ordre qui redirigent vers les pages officielles des candidats.<\/li><\/ul><p>A <b>L'ordonnance pr\u00e9voit <\/b>\u00e9galement un acc\u00e8s occasionnel aux locaux de l'Ordre situ\u00e9s Rua D. Jo\u00e3o V, n\u00b0 24 - 1.06, 1250-091 Lisboa.<\/p><ul><li>Une salle pouvant accueillir jusqu'\u00e0 15 personnes peut \u00eatre mise \u00e0 disposition sur demande 48 heures \u00e0 l'avance ;<\/li><li>Les demandes doivent \u00eatre envoy\u00e9es \u00e0 l'adresse \u00e9lectronique officielle ci-dessus ;<\/li><li>La r\u00e9ponse sera donn\u00e9e dans les 24 heures ;<\/li><li>L'espace sera disponible en semaine de 9h00 \u00e0 18h00.<\/li><li>Conform\u00e9ment \u00e0 l'article 49, paragraphe 2, des statuts, le conseil d'administration a d\u00e9cid\u00e9 de ne pas contribuer au co\u00fbt des campagnes \u00e9lectorales, comme lors des \u00e9lections pr\u00e9c\u00e9dentes.<\/li><\/ul>\t\t\t\t\t\t\t\t<\/div>\n\t\t\t\t<\/div>\n\t\t\t\t\t<\/div>\n\t\t\t\t<\/div>\n\t\t\t\t<\/div>","protected":false},"excerpt":{"rendered":"<p>La campagne \u00e9lectorale d\u00e9butera le jour suivant la publication des candidats accept\u00e9s pour l'\u00e9lection, c'est-\u00e0-dire qu'elle commencera le 20 novembre 2025 et se terminera le 3 d\u00e9cembre 2025 (la veille des \u00e9lections). Durant cette p\u00e9riode, l'Ordre des avocats mettra \u00e0 la disposition des candidats les moyens de promouvoir leurs propositions et d'interagir avec ... <a title=\"Campagne \u00e9lectorale\" class=\"read-more\" href=\"https:\/\/ordemdosfisioterapeutas.pt\/fr\/campanha-eleitoral-2025\/\" aria-label=\"En savoir plus sur Campagne \u00e9lectorale\">En savoir plus<\/a><\/p>","protected":false},"author":1,"featured_media":0,"parent":0,"menu_order":0,"comment_status":"closed","ping_status":"closed","template":"","meta":{"footnotes":""},"class_list":["post-11042","page","type-page","status-publish"],"_links":{"self":[{"href":"https:\/\/ordemdosfisioterapeutas.pt\/fr\/wp-json\/wp\/v2\/pages\/11042","targetHints":{"allow":["GET"]}}],"collection":[{"href":"https:\/\/ordemdosfisioterapeutas.pt\/fr\/wp-json\/wp\/v2\/pages"}],"about":[{"href":"https:\/\/ordemdosfisioterapeutas.pt\/fr\/wp-json\/wp\/v2\/types\/page"}],"author":[{"embeddable":true,"href":"https:\/\/ordemdosfisioterapeutas.pt\/fr\/wp-json\/wp\/v2\/users\/1"}],"replies":[{"embeddable":true,"href":"https:\/\/ordemdosfisioterapeutas.pt\/fr\/wp-json\/wp\/v2\/comments?post=11042"}],"version-history":[{"count":3,"href":"https:\/\/ordemdosfisioterapeutas.pt\/fr\/wp-json\/wp\/v2\/pages\/11042\/revisions"}],"predecessor-version":[{"id":11707,"href":"https:\/\/ordemdosfisioterapeutas.pt\/fr\/wp-json\/wp\/v2\/pages\/11042\/revisions\/11707"}],"wp:attachment":[{"href":"https:\/\/ordemdosfisioterapeutas.pt\/fr\/wp-json\/wp\/v2\/media?parent=11042"}],"curies":[{"name":"wp","href":"https:\/\/api.w.org\/{rel}","templated":true}]}}