{"id":11030,"date":"2025-08-02T12:00:28","date_gmt":"2025-08-02T11:00:28","guid":{"rendered":"https:\/\/ordemdosfisioterapeutas.pt\/?page_id=11030"},"modified":"2025-10-20T13:11:35","modified_gmt":"2025-10-20T12:11:35","slug":"comissao-eleitoral-2025","status":"publish","type":"page","link":"https:\/\/ordemdosfisioterapeutas.pt\/fr\/comissao-eleitoral-2025\/","title":{"rendered":"Commission \u00e9lectorale"},"content":{"rendered":"<div data-elementor-type=\"wp-page\" data-elementor-id=\"11030\" class=\"elementor elementor-11030\" data-elementor-post-type=\"page\">\n\t\t\t\t<div class=\"elementor-element elementor-element-a130ba3 e-flex e-con-boxed e-con e-parent\" data-id=\"a130ba3\" data-element_type=\"container\" data-e-type=\"container\">\n\t\t\t\t\t<div class=\"e-con-inner\">\n\t\t<div class=\"elementor-element elementor-element-62852a9 e-grid e-con-full e-con e-child\" data-id=\"62852a9\" data-element_type=\"container\" data-e-type=\"container\">\n\t\t\t\t<div class=\"elementor-element elementor-element-174bbf7 elementor-nav-menu__text-align-aside elementor-nav-menu--toggle elementor-nav-menu--burger elementor-widget elementor-widget-nav-menu\" data-id=\"174bbf7\" data-element_type=\"widget\" data-e-type=\"widget\" data-settings=\"{&quot;layout&quot;:&quot;dropdown&quot;,&quot;submenu_icon&quot;:{&quot;value&quot;:&quot;&lt;i class=\\&quot;\\&quot; aria-hidden=\\&quot;true\\&quot;&gt;&lt;\\\/i&gt;&quot;,&quot;library&quot;:&quot;&quot;},&quot;toggle&quot;:&quot;burger&quot;}\" data-widget_type=\"nav-menu.default\">\n\t\t\t\t<div class=\"elementor-widget-container\">\n\t\t\t\t\t\t\t<div class=\"elementor-menu-toggle\" role=\"button\" tabindex=\"0\" aria-label=\"Activer le menu\" aria-expanded=\"false\">\n\t\t\t<i aria-hidden=\"true\" role=\"presentation\" class=\"elementor-menu-toggle__icon--open eicon-menu-bar\"><\/i><i aria-hidden=\"true\" role=\"presentation\" class=\"elementor-menu-toggle__icon--close eicon-close\"><\/i>\t\t<\/div>\n\t\t\t\t\t<nav class=\"elementor-nav-menu--dropdown elementor-nav-menu__container\" aria-hidden=\"true\">\n\t\t\t\t<ul id=\"menu-2-174bbf7\" class=\"elementor-nav-menu\"><li class=\"menu-item menu-item-type-post_type menu-item-object-page menu-item-11230\"><a href=\"https:\/\/ordemdosfisioterapeutas.pt\/fr\/eleicoes-2025\/\" class=\"elementor-item\" tabindex=\"-1\">\u00c9lections<\/a><\/li>\n<li class=\"menu-item menu-item-type-post_type menu-item-object-page menu-item-11231\"><a href=\"https:\/\/ordemdosfisioterapeutas.pt\/fr\/calendario-eleitoral-2025\/\" class=\"elementor-item\" tabindex=\"-1\">Calendrier \u00e9lectoral<\/a><\/li>\n<li class=\"menu-item menu-item-type-post_type menu-item-object-page menu-item-11229\"><a href=\"https:\/\/ordemdosfisioterapeutas.pt\/fr\/comissao-eleitoral-2025\/\" class=\"elementor-item\" tabindex=\"-1\">Commission \u00e9lectorale<\/a><\/li>\n<li class=\"menu-item menu-item-type-post_type menu-item-object-page menu-item-11228\"><a href=\"https:\/\/ordemdosfisioterapeutas.pt\/fr\/recenseamento-2025\/\" class=\"elementor-item\" tabindex=\"-1\">Recensement<\/a><\/li>\n<li class=\"menu-item menu-item-type-post_type menu-item-object-page menu-item-11227\"><a href=\"https:\/\/ordemdosfisioterapeutas.pt\/fr\/caderno-eleitoral-2025\/\" class=\"elementor-item\" tabindex=\"-1\">Listes \u00e9lectorales<\/a><\/li>\n<li class=\"menu-item menu-item-type-post_type menu-item-object-page menu-item-11226\"><a href=\"https:\/\/ordemdosfisioterapeutas.pt\/fr\/candidaturas-2025\/\" class=\"elementor-item\" tabindex=\"-1\">Applications<\/a><\/li>\n<li class=\"menu-item menu-item-type-post_type menu-item-object-page menu-item-11225\"><a href=\"https:\/\/ordemdosfisioterapeutas.pt\/fr\/listas-candidatas-2025\/\" class=\"elementor-item\" tabindex=\"-1\">Listes de candidats<\/a><\/li>\n<li class=\"menu-item menu-item-type-post_type menu-item-object-page menu-item-11224\"><a href=\"https:\/\/ordemdosfisioterapeutas.pt\/fr\/campanha-eleitoral-2025\/\" class=\"elementor-item\" tabindex=\"-1\">Campagne \u00e9lectorale<\/a><\/li>\n<li class=\"menu-item menu-item-type-post_type menu-item-object-page menu-item-11223\"><a href=\"https:\/\/ordemdosfisioterapeutas.pt\/fr\/ato-eleitoral-2025\/\" class=\"elementor-item\" tabindex=\"-1\">Loi \u00e9lectorale<\/a><\/li>\n<li class=\"menu-item menu-item-type-post_type menu-item-object-page menu-item-11221\"><a href=\"https:\/\/ordemdosfisioterapeutas.pt\/fr\/resultados-provisorios-2025\/\" class=\"elementor-item\" tabindex=\"-1\">R\u00e9sultats provisoires<\/a><\/li>\n<li class=\"menu-item menu-item-type-post_type menu-item-object-page menu-item-11222\"><a href=\"https:\/\/ordemdosfisioterapeutas.pt\/fr\/resultados-oficiais-2025\/\" class=\"elementor-item\" tabindex=\"-1\">R\u00e9sultats officiels<\/a><\/li>\n<li class=\"menu-item menu-item-type-post_type menu-item-object-page menu-item-11220\"><a href=\"https:\/\/ordemdosfisioterapeutas.pt\/fr\/tomada-de-posse-2025\/\" class=\"elementor-item\" tabindex=\"-1\">Inauguration<\/a><\/li>\n<li class=\"menu-item menu-item-type-post_type menu-item-object-page menu-item-11216\"><a href=\"https:\/\/ordemdosfisioterapeutas.pt\/fr\/perguntas-frequentes-2025\/\" class=\"elementor-item\" tabindex=\"-1\">Questions fr\u00e9quemment pos\u00e9es<\/a><\/li>\n<\/ul>\t\t\t<\/nav>\n\t\t\t\t\t\t<\/div>\n\t\t\t\t<\/div>\n\t\t\t\t<\/div>\n\t\t\t\t<div class=\"elementor-element elementor-element-51fcbb2 elementor-widget elementor-widget-text-editor\" data-id=\"51fcbb2\" data-element_type=\"widget\" data-e-type=\"widget\" data-widget_type=\"text-editor.default\">\n\t\t\t\t<div class=\"elementor-widget-container\">\n\t\t\t\t\t\t\t\t\t<p>A <b>Commission \u00e9lectorale <\/b>est charg\u00e9e de garantir la l\u00e9galit\u00e9 et la transparence de l'ensemble du processus \u00e9lectoral. Elle joue un r\u00f4le cl\u00e9 dans la supervision de toutes les \u00e9tapes du processus \u00e9lectoral, de la r\u00e9ception des candidatures \u00e0 la tabulation des r\u00e9sultats.<\/p><p>Selon les r\u00e8glements \u00e9lectoraux, la <b>La Commission <\/b><b>E<\/b><b>lectionnaire <\/b>est compos\u00e9 du pr\u00e9sident du conseil d'administration du conseil g\u00e9n\u00e9ral et d'un repr\u00e9sentant de chacune des listes admises au vote, \u00e0 d\u00e9signer lors du d\u00e9p\u00f4t des candidatures respectives.<\/p><p><strong>Composition de la Commission \u00e9lectorale - Elections 2025<\/strong><\/p><p><strong>Pr\u00e9sident de la Commission \u00e9lectorale :<br \/><\/strong>Rui Jorge Dias Costa, CP n\u00b0 11 (Pr\u00e9sident du Conseil g\u00e9n\u00e9ral)<\/p><p><strong>Repr\u00e9sentants des candidatures re\u00e7ues :<\/strong><\/p><p>Repr\u00e9sentante de la liste conduite par Maria Ant\u00f3nio Ferreira de Castro au Conseil g\u00e9n\u00e9ral : Ana Catarina Monteiro Casaca, CP n\u00ba1107<\/p><p>Repr\u00e9sentant de la liste conduite par Ant\u00f3nio Manuel Fernandes Lopes pour le Pr\u00e9sident : Nuno do Carmo Antunes Cordeiro - CP no. 7<\/p><p>Repr\u00e9sentant de la liste conduite par Rui Manuel Tom\u00e9 Torres au Conseil juridictionnel : Rui Manuel Tom\u00e9 Torres - CP n\u00b0 3050<\/p><p>Repr\u00e9sentante de la liste conduite par Jorge Manuel dos Santos Conde au Conseil de surveillance : Maria Beatriz Dias Fernandes - CP n\u00b0 13<\/p><p>Repr\u00e9sentant de la liste conduite par Jos\u00e9 Pedro Pinto Leite pour la Direction r\u00e9gionale Nord : Diana Lima Anjo - CP n\u00b0 5469<\/p><p>Repr\u00e9sentant de la liste conduite par Carlos Alberto Morgado dos Santos aupr\u00e8s de la Direction r\u00e9gionale Centre : Joana Maria Boa-Alma Cardoso Pais - CP no. 6644<\/p><p>Repr\u00e9sentant de la liste conduite par Luis Manuel Pereira Br\u00e1s pour la Direction r\u00e9gionale Centre : Luis Manuel Pereira Br\u00e1s - CP n\u00b0 4158<\/p><p>Repr\u00e9sentant de la liste conduite par Sandra Margarida Quintas Alves Veloso pour la Direction r\u00e9gionale Sud : Eduardo Jos\u00e9 Brazete Carvalho Cruz - CP n\u00b0 2191<\/p><p>Repr\u00e9sentant de la liste conduite par Lu\u00eds Carlos Martins Duarte pour la direction r\u00e9gionale des A\u00e7ores : Juliana Sofia da Silva Fernandes - CP no. 560<\/p><p>Repr\u00e9sentant de la liste conduite par Andrea Miguel Lopes Rodrigues Ribeiro Macedo au Conseil de l'Assembl\u00e9e r\u00e9gionale du Nord : Andreia Cristina Cordeiro Nogueira - CP n\u00b0 7974<\/p><p>Repr\u00e9sentant de la liste conduite par Fernando Manuel Tavares da Silva Ribeiro au Bureau de l'Assembl\u00e9e r\u00e9gionale du Centre : Maria F\u00e1tima Esteves Domingues Leandro - CP n\u00b0 1901<\/p><p>Repr\u00e9sentante de la liste conduite par Marina Sofia Oliveira Saraiva au Bureau de l'Assembl\u00e9e r\u00e9gionale du Centre : Marina Sofia Oliveira Saraiva - CP n\u00b0 356<\/p><p>Repr\u00e9sentant de la liste conduite par Carlos Alberto Medeiros Mendon\u00e7a au Bureau de l'Assembl\u00e9e r\u00e9gionale des A\u00e7ores : In\u00eas Margarida Pereira Cardoso - CP n\u00b0 1272<\/p><p>Repr\u00e9sentant de la liste conduite par Carolina Lu\u00edsa Quintal Caldeira au Conseil de l'Assembl\u00e9e r\u00e9gionale de Mad\u00e8re : Cust\u00f3dia Maria Correia Caba\u00e7a Ara\u00fajo - CP no. 2139<\/p>\t\t\t\t\t\t\t\t<\/div>\n\t\t\t\t<\/div>\n\t\t\t\t\t<\/div>\n\t\t\t\t<\/div>\n\t\t\t\t<\/div>","protected":false},"excerpt":{"rendered":"<p>La Commission \u00e9lectorale est charg\u00e9e de garantir la l\u00e9galit\u00e9 et la transparence de l'ensemble du processus \u00e9lectoral. Elle joue un r\u00f4le fondamental dans la supervision de toutes les \u00e9tapes du processus \u00e9lectoral, depuis la r\u00e9ception des candidatures jusqu'\u00e0 la pr\u00e9sentation des r\u00e9sultats. Selon le R\u00e8glement \u00e9lectoral, la Commission \u00e9lectorale est compos\u00e9e du pr\u00e9sident de la ... <a title=\"Commission \u00e9lectorale\" class=\"read-more\" href=\"https:\/\/ordemdosfisioterapeutas.pt\/fr\/comissao-eleitoral-2025\/\" aria-label=\"En savoir plus sur Commission \u00e9lectorale\">En savoir plus<\/a><\/p>","protected":false},"author":1,"featured_media":0,"parent":0,"menu_order":0,"comment_status":"closed","ping_status":"closed","template":"","meta":{"footnotes":""},"class_list":["post-11030","page","type-page","status-publish"],"_links":{"self":[{"href":"https:\/\/ordemdosfisioterapeutas.pt\/fr\/wp-json\/wp\/v2\/pages\/11030","targetHints":{"allow":["GET"]}}],"collection":[{"href":"https:\/\/ordemdosfisioterapeutas.pt\/fr\/wp-json\/wp\/v2\/pages"}],"about":[{"href":"https:\/\/ordemdosfisioterapeutas.pt\/fr\/wp-json\/wp\/v2\/types\/page"}],"author":[{"embeddable":true,"href":"https:\/\/ordemdosfisioterapeutas.pt\/fr\/wp-json\/wp\/v2\/users\/1"}],"replies":[{"embeddable":true,"href":"https:\/\/ordemdosfisioterapeutas.pt\/fr\/wp-json\/wp\/v2\/comments?post=11030"}],"version-history":[{"count":13,"href":"https:\/\/ordemdosfisioterapeutas.pt\/fr\/wp-json\/wp\/v2\/pages\/11030\/revisions"}],"predecessor-version":[{"id":11858,"href":"https:\/\/ordemdosfisioterapeutas.pt\/fr\/wp-json\/wp\/v2\/pages\/11030\/revisions\/11858"}],"wp:attachment":[{"href":"https:\/\/ordemdosfisioterapeutas.pt\/fr\/wp-json\/wp\/v2\/media?parent=11030"}],"curies":[{"name":"wp","href":"https:\/\/api.w.org\/{rel}","templated":true}]}}