{"id":11028,"date":"2025-08-02T11:59:03","date_gmt":"2025-08-02T10:59:03","guid":{"rendered":"https:\/\/ordemdosfisioterapeutas.pt\/?page_id=11028"},"modified":"2025-10-06T18:47:00","modified_gmt":"2025-10-06T17:47:00","slug":"eleicoes-2025","status":"publish","type":"page","link":"https:\/\/ordemdosfisioterapeutas.pt\/fr\/eleicoes-2025\/","title":{"rendered":"\u00c9lections des instances nationales et r\u00e9gionales de l'Ordre des kin\u00e9sith\u00e9rapeutes"},"content":{"rendered":"<div data-elementor-type=\"wp-page\" data-elementor-id=\"11028\" class=\"elementor elementor-11028\" data-elementor-post-type=\"page\">\n\t\t\t\t<div class=\"elementor-element elementor-element-2234052 e-flex e-con-boxed e-con e-parent\" data-id=\"2234052\" data-element_type=\"container\" data-e-type=\"container\">\n\t\t\t\t\t<div class=\"e-con-inner\">\n\t\t<div class=\"elementor-element elementor-element-8a2ed6e e-grid e-con-full e-con e-child\" data-id=\"8a2ed6e\" data-element_type=\"container\" data-e-type=\"container\">\n\t\t\t\t<div class=\"elementor-element elementor-element-41f47b1 elementor-nav-menu__text-align-aside elementor-nav-menu--toggle elementor-nav-menu--burger elementor-widget elementor-widget-nav-menu\" data-id=\"41f47b1\" data-element_type=\"widget\" data-e-type=\"widget\" data-settings=\"{&quot;layout&quot;:&quot;dropdown&quot;,&quot;submenu_icon&quot;:{&quot;value&quot;:&quot;&lt;i class=\\&quot;\\&quot; aria-hidden=\\&quot;true\\&quot;&gt;&lt;\\\/i&gt;&quot;,&quot;library&quot;:&quot;&quot;},&quot;toggle&quot;:&quot;burger&quot;}\" data-widget_type=\"nav-menu.default\">\n\t\t\t\t<div class=\"elementor-widget-container\">\n\t\t\t\t\t\t\t<div class=\"elementor-menu-toggle\" role=\"button\" tabindex=\"0\" aria-label=\"Activer le menu\" aria-expanded=\"false\">\n\t\t\t<i aria-hidden=\"true\" role=\"presentation\" class=\"elementor-menu-toggle__icon--open eicon-menu-bar\"><\/i><i aria-hidden=\"true\" role=\"presentation\" class=\"elementor-menu-toggle__icon--close eicon-close\"><\/i>\t\t<\/div>\n\t\t\t\t\t<nav class=\"elementor-nav-menu--dropdown elementor-nav-menu__container\" aria-hidden=\"true\">\n\t\t\t\t<ul id=\"menu-2-41f47b1\" class=\"elementor-nav-menu\"><li class=\"menu-item menu-item-type-post_type menu-item-object-page menu-item-11230\"><a href=\"https:\/\/ordemdosfisioterapeutas.pt\/fr\/eleicoes-2025\/\" class=\"elementor-item\" tabindex=\"-1\">\u00c9lections<\/a><\/li>\n<li class=\"menu-item menu-item-type-post_type menu-item-object-page menu-item-11231\"><a href=\"https:\/\/ordemdosfisioterapeutas.pt\/fr\/calendario-eleitoral-2025\/\" class=\"elementor-item\" tabindex=\"-1\">Calendrier \u00e9lectoral<\/a><\/li>\n<li class=\"menu-item menu-item-type-post_type menu-item-object-page menu-item-11229\"><a href=\"https:\/\/ordemdosfisioterapeutas.pt\/fr\/comissao-eleitoral-2025\/\" class=\"elementor-item\" tabindex=\"-1\">Commission \u00e9lectorale<\/a><\/li>\n<li class=\"menu-item menu-item-type-post_type menu-item-object-page menu-item-11228\"><a href=\"https:\/\/ordemdosfisioterapeutas.pt\/fr\/recenseamento-2025\/\" class=\"elementor-item\" tabindex=\"-1\">Recensement<\/a><\/li>\n<li class=\"menu-item menu-item-type-post_type menu-item-object-page menu-item-11227\"><a href=\"https:\/\/ordemdosfisioterapeutas.pt\/fr\/caderno-eleitoral-2025\/\" class=\"elementor-item\" tabindex=\"-1\">Listes \u00e9lectorales<\/a><\/li>\n<li class=\"menu-item menu-item-type-post_type menu-item-object-page menu-item-11226\"><a href=\"https:\/\/ordemdosfisioterapeutas.pt\/fr\/candidaturas-2025\/\" class=\"elementor-item\" tabindex=\"-1\">Applications<\/a><\/li>\n<li class=\"menu-item menu-item-type-post_type menu-item-object-page menu-item-11225\"><a href=\"https:\/\/ordemdosfisioterapeutas.pt\/fr\/listas-candidatas-2025\/\" class=\"elementor-item\" tabindex=\"-1\">Listes de candidats<\/a><\/li>\n<li class=\"menu-item menu-item-type-post_type menu-item-object-page menu-item-11224\"><a href=\"https:\/\/ordemdosfisioterapeutas.pt\/fr\/campanha-eleitoral-2025\/\" class=\"elementor-item\" tabindex=\"-1\">Campagne \u00e9lectorale<\/a><\/li>\n<li class=\"menu-item menu-item-type-post_type menu-item-object-page menu-item-11223\"><a href=\"https:\/\/ordemdosfisioterapeutas.pt\/fr\/ato-eleitoral-2025\/\" class=\"elementor-item\" tabindex=\"-1\">Loi \u00e9lectorale<\/a><\/li>\n<li class=\"menu-item menu-item-type-post_type menu-item-object-page menu-item-11221\"><a href=\"https:\/\/ordemdosfisioterapeutas.pt\/fr\/resultados-provisorios-2025\/\" class=\"elementor-item\" tabindex=\"-1\">R\u00e9sultats provisoires<\/a><\/li>\n<li class=\"menu-item menu-item-type-post_type menu-item-object-page menu-item-11222\"><a href=\"https:\/\/ordemdosfisioterapeutas.pt\/fr\/resultados-oficiais-2025\/\" class=\"elementor-item\" tabindex=\"-1\">R\u00e9sultats officiels<\/a><\/li>\n<li class=\"menu-item menu-item-type-post_type menu-item-object-page menu-item-11220\"><a href=\"https:\/\/ordemdosfisioterapeutas.pt\/fr\/tomada-de-posse-2025\/\" class=\"elementor-item\" tabindex=\"-1\">Inauguration<\/a><\/li>\n<li class=\"menu-item menu-item-type-post_type menu-item-object-page menu-item-11216\"><a href=\"https:\/\/ordemdosfisioterapeutas.pt\/fr\/perguntas-frequentes-2025\/\" class=\"elementor-item\" tabindex=\"-1\">Questions fr\u00e9quemment pos\u00e9es<\/a><\/li>\n<\/ul>\t\t\t<\/nav>\n\t\t\t\t\t\t<\/div>\n\t\t\t\t<\/div>\n\t\t\t\t<\/div>\n\t\t\t\t<div class=\"elementor-element elementor-element-26d41c6 elementor-widget elementor-widget-text-editor\" data-id=\"26d41c6\" data-element_type=\"widget\" data-e-type=\"widget\" data-widget_type=\"text-editor.default\">\n\t\t\t\t<div class=\"elementor-widget-container\">\n\t\t\t\t\t\t\t\t\t<p>Bienvenue sur le site de la\u00a0<b>\u00c9lections aux instances nationales et r\u00e9gionales de l'Ordre des kin\u00e9sith\u00e9rapeutes 2025<\/b>. Cette ann\u00e9e sera marqu\u00e9e par un processus \u00e9lectoral crucial pour notre Ordre, avec l'\u00e9lection des organes nationaux et r\u00e9gionaux qui aura lieu le 5 d\u00e9cembre 2025. Cette page contient toutes les informations n\u00e9cessaires sur le processus \u00e9lectoral, y compris les \u00e9ch\u00e9ances importantes, les proc\u00e9dures de candidature et les r\u00e8glements applicables.<\/p>\t\t\t\t\t\t\t\t<\/div>\n\t\t\t\t<\/div>\n\t\t\t\t<div class=\"elementor-element elementor-element-cb2f27f elementor-icon-list--layout-traditional elementor-list-item-link-full_width elementor-widget elementor-widget-icon-list\" data-id=\"cb2f27f\" data-element_type=\"widget\" data-e-type=\"widget\" data-widget_type=\"icon-list.default\">\n\t\t\t\t<div class=\"elementor-widget-container\">\n\t\t\t\t\t\t\t<ul class=\"elementor-icon-list-items\">\n\t\t\t\t\t\t\t<li class=\"elementor-icon-list-item\">\n\t\t\t\t\t\t\t\t\t\t\t<a href=\"https:\/\/ordemdosfisioterapeutas.pt\/wp-content\/uploads\/2025\/07\/DR_Regulamento-Eleitoral-836_2025.pdf\" target=\"_blank\">\n\n\t\t\t\t\t\t\t\t\t\t\t\t<span class=\"elementor-icon-list-icon\">\n\t\t\t\t\t\t\t<i aria-hidden=\"true\" class=\"far fa-file-alt\"><\/i>\t\t\t\t\t\t<\/span>\n\t\t\t\t\t\t\t\t\t\t<span class=\"elementor-icon-list-text\">Voir le r\u00e8glement \u00e9lectoral<\/span>\n\t\t\t\t\t\t\t\t\t\t\t<\/a>\n\t\t\t\t\t\t\t\t\t<\/li>\n\t\t\t\t\t\t\t\t<li class=\"elementor-icon-list-item\">\n\t\t\t\t\t\t\t\t\t\t\t<a href=\"https:\/\/ordemdosfisioterapeutas.pt\/wp-content\/uploads\/2025\/07\/deliberacao-Direcao_DL.2.RD_.223.2025-1.pdf\" target=\"_blank\">\n\n\t\t\t\t\t\t\t\t\t\t\t\t<span class=\"elementor-icon-list-icon\">\n\t\t\t\t\t\t\t<i aria-hidden=\"true\" class=\"far fa-file-alt\"><\/i>\t\t\t\t\t\t<\/span>\n\t\t\t\t\t\t\t\t\t\t<span class=\"elementor-icon-list-text\">Voir la d\u00e9cision du Conseil d'administration<\/span>\n\t\t\t\t\t\t\t\t\t\t\t<\/a>\n\t\t\t\t\t\t\t\t\t<\/li>\n\t\t\t\t\t\t<\/ul>\n\t\t\t\t\t\t<\/div>\n\t\t\t\t<\/div>\n\t\t\t\t\t<\/div>\n\t\t\t\t<\/div>\n\t\t<div class=\"elementor-element elementor-element-b83875f e-flex e-con-boxed e-con e-parent\" data-id=\"b83875f\" data-element_type=\"container\" data-e-type=\"container\">\n\t\t\t\t\t<div class=\"e-con-inner\">\n\t\t\t\t<div class=\"elementor-element elementor-element-ec0f9f7 elementor-widget elementor-widget-text-editor\" data-id=\"ec0f9f7\" data-element_type=\"widget\" data-e-type=\"widget\" data-widget_type=\"text-editor.default\">\n\t\t\t\t<div class=\"elementor-widget-container\">\n\t\t\t\t\t\t\t\t\t<p><b><span data-olk-copy-source=\"MessageBody\">\u26a0\ufe0f<\/span><\/b><b>\u00a0Note d'information - Formulaire de candidature pour les conseils juridictionnels<\/b><\/p><p>Veuillez noter que le\u00a0<b>Formulaire de demande d'adh\u00e9sion \u00e0 un conseil juridictionnel<\/b>inclus dans les annexes de la\u00a0<b>R\u00e8glement \u00e9lectoral publi\u00e9 au Journal officiel (R\u00e8glement n\u00b0 836\/2025)<\/b>contient un\u00a0<b>d\u00e9ch\u00e9ance du droit de propri\u00e9t\u00e9<\/b>, n'affichant que\u00a0<b>50 lignes pour les abonn\u00e9s<\/b>lorsque le nombre requis par le r\u00e8glement est de\u00a0<b>100 abonn\u00e9s<\/b>.<\/p><p>Le formulaire disponible sur\u00a0<b>Site web de l'Ordre des physioth\u00e9rapeutes<\/b>\u00a0a d\u00e9j\u00e0 \u00e9t\u00e9\u00a0<b>corrig\u00e9<\/b>Le nombre correct de lignes sera d\u00e9sormais de 100, conform\u00e9ment au texte du r\u00e8glement.<\/p><p>Il est donc recommand\u00e9 \u00e0 tous les candidats au conseil juridictionnel d'utiliser\u00a0<b>exclusivement la version actualis\u00e9e du formulaire<\/b>\u00a0disponible\u00a0<a title=\"https:\/\/ordemdosfisioterapeutas.pt\/pt\/candidaturas-2025\/\" href=\"https:\/\/ordemdosfisioterapeutas.pt\/fr\/candidaturas-2025\/\" data-auth=\"NotApplicable\" data-linkindex=\"2\">dans ce<\/a>\u00a0page.<\/p>\t\t\t\t\t\t\t\t<\/div>\n\t\t\t\t<\/div>\n\t\t\t\t\t<\/div>\n\t\t\t\t<\/div>\n\t\t\t\t<\/div>","protected":false},"excerpt":{"rendered":"<p>Bienvenue sur la page des \u00e9lections 2025 des instances nationales et r\u00e9gionales de l'Ordre des kin\u00e9sith\u00e9rapeutes. Cette ann\u00e9e sera marqu\u00e9e par un processus \u00e9lectoral crucial pour notre Ordre, l'\u00e9lection des instances nationales et r\u00e9gionales ayant lieu le 5 d\u00e9cembre 2025. Cette page contient toutes les informations n\u00e9cessaires sur le processus \u00e9lectoral, ... <a title=\"\u00c9lections des instances nationales et r\u00e9gionales de l&#039;Ordre des kin\u00e9sith\u00e9rapeutes\" class=\"read-more\" href=\"https:\/\/ordemdosfisioterapeutas.pt\/fr\/eleicoes-2025\/\" aria-label=\"En savoir plus sur \u00c9lections aux instances nationales et r\u00e9gionales de l&#039;Ordre des kin\u00e9sith\u00e9rapeutes\">En savoir plus<\/a><\/p>","protected":false},"author":1,"featured_media":0,"parent":0,"menu_order":0,"comment_status":"closed","ping_status":"closed","template":"","meta":{"footnotes":""},"class_list":["post-11028","page","type-page","status-publish"],"_links":{"self":[{"href":"https:\/\/ordemdosfisioterapeutas.pt\/fr\/wp-json\/wp\/v2\/pages\/11028","targetHints":{"allow":["GET"]}}],"collection":[{"href":"https:\/\/ordemdosfisioterapeutas.pt\/fr\/wp-json\/wp\/v2\/pages"}],"about":[{"href":"https:\/\/ordemdosfisioterapeutas.pt\/fr\/wp-json\/wp\/v2\/types\/page"}],"author":[{"embeddable":true,"href":"https:\/\/ordemdosfisioterapeutas.pt\/fr\/wp-json\/wp\/v2\/users\/1"}],"replies":[{"embeddable":true,"href":"https:\/\/ordemdosfisioterapeutas.pt\/fr\/wp-json\/wp\/v2\/comments?post=11028"}],"version-history":[{"count":6,"href":"https:\/\/ordemdosfisioterapeutas.pt\/fr\/wp-json\/wp\/v2\/pages\/11028\/revisions"}],"predecessor-version":[{"id":11754,"href":"https:\/\/ordemdosfisioterapeutas.pt\/fr\/wp-json\/wp\/v2\/pages\/11028\/revisions\/11754"}],"wp:attachment":[{"href":"https:\/\/ordemdosfisioterapeutas.pt\/fr\/wp-json\/wp\/v2\/media?parent=11028"}],"curies":[{"name":"wp","href":"https:\/\/api.w.org\/{rel}","templated":true}]}}