{"id":10920,"date":"2025-07-27T13:11:14","date_gmt":"2025-07-27T12:11:14","guid":{"rendered":"https:\/\/ordemdosfisioterapeutas.pt\/?page_id=10920"},"modified":"2025-09-27T11:13:46","modified_gmt":"2025-09-27T10:13:46","slug":"calendario-eleitoral-2025","status":"publish","type":"page","link":"https:\/\/ordemdosfisioterapeutas.pt\/fr\/calendario-eleitoral-2025\/","title":{"rendered":"Calendrier \u00e9lectoral"},"content":{"rendered":"<div data-elementor-type=\"wp-page\" data-elementor-id=\"10920\" class=\"elementor elementor-10920\" data-elementor-post-type=\"page\">\n\t\t\t\t<div class=\"elementor-element elementor-element-22650b0 e-flex e-con-boxed e-con e-parent\" data-id=\"22650b0\" data-element_type=\"container\" data-e-type=\"container\">\n\t\t\t\t\t<div class=\"e-con-inner\">\n\t\t<div class=\"elementor-element elementor-element-3af082a e-grid e-con-full e-con e-child\" data-id=\"3af082a\" data-element_type=\"container\" data-e-type=\"container\">\n\t\t\t\t<div class=\"elementor-element elementor-element-96040b6 elementor-nav-menu__text-align-aside elementor-nav-menu--toggle elementor-nav-menu--burger elementor-widget elementor-widget-nav-menu\" data-id=\"96040b6\" data-element_type=\"widget\" data-e-type=\"widget\" data-settings=\"{&quot;layout&quot;:&quot;dropdown&quot;,&quot;submenu_icon&quot;:{&quot;value&quot;:&quot;&lt;i class=\\&quot;\\&quot; aria-hidden=\\&quot;true\\&quot;&gt;&lt;\\\/i&gt;&quot;,&quot;library&quot;:&quot;&quot;},&quot;toggle&quot;:&quot;burger&quot;}\" data-widget_type=\"nav-menu.default\">\n\t\t\t\t<div class=\"elementor-widget-container\">\n\t\t\t\t\t\t\t<div class=\"elementor-menu-toggle\" role=\"button\" tabindex=\"0\" aria-label=\"Activer le menu\" aria-expanded=\"false\">\n\t\t\t<i aria-hidden=\"true\" role=\"presentation\" class=\"elementor-menu-toggle__icon--open eicon-menu-bar\"><\/i><i aria-hidden=\"true\" role=\"presentation\" class=\"elementor-menu-toggle__icon--close eicon-close\"><\/i>\t\t<\/div>\n\t\t\t\t\t<nav class=\"elementor-nav-menu--dropdown elementor-nav-menu__container\" aria-hidden=\"true\">\n\t\t\t\t<ul id=\"menu-2-96040b6\" class=\"elementor-nav-menu\"><li class=\"menu-item menu-item-type-post_type menu-item-object-page menu-item-11230\"><a href=\"https:\/\/ordemdosfisioterapeutas.pt\/fr\/eleicoes-2025\/\" class=\"elementor-item\" tabindex=\"-1\">\u00c9lections<\/a><\/li>\n<li class=\"menu-item menu-item-type-post_type menu-item-object-page menu-item-11231\"><a href=\"https:\/\/ordemdosfisioterapeutas.pt\/fr\/calendario-eleitoral-2025\/\" class=\"elementor-item\" tabindex=\"-1\">Calendrier \u00e9lectoral<\/a><\/li>\n<li class=\"menu-item menu-item-type-post_type menu-item-object-page menu-item-11229\"><a href=\"https:\/\/ordemdosfisioterapeutas.pt\/fr\/comissao-eleitoral-2025\/\" class=\"elementor-item\" tabindex=\"-1\">Commission \u00e9lectorale<\/a><\/li>\n<li class=\"menu-item menu-item-type-post_type menu-item-object-page menu-item-11228\"><a href=\"https:\/\/ordemdosfisioterapeutas.pt\/fr\/recenseamento-2025\/\" class=\"elementor-item\" tabindex=\"-1\">Recensement<\/a><\/li>\n<li class=\"menu-item menu-item-type-post_type menu-item-object-page menu-item-11227\"><a href=\"https:\/\/ordemdosfisioterapeutas.pt\/fr\/caderno-eleitoral-2025\/\" class=\"elementor-item\" tabindex=\"-1\">Listes \u00e9lectorales<\/a><\/li>\n<li class=\"menu-item menu-item-type-post_type menu-item-object-page menu-item-11226\"><a href=\"https:\/\/ordemdosfisioterapeutas.pt\/fr\/candidaturas-2025\/\" class=\"elementor-item\" tabindex=\"-1\">Applications<\/a><\/li>\n<li class=\"menu-item menu-item-type-post_type menu-item-object-page menu-item-11225\"><a href=\"https:\/\/ordemdosfisioterapeutas.pt\/fr\/listas-candidatas-2025\/\" class=\"elementor-item\" tabindex=\"-1\">Listes de candidats<\/a><\/li>\n<li class=\"menu-item menu-item-type-post_type menu-item-object-page menu-item-11224\"><a href=\"https:\/\/ordemdosfisioterapeutas.pt\/fr\/campanha-eleitoral-2025\/\" class=\"elementor-item\" tabindex=\"-1\">Campagne \u00e9lectorale<\/a><\/li>\n<li class=\"menu-item menu-item-type-post_type menu-item-object-page menu-item-11223\"><a href=\"https:\/\/ordemdosfisioterapeutas.pt\/fr\/ato-eleitoral-2025\/\" class=\"elementor-item\" tabindex=\"-1\">Loi \u00e9lectorale<\/a><\/li>\n<li class=\"menu-item menu-item-type-post_type menu-item-object-page menu-item-11221\"><a href=\"https:\/\/ordemdosfisioterapeutas.pt\/fr\/resultados-provisorios-2025\/\" class=\"elementor-item\" tabindex=\"-1\">R\u00e9sultats provisoires<\/a><\/li>\n<li class=\"menu-item menu-item-type-post_type menu-item-object-page menu-item-11222\"><a href=\"https:\/\/ordemdosfisioterapeutas.pt\/fr\/resultados-oficiais-2025\/\" class=\"elementor-item\" tabindex=\"-1\">R\u00e9sultats officiels<\/a><\/li>\n<li class=\"menu-item menu-item-type-post_type menu-item-object-page menu-item-11220\"><a href=\"https:\/\/ordemdosfisioterapeutas.pt\/fr\/tomada-de-posse-2025\/\" class=\"elementor-item\" tabindex=\"-1\">Inauguration<\/a><\/li>\n<li class=\"menu-item menu-item-type-post_type menu-item-object-page menu-item-11216\"><a href=\"https:\/\/ordemdosfisioterapeutas.pt\/fr\/perguntas-frequentes-2025\/\" class=\"elementor-item\" tabindex=\"-1\">Questions fr\u00e9quemment pos\u00e9es<\/a><\/li>\n<\/ul>\t\t\t<\/nav>\n\t\t\t\t\t\t<\/div>\n\t\t\t\t<\/div>\n\t\t\t\t<\/div>\n\t\t\t\t<div class=\"elementor-element elementor-element-d791c89 elementor-widget elementor-widget-text-editor\" data-id=\"d791c89\" data-element_type=\"widget\" data-e-type=\"widget\" data-widget_type=\"text-editor.default\">\n\t\t\t\t<div class=\"elementor-widget-container\">\n\t\t\t\t\t\t\t\t\t<p>Retrouvez toutes les \u00e9tapes du processus \u00e9lectoral pour les 2025 instances nationales et r\u00e9gionales. Il est essentiel que toutes les personnes concern\u00e9es soient au courant des dates et des d\u00e9lais importants :<\/p>\t\t\t\t\t\t\t\t<\/div>\n\t\t\t\t<\/div>\n\t\t\t\t<div class=\"elementor-element elementor-element-4a086d7 elementor-widget elementor-widget-image\" data-id=\"4a086d7\" data-element_type=\"widget\" data-e-type=\"widget\" data-widget_type=\"image.default\">\n\t\t\t\t<div class=\"elementor-widget-container\">\n\t\t\t\t\t\t\t\t\t\t\t\t\t\t\t<img fetchpriority=\"high\" decoding=\"async\" width=\"855\" height=\"595\" src=\"https:\/\/ordemdosfisioterapeutas.pt\/wp-content\/uploads\/2025\/08\/Timeline-eleicoes_2025-1024x713.png\" class=\"attachment-large size-large wp-image-11153\" alt=\"\" srcset=\"https:\/\/ordemdosfisioterapeutas.pt\/wp-content\/uploads\/2025\/08\/Timeline-eleicoes_2025-1024x713.png 1024w, https:\/\/ordemdosfisioterapeutas.pt\/wp-content\/uploads\/2025\/08\/Timeline-eleicoes_2025-300x209.png 300w, https:\/\/ordemdosfisioterapeutas.pt\/wp-content\/uploads\/2025\/08\/Timeline-eleicoes_2025-768x535.png 768w, https:\/\/ordemdosfisioterapeutas.pt\/wp-content\/uploads\/2025\/08\/Timeline-eleicoes_2025-18x12.png 18w, https:\/\/ordemdosfisioterapeutas.pt\/wp-content\/uploads\/2025\/08\/Timeline-eleicoes_2025.png 1152w\" sizes=\"(max-width: 855px) 100vw, 855px\" \/>\t\t\t\t\t\t\t\t\t\t\t\t\t\t\t<\/div>\n\t\t\t\t<\/div>\n\t\t\t\t<div class=\"elementor-element elementor-element-6b7fca9 elementor-widget elementor-widget-shortcode\" data-id=\"6b7fca9\" data-element_type=\"widget\" data-e-type=\"widget\" data-widget_type=\"shortcode.default\">\n\t\t\t\t<div class=\"elementor-widget-container\">\n\t\t\t\t\t\t\t<div class=\"elementor-shortcode\">\n<table id=\"tablepress-24\" class=\"tablepress tablepress-id-24\">\n<thead>\n<tr class=\"row-1\">\n\t<th class=\"column-1\">T\u00c2CHE<\/th><th class=\"column-2\">DATE LIMITE<\/th><th class=\"column-3\">DATE LIMITE<\/th>\n<\/tr>\n<\/thead>\n<tbody class=\"row-striping row-hover\">\n<tr class=\"row-2\">\n\t<td class=\"column-1\">Date limite de d\u00e9p\u00f4t des candidatures<\/td><td class=\"column-2\">90 jours avant les \u00e9lections<\/td><td class=\"column-3\">06 septembre 2025<\/td>\n<\/tr>\n<tr class=\"row-3\">\n\t<td class=\"column-1\">Date limite de d\u00e9p\u00f4t des candidatures<\/td><td class=\"column-2\">60 jours avant les \u00e9lections<\/td><td class=\"column-3\">06 octobre 2025<\/td>\n<\/tr>\n<tr class=\"row-4\">\n\t<td class=\"column-1\">Convocation de la Commission \u00e9lectorale (CE)<\/td><td class=\"column-2\">59 jours avant les \u00e9lections<\/td><td class=\"column-3\">07 octobre 2025<\/td>\n<\/tr>\n<tr class=\"row-5\">\n\t<td class=\"column-1\">Affichage et publication de l'avis de la CE<\/td><td class=\"column-2\">59 jours avant les \u00e9lections<\/td><td class=\"column-3\">07 octobre 2025<\/td>\n<\/tr>\n<tr class=\"row-6\">\n\t<td class=\"column-1\">Contr\u00f4ler les demandes pour v\u00e9rifier qu'elles ne sont pas entach\u00e9es d'irr\u00e9gularit\u00e9s<\/td><td class=\"column-2\">jusqu'\u00e0 5 jours apr\u00e8s la r\u00e9ception des demandes<\/td><td class=\"column-3\">11 octobre 2025<\/td>\n<\/tr>\n<tr class=\"row-7\">\n\t<td class=\"column-1\">R\u00e9gularisation des irr\u00e9gularit\u00e9s \u00e9ventuelles<\/td><td class=\"column-2\">dans les 3 jours suivant la date limite indiqu\u00e9e ci-dessus<\/td><td class=\"column-3\">15 octobre 2025<\/td>\n<\/tr>\n<tr class=\"row-8\">\n\t<td class=\"column-1\">Rejet des demandes non r\u00e9gularis\u00e9es<\/td><td class=\"column-2\">48 heures apr\u00e8s la date limite susmentionn\u00e9e<\/td><td class=\"column-3\">17 octobre 2025<\/td>\n<\/tr>\n<tr class=\"row-9\">\n\t<td class=\"column-1\">\u00c9tablissement des listes sur le bulletin de vote<\/td><td class=\"column-2\">5 jours apr\u00e8s la pr\u00e9sentation ou l'acceptation des listes<\/td><td class=\"column-3\">21 octobre 2025<\/td>\n<\/tr>\n<tr class=\"row-10\">\n\t<td class=\"column-1\">Publication des listes<\/td><td class=\"column-2\">5 jours apr\u00e8s le tirage au sort<\/td><td class=\"column-3\">26 octobre 2025<\/td>\n<\/tr>\n<tr class=\"row-11\">\n\t<td class=\"column-1\">Extraction de la liste \u00e9lectorale<\/td><td class=\"column-2\">1 jour avant le jour fix\u00e9 pour la publication de la liste \u00e9lectorale<\/td><td class=\"column-3\">30 octobre 2025<\/td>\n<\/tr>\n<tr class=\"row-12\">\n\t<td class=\"column-1\">Publication de la liste \u00e9lectorale<\/td><td class=\"column-2\">jusqu'\u00e0 30 jours avant les \u00e9lections<\/td><td class=\"column-3\">31 octobre 2025<\/td>\n<\/tr>\n<tr class=\"row-13\">\n\t<td class=\"column-1\">Introduire une r\u00e9clamation concernant la liste \u00e9lectorale<\/td><td class=\"column-2\">jusqu'\u00e0 15 jours apr\u00e8s la publication<\/td><td class=\"column-3\">15 novembre 2025<\/td>\n<\/tr>\n<tr class=\"row-14\">\n\t<td class=\"column-1\">D\u00e9cision sur les plaintes<\/td><td class=\"column-2\">48 heures apr\u00e8s la date limite indiqu\u00e9e ci-dessus<\/td><td class=\"column-3\">17 novembre 2025<\/td>\n<\/tr>\n<tr class=\"row-15\">\n\t<td class=\"column-1\">Livraison de la liste \u00e9lectorale \u00e0 la soci\u00e9t\u00e9 de vote \u00e9lectronique<\/td><td class=\"column-2\"><\/td><td class=\"column-3\">20 novembre 2025<\/td>\n<\/tr>\n<tr class=\"row-16\">\n\t<td class=\"column-1\">D\u00e9but de la campagne \u00e9lectorale<\/td><td class=\"column-2\">15 jours avant les \u00e9lections<\/td><td class=\"column-3\">20 novembre 2025<\/td>\n<\/tr>\n<tr class=\"row-17\">\n\t<td class=\"column-1\">Remplacement d'un candidat<\/td><td class=\"column-2\">jusqu'\u00e0 10 jours avant les \u00e9lections<\/td><td class=\"column-3\">25 novembre 2025<\/td>\n<\/tr>\n<tr class=\"row-18\">\n\t<td class=\"column-1\">Envoi d'une carte d'\u00e9lecteur par voie \u00e9lectronique<\/td><td class=\"column-2\">3 jours avant les \u00e9lections<\/td><td class=\"column-3\">02 d\u00e9cembre 2025<\/td>\n<\/tr>\n<tr class=\"row-19\">\n\t<td class=\"column-1\">Envoi d'une \u00e9pingle par SMS<\/td><td class=\"column-2\">3 jours avant les \u00e9lections<\/td><td class=\"column-3\">02 d\u00e9cembre 2025<\/td>\n<\/tr>\n<tr class=\"row-20\">\n\t<td class=\"column-1\">Fin de la campagne \u00e9lectorale<\/td><td class=\"column-2\">2 jours avant les \u00e9lections<\/td><td class=\"column-3\">03 d\u00e9cembre 2025<\/td>\n<\/tr>\n<tr class=\"row-21\">\n\t<td class=\"column-1\">\u00c9lections<\/td><td class=\"column-2\"><\/td><td class=\"column-3\">05 d\u00e9cembre 2025<\/td>\n<\/tr>\n<tr class=\"row-22\">\n\t<td class=\"column-1\">C\u00e9r\u00e9monie d'investiture<\/td><td class=\"column-2\"><\/td><td class=\"column-3\">13 d\u00e9cembre<\/td>\n<\/tr>\n<\/tbody>\n<\/table>\n<!-- #tablepress-24 from cache --><\/div>\n\t\t\t\t\t\t<\/div>\n\t\t\t\t<\/div>\n\t\t\t\t\t<\/div>\n\t\t\t\t<\/div>\n\t\t\t\t<\/div>","protected":false},"excerpt":{"rendered":"<p>Retrouvez toutes les \u00e9tapes du processus \u00e9lectoral pour les 2025 instances nationales et r\u00e9gionales. Il est essentiel que toutes les personnes concern\u00e9es soient au courant des dates et des d\u00e9lais importants :<\/p>","protected":false},"author":1,"featured_media":0,"parent":0,"menu_order":0,"comment_status":"closed","ping_status":"closed","template":"","meta":{"footnotes":""},"class_list":["post-10920","page","type-page","status-publish"],"_links":{"self":[{"href":"https:\/\/ordemdosfisioterapeutas.pt\/fr\/wp-json\/wp\/v2\/pages\/10920","targetHints":{"allow":["GET"]}}],"collection":[{"href":"https:\/\/ordemdosfisioterapeutas.pt\/fr\/wp-json\/wp\/v2\/pages"}],"about":[{"href":"https:\/\/ordemdosfisioterapeutas.pt\/fr\/wp-json\/wp\/v2\/types\/page"}],"author":[{"embeddable":true,"href":"https:\/\/ordemdosfisioterapeutas.pt\/fr\/wp-json\/wp\/v2\/users\/1"}],"replies":[{"embeddable":true,"href":"https:\/\/ordemdosfisioterapeutas.pt\/fr\/wp-json\/wp\/v2\/comments?post=10920"}],"version-history":[{"count":3,"href":"https:\/\/ordemdosfisioterapeutas.pt\/fr\/wp-json\/wp\/v2\/pages\/10920\/revisions"}],"predecessor-version":[{"id":11680,"href":"https:\/\/ordemdosfisioterapeutas.pt\/fr\/wp-json\/wp\/v2\/pages\/10920\/revisions\/11680"}],"wp:attachment":[{"href":"https:\/\/ordemdosfisioterapeutas.pt\/fr\/wp-json\/wp\/v2\/media?parent=10920"}],"curies":[{"name":"wp","href":"https:\/\/api.w.org\/{rel}","templated":true}]}}