{"id":10704,"date":"2025-07-06T20:14:15","date_gmt":"2025-07-06T19:14:15","guid":{"rendered":"https:\/\/ordemdosfisioterapeutas.pt\/?page_id=10704"},"modified":"2026-01-06T19:48:23","modified_gmt":"2026-01-06T19:48:23","slug":"santogal","status":"publish","type":"page","link":"https:\/\/ordemdosfisioterapeutas.pt\/fr\/santogal\/","title":{"rendered":"Santogal"},"content":{"rendered":"<div data-elementor-type=\"wp-page\" data-elementor-id=\"10704\" class=\"elementor elementor-10704\" data-elementor-post-type=\"page\">\n\t\t\t\t<div class=\"elementor-element elementor-element-3dcbd55c e-grid e-con-boxed e-con e-parent\" data-id=\"3dcbd55c\" data-element_type=\"container\" data-e-type=\"container\">\n\t\t\t\t\t<div class=\"e-con-inner\">\n\t\t\t\t<div class=\"elementor-element elementor-element-a6b49ae elementor-widget elementor-widget-image\" data-id=\"a6b49ae\" data-element_type=\"widget\" data-e-type=\"widget\" data-widget_type=\"image.default\">\n\t\t\t\t<div class=\"elementor-widget-container\">\n\t\t\t\t\t\t\t\t\t\t\t\t\t\t\t<img decoding=\"async\" src=\"https:\/\/ordemdosfisioterapeutas.pt\/wp-content\/uploads\/elementor\/thumbs\/logo__0000_santogal-1-r8dgomdbwrmwt2hyoce0swomochro5chgf4bflbxmo.png\" title=\"logo__0000_santogal-1.png\" alt=\"logo__0000_santogal-1.png\" loading=\"lazy\" \/>\t\t\t\t\t\t\t\t\t\t\t\t\t\t\t<\/div>\n\t\t\t\t<\/div>\n\t\t\t\t<div class=\"elementor-element elementor-element-5534e105 elementor-widget elementor-widget-image\" data-id=\"5534e105\" data-element_type=\"widget\" data-e-type=\"widget\" data-widget_type=\"image.default\">\n\t\t\t\t<div class=\"elementor-widget-container\">\n\t\t\t\t\t\t\t\t\t\t\t\t\t\t\t<img decoding=\"async\" src=\"https:\/\/ordemdosfisioterapeutas.pt\/wp-content\/uploads\/elementor\/thumbs\/parcerias-r1e5sfsz0l2px9fc2vf1dqmethbbh5ts4btblfpj40.png\" title=\"partenariats.png\" alt=\"parcerias.png\" loading=\"lazy\" \/>\t\t\t\t\t\t\t\t\t\t\t\t\t\t\t<\/div>\n\t\t\t\t<\/div>\n\t\t\t\t\t<\/div>\n\t\t\t\t<\/div>\n\t\t<div class=\"elementor-element elementor-element-1dbcc5d5 e-flex e-con-boxed e-con e-parent\" data-id=\"1dbcc5d5\" data-element_type=\"container\" data-e-type=\"container\">\n\t\t\t\t\t<div class=\"e-con-inner\">\n\t\t\t\t<div class=\"elementor-element elementor-element-20b0a235 elementor-widget elementor-widget-heading\" data-id=\"20b0a235\" data-element_type=\"widget\" data-e-type=\"widget\" data-widget_type=\"heading.default\">\n\t\t\t\t<div class=\"elementor-widget-container\">\n\t\t\t\t\t<h2 class=\"elementor-heading-title elementor-size-default\">Description<\/h2>\t\t\t\t<\/div>\n\t\t\t\t<\/div>\n\t\t\t\t<div class=\"elementor-element elementor-element-22ed882c elementor-widget elementor-widget-text-editor\" data-id=\"22ed882c\" data-element_type=\"widget\" data-e-type=\"widget\" data-widget_type=\"text-editor.default\">\n\t\t\t\t<div class=\"elementor-widget-container\">\n\t\t\t\t\t\t\t\t\t<p>Santogal est l'un des plus grands groupes automobiles du Portugal, repr\u00e9sentant plus de 30 marques de v\u00e9hicules neufs et d'occasion. Ses services vont de la vente \u00e0 l'entretien et au financement automobile. L'entreprise s'engage \u00e0 offrir un service personnalis\u00e9 et une exp\u00e9rience compl\u00e8te, garantissant des solutions efficaces pour la mobilit\u00e9 personnelle et professionnelle.<\/p>\t\t\t\t\t\t\t\t<\/div>\n\t\t\t\t<\/div>\n\t\t\t\t\t<\/div>\n\t\t\t\t<\/div>\n\t\t<div class=\"elementor-element elementor-element-69290d8f condicoes e-flex e-con-boxed e-con e-parent\" data-id=\"69290d8f\" data-element_type=\"container\" data-e-type=\"container\">\n\t\t\t\t\t<div class=\"e-con-inner\">\n\t\t\t\t<div class=\"elementor-element elementor-element-7bc4f219 elementor-widget elementor-widget-heading\" data-id=\"7bc4f219\" data-element_type=\"widget\" data-e-type=\"widget\" data-widget_type=\"heading.default\">\n\t\t\t\t<div class=\"elementor-widget-container\">\n\t\t\t\t\t<h2 class=\"elementor-heading-title elementor-size-default\">Conditions<\/h2>\t\t\t\t<\/div>\n\t\t\t\t<\/div>\n\t\t\t\t<div class=\"elementor-element elementor-element-25484a32 elementor-widget elementor-widget-text-editor\" data-id=\"25484a32\" data-element_type=\"widget\" data-e-type=\"widget\" data-widget_type=\"text-editor.default\">\n\t\t\t\t<div class=\"elementor-widget-container\">\n\t\t\t\t\t\t\t\t\t<div class=\"ewa-rteLine\"><div class=\"ewa-rteLine\">Soutien d\u00e9di\u00e9 d'un interlocuteur santogal unique au service des membres et des employ\u00e9s de l'Ordre des kin\u00e9sith\u00e9rapeutes ;<\/div><div class=\"ewa-rteLine\">Soutien personnalis\u00e9 en :<\/div><div class=\"ewa-rteLine\">Acquisition de v\u00e9hicules neufs et d'occasion de toutes les marques repr\u00e9sent\u00e9es par Santogal ;<\/div><div class=\"ewa-rteLine\">R\u00e9servation d'essais routiers ;<\/div><div class=\"ewa-rteLine\">Pr\u00e9sentation de propositions d'acquisition et aide au choix du v\u00e9hicule le plus appropri\u00e9 (marque, mod\u00e8le et \u00e9quipement) ;<\/div><div class=\"ewa-rteLine\">Pr\u00e9sentation des meilleures solutions de financement et d'assurance ;<\/div><div class=\"ewa-rteLine\">\u00c9valuation et achat de v\u00e9hicules d'occasion (m\u00eame si un v\u00e9hicule neuf n'est pas achet\u00e9).<\/div><div class=\"ewa-rteLine\">Soutien aux ateliers santogal en cas de difficult\u00e9s<\/div><div class=\"ewa-rteLine\">Meilleures conditions pour l'achat de voitures, limit\u00e9es \u00e0 une voiture par membre.<\/div><div class=\"ewa-rteLine\">Meilleures conditions de financement, assurance automobile et plans d'entretien.<\/div><div class=\"ewa-rteLine\">\u00a0<\/div><div class=\"ewa-rteLine\">Vous pouvez b\u00e9n\u00e9ficier de ces conditions sp\u00e9ciales en envoyant un e-mail \u00e0\u00a0<span style=\"text-decoration: underline;\"><a title=\"mailto:geral@ordemdosfisioterapeutas.pt\" href=\"mailto:geral@ordemdosfisioterapeutas.pt\" data-linkindex=\"0\">geral@ordemdosfisioterapeutas.pt<\/a><\/span>\u00a0avec pour objet \u201c<b>Partenariat Santogal \u201d<\/b>.<\/div><\/div>\t\t\t\t\t\t\t\t<\/div>\n\t\t\t\t<\/div>\n\t\t\t\t\t<\/div>\n\t\t\t\t<\/div>\n\t\t<div class=\"elementor-element elementor-element-f9bf0af condicoes-btn e-flex e-con-boxed e-con e-parent\" data-id=\"f9bf0af\" data-element_type=\"container\" data-e-type=\"container\">\n\t\t\t\t\t<div class=\"e-con-inner\">\n\t\t\t\t<div class=\"elementor-element elementor-element-daeb46b elementor-align-right elementor-mobile-align-center elementor-widget elementor-widget-button\" data-id=\"daeb46b\" data-element_type=\"widget\" data-e-type=\"widget\" data-widget_type=\"button.default\">\n\t\t\t\t<div class=\"elementor-widget-container\">\n\t\t\t\t\t\t\t\t\t<div class=\"elementor-button-wrapper\">\n\t\t\t\t\t<a class=\"elementor-button elementor-button-link elementor-size-xs\" href=\"https:\/\/portal.ordemdosfisioterapeutas.pt\/of-auth\/?app_ref=e985d1b30a025a19af003c638a7f64a2\" target=\"_blank\">\n\t\t\t\t\t\t<span class=\"elementor-button-content-wrapper\">\n\t\t\t\t\t\t\t\t\t<span class=\"elementor-button-text\">Conna\u00eetre les conditions<\/span>\n\t\t\t\t\t<\/span>\n\t\t\t\t\t<\/a>\n\t\t\t\t<\/div>\n\t\t\t\t\t\t\t\t<\/div>\n\t\t\t\t<\/div>\n\t\t\t\t\t<\/div>\n\t\t\t\t<\/div>\n\t\t<div class=\"elementor-element elementor-element-22ab0f1 e-flex e-con-boxed e-con e-parent\" data-id=\"22ab0f1\" data-element_type=\"container\" data-e-type=\"container\">\n\t\t\t\t\t<div class=\"e-con-inner\">\n\t\t\t\t<div class=\"elementor-element elementor-element-df537e2 elementor-align-right elementor-mobile-align-center elementor-widget elementor-widget-button\" data-id=\"df537e2\" data-element_type=\"widget\" data-e-type=\"widget\" data-widget_type=\"button.default\">\n\t\t\t\t<div class=\"elementor-widget-container\">\n\t\t\t\t\t\t\t\t\t<div class=\"elementor-button-wrapper\">\n\t\t\t\t\t<a class=\"elementor-button elementor-button-link elementor-size-xs\" href=\"https:\/\/ordemdosfisioterapeutas.pt\/fr\/parcerias\/\">\n\t\t\t\t\t\t<span class=\"elementor-button-content-wrapper\">\n\t\t\t\t\t\t\t\t\t<span class=\"elementor-button-text\">Retour<\/span>\n\t\t\t\t\t<\/span>\n\t\t\t\t\t<\/a>\n\t\t\t\t<\/div>\n\t\t\t\t\t\t\t\t<\/div>\n\t\t\t\t<\/div>\n\t\t\t\t\t<\/div>\n\t\t\t\t<\/div>\n\t\t\t\t<\/div>","protected":false},"excerpt":{"rendered":"<p>Descri\u00e7\u00e3o A Santogal\u00a0\u00e9 um dos maiores grupos autom\u00f3veis em Portugal, representando mais de 30 marcas de ve\u00edculos novos e seminovos. Com servi\u00e7os que v\u00e3o desde a venda at\u00e9 \u00e0 manuten\u00e7\u00e3o e financiamento autom\u00f3vel. A empresa aposta num atendimento personalizado e numa experi\u00eancia completa, garantindo solu\u00e7\u00f5es eficazes para a mobilidade pessoal e empresarial. Condi\u00e7\u00f5es Acompanhamento dedicado &#8230; <a title=\"Santogal\" class=\"read-more\" href=\"https:\/\/ordemdosfisioterapeutas.pt\/fr\/santogal\/\" aria-label=\"En savoir plus sur Santogal\">En savoir plus<\/a><\/p>","protected":false},"author":1,"featured_media":0,"parent":0,"menu_order":0,"comment_status":"closed","ping_status":"closed","template":"","meta":{"footnotes":""},"class_list":["post-10704","page","type-page","status-publish"],"_links":{"self":[{"href":"https:\/\/ordemdosfisioterapeutas.pt\/fr\/wp-json\/wp\/v2\/pages\/10704","targetHints":{"allow":["GET"]}}],"collection":[{"href":"https:\/\/ordemdosfisioterapeutas.pt\/fr\/wp-json\/wp\/v2\/pages"}],"about":[{"href":"https:\/\/ordemdosfisioterapeutas.pt\/fr\/wp-json\/wp\/v2\/types\/page"}],"author":[{"embeddable":true,"href":"https:\/\/ordemdosfisioterapeutas.pt\/fr\/wp-json\/wp\/v2\/users\/1"}],"replies":[{"embeddable":true,"href":"https:\/\/ordemdosfisioterapeutas.pt\/fr\/wp-json\/wp\/v2\/comments?post=10704"}],"version-history":[{"count":3,"href":"https:\/\/ordemdosfisioterapeutas.pt\/fr\/wp-json\/wp\/v2\/pages\/10704\/revisions"}],"predecessor-version":[{"id":12452,"href":"https:\/\/ordemdosfisioterapeutas.pt\/fr\/wp-json\/wp\/v2\/pages\/10704\/revisions\/12452"}],"wp:attachment":[{"href":"https:\/\/ordemdosfisioterapeutas.pt\/fr\/wp-json\/wp\/v2\/media?parent=10704"}],"curies":[{"name":"wp","href":"https:\/\/api.w.org\/{rel}","templated":true}]}}