{"id":10697,"date":"2025-07-06T20:03:50","date_gmt":"2025-07-06T19:03:50","guid":{"rendered":"https:\/\/ordemdosfisioterapeutas.pt\/?page_id=10697"},"modified":"2025-08-16T11:03:33","modified_gmt":"2025-08-16T10:03:33","slug":"quake","status":"publish","type":"page","link":"https:\/\/ordemdosfisioterapeutas.pt\/fr\/quake\/","title":{"rendered":"Tremblement de terre"},"content":{"rendered":"<div data-elementor-type=\"wp-page\" data-elementor-id=\"10697\" class=\"elementor elementor-10697\" data-elementor-post-type=\"page\">\n\t\t\t\t<div class=\"elementor-element elementor-element-13576b2f e-grid e-con-boxed e-con e-parent\" data-id=\"13576b2f\" data-element_type=\"container\" data-e-type=\"container\">\n\t\t\t\t\t<div class=\"e-con-inner\">\n\t\t\t\t<div class=\"elementor-element elementor-element-21ce448f elementor-widget elementor-widget-image\" data-id=\"21ce448f\" data-element_type=\"widget\" data-e-type=\"widget\" data-widget_type=\"image.default\">\n\t\t\t\t<div class=\"elementor-widget-container\">\n\t\t\t\t\t\t\t\t\t\t\t\t\t\t\t<img decoding=\"async\" src=\"https:\/\/ordemdosfisioterapeutas.pt\/wp-content\/uploads\/elementor\/thumbs\/logo__0004_quake-1-r8dg9dfl1irggsnbpr3wcr7frbneswt8oy4r5zxukg.png\" title=\"logo__0004_quake-1.png\" alt=\"logo__0004_quake-1.png\" loading=\"lazy\" \/>\t\t\t\t\t\t\t\t\t\t\t\t\t\t\t<\/div>\n\t\t\t\t<\/div>\n\t\t\t\t<div class=\"elementor-element elementor-element-7526ca4b elementor-widget elementor-widget-image\" data-id=\"7526ca4b\" data-element_type=\"widget\" data-e-type=\"widget\" data-widget_type=\"image.default\">\n\t\t\t\t<div class=\"elementor-widget-container\">\n\t\t\t\t\t\t\t\t\t\t\t\t\t\t\t<img decoding=\"async\" src=\"https:\/\/ordemdosfisioterapeutas.pt\/wp-content\/uploads\/elementor\/thumbs\/parcerias-r1e5sfsz0l2px9fc2vf1dqmethbbh5ts4btblfpj40.png\" title=\"partenariats.png\" alt=\"parcerias.png\" loading=\"lazy\" \/>\t\t\t\t\t\t\t\t\t\t\t\t\t\t\t<\/div>\n\t\t\t\t<\/div>\n\t\t\t\t\t<\/div>\n\t\t\t\t<\/div>\n\t\t<div class=\"elementor-element elementor-element-2b2ae93a e-flex e-con-boxed e-con e-parent\" data-id=\"2b2ae93a\" data-element_type=\"container\" data-e-type=\"container\">\n\t\t\t\t\t<div class=\"e-con-inner\">\n\t\t\t\t<div class=\"elementor-element elementor-element-6efa900d elementor-widget elementor-widget-heading\" data-id=\"6efa900d\" data-element_type=\"widget\" data-e-type=\"widget\" data-widget_type=\"heading.default\">\n\t\t\t\t<div class=\"elementor-widget-container\">\n\t\t\t\t\t<h2 class=\"elementor-heading-title elementor-size-default\">Description<\/h2>\t\t\t\t<\/div>\n\t\t\t\t<\/div>\n\t\t\t\t<div class=\"elementor-element elementor-element-42bb8639 elementor-widget elementor-widget-text-editor\" data-id=\"42bb8639\" data-element_type=\"widget\" data-e-type=\"widget\" data-widget_type=\"text-editor.default\">\n\t\t\t\t<div class=\"elementor-widget-container\">\n\t\t\t\t\t\t\t\t\t<p>Situ\u00e9 \u00e0 Bel\u00e9m, Quake est un mus\u00e9e qui allie plaisir et connaissance pour vous offrir une exp\u00e9rience immersive et interactive que vous n'\u00eates pas pr\u00eat d'oublier. Con\u00e7u pour les habitants et les visiteurs, les familles et les groupes d'amis, les passionn\u00e9s d'histoire, les scientifiques amateurs et tous ceux qui recherchent des \u00e9motions fortes et des activit\u00e9s diff\u00e9rentes, vous voyagerez ici dans le Lisbonne de 1755 et ressentirez l'impact d'un tremblement de terre, reproduit \u00e0 l'aide d'un simulateur, de la cartographie vid\u00e9o et d'effets sp\u00e9ciaux. Attendez-vous \u00e0 l'inattendu au cours de ce voyage o\u00f9 vous d\u00e9couvrirez comment le tremblement de terre a chang\u00e9 \u00e0 jamais le visage de Lisbonne et a \u00e9branl\u00e9 le vieux continent.<\/p>\t\t\t\t\t\t\t\t<\/div>\n\t\t\t\t<\/div>\n\t\t\t\t\t<\/div>\n\t\t\t\t<\/div>\n\t\t<div class=\"elementor-element elementor-element-59d2c6e1 condicoes e-flex e-con-boxed e-con e-parent\" data-id=\"59d2c6e1\" data-element_type=\"container\" data-e-type=\"container\">\n\t\t\t\t\t<div class=\"e-con-inner\">\n\t\t\t\t<div class=\"elementor-element elementor-element-1eabed1e elementor-widget elementor-widget-heading\" data-id=\"1eabed1e\" data-element_type=\"widget\" data-e-type=\"widget\" data-widget_type=\"heading.default\">\n\t\t\t\t<div class=\"elementor-widget-container\">\n\t\t\t\t\t<h2 class=\"elementor-heading-title elementor-size-default\">Conditions<\/h2>\t\t\t\t<\/div>\n\t\t\t\t<\/div>\n\t\t\t\t<div class=\"elementor-element elementor-element-2afa2202 elementor-widget elementor-widget-text-editor\" data-id=\"2afa2202\" data-element_type=\"widget\" data-e-type=\"widget\" data-widget_type=\"text-editor.default\">\n\t\t\t\t<div class=\"elementor-widget-container\">\n\t\t\t\t\t\t\t\t\t<div class=\"ewa-rteLine\"><p>- R\u00e9duction de 20% sur les billets achet\u00e9s entre le 15 septembre et le 15 octobre 2025, en utilisant le code de r\u00e9duction FISIO20.<br \/>R\u00e9duction applicable sur le prix catalogue en vigueur \u00e0 la date d'achat, valable pour les billets standards : adulte, enfant et senior.<\/p><p>Acc\u00e8s \u00e0 la prestation : <br \/><br \/>Vous pouvez profiter de ces conditions sp\u00e9ciales en achetant vos billets en personne au Quake - Mus\u00e9e du tremblement de terre de Lisbonne ou en ligne via webside. <span style=\"text-decoration: underline;\">www.lisbonquake.com<\/span><\/p><p>Les membres doivent pr\u00e9senter la carte professionnelle de l'Ordre des physioth\u00e9rapeutes, tandis que les employ\u00e9s doivent pr\u00e9senter une preuve d'emploi (par exemple, une fiche de paie).<\/p><\/div>\t\t\t\t\t\t\t\t<\/div>\n\t\t\t\t<\/div>\n\t\t\t\t\t<\/div>\n\t\t\t\t<\/div>\n\t\t<div class=\"elementor-element elementor-element-a75c6c9 condicoes-btn e-flex e-con-boxed e-con e-parent\" data-id=\"a75c6c9\" data-element_type=\"container\" data-e-type=\"container\">\n\t\t\t\t\t<div class=\"e-con-inner\">\n\t\t\t\t<div class=\"elementor-element elementor-element-7429ece elementor-align-right elementor-mobile-align-center elementor-widget elementor-widget-button\" data-id=\"7429ece\" data-element_type=\"widget\" data-e-type=\"widget\" data-widget_type=\"button.default\">\n\t\t\t\t<div class=\"elementor-widget-container\">\n\t\t\t\t\t\t\t\t\t<div class=\"elementor-button-wrapper\">\n\t\t\t\t\t<a class=\"elementor-button elementor-button-link elementor-size-xs\" href=\"https:\/\/portal.ordemdosfisioterapeutas.pt\/of-auth\/?app_ref=e985d1b30a025a19af003c638a7f64a2\" target=\"_blank\">\n\t\t\t\t\t\t<span class=\"elementor-button-content-wrapper\">\n\t\t\t\t\t\t\t\t\t<span class=\"elementor-button-text\">Conna\u00eetre les conditions<\/span>\n\t\t\t\t\t<\/span>\n\t\t\t\t\t<\/a>\n\t\t\t\t<\/div>\n\t\t\t\t\t\t\t\t<\/div>\n\t\t\t\t<\/div>\n\t\t\t\t\t<\/div>\n\t\t\t\t<\/div>\n\t\t<div class=\"elementor-element elementor-element-c91c325 e-flex e-con-boxed e-con e-parent\" data-id=\"c91c325\" data-element_type=\"container\" data-e-type=\"container\">\n\t\t\t\t\t<div class=\"e-con-inner\">\n\t\t\t\t<div class=\"elementor-element elementor-element-98bc45e elementor-align-right elementor-mobile-align-center elementor-widget elementor-widget-button\" data-id=\"98bc45e\" data-element_type=\"widget\" data-e-type=\"widget\" data-widget_type=\"button.default\">\n\t\t\t\t<div class=\"elementor-widget-container\">\n\t\t\t\t\t\t\t\t\t<div class=\"elementor-button-wrapper\">\n\t\t\t\t\t<a class=\"elementor-button elementor-button-link elementor-size-xs\" href=\"https:\/\/ordemdosfisioterapeutas.pt\/fr\/parcerias\/\">\n\t\t\t\t\t\t<span class=\"elementor-button-content-wrapper\">\n\t\t\t\t\t\t\t\t\t<span class=\"elementor-button-text\">Retour<\/span>\n\t\t\t\t\t<\/span>\n\t\t\t\t\t<\/a>\n\t\t\t\t<\/div>\n\t\t\t\t\t\t\t\t<\/div>\n\t\t\t\t<\/div>\n\t\t\t\t\t<\/div>\n\t\t\t\t<\/div>\n\t\t\t\t<\/div>","protected":false},"excerpt":{"rendered":"<p>Descri\u00e7\u00e3o Situado em Bel\u00e9m, o Quake \u00e9 um museu que combina divers\u00e3o e conhecimento para oferecer-lhe uma experi\u00eancia imersiva e interativa que n\u00e3o vai esquecer brevemente. Pensado para locais e visitantes, fam\u00edlias e grupos de amigos, amantes de hist\u00f3ria, cientistas amadores e aqueles que procuram emo\u00e7\u00f5es fortes e actividades diferentes, aqui viajar\u00e1 at\u00e9 \u00e0 Lisboa &#8230; <a title=\"Tremblement de terre\" class=\"read-more\" href=\"https:\/\/ordemdosfisioterapeutas.pt\/fr\/quake\/\" aria-label=\"En savoir plus sur Quake\">En savoir plus<\/a><\/p>","protected":false},"author":1,"featured_media":0,"parent":0,"menu_order":0,"comment_status":"closed","ping_status":"closed","template":"","meta":{"footnotes":""},"class_list":["post-10697","page","type-page","status-publish"],"_links":{"self":[{"href":"https:\/\/ordemdosfisioterapeutas.pt\/fr\/wp-json\/wp\/v2\/pages\/10697","targetHints":{"allow":["GET"]}}],"collection":[{"href":"https:\/\/ordemdosfisioterapeutas.pt\/fr\/wp-json\/wp\/v2\/pages"}],"about":[{"href":"https:\/\/ordemdosfisioterapeutas.pt\/fr\/wp-json\/wp\/v2\/types\/page"}],"author":[{"embeddable":true,"href":"https:\/\/ordemdosfisioterapeutas.pt\/fr\/wp-json\/wp\/v2\/users\/1"}],"replies":[{"embeddable":true,"href":"https:\/\/ordemdosfisioterapeutas.pt\/fr\/wp-json\/wp\/v2\/comments?post=10697"}],"version-history":[{"count":0,"href":"https:\/\/ordemdosfisioterapeutas.pt\/fr\/wp-json\/wp\/v2\/pages\/10697\/revisions"}],"wp:attachment":[{"href":"https:\/\/ordemdosfisioterapeutas.pt\/fr\/wp-json\/wp\/v2\/media?parent=10697"}],"curies":[{"name":"wp","href":"https:\/\/api.w.org\/{rel}","templated":true}]}}