{"id":10678,"date":"2025-07-06T19:41:36","date_gmt":"2025-07-06T18:41:36","guid":{"rendered":"https:\/\/ordemdosfisioterapeutas.pt\/?page_id=10678"},"modified":"2025-07-22T23:02:19","modified_gmt":"2025-07-22T22:02:19","slug":"galp","status":"publish","type":"page","link":"https:\/\/ordemdosfisioterapeutas.pt\/fr\/galp\/","title":{"rendered":"Galp"},"content":{"rendered":"<div data-elementor-type=\"wp-page\" data-elementor-id=\"10678\" class=\"elementor elementor-10678\" data-elementor-post-type=\"page\">\n\t\t\t\t<div class=\"elementor-element elementor-element-5624b6d9 e-grid e-con-boxed e-con e-parent\" data-id=\"5624b6d9\" data-element_type=\"container\" data-e-type=\"container\">\n\t\t\t\t\t<div class=\"e-con-inner\">\n\t\t\t\t<div class=\"elementor-element elementor-element-8e6a697 elementor-widget elementor-widget-image\" data-id=\"8e6a697\" data-element_type=\"widget\" data-e-type=\"widget\" data-widget_type=\"image.default\">\n\t\t\t\t<div class=\"elementor-widget-container\">\n\t\t\t\t\t\t\t\t\t\t\t\t\t\t\t<img decoding=\"async\" src=\"https:\/\/ordemdosfisioterapeutas.pt\/wp-content\/uploads\/elementor\/thumbs\/logo__0007_galp-1-r8df8vd7n4sllxo2uz3giyt1ank9w1whoa3y962874.png\" title=\"logo__0007_galp-1.png\" alt=\"logo__0007_galp-1.png\" loading=\"lazy\" \/>\t\t\t\t\t\t\t\t\t\t\t\t\t\t\t<\/div>\n\t\t\t\t<\/div>\n\t\t\t\t<div class=\"elementor-element elementor-element-49a1e67b elementor-widget elementor-widget-image\" data-id=\"49a1e67b\" data-element_type=\"widget\" data-e-type=\"widget\" data-widget_type=\"image.default\">\n\t\t\t\t<div class=\"elementor-widget-container\">\n\t\t\t\t\t\t\t\t\t\t\t\t\t\t\t<img decoding=\"async\" src=\"https:\/\/ordemdosfisioterapeutas.pt\/wp-content\/uploads\/elementor\/thumbs\/parcerias-r1e5sfsz0l2px9fc2vf1dqmethbbh5ts4btblfpj40.png\" title=\"partenariats.png\" alt=\"parcerias.png\" loading=\"lazy\" \/>\t\t\t\t\t\t\t\t\t\t\t\t\t\t\t<\/div>\n\t\t\t\t<\/div>\n\t\t\t\t\t<\/div>\n\t\t\t\t<\/div>\n\t\t<div class=\"elementor-element elementor-element-31c4bb7c e-flex e-con-boxed e-con e-parent\" data-id=\"31c4bb7c\" data-element_type=\"container\" data-e-type=\"container\">\n\t\t\t\t\t<div class=\"e-con-inner\">\n\t\t\t\t<div class=\"elementor-element elementor-element-1fe62c7a elementor-widget elementor-widget-heading\" data-id=\"1fe62c7a\" data-element_type=\"widget\" data-e-type=\"widget\" data-widget_type=\"heading.default\">\n\t\t\t\t<div class=\"elementor-widget-container\">\n\t\t\t\t\t<h2 class=\"elementor-heading-title elementor-size-default\">Description<\/h2>\t\t\t\t<\/div>\n\t\t\t\t<\/div>\n\t\t\t\t<div class=\"elementor-element elementor-element-662a1503 elementor-widget elementor-widget-text-editor\" data-id=\"662a1503\" data-element_type=\"widget\" data-e-type=\"widget\" data-widget_type=\"text-editor.default\">\n\t\t\t\t<div class=\"elementor-widget-container\">\n\t\t\t\t\t\t\t\t\t<p>Galp est une entreprise portugaise du secteur de l'\u00e9nergie qui propose une offre compl\u00e8te comprenant des produits p\u00e9troliers, du gaz naturel, de l'\u00e9lectricit\u00e9, des solutions multi-\u00e9nergies et des services de proximit\u00e9. Op\u00e9rant sur l'ensemble de la cha\u00eene de valeur, de l'exploration et de la production \u00e0 la distribution, Galp a renforc\u00e9 son engagement en faveur de la transition \u00e9nerg\u00e9tique, en s'engageant r\u00e9solument en faveur de la durabilit\u00e9, de l'innovation et de l'efficacit\u00e9, en d\u00e9veloppant des solutions \u00e9nerg\u00e9tiques qui contribuent \u00e0 un avenir plus propre et plus responsable.<\/p>\t\t\t\t\t\t\t\t<\/div>\n\t\t\t\t<\/div>\n\t\t\t\t\t<\/div>\n\t\t\t\t<\/div>\n\t\t<div class=\"elementor-element elementor-element-4837c5e0 condicoes e-flex e-con-boxed e-con e-parent\" data-id=\"4837c5e0\" data-element_type=\"container\" data-e-type=\"container\">\n\t\t\t\t\t<div class=\"e-con-inner\">\n\t\t\t\t<div class=\"elementor-element elementor-element-331d11d elementor-widget elementor-widget-heading\" data-id=\"331d11d\" data-element_type=\"widget\" data-e-type=\"widget\" data-widget_type=\"heading.default\">\n\t\t\t\t<div class=\"elementor-widget-container\">\n\t\t\t\t\t<h2 class=\"elementor-heading-title elementor-size-default\">Conditions<\/h2>\t\t\t\t<\/div>\n\t\t\t\t<\/div>\n\t\t\t\t<div class=\"elementor-element elementor-element-557af424 elementor-widget elementor-widget-text-editor\" data-id=\"557af424\" data-element_type=\"widget\" data-e-type=\"widget\" data-widget_type=\"text-editor.default\">\n\t\t\t\t<div class=\"elementor-widget-container\">\n\t\t\t\t\t\t\t\t\t<div class=\"ewa-rteLine\"><div class=\"ewa-rteLine\"><div class=\"x_elementToProof\" data-ogsc=\"rgb(0, 0, 0)\" data-olk-copy-source=\"MessageBody\">Les r\u00e9ductions offertes par le partenariat entre Galp et l'Ordre des physioth\u00e9rapeutes comprennent : des plans d'\u00e9nergie \u00e0 prix r\u00e9duit, des avantages en mati\u00e8re de mobilit\u00e9 \u00e9lectrique, des bouteilles de GPL, des offres de bienvenue exclusives et des offres de partenaires telles que des r\u00e9ductions sur les trajets Uber et les repas Uber Eats.<\/div><div data-ogsc=\"rgb(0, 0, 0)\">Pour souscrire \u00e0 la carte GALP+, entrez\u00a0<span data-ogsc=\"rgb(70, 120, 134)\"><u data-ogsc=\"\"><a id=\"OWAc226633a-e3eb-08c9-caff-9008ce0a1351\" class=\"x_OWAAutoLink\" title=\"https:\/\/cartoes.galp.com\/adesao\/GalpMaisOrdemFisio\" href=\"https:\/\/cartoes.galp.com\/adesao\/GalpMaisOrdemFisio\" target=\"_blank\" rel=\"noopener\" data-auth=\"NotApplicable\" data-linkindex=\"0\" data-ogsc=\"rgb(70, 120, 134)\">ici<\/a><\/u><\/span>\u00a0et pour recevoir votre offre exclusive, contactez\u00a0<a href=\"https:\/\/casa.galp.pt\/\" target=\"_blank\" rel=\"noopener\"><span data-ogsc=\"rgb(70, 120, 134)\"><u data-ogsc=\"\">casa.galp.pt<\/u><\/span><\/a>\u00a0et utilisez le code promotionnel : galpordemfisio30 ou galpordemfisio60.<\/div><\/div><\/div>\t\t\t\t\t\t\t\t<\/div>\n\t\t\t\t<\/div>\n\t\t<div class=\"elementor-element elementor-element-57619b8 e-grid e-con-full e-con e-child\" data-id=\"57619b8\" data-element_type=\"container\" data-e-type=\"container\">\n\t\t\t\t<div class=\"elementor-element elementor-element-2722226 elementor-widget elementor-widget-image\" data-id=\"2722226\" data-element_type=\"widget\" data-e-type=\"widget\" data-widget_type=\"image.default\">\n\t\t\t\t<div class=\"elementor-widget-container\">\n\t\t\t\t\t\t\t\t\t\t\t\t\t\t\t<img fetchpriority=\"high\" decoding=\"async\" width=\"676\" height=\"1024\" src=\"https:\/\/ordemdosfisioterapeutas.pt\/wp-content\/uploads\/2025\/07\/A4_OrdemFisioterapeutas-1-676x1024.png\" class=\"attachment-large size-large wp-image-10838\" alt=\"\" srcset=\"https:\/\/ordemdosfisioterapeutas.pt\/wp-content\/uploads\/2025\/07\/A4_OrdemFisioterapeutas-1-676x1024.png 676w, https:\/\/ordemdosfisioterapeutas.pt\/wp-content\/uploads\/2025\/07\/A4_OrdemFisioterapeutas-1-198x300.png 198w, https:\/\/ordemdosfisioterapeutas.pt\/wp-content\/uploads\/2025\/07\/A4_OrdemFisioterapeutas-1-768x1164.png 768w, https:\/\/ordemdosfisioterapeutas.pt\/wp-content\/uploads\/2025\/07\/A4_OrdemFisioterapeutas-1-8x12.png 8w, https:\/\/ordemdosfisioterapeutas.pt\/wp-content\/uploads\/2025\/07\/A4_OrdemFisioterapeutas-1.png 800w\" sizes=\"(max-width: 676px) 100vw, 676px\" \/>\t\t\t\t\t\t\t\t\t\t\t\t\t\t\t<\/div>\n\t\t\t\t<\/div>\n\t\t\t\t<div class=\"elementor-element elementor-element-093705f elementor-widget elementor-widget-image\" data-id=\"093705f\" data-element_type=\"widget\" data-e-type=\"widget\" data-widget_type=\"image.default\">\n\t\t\t\t<div class=\"elementor-widget-container\">\n\t\t\t\t\t\t\t\t\t\t\t\t\t\t\t<img decoding=\"async\" width=\"662\" height=\"1024\" src=\"https:\/\/ordemdosfisioterapeutas.pt\/wp-content\/uploads\/2025\/07\/A4_OrdemFisioterapeutas-2-662x1024.png\" class=\"attachment-large size-large wp-image-10839\" alt=\"\" srcset=\"https:\/\/ordemdosfisioterapeutas.pt\/wp-content\/uploads\/2025\/07\/A4_OrdemFisioterapeutas-2-662x1024.png 662w, https:\/\/ordemdosfisioterapeutas.pt\/wp-content\/uploads\/2025\/07\/A4_OrdemFisioterapeutas-2-194x300.png 194w, https:\/\/ordemdosfisioterapeutas.pt\/wp-content\/uploads\/2025\/07\/A4_OrdemFisioterapeutas-2-768x1188.png 768w, https:\/\/ordemdosfisioterapeutas.pt\/wp-content\/uploads\/2025\/07\/A4_OrdemFisioterapeutas-2-8x12.png 8w, https:\/\/ordemdosfisioterapeutas.pt\/wp-content\/uploads\/2025\/07\/A4_OrdemFisioterapeutas-2.png 800w\" sizes=\"(max-width: 662px) 100vw, 662px\" \/>\t\t\t\t\t\t\t\t\t\t\t\t\t\t\t<\/div>\n\t\t\t\t<\/div>\n\t\t\t\t<\/div>\n\t\t\t\t\t<\/div>\n\t\t\t\t<\/div>\n\t\t<div class=\"elementor-element elementor-element-9063abe condicoes-btn e-flex e-con-boxed e-con e-parent\" data-id=\"9063abe\" data-element_type=\"container\" data-e-type=\"container\">\n\t\t\t\t\t<div class=\"e-con-inner\">\n\t\t\t\t<div class=\"elementor-element elementor-element-a463a44 elementor-align-right elementor-mobile-align-center elementor-widget elementor-widget-button\" data-id=\"a463a44\" data-element_type=\"widget\" data-e-type=\"widget\" data-widget_type=\"button.default\">\n\t\t\t\t<div class=\"elementor-widget-container\">\n\t\t\t\t\t\t\t\t\t<div class=\"elementor-button-wrapper\">\n\t\t\t\t\t<a class=\"elementor-button elementor-button-link elementor-size-xs\" href=\"https:\/\/portal.ordemdosfisioterapeutas.pt\/of-auth\/?app_ref=e985d1b30a025a19af003c638a7f64a2\" target=\"_blank\">\n\t\t\t\t\t\t<span class=\"elementor-button-content-wrapper\">\n\t\t\t\t\t\t\t\t\t<span class=\"elementor-button-text\">Conna\u00eetre les conditions<\/span>\n\t\t\t\t\t<\/span>\n\t\t\t\t\t<\/a>\n\t\t\t\t<\/div>\n\t\t\t\t\t\t\t\t<\/div>\n\t\t\t\t<\/div>\n\t\t\t\t\t<\/div>\n\t\t\t\t<\/div>\n\t\t<div class=\"elementor-element elementor-element-85ea345 e-flex e-con-boxed e-con e-parent\" data-id=\"85ea345\" data-element_type=\"container\" data-e-type=\"container\">\n\t\t\t\t\t<div class=\"e-con-inner\">\n\t\t\t\t<div class=\"elementor-element elementor-element-36e0bd3 elementor-align-right elementor-mobile-align-center elementor-widget elementor-widget-button\" data-id=\"36e0bd3\" data-element_type=\"widget\" data-e-type=\"widget\" data-widget_type=\"button.default\">\n\t\t\t\t<div class=\"elementor-widget-container\">\n\t\t\t\t\t\t\t\t\t<div class=\"elementor-button-wrapper\">\n\t\t\t\t\t<a class=\"elementor-button elementor-button-link elementor-size-xs\" href=\"https:\/\/ordemdosfisioterapeutas.pt\/fr\/parcerias\/\">\n\t\t\t\t\t\t<span class=\"elementor-button-content-wrapper\">\n\t\t\t\t\t\t\t\t\t<span class=\"elementor-button-text\">Retour<\/span>\n\t\t\t\t\t<\/span>\n\t\t\t\t\t<\/a>\n\t\t\t\t<\/div>\n\t\t\t\t\t\t\t\t<\/div>\n\t\t\t\t<\/div>\n\t\t\t\t\t<\/div>\n\t\t\t\t<\/div>\n\t\t\t\t<\/div>","protected":false},"excerpt":{"rendered":"<p>Descri\u00e7\u00e3o A Galp \u00e9 uma empresa portuguesa de energia, com uma oferta abrangente que inclui produtos petrol\u00edferos, g\u00e1s natural, eletricidade, solu\u00e7\u00f5es multienergia e servi\u00e7os de conveni\u00eancia. Atuando ao longo de toda a cadeia de valor, desde a explora\u00e7\u00e3o e produ\u00e7\u00e3o at\u00e9 \u00e0 distribui\u00e7\u00e3o, a Galp tem vindo a refor\u00e7ar a aposta na transi\u00e7\u00e3o energ\u00e9tica, com &#8230; <a title=\"Galp\" class=\"read-more\" href=\"https:\/\/ordemdosfisioterapeutas.pt\/fr\/galp\/\" aria-label=\"En savoir plus sur Galp\">En savoir plus<\/a><\/p>","protected":false},"author":1,"featured_media":0,"parent":0,"menu_order":0,"comment_status":"closed","ping_status":"closed","template":"","meta":{"footnotes":""},"class_list":["post-10678","page","type-page","status-publish"],"_links":{"self":[{"href":"https:\/\/ordemdosfisioterapeutas.pt\/fr\/wp-json\/wp\/v2\/pages\/10678","targetHints":{"allow":["GET"]}}],"collection":[{"href":"https:\/\/ordemdosfisioterapeutas.pt\/fr\/wp-json\/wp\/v2\/pages"}],"about":[{"href":"https:\/\/ordemdosfisioterapeutas.pt\/fr\/wp-json\/wp\/v2\/types\/page"}],"author":[{"embeddable":true,"href":"https:\/\/ordemdosfisioterapeutas.pt\/fr\/wp-json\/wp\/v2\/users\/1"}],"replies":[{"embeddable":true,"href":"https:\/\/ordemdosfisioterapeutas.pt\/fr\/wp-json\/wp\/v2\/comments?post=10678"}],"version-history":[{"count":0,"href":"https:\/\/ordemdosfisioterapeutas.pt\/fr\/wp-json\/wp\/v2\/pages\/10678\/revisions"}],"wp:attachment":[{"href":"https:\/\/ordemdosfisioterapeutas.pt\/fr\/wp-json\/wp\/v2\/media?parent=10678"}],"curies":[{"name":"wp","href":"https:\/\/api.w.org\/{rel}","templated":true}]}}