{"id":10672,"date":"2025-07-06T19:34:52","date_gmt":"2025-07-06T18:34:52","guid":{"rendered":"https:\/\/ordemdosfisioterapeutas.pt\/?page_id=10672"},"modified":"2025-08-16T10:56:06","modified_gmt":"2025-08-16T09:56:06","slug":"cp","status":"publish","type":"page","link":"https:\/\/ordemdosfisioterapeutas.pt\/fr\/cp\/","title":{"rendered":"CP"},"content":{"rendered":"<div data-elementor-type=\"wp-page\" data-elementor-id=\"10672\" class=\"elementor elementor-10672\" data-elementor-post-type=\"page\">\n\t\t\t\t<div class=\"elementor-element elementor-element-7fee75cb e-grid e-con-boxed e-con e-parent\" data-id=\"7fee75cb\" data-element_type=\"container\" data-e-type=\"container\">\n\t\t\t\t\t<div class=\"e-con-inner\">\n\t\t\t\t<div class=\"elementor-element elementor-element-3d0a875e elementor-widget elementor-widget-image\" data-id=\"3d0a875e\" data-element_type=\"widget\" data-e-type=\"widget\" data-widget_type=\"image.default\">\n\t\t\t\t<div class=\"elementor-widget-container\">\n\t\t\t\t\t\t\t\t\t\t\t\t\t\t\t<img decoding=\"async\" src=\"https:\/\/ordemdosfisioterapeutas.pt\/wp-content\/uploads\/elementor\/thumbs\/logo__0005_CP-r8deyk2ynkoc7yne30lto2hyngeaflyil8f5ovcqgw.png\" title=\"logo__0005_CP.png\" alt=\"logo__0005_CP.png\" loading=\"lazy\" \/>\t\t\t\t\t\t\t\t\t\t\t\t\t\t\t<\/div>\n\t\t\t\t<\/div>\n\t\t\t\t<div class=\"elementor-element elementor-element-264c89a9 elementor-widget elementor-widget-image\" data-id=\"264c89a9\" data-element_type=\"widget\" data-e-type=\"widget\" data-widget_type=\"image.default\">\n\t\t\t\t<div class=\"elementor-widget-container\">\n\t\t\t\t\t\t\t\t\t\t\t\t\t\t\t<img decoding=\"async\" src=\"https:\/\/ordemdosfisioterapeutas.pt\/wp-content\/uploads\/elementor\/thumbs\/parcerias-r1e5sfsz0l2px9fc2vf1dqmethbbh5ts4btblfpj40.png\" title=\"partenariats.png\" alt=\"parcerias.png\" loading=\"lazy\" \/>\t\t\t\t\t\t\t\t\t\t\t\t\t\t\t<\/div>\n\t\t\t\t<\/div>\n\t\t\t\t\t<\/div>\n\t\t\t\t<\/div>\n\t\t<div class=\"elementor-element elementor-element-7ec7a0c9 e-flex e-con-boxed e-con e-parent\" data-id=\"7ec7a0c9\" data-element_type=\"container\" data-e-type=\"container\">\n\t\t\t\t\t<div class=\"e-con-inner\">\n\t\t\t\t<div class=\"elementor-element elementor-element-396776fd elementor-widget elementor-widget-heading\" data-id=\"396776fd\" data-element_type=\"widget\" data-e-type=\"widget\" data-widget_type=\"heading.default\">\n\t\t\t\t<div class=\"elementor-widget-container\">\n\t\t\t\t\t<h2 class=\"elementor-heading-title elementor-size-default\">Description<\/h2>\t\t\t\t<\/div>\n\t\t\t\t<\/div>\n\t\t\t\t<div class=\"elementor-element elementor-element-91cba87 elementor-widget elementor-widget-text-editor\" data-id=\"91cba87\" data-element_type=\"widget\" data-e-type=\"widget\" data-widget_type=\"text-editor.default\">\n\t\t\t\t<div class=\"elementor-widget-container\">\n\t\t\t\t\t\t\t\t\t<p>CP - Comboios de Portugal est le principal transporteur terrestre de passagers au Portugal, offrant une large gamme de services allant des liaisons urbaines aux itin\u00e9raires longue distance. Avec plus de 160 ans d'histoire, CP continue d'innover en se concentrant sur la durabilit\u00e9, la modernisation et l'excellence du service. L'entreprise se distingue par son engagement \u00e0 pr\u00e9server l'environnement et \u00e0 renforcer la mobilit\u00e9 nationale.<\/p>\t\t\t\t\t\t\t\t<\/div>\n\t\t\t\t<\/div>\n\t\t\t\t\t<\/div>\n\t\t\t\t<\/div>\n\t\t<div class=\"elementor-element elementor-element-38eb8d1 condicoes e-flex e-con-boxed e-con e-parent\" data-id=\"38eb8d1\" data-element_type=\"container\" data-e-type=\"container\">\n\t\t\t\t\t<div class=\"e-con-inner\">\n\t\t\t\t<div class=\"elementor-element elementor-element-50820fc9 elementor-widget elementor-widget-heading\" data-id=\"50820fc9\" data-element_type=\"widget\" data-e-type=\"widget\" data-widget_type=\"heading.default\">\n\t\t\t\t<div class=\"elementor-widget-container\">\n\t\t\t\t\t<h2 class=\"elementor-heading-title elementor-size-default\">Conditions<\/h2>\t\t\t\t<\/div>\n\t\t\t\t<\/div>\n\t\t\t\t<div class=\"elementor-element elementor-element-119e6b91 elementor-widget elementor-widget-text-editor\" data-id=\"119e6b91\" data-element_type=\"widget\" data-e-type=\"widget\" data-widget_type=\"text-editor.default\">\n\t\t\t\t<div class=\"elementor-widget-container\">\n\t\t\t\t\t\t\t\t\t<p>- R\u00e9duction de 15% sur les prix uniques CP, applicable aux billets de classe confort (Alfa Pendular) ou de 1\u00e8re classe (Intercidades). <br \/>Valable pour les membres et les employ\u00e9s.<br \/>Dans la limite des places disponibles sur les trains Alfa Pendular et Intercidades. <br \/>Le prix du billet est arrondi au centime sup\u00e9rieur. <br \/>La r\u00e9duction est appliqu\u00e9e au moment de l'achat du billet et n'est pas cumulable avec d'autres r\u00e9ductions.<br \/><br \/>Acc\u00e8s \u00e0 la prestation :<\/p><p>Les billets peuvent \u00eatre achet\u00e9s de la mani\u00e8re suivante : <br \/>1. Aux guichets des gares qui vendent des billets Alfa Pendular et Intercidades - Pour ce faire, le demandeur doit pr\u00e9senter la carte professionnelle de l'Ordre des kin\u00e9sith\u00e9rapeutes aux guichets. <br \/>2. Via l'internet (site web ou app du CP) - Pour ce faire, le demandeur doit utiliser le code de r\u00e9duction \"33969\".<br \/>3. Par l'interm\u00e9diaire des distributeurs automatiques dans les gares. <br \/>4. Par l'interm\u00e9diaire d'agences de voyage accr\u00e9dit\u00e9es pour la vente de billets CP et pr\u00e9alablement autoris\u00e9es \u00e0 \u00e9mettre des billets \u00e0 tarif r\u00e9duit \"ORDEM FISIOTERAPEUTAS\". Le membre de l'Ordre des physioth\u00e9rapeutes doit indiquer qu'il s'agit d'un billet dans le cadre du protocole sign\u00e9 avec le CP et doit indiquer le nom du client qui voyage. <br \/><br \/>Pendant le voyage, il est obligatoire de pr\u00e9senter la carte professionnelle de l'Ordre des kin\u00e9sith\u00e9rapeutes et un document prouvant votre identit\u00e9, si cela vous est demand\u00e9.<\/p>\t\t\t\t\t\t\t\t<\/div>\n\t\t\t\t<\/div>\n\t\t\t\t\t<\/div>\n\t\t\t\t<\/div>\n\t\t<div class=\"elementor-element elementor-element-b9f6b39 condicoes-btn e-flex e-con-boxed e-con e-parent\" data-id=\"b9f6b39\" data-element_type=\"container\" data-e-type=\"container\">\n\t\t\t\t\t<div class=\"e-con-inner\">\n\t\t\t\t<div class=\"elementor-element elementor-element-44316e3 elementor-align-right elementor-mobile-align-center elementor-widget elementor-widget-button\" data-id=\"44316e3\" data-element_type=\"widget\" data-e-type=\"widget\" data-widget_type=\"button.default\">\n\t\t\t\t<div class=\"elementor-widget-container\">\n\t\t\t\t\t\t\t\t\t<div class=\"elementor-button-wrapper\">\n\t\t\t\t\t<a class=\"elementor-button elementor-button-link elementor-size-xs\" href=\"https:\/\/portal.ordemdosfisioterapeutas.pt\/of-auth\/?app_ref=e985d1b30a025a19af003c638a7f64a2\" target=\"_blank\">\n\t\t\t\t\t\t<span class=\"elementor-button-content-wrapper\">\n\t\t\t\t\t\t\t\t\t<span class=\"elementor-button-text\">Conna\u00eetre les conditions<\/span>\n\t\t\t\t\t<\/span>\n\t\t\t\t\t<\/a>\n\t\t\t\t<\/div>\n\t\t\t\t\t\t\t\t<\/div>\n\t\t\t\t<\/div>\n\t\t\t\t\t<\/div>\n\t\t\t\t<\/div>\n\t\t<div class=\"elementor-element elementor-element-a97dc5d e-flex e-con-boxed e-con e-parent\" data-id=\"a97dc5d\" data-element_type=\"container\" data-e-type=\"container\">\n\t\t\t\t\t<div class=\"e-con-inner\">\n\t\t\t\t<div class=\"elementor-element elementor-element-ad5c61a elementor-align-right elementor-mobile-align-center elementor-widget elementor-widget-button\" data-id=\"ad5c61a\" data-element_type=\"widget\" data-e-type=\"widget\" data-widget_type=\"button.default\">\n\t\t\t\t<div class=\"elementor-widget-container\">\n\t\t\t\t\t\t\t\t\t<div class=\"elementor-button-wrapper\">\n\t\t\t\t\t<a class=\"elementor-button elementor-button-link elementor-size-xs\" href=\"https:\/\/ordemdosfisioterapeutas.pt\/fr\/parcerias\/\">\n\t\t\t\t\t\t<span class=\"elementor-button-content-wrapper\">\n\t\t\t\t\t\t\t\t\t<span class=\"elementor-button-text\">Retour<\/span>\n\t\t\t\t\t<\/span>\n\t\t\t\t\t<\/a>\n\t\t\t\t<\/div>\n\t\t\t\t\t\t\t\t<\/div>\n\t\t\t\t<\/div>\n\t\t\t\t\t<\/div>\n\t\t\t\t<\/div>\n\t\t\t\t<\/div>","protected":false},"excerpt":{"rendered":"<p>Descri\u00e7\u00e3o A CP \u2013 Comboios de Portugal \u00e9 o principal transportador terrestre de passageiros em Portugal, oferecendo uma vasta gama de servi\u00e7os que v\u00e3o desde liga\u00e7\u00f5es urbanas a rotas de longa dist\u00e2ncia. Com mais de 160 anos de hist\u00f3ria, a CP continua a inovar, focando-se na sustentabilidade, na moderniza\u00e7\u00e3o e na excel\u00eancia do servi\u00e7o. A &#8230; <a title=\"CP\" class=\"read-more\" href=\"https:\/\/ordemdosfisioterapeutas.pt\/fr\/cp\/\" aria-label=\"En savoir plus sur CP\">En savoir plus<\/a><\/p>","protected":false},"author":1,"featured_media":0,"parent":0,"menu_order":0,"comment_status":"closed","ping_status":"closed","template":"","meta":{"footnotes":""},"class_list":["post-10672","page","type-page","status-publish"],"_links":{"self":[{"href":"https:\/\/ordemdosfisioterapeutas.pt\/fr\/wp-json\/wp\/v2\/pages\/10672","targetHints":{"allow":["GET"]}}],"collection":[{"href":"https:\/\/ordemdosfisioterapeutas.pt\/fr\/wp-json\/wp\/v2\/pages"}],"about":[{"href":"https:\/\/ordemdosfisioterapeutas.pt\/fr\/wp-json\/wp\/v2\/types\/page"}],"author":[{"embeddable":true,"href":"https:\/\/ordemdosfisioterapeutas.pt\/fr\/wp-json\/wp\/v2\/users\/1"}],"replies":[{"embeddable":true,"href":"https:\/\/ordemdosfisioterapeutas.pt\/fr\/wp-json\/wp\/v2\/comments?post=10672"}],"version-history":[{"count":1,"href":"https:\/\/ordemdosfisioterapeutas.pt\/fr\/wp-json\/wp\/v2\/pages\/10672\/revisions"}],"predecessor-version":[{"id":11897,"href":"https:\/\/ordemdosfisioterapeutas.pt\/fr\/wp-json\/wp\/v2\/pages\/10672\/revisions\/11897"}],"wp:attachment":[{"href":"https:\/\/ordemdosfisioterapeutas.pt\/fr\/wp-json\/wp\/v2\/media?parent=10672"}],"curies":[{"name":"wp","href":"https:\/\/api.w.org\/{rel}","templated":true}]}}