{"id":10667,"date":"2025-07-06T19:24:59","date_gmt":"2025-07-06T18:24:59","guid":{"rendered":"https:\/\/ordemdosfisioterapeutas.pt\/?page_id=10667"},"modified":"2025-08-16T11:06:58","modified_gmt":"2025-08-16T10:06:58","slug":"top-atlantico","status":"publish","type":"page","link":"https:\/\/ordemdosfisioterapeutas.pt\/fr\/top-atlantico\/","title":{"rendered":"Haut de l'Atlantique"},"content":{"rendered":"<div data-elementor-type=\"wp-page\" data-elementor-id=\"10667\" class=\"elementor elementor-10667\" data-elementor-post-type=\"page\">\n\t\t\t\t<div class=\"elementor-element elementor-element-61948ab2 e-grid e-con-boxed e-con e-parent\" data-id=\"61948ab2\" data-element_type=\"container\" data-e-type=\"container\">\n\t\t\t\t\t<div class=\"e-con-inner\">\n\t\t\t\t<div class=\"elementor-element elementor-element-d5a7cbf elementor-widget elementor-widget-image\" data-id=\"d5a7cbf\" data-element_type=\"widget\" data-e-type=\"widget\" data-widget_type=\"image.default\">\n\t\t\t\t<div class=\"elementor-widget-container\">\n\t\t\t\t\t\t\t\t\t\t\t\t\t\t\t<img decoding=\"async\" src=\"https:\/\/ordemdosfisioterapeutas.pt\/wp-content\/uploads\/elementor\/thumbs\/imagem-CARD_TA-r1e64zxcbw9cteigkricxim4cw6romp2vquyf1tou8.png\" title=\"image-CARD_TA.png\" alt=\"imagem-CARD_TA.png\" loading=\"lazy\" \/>\t\t\t\t\t\t\t\t\t\t\t\t\t\t\t<\/div>\n\t\t\t\t<\/div>\n\t\t\t\t<div class=\"elementor-element elementor-element-31c9b2f3 elementor-widget elementor-widget-image\" data-id=\"31c9b2f3\" data-element_type=\"widget\" data-e-type=\"widget\" data-widget_type=\"image.default\">\n\t\t\t\t<div class=\"elementor-widget-container\">\n\t\t\t\t\t\t\t\t\t\t\t\t\t\t\t<img decoding=\"async\" src=\"https:\/\/ordemdosfisioterapeutas.pt\/wp-content\/uploads\/elementor\/thumbs\/parcerias-r1e5sfsz0l2px9fc2vf1dqmethbbh5ts4btblfpj40.png\" title=\"partenariats.png\" alt=\"parcerias.png\" loading=\"lazy\" \/>\t\t\t\t\t\t\t\t\t\t\t\t\t\t\t<\/div>\n\t\t\t\t<\/div>\n\t\t\t\t\t<\/div>\n\t\t\t\t<\/div>\n\t\t<div class=\"elementor-element elementor-element-78293535 e-flex e-con-boxed e-con e-parent\" data-id=\"78293535\" data-element_type=\"container\" data-e-type=\"container\">\n\t\t\t\t\t<div class=\"e-con-inner\">\n\t\t\t\t<div class=\"elementor-element elementor-element-28a93f3a elementor-widget elementor-widget-heading\" data-id=\"28a93f3a\" data-element_type=\"widget\" data-e-type=\"widget\" data-widget_type=\"heading.default\">\n\t\t\t\t<div class=\"elementor-widget-container\">\n\t\t\t\t\t<h2 class=\"elementor-heading-title elementor-size-default\">Description<\/h2>\t\t\t\t<\/div>\n\t\t\t\t<\/div>\n\t\t\t\t<div class=\"elementor-element elementor-element-2a16c3a1 elementor-widget elementor-widget-text-editor\" data-id=\"2a16c3a1\" data-element_type=\"widget\" data-e-type=\"widget\" data-widget_type=\"text-editor.default\">\n\t\t\t\t<div class=\"elementor-widget-container\">\n\t\t\t\t\t\t\t\t\t<p>Top Atl\u00e2ntico est une agence de voyage de premier plan sur le march\u00e9 portugais. Elle propose une gamme compl\u00e8te de produits et de services de voyage de haute qualit\u00e9. Avec plus de 20 ans d'exp\u00e9rience, elle a \u00e9tabli une forte pr\u00e9sence sur le march\u00e9 et op\u00e8re dans diff\u00e9rents segments : Loisirs, Affaires et Niches telles que le tourisme religieux, les voyages d'aventure, entre autres.<\/p><p>En plus de la boutique de service pr\u00e9f\u00e9rentiel \u00e0 l'Ordre des kin\u00e9sith\u00e9rapeutes d\u00e9crite dans les contacts, nous disposons d'un r\u00e9seau de 55 boutiques accessibles \u00e0 tous les membres de l'Ordre.<\/p>\t\t\t\t\t\t\t\t<\/div>\n\t\t\t\t<\/div>\n\t\t\t\t\t<\/div>\n\t\t\t\t<\/div>\n\t\t<div class=\"elementor-element elementor-element-696767b2 condicoes e-flex e-con-boxed e-con e-parent\" data-id=\"696767b2\" data-element_type=\"container\" data-e-type=\"container\">\n\t\t\t\t\t<div class=\"e-con-inner\">\n\t\t\t\t<div class=\"elementor-element elementor-element-3ac5b6bd elementor-widget elementor-widget-heading\" data-id=\"3ac5b6bd\" data-element_type=\"widget\" data-e-type=\"widget\" data-widget_type=\"heading.default\">\n\t\t\t\t<div class=\"elementor-widget-container\">\n\t\t\t\t\t<h2 class=\"elementor-heading-title elementor-size-default\">Conditions<\/h2>\t\t\t\t<\/div>\n\t\t\t\t<\/div>\n\t\t\t\t<div class=\"elementor-element elementor-element-123223aa elementor-widget elementor-widget-text-editor\" data-id=\"123223aa\" data-element_type=\"widget\" data-e-type=\"widget\" data-widget_type=\"text-editor.default\">\n\t\t\t\t<div class=\"elementor-widget-container\">\n\t\t\t\t\t\t\t\t\t<p>- 6% r\u00e9duction sur les programmes des voyagistes ; <br \/>- R\u00e9duction de 6% sur la programmation interne ;<br \/>- R\u00e9duction de 5% sur les h\u00e9bergements ind\u00e9pendants ;<br \/>- 5% r\u00e9duction sur la location de voiture ;<br \/>- Remise de 50% sur les frais de service (tableau en vigueur).<\/p><p>Notes :<br \/>Les r\u00e9ductions sont toujours calcul\u00e9es hors taxes et suppl\u00e9ments ;<br \/>Non cumulable avec d'autres r\u00e9ductions, offres promotionnelles ou campagnes ;<br \/>Ils ne permettent pas le paiement par carte de cr\u00e9dit ;<\/p><p>Acc\u00e8s \u00e0 la prestation :<\/p><p>Vous pouvez profiter de ces conditions sp\u00e9ciales dans les magasins Top Atl\u00e2ntico.<br \/>Les membres doivent pr\u00e9senter la carte professionnelle de l'Ordre des physioth\u00e9rapeutes, tandis que les employ\u00e9s doivent pr\u00e9senter une preuve d'emploi (par exemple, une fiche de paie).<\/p>\t\t\t\t\t\t\t\t<\/div>\n\t\t\t\t<\/div>\n\t\t\t\t\t<\/div>\n\t\t\t\t<\/div>\n\t\t<div class=\"elementor-element elementor-element-72542dd condicoes-btn e-flex e-con-boxed e-con e-parent\" data-id=\"72542dd\" data-element_type=\"container\" data-e-type=\"container\">\n\t\t\t\t\t<div class=\"e-con-inner\">\n\t\t\t\t<div class=\"elementor-element elementor-element-0b91089 elementor-align-right elementor-mobile-align-center elementor-widget elementor-widget-button\" data-id=\"0b91089\" data-element_type=\"widget\" data-e-type=\"widget\" data-widget_type=\"button.default\">\n\t\t\t\t<div class=\"elementor-widget-container\">\n\t\t\t\t\t\t\t\t\t<div class=\"elementor-button-wrapper\">\n\t\t\t\t\t<a class=\"elementor-button elementor-button-link elementor-size-xs\" href=\"https:\/\/portal.ordemdosfisioterapeutas.pt\/of-auth\/?app_ref=e985d1b30a025a19af003c638a7f64a2\" target=\"_blank\">\n\t\t\t\t\t\t<span class=\"elementor-button-content-wrapper\">\n\t\t\t\t\t\t\t\t\t<span class=\"elementor-button-text\">Conna\u00eetre les conditions<\/span>\n\t\t\t\t\t<\/span>\n\t\t\t\t\t<\/a>\n\t\t\t\t<\/div>\n\t\t\t\t\t\t\t\t<\/div>\n\t\t\t\t<\/div>\n\t\t\t\t\t<\/div>\n\t\t\t\t<\/div>\n\t\t<div class=\"elementor-element elementor-element-2d265738 e-flex e-con-boxed e-con e-parent\" data-id=\"2d265738\" data-element_type=\"container\" data-e-type=\"container\">\n\t\t\t\t\t<div class=\"e-con-inner\">\n\t\t\t\t<div class=\"elementor-element elementor-element-3cc8b6ab elementor-widget elementor-widget-heading\" data-id=\"3cc8b6ab\" data-element_type=\"widget\" data-e-type=\"widget\" data-widget_type=\"heading.default\">\n\t\t\t\t<div class=\"elementor-widget-container\">\n\t\t\t\t\t<h2 class=\"elementor-heading-title elementor-size-default\">Contactez nous<\/h2>\t\t\t\t<\/div>\n\t\t\t\t<\/div>\n\t\t\t\t<div class=\"elementor-element elementor-element-979930a elementor-widget elementor-widget-text-editor\" data-id=\"979930a\" data-element_type=\"widget\" data-e-type=\"widget\" data-widget_type=\"text-editor.default\">\n\t\t\t\t<div class=\"elementor-widget-container\">\n\t\t\t\t\t\t\t\t\t<p>Service pr\u00e9f\u00e9rentiel au Top Atl\u00e2ntico :<\/p><p>Top Atl\u00e2ntico Marqu\u00eas de Pombal<\/p><p>Rua Mouzinho da Silveira, 24 - Boutique<\/p><p>1250-167 Lisbonne Portugal<\/p><p>Tel : +351 213108800<br \/>E-mail : <span style=\"text-decoration: underline;\"><a href=\"mailto:marques.pombal@topatlantico.com\">marques.pombal@topatlantico.com<\/a><\/span><\/p>\t\t\t\t\t\t\t\t<\/div>\n\t\t\t\t<\/div>\n\t\t\t\t\t<\/div>\n\t\t\t\t<\/div>\n\t\t<div class=\"elementor-element elementor-element-7ae424a e-flex e-con-boxed e-con e-parent\" data-id=\"7ae424a\" data-element_type=\"container\" data-e-type=\"container\">\n\t\t\t\t\t<div class=\"e-con-inner\">\n\t\t\t\t<div class=\"elementor-element elementor-element-0b11880 elementor-align-right elementor-mobile-align-center elementor-widget elementor-widget-button\" data-id=\"0b11880\" data-element_type=\"widget\" data-e-type=\"widget\" data-widget_type=\"button.default\">\n\t\t\t\t<div class=\"elementor-widget-container\">\n\t\t\t\t\t\t\t\t\t<div class=\"elementor-button-wrapper\">\n\t\t\t\t\t<a class=\"elementor-button elementor-button-link elementor-size-xs\" href=\"https:\/\/ordemdosfisioterapeutas.pt\/fr\/parcerias\/\">\n\t\t\t\t\t\t<span class=\"elementor-button-content-wrapper\">\n\t\t\t\t\t\t\t\t\t<span class=\"elementor-button-text\">Retour<\/span>\n\t\t\t\t\t<\/span>\n\t\t\t\t\t<\/a>\n\t\t\t\t<\/div>\n\t\t\t\t\t\t\t\t<\/div>\n\t\t\t\t<\/div>\n\t\t\t\t\t<\/div>\n\t\t\t\t<\/div>\n\t\t\t\t<\/div>","protected":false},"excerpt":{"rendered":"<p>Descri\u00e7\u00e3o A Top Atl\u00e2ntico \u00e9 uma marca de ag\u00eancias de viagens l\u00edder no mercado portugu\u00eas. Oferece uma gama abrangente de produtos e servi\u00e7os de viagens de elevada qualidade. Com mais de 20 anos de experi\u00eancia, estabeleceram uma forte presen\u00e7a no mercado e operam nos diversos segmentos: Lazer, Neg\u00f3cios e Nichos como Turismo Religioso, Viagens de &#8230; <a title=\"Haut de l&#039;Atlantique\" class=\"read-more\" href=\"https:\/\/ordemdosfisioterapeutas.pt\/fr\/top-atlantico\/\" aria-label=\"En savoir plus sur Top Atl\u00e2ntico\">En savoir plus<\/a><\/p>","protected":false},"author":1,"featured_media":0,"parent":0,"menu_order":0,"comment_status":"closed","ping_status":"closed","template":"","meta":{"footnotes":""},"class_list":["post-10667","page","type-page","status-publish"],"_links":{"self":[{"href":"https:\/\/ordemdosfisioterapeutas.pt\/fr\/wp-json\/wp\/v2\/pages\/10667","targetHints":{"allow":["GET"]}}],"collection":[{"href":"https:\/\/ordemdosfisioterapeutas.pt\/fr\/wp-json\/wp\/v2\/pages"}],"about":[{"href":"https:\/\/ordemdosfisioterapeutas.pt\/fr\/wp-json\/wp\/v2\/types\/page"}],"author":[{"embeddable":true,"href":"https:\/\/ordemdosfisioterapeutas.pt\/fr\/wp-json\/wp\/v2\/users\/1"}],"replies":[{"embeddable":true,"href":"https:\/\/ordemdosfisioterapeutas.pt\/fr\/wp-json\/wp\/v2\/comments?post=10667"}],"version-history":[{"count":0,"href":"https:\/\/ordemdosfisioterapeutas.pt\/fr\/wp-json\/wp\/v2\/pages\/10667\/revisions"}],"wp:attachment":[{"href":"https:\/\/ordemdosfisioterapeutas.pt\/fr\/wp-json\/wp\/v2\/media?parent=10667"}],"curies":[{"name":"wp","href":"https:\/\/api.w.org\/{rel}","templated":true}]}}