{"id":10059,"date":"2025-03-23T15:57:21","date_gmt":"2025-03-23T15:57:21","guid":{"rendered":"https:\/\/ordemdosfisioterapeutas.pt\/?page_id=10059"},"modified":"2025-10-15T10:52:36","modified_gmt":"2025-10-15T09:52:36","slug":"participacao-reclamacao-ou-denuncia","status":"publish","type":"page","link":"https:\/\/ordemdosfisioterapeutas.pt\/fr\/participacao-reclamacao-ou-denuncia\/","title":{"rendered":"Participation, plainte ou d\u00e9nonciation"},"content":{"rendered":"<div data-elementor-type=\"wp-page\" data-elementor-id=\"10059\" class=\"elementor elementor-10059\" data-elementor-post-type=\"page\">\n\t\t\t\t<div class=\"elementor-element elementor-element-377d1538 e-grid e-con-boxed e-con e-parent\" data-id=\"377d1538\" data-element_type=\"container\" data-e-type=\"container\">\n\t\t\t\t\t<div class=\"e-con-inner\">\n\t\t\t\t<div class=\"elementor-element elementor-element-51245273 elementor-widget elementor-widget-image\" data-id=\"51245273\" data-element_type=\"widget\" data-e-type=\"widget\" data-widget_type=\"image.default\">\n\t\t\t\t<div class=\"elementor-widget-container\">\n\t\t\t\t\t\t\t\t\t\t\t\t\t\t\t<img fetchpriority=\"high\" decoding=\"async\" width=\"400\" height=\"266\" src=\"https:\/\/ordemdosfisioterapeutas.pt\/wp-content\/uploads\/2025\/03\/reclamacao_400.png\" class=\"attachment-large size-large wp-image-10061\" alt=\"\" srcset=\"https:\/\/ordemdosfisioterapeutas.pt\/wp-content\/uploads\/2025\/03\/reclamacao_400.png 400w, https:\/\/ordemdosfisioterapeutas.pt\/wp-content\/uploads\/2025\/03\/reclamacao_400-300x200.png 300w, https:\/\/ordemdosfisioterapeutas.pt\/wp-content\/uploads\/2025\/03\/reclamacao_400-18x12.png 18w\" sizes=\"(max-width: 400px) 100vw, 400px\" \/>\t\t\t\t\t\t\t\t\t\t\t\t\t\t\t<\/div>\n\t\t\t\t<\/div>\n\t\t\t\t<div class=\"elementor-element elementor-element-1ef136d9 elementor-widget elementor-widget-text-editor\" data-id=\"1ef136d9\" data-element_type=\"widget\" data-e-type=\"widget\" data-widget_type=\"text-editor.default\">\n\t\t\t\t<div class=\"elementor-widget-container\">\n\t\t\t\t\t\t\t\t\t<p>Utilisez notre formulaire pour signaler toute situation concernant un physioth\u00e9rapeute qui, selon vous, ne respecte pas les normes \u00e9thiques et d\u00e9ontologiques de la profession.<\/p>\t\t\t\t\t\t\t\t<\/div>\n\t\t\t\t<\/div>\n\t\t\t\t\t<\/div>\n\t\t\t\t<\/div>\n\t\t<div class=\"elementor-element elementor-element-213bf2b7 e-flex e-con-boxed e-con e-parent\" data-id=\"213bf2b7\" data-element_type=\"container\" data-e-type=\"container\">\n\t\t\t\t\t<div class=\"e-con-inner\">\n\t\t\t\t<div class=\"elementor-element elementor-element-5a42ca4e elementor-widget elementor-widget-text-editor\" data-id=\"5a42ca4e\" data-element_type=\"widget\" data-e-type=\"widget\" data-widget_type=\"text-editor.default\">\n\t\t\t\t<div class=\"elementor-widget-container\">\n\t\t\t\t\t\t\t\t\t<p><strong>Comment soumettre un rapport, une plainte ou une r\u00e9clamation ?<\/strong><\/p><p>L'Ordre des physioth\u00e9rapeutes dispose d'un Conseil juridictionnel qui, entre autres comp\u00e9tences, peut instruire et juger des proc\u00e9dures disciplinaires \u00e0 l'encontre des membres de l'Ordre. Il existe une proc\u00e9dure d'enregistrement et d'analyse de toutes les plaintes d\u00e9pos\u00e9es, en fonction de leur nature, qui n\u00e9cessite une r\u00e9ponse \u00e0 la personne ou \u00e0 l'entit\u00e9 qui a d\u00e9pos\u00e9 la plainte, ainsi que la saisine correspondante. Si vous souhaitez soumettre un rapport\/une plainte concernant un kin\u00e9sith\u00e9rapeute, veuillez remplir le formulaire disponible.\u00a0<u><a href=\"https:\/\/ordemdosfisioterapeutas.pt\/wp-content\/uploads\/2025\/10\/Formulario-de-Participacao_-Reclamacao_-Denuncia-OF_CJ_14102025.pdf\" target=\"_blank\" rel=\"noopener\">ici<\/a><\/u>\u00a0<em>et l'envoyer \u00e0\u00a0<u><a href=\"mailto:geral@ordemdosfisioterapeutas.pt\">geral@ordemdosfisioterapeutas.pt<\/a><\/u>.<\/em><\/p><p><strong>Autres canaux de signalement<\/strong><\/p><p>1 \u2013 <span style=\"text-decoration: underline;\">Autorit\u00e9 de r\u00e9gulation de la sant\u00e9 (ERS)<\/span><\/p><p>L'ERS a pour mission de r\u00e9guler l'activit\u00e9 des \u00e9tablissements de sant\u00e9 dans les secteurs public, priv\u00e9, coop\u00e9ratif et social. Il a pour mission de contr\u00f4ler l'activit\u00e9 des \u00e9tablissements de sant\u00e9, notamment en ce qui concerne le respect des conditions d'exercice de l'activit\u00e9 et de fonctionnement, y compris l'agr\u00e9ment des \u00e9tablissements, de garantir les droits relatifs \u00e0 l'acc\u00e8s aux soins, \u00e0 la fourniture de soins de qualit\u00e9 et les autres droits des usagers, et de v\u00e9rifier la l\u00e9galit\u00e9 et la transparence des relations \u00e9conomiques entre les diff\u00e9rents op\u00e9rateurs, les organismes de financement et les usagers. Vous pouvez d\u00e9poser votre plainte \u00e0 l'adresse suivante <span style=\"text-decoration: underline;\"><a href=\"https:\/\/www.ers.pt\/pt\/utentes\/formularios\/reclamacoes-online\/\" target=\"_blank\" rel=\"noopener\">ERS - Plaintes en ligne<\/a><\/span>.<\/p><p>2 \u2013 <span style=\"text-decoration: underline;\">Minist\u00e8re public (MP)<\/span><\/p><p>Le minist\u00e8re public (Minist\u00e9rio P\u00fablico - MP) est un organe constitutionnel qui a le pouvoir de poursuivre, de participer \u00e0 la mise en \u0153uvre de la politique p\u00e9nale d\u00e9finie par les organes souverains, de repr\u00e9senter l'\u00c9tat et de d\u00e9fendre la l\u00e9galit\u00e9 d\u00e9mocratique et les int\u00e9r\u00eats d\u00e9termin\u00e9s par la loi (article\u00a0<span style=\"text-decoration: underline;\"><a href=\"https:\/\/www.ministeriopublico.pt\/pagina\/o-ministerio-publico?mid=3294\" target=\"_blank\" rel=\"noopener\">219.\u00ba<\/a><\/span>\/1, CRP). Pour en savoir plus, consultez le site <a href=\"https:\/\/queixaselectronicas.mai.gov.pt\/\" target=\"_blank\" rel=\"noopener\"><span style=\"text-decoration: underline;\">QUEIXA ELETR\u00d3NICA - Plainte \u00e9lectronique<\/span><\/a>.<\/p><p>3 \u2013 <span style=\"text-decoration: underline;\">Inspection g\u00e9n\u00e9rale des activit\u00e9s de sant\u00e9 (IGAS)<\/span><\/p><p>L'IGAS est un service central de l'administration directe de l'\u00c9tat, dot\u00e9 d'une autonomie administrative et int\u00e9gr\u00e9 au minist\u00e8re de la sant\u00e9. Elle a pour mission \"d'auditer, d'inspecter, de superviser et d'exercer une action disciplinaire dans le secteur de la sant\u00e9, en vue d'assurer le respect de la loi et des normes techniques \u00e9lev\u00e9es d'action dans tous les domaines d'activit\u00e9 et de prestation de soins de sant\u00e9, que ce soit par les services, les \u00e9tablissements et les organisations du minist\u00e8re de la sant\u00e9, ci-apr\u00e8s d\u00e9nomm\u00e9 le minist\u00e8re de la sant\u00e9, ou ceux plac\u00e9s sous sa tutelle, ou par des entit\u00e9s priv\u00e9es, personnes physiques ou morales, \u00e0 but lucratif ou non\". Vous pouvez d\u00e9poser votre plainte \u00e0 l'adresse suivante <a href=\"https:\/\/www.igas.min-saude.pt\/canal-de-denuncias\/\" target=\"_blank\" rel=\"noopener\">Canal de d\u00e9nonciation - IGAS<\/a>.<\/p>\t\t\t\t\t\t\t\t<\/div>\n\t\t\t\t<\/div>\n\t\t\t\t\t<\/div>\n\t\t\t\t<\/div>\n\t\t\t\t<\/div>","protected":false},"excerpt":{"rendered":"<p>Utilisez notre formulaire pour signaler toute situation concernant un kin\u00e9sith\u00e9rapeute qui, selon vous, ne respecte pas les normes \u00e9thiques et d\u00e9ontologiques de la profession. L'Ordre des kin\u00e9sith\u00e9rapeutes dispose d'un Conseil juridictionnel qui, entre autres comp\u00e9tences, peut instruire et juger des proc\u00e9dures disciplinaires \u00e0 l'encontre des membres de l'Ordre. Il existe un ... <a title=\"Participation, plainte ou d\u00e9nonciation\" class=\"read-more\" href=\"https:\/\/ordemdosfisioterapeutas.pt\/fr\/participacao-reclamacao-ou-denuncia\/\" aria-label=\"En savoir plus sur Participation, plainte ou d\u00e9nonciation\">En savoir plus<\/a><\/p>","protected":false},"author":1,"featured_media":0,"parent":0,"menu_order":0,"comment_status":"closed","ping_status":"closed","template":"","meta":{"footnotes":""},"class_list":["post-10059","page","type-page","status-publish"],"_links":{"self":[{"href":"https:\/\/ordemdosfisioterapeutas.pt\/fr\/wp-json\/wp\/v2\/pages\/10059","targetHints":{"allow":["GET"]}}],"collection":[{"href":"https:\/\/ordemdosfisioterapeutas.pt\/fr\/wp-json\/wp\/v2\/pages"}],"about":[{"href":"https:\/\/ordemdosfisioterapeutas.pt\/fr\/wp-json\/wp\/v2\/types\/page"}],"author":[{"embeddable":true,"href":"https:\/\/ordemdosfisioterapeutas.pt\/fr\/wp-json\/wp\/v2\/users\/1"}],"replies":[{"embeddable":true,"href":"https:\/\/ordemdosfisioterapeutas.pt\/fr\/wp-json\/wp\/v2\/comments?post=10059"}],"version-history":[{"count":4,"href":"https:\/\/ordemdosfisioterapeutas.pt\/fr\/wp-json\/wp\/v2\/pages\/10059\/revisions"}],"predecessor-version":[{"id":11825,"href":"https:\/\/ordemdosfisioterapeutas.pt\/fr\/wp-json\/wp\/v2\/pages\/10059\/revisions\/11825"}],"wp:attachment":[{"href":"https:\/\/ordemdosfisioterapeutas.pt\/fr\/wp-json\/wp\/v2\/media?parent=10059"}],"curies":[{"name":"wp","href":"https:\/\/api.w.org\/{rel}","templated":true}]}}