{"id":9984,"date":"2025-03-23T15:16:21","date_gmt":"2025-03-23T15:16:21","guid":{"rendered":"https:\/\/ordemdosfisioterapeutas.pt\/?page_id=9984"},"modified":"2025-03-29T09:51:59","modified_gmt":"2025-03-29T09:51:59","slug":"o-que-o-fisioterapeuta-pode-fazer-por-si","status":"publish","type":"page","link":"https:\/\/ordemdosfisioterapeutas.pt\/es\/o-que-o-fisioterapeuta-pode-fazer-por-si\/","title":{"rendered":"\u00bfQu\u00e9 puede hacer por usted un fisioterapeuta?"},"content":{"rendered":"<div data-elementor-type=\"wp-page\" data-elementor-id=\"9984\" class=\"elementor elementor-9984\" data-elementor-post-type=\"page\">\n\t\t\t\t<div class=\"elementor-element elementor-element-2afdd0 e-flex e-con-boxed e-con e-parent\" data-id=\"2afdd0\" data-element_type=\"container\" data-e-type=\"container\">\n\t\t\t\t\t<div class=\"e-con-inner\">\n\t\t\t\t<div class=\"elementor-element elementor-element-2829129d elementor-widget elementor-widget-text-editor\" data-id=\"2829129d\" data-element_type=\"widget\" data-e-type=\"widget\" data-widget_type=\"text-editor.default\">\n\t\t\t\t<div class=\"elementor-widget-container\">\n\t\t\t\t\t\t\t\t\t<p>La fisioterapia es una profesi\u00f3n sanitaria centrada en la promoci\u00f3n del movimiento y la funcionalidad. Se define como el estudio, prevenci\u00f3n, diagn\u00f3stico y tratamiento de las condiciones de salud que afectan a las estructuras y funciones del sistema de movimiento, as\u00ed como a la funcionalidad de las personas, grupos o comunidades, considerando marcos cinesiopatol\u00f3gicos y patokinesiol\u00f3gicos.<\/p><p>En el proceso de Fisioterapia, el Fisioterapeuta realiza los siguientes actos:<\/p><p>a) Examen\/evaluaci\u00f3n:<\/p><p>\u00a0 \u00a0 \u00a0i) Recopilar informaci\u00f3n a trav\u00e9s de la observaci\u00f3n, la entrevista, el examen manual, las pruebas y otros instrumentos de medici\u00f3n, y medios complementarios de diagn\u00f3stico del sistema de movimiento;<br \/>\u00a0 \u00a0 \u00a0ii) Eval\u00faa detalladamente el sistema de movimiento, la actividad y la participaci\u00f3n;<br \/>\u00a0 \u00a0 \u00a0iii) Registrar toda la informaci\u00f3n pertinente recogida en el expediente cl\u00ednico.<\/p><p>b) Diagn\u00f3stico fisioterap\u00e9utico:<\/p><p>De acuerdo con sus \"leges artis\", elabora un diagn\u00f3stico fisioterap\u00e9utico, identificando las alteraciones del sistema de movimiento, las limitaciones de la actividad y las restricciones de la participaci\u00f3n.<\/p><p>c) Pron\u00f3stico y plan de intervenci\u00f3n:<\/p><p>Determina las necesidades de intervenci\u00f3n fisioterap\u00e9utica, define los objetivos e indica el plan de intervenci\u00f3n, en colaboraci\u00f3n con el paciente, la familia, los cuidadores y\/o los representantes, teniendo en cuenta los factores contextuales. Tambi\u00e9n establece el nivel \u00f3ptimo de mejora esperado y el plazo necesario para alcanzarlo.<\/p><p>d) Intervenci\u00f3n:<\/p><p>\u00a0 \u00a0 \u00a0i) Educa, orienta y asesora, promoviendo la adopci\u00f3n de estilos de vida saludables, optimizando la funcionalidad y la calidad de vida;<br \/>\u00a0 \u00a0 \u00a0ii) Prescribe, aplica y supervisa la terapia del movimiento, la actividad f\u00edsica y el ejercicio f\u00edsico en el \u00e1mbito de la salud, incluido el ejercicio terap\u00e9utico dirigido en particular al dolor y\/o la disfunci\u00f3n y el ejercicio cl\u00ednico dirigido a poblaciones con enfermedades u otras necesidades sanitarias especiales;<br \/>\u00a0 \u00a0 \u00a0iii) Prescribe, aplica y supervisa la terapia manual, incluida la terapia manipulativa;<br \/>\u00a0 \u00a0 \u00a0iv) Prescribe, aplica y controla la fisioterapia, incluidos los medios electrof\u00edsicos, mec\u00e1nicos y naturales;<br \/>\u00a0 \u00a0 v) Prescribe, aplica y supervisa otras intervenciones basadas en la ciencia de la fisioterapia, incluidos los recursos tecnol\u00f3gicos, el apoyo y la innovaci\u00f3n.<\/p><p>e) Evaluaci\u00f3n de los resultados\/cambio de la intervenci\u00f3n:<\/p><p>Eval\u00fae el impacto de su intervenci\u00f3n, reevaluando durante y despu\u00e9s de la intervenci\u00f3n, y haga cambios cuando sea necesario.<\/p><p>f) Finalizaci\u00f3n del proceso de fisioterapia:<\/p><p>El proceso fisioterap\u00e9utico finaliza cuando se han alcanzado los objetivos previstos y acordados, o cuando ya no se espera que la intervenci\u00f3n sea eficaz.<\/p><p>El Colegio de Fisioterapeutas desempe\u00f1a un papel regulador esencial, garantizando la calidad de los servicios prestados, protegiendo los intereses de los ciudadanos y asegurando la pr\u00e1ctica \u00e9tica y competente de la fisioterapia en Portugal.<\/p><p>Los Fisioterapeutas le ayudar\u00e1n con intervenciones fisioterap\u00e9uticas espec\u00edficas. Cuando usted busca un Fisioterapeuta inscrito en el Colegio de Abogados Portugu\u00e9s, est\u00e1 buscando un profesional de la salud debidamente cualificado, que act\u00faa de acuerdo con normas de calidad, sujeto a un C\u00f3digo Deontol\u00f3gico, a un Reglamento Disciplinario y con la garant\u00eda de un seguro de responsabilidad civil profesional.<\/p><p>Para m\u00e1s informaci\u00f3n, visite\u00a0<span style=\"text-decoration: underline;\"><a href=\"https:\/\/ordemdosfisioterapeutas.pt\/wp-content\/uploads\/2023\/05\/ato-dre.pdf\">Reglamento de la Ley de Fisioterapeutas<\/a><\/span>y sus competencias, autonom\u00eda y responsabilidad.<\/p>\t\t\t\t\t\t\t\t<\/div>\n\t\t\t\t<\/div>\n\t\t\t\t\t<\/div>\n\t\t\t\t<\/div>\n\t\t\t\t<\/div>","protected":false},"excerpt":{"rendered":"<p>La fisioterapia es una profesi\u00f3n sanitaria centrada en la promoci\u00f3n del movimiento y la funcionalidad. Se define como el estudio, prevenci\u00f3n, diagn\u00f3stico y tratamiento de las condiciones de salud que afectan a las estructuras y funciones del sistema de movimiento, as\u00ed como a la funcionalidad de las personas, grupos o comunidades, considerando los marcos kinesiopatol\u00f3gico y patokinesiol\u00f3gico. ... <a title=\"\u00bfQu\u00e9 puede hacer por usted un fisioterapeuta?\" class=\"read-more\" href=\"https:\/\/ordemdosfisioterapeutas.pt\/es\/o-que-o-fisioterapeuta-pode-fazer-por-si\/\" aria-label=\"Leer m\u00e1s sobre \u00bfQu\u00e9 puede hacer por usted un fisioterapeuta?\">Seguir leyendo<\/a><\/p>","protected":false},"author":1,"featured_media":0,"parent":0,"menu_order":0,"comment_status":"closed","ping_status":"closed","template":"","meta":{"footnotes":""},"class_list":["post-9984","page","type-page","status-publish"],"_links":{"self":[{"href":"https:\/\/ordemdosfisioterapeutas.pt\/es\/wp-json\/wp\/v2\/pages\/9984","targetHints":{"allow":["GET"]}}],"collection":[{"href":"https:\/\/ordemdosfisioterapeutas.pt\/es\/wp-json\/wp\/v2\/pages"}],"about":[{"href":"https:\/\/ordemdosfisioterapeutas.pt\/es\/wp-json\/wp\/v2\/types\/page"}],"author":[{"embeddable":true,"href":"https:\/\/ordemdosfisioterapeutas.pt\/es\/wp-json\/wp\/v2\/users\/1"}],"replies":[{"embeddable":true,"href":"https:\/\/ordemdosfisioterapeutas.pt\/es\/wp-json\/wp\/v2\/comments?post=9984"}],"version-history":[{"count":0,"href":"https:\/\/ordemdosfisioterapeutas.pt\/es\/wp-json\/wp\/v2\/pages\/9984\/revisions"}],"wp:attachment":[{"href":"https:\/\/ordemdosfisioterapeutas.pt\/es\/wp-json\/wp\/v2\/media?parent=9984"}],"curies":[{"name":"wp","href":"https:\/\/api.w.org\/{rel}","templated":true}]}}