{"id":9768,"date":"2025-02-12T10:22:38","date_gmt":"2025-02-12T10:22:38","guid":{"rendered":"https:\/\/ordemdosfisioterapeutas.pt\/?page_id=9768"},"modified":"2025-08-16T11:16:03","modified_gmt":"2025-08-16T10:16:03","slug":"vila-gale","status":"publish","type":"page","link":"https:\/\/ordemdosfisioterapeutas.pt\/es\/vila-gale\/","title":{"rendered":"Vila Gal\u00e9"},"content":{"rendered":"<div data-elementor-type=\"wp-page\" data-elementor-id=\"9768\" class=\"elementor elementor-9768\" data-elementor-post-type=\"page\">\n\t\t\t\t<div class=\"elementor-element elementor-element-74634981 e-grid e-con-boxed e-con e-parent\" data-id=\"74634981\" data-element_type=\"container\" data-e-type=\"container\">\n\t\t\t\t\t<div class=\"e-con-inner\">\n\t\t\t\t<div class=\"elementor-element elementor-element-7e3f5482 elementor-widget elementor-widget-image\" data-id=\"7e3f5482\" data-element_type=\"widget\" data-e-type=\"widget\" data-widget_type=\"image.default\">\n\t\t\t\t<div class=\"elementor-widget-container\">\n\t\t\t\t\t\t\t\t\t\t\t\t\t\t\t<img decoding=\"async\" src=\"https:\/\/ordemdosfisioterapeutas.pt\/wp-content\/uploads\/elementor\/thumbs\/imagem-CARD-r1e5sfsz0l2foyr6wu2t46pemk37u7u6tl2ekyg1z4.jpg\" title=\"imagen-CARD.jpg\" alt=\"imagem-CARD.jpg\" loading=\"lazy\" \/>\t\t\t\t\t\t\t\t\t\t\t\t\t\t\t<\/div>\n\t\t\t\t<\/div>\n\t\t\t\t<div class=\"elementor-element elementor-element-68f46c07 elementor-widget elementor-widget-image\" data-id=\"68f46c07\" data-element_type=\"widget\" data-e-type=\"widget\" data-widget_type=\"image.default\">\n\t\t\t\t<div class=\"elementor-widget-container\">\n\t\t\t\t\t\t\t\t\t\t\t\t\t\t\t<img decoding=\"async\" src=\"https:\/\/ordemdosfisioterapeutas.pt\/wp-content\/uploads\/elementor\/thumbs\/parcerias-r1e5sfsz0l2px9fc2vf1dqmethbbh5ts4btblfpj40.png\" title=\"asociaciones.png\" alt=\"parcerias.png\" loading=\"lazy\" \/>\t\t\t\t\t\t\t\t\t\t\t\t\t\t\t<\/div>\n\t\t\t\t<\/div>\n\t\t\t\t\t<\/div>\n\t\t\t\t<\/div>\n\t\t<div class=\"elementor-element elementor-element-36c43291 e-flex e-con-boxed e-con e-parent\" data-id=\"36c43291\" data-element_type=\"container\" data-e-type=\"container\">\n\t\t\t\t\t<div class=\"e-con-inner\">\n\t\t\t\t<div class=\"elementor-element elementor-element-75914549 elementor-widget elementor-widget-heading\" data-id=\"75914549\" data-element_type=\"widget\" data-e-type=\"widget\" data-widget_type=\"heading.default\">\n\t\t\t\t<div class=\"elementor-widget-container\">\n\t\t\t\t\t<h2 class=\"elementor-heading-title elementor-size-default\">Descripci\u00f3n<\/h2>\t\t\t\t<\/div>\n\t\t\t\t<\/div>\n\t\t\t\t\t<\/div>\n\t\t\t\t<\/div>\n\t\t<div class=\"elementor-element elementor-element-4346b0b3 e-flex e-con-boxed e-con e-parent\" data-id=\"4346b0b3\" data-element_type=\"container\" data-e-type=\"container\">\n\t\t\t\t\t<div class=\"e-con-inner\">\n\t\t\t\t<div class=\"elementor-element elementor-element-29916fbc elementor-widget elementor-widget-text-editor\" data-id=\"29916fbc\" data-element_type=\"widget\" data-e-type=\"widget\" data-widget_type=\"text-editor.default\">\n\t\t\t\t<div class=\"elementor-widget-container\">\n\t\t\t\t\t\t\t\t\t<p>El grupo Vila Gal\u00e9 es uno de los principales grupos hoteleros de Portugal y ocupa el puesto 120 en la clasificaci\u00f3n de las 200 mayores empresas hoteleras de la revista Hotels. Est\u00e1 formado por varias empresas, de las que VILA GAL\u00c9 - Sociedade de Empreendimentos Tur\u00edsticos, S.A. destaca por su tama\u00f1o e importancia.\u00a0<em>clasificaci\u00f3n<\/em> 1 de empresas portuguesas.<\/p><p>Esta empresa, fundada en 1986, se dedica a la explotaci\u00f3n y gesti\u00f3n de todas las unidades hoteleras que componen el grupo, as\u00ed como a la realizaci\u00f3n de proyectos y la construcci\u00f3n de nuevos desarrollos tur\u00edsticos.<\/p><p>El grupo Vila Gal\u00e9 gestiona actualmente 44 hoteles: 32 en Portugal (Algarve, Beja, \u00c9vora, Elvas, Alter do Ch\u00e3o, Oeiras, Cascais, Sintra, Ericeira, Estoril, Lisboa, Coimbra, Serra da Estrela, Tomar, Figueira da Foz, Oporto, Braga, Douro, Madeira y Azores), 10 en Brasil (Alagoas, R\u00edo de Janeiro, Fortaleza, Caucaia, Salvador, Guarajuba, Pernambuco, Touros, Angra dos Reis y S\u00e3o Paulo), 1 en Cuba y 1 en Espa\u00f1a con 9 m\u00e1s.800 habitaciones y m\u00e1s de 24.000 camas.<\/p>\t\t\t\t\t\t\t\t<\/div>\n\t\t\t\t<\/div>\n\t\t\t\t\t<\/div>\n\t\t\t\t<\/div>\n\t\t<div class=\"elementor-element elementor-element-5229090e condicoes e-flex e-con-boxed e-con e-parent\" data-id=\"5229090e\" data-element_type=\"container\" data-e-type=\"container\">\n\t\t\t\t\t<div class=\"e-con-inner\">\n\t\t\t\t<div class=\"elementor-element elementor-element-1188c0ac elementor-widget elementor-widget-heading\" data-id=\"1188c0ac\" data-element_type=\"widget\" data-e-type=\"widget\" data-widget_type=\"heading.default\">\n\t\t\t\t<div class=\"elementor-widget-container\">\n\t\t\t\t\t<h2 class=\"elementor-heading-title elementor-size-default\">Condiciones<\/h2>\t\t\t\t<\/div>\n\t\t\t\t<\/div>\n\t\t\t\t<div class=\"elementor-element elementor-element-6e5dbb3 elementor-widget elementor-widget-text-editor\" data-id=\"6e5dbb3\" data-element_type=\"widget\" data-e-type=\"widget\" data-widget_type=\"text-editor.default\">\n\t\t\t\t<div class=\"elementor-widget-container\">\n\t\t\t\t\t\t\t\t\t<p>- Afiliaci\u00f3n gratuita<br \/>- Acceso a promociones exclusivas<br \/>- Descuento directo de 10%, calculado sobre las Tarifas Online publicadas en la web <a href=\"https:\/\/u2654599.ct.sendgrid.net\/ls\/click?upn=u001.6J25MkZgmY94bAvcC2doBvtQoudgz0TM6UbRU5tBMuoLQ2wyNuywFdUWQTENoGj-2Fo6d8L7RcHwYQfyQt9gAMVmIocdghukXxcYtramnNPe80BstDrCigYnTt8IrHUqYz8lCuLb0cDK2lNZAnrIYi2qUE7CCEBfgskJi6kj4kbKUOEjRftYF6uYaOqYB0k4zjmDmxxXxVo-2BA7-2B0ueyOagb7O-2BE2wBdhncsOp2FoJs7fnlH-2FFi4Uve98X08CM6D11kg69MMCD8bVR3CCuHJ5Dp3hciTvZDYlV-2FSyAAhEljXCAcYRLH-2F-2FU7oA9wfvUgRbeNKsyyhhiPjwH0uFrFNciqtSx-2BNt4bzPjiTapoKqbv03awI8eyHoJQ-2BOwJvS-2BMQjQpi55u_Cjsmoy8Ze1tEWbhn-2BUOaUeK-2BH5S2EL5GXFR3mWFP3xMtCM6rY11CAkGI0KBa8aAfDqMTmvgIgI3AfyUUdc5ZX8-2Fzo0r0csiInq5es-2FI95gA-2FP85DEOI5JRfNVBCs9zykSrAICp235rXMT14fs6TT-2BevXdBTfoulaoXGZV8IMlPWMRjd7wNVtFe-2B7pFpbGFj6-2B-2FvGnzETRKfKfosjmOBI82SCiAWhzQPP4Y-2BqE0UKQlcAd0P7-2FO9uqe5xxXJ9kJuU\" target=\"_blank\" rel=\"noopener\"><span style=\"text-decoration: underline;\">www.vilagale.com<\/span><\/a>\u00a0en el alojamiento, los servicios y los balnearios y gimnasios<br \/>- Registro anticipado a partir de las 11.00 horas (sujeto a disponibilidad)<br \/>- Late check-out hasta las 15:00 (sujeto a disponibilidad)<br \/>- Prioridad de reserva<\/p><p>Acceso a la prestaci\u00f3n:<\/p><p>Puede darse de alta en la Tarjeta de la Orden de Fisioterapeutas - VILA GAL\u00c9 en <a href=\"https:\/\/bit.ly\/PARCERIA_OF_VilaGale\" target=\"_blank\" rel=\"noopener\">Tarjeta de beneficios de miembro de la Ordem dos Fisioterapeutas - Vila Gal\u00e9<\/a>.<\/p>\t\t\t\t\t\t\t\t<\/div>\n\t\t\t\t<\/div>\n\t\t\t\t<div class=\"elementor-element elementor-element-2f79cdf7 elementor-align-right elementor-mobile-align-center condicoes elementor-widget elementor-widget-button\" data-id=\"2f79cdf7\" data-element_type=\"widget\" data-e-type=\"widget\" data-widget_type=\"button.default\">\n\t\t\t\t<div class=\"elementor-widget-container\">\n\t\t\t\t\t\t\t\t\t<div class=\"elementor-button-wrapper\">\n\t\t\t\t\t<a class=\"elementor-button elementor-button-link elementor-size-xs\" href=\"https:\/\/bit.ly\/PARCERIA_OF_VilaGale\" target=\"_blank\" rel=\"noopener\">\n\t\t\t\t\t\t<span class=\"elementor-button-content-wrapper\">\n\t\t\t\t\t\t\t\t\t<span class=\"elementor-button-text\">\u00danete aqu\u00ed<\/span>\n\t\t\t\t\t<\/span>\n\t\t\t\t\t<\/a>\n\t\t\t\t<\/div>\n\t\t\t\t\t\t\t\t<\/div>\n\t\t\t\t<\/div>\n\t\t\t\t\t<\/div>\n\t\t\t\t<\/div>\n\t\t<div class=\"elementor-element elementor-element-199c312b condicoes-btn e-flex e-con-boxed e-con e-parent\" data-id=\"199c312b\" data-element_type=\"container\" data-e-type=\"container\">\n\t\t\t\t\t<div class=\"e-con-inner\">\n\t\t\t\t<div class=\"elementor-element elementor-element-7d527b8 elementor-align-right elementor-mobile-align-center elementor-widget elementor-widget-button\" data-id=\"7d527b8\" data-element_type=\"widget\" data-e-type=\"widget\" data-widget_type=\"button.default\">\n\t\t\t\t<div class=\"elementor-widget-container\">\n\t\t\t\t\t\t\t\t\t<div class=\"elementor-button-wrapper\">\n\t\t\t\t\t<a class=\"elementor-button elementor-button-link elementor-size-xs\" href=\"https:\/\/portal.ordemdosfisioterapeutas.pt\/of-auth\/?app_ref=e985d1b30a025a19af003c638a7f64a2\" target=\"_blank\">\n\t\t\t\t\t\t<span class=\"elementor-button-content-wrapper\">\n\t\t\t\t\t\t\t\t\t<span class=\"elementor-button-text\">Conozca las condiciones<\/span>\n\t\t\t\t\t<\/span>\n\t\t\t\t\t<\/a>\n\t\t\t\t<\/div>\n\t\t\t\t\t\t\t\t<\/div>\n\t\t\t\t<\/div>\n\t\t\t\t\t<\/div>\n\t\t\t\t<\/div>\n\t\t<div class=\"elementor-element elementor-element-e423823 e-flex e-con-boxed e-con e-parent\" data-id=\"e423823\" data-element_type=\"container\" data-e-type=\"container\">\n\t\t\t\t\t<div class=\"e-con-inner\">\n\t\t\t\t<div class=\"elementor-element elementor-element-cc4e204 elementor-widget elementor-widget-heading\" data-id=\"cc4e204\" data-element_type=\"widget\" data-e-type=\"widget\" data-widget_type=\"heading.default\">\n\t\t\t\t<div class=\"elementor-widget-container\">\n\t\t\t\t\t<h2 class=\"elementor-heading-title elementor-size-default\">P\u00f3ngase en contacto con nosotros<\/h2>\t\t\t\t<\/div>\n\t\t\t\t<\/div>\n\t\t\t\t\t<\/div>\n\t\t\t\t<\/div>\n\t\t<div class=\"elementor-element elementor-element-6ba2b32 e-flex e-con-boxed e-con e-parent\" data-id=\"6ba2b32\" data-element_type=\"container\" data-e-type=\"container\">\n\t\t\t\t\t<div class=\"e-con-inner\">\n\t\t\t\t<div class=\"elementor-element elementor-element-6fa96865 elementor-widget elementor-widget-text-editor\" data-id=\"6fa96865\" data-element_type=\"widget\" data-e-type=\"widget\" data-widget_type=\"text-editor.default\">\n\t\t\t\t<div class=\"elementor-widget-container\">\n\t\t\t\t\t\t\t\t\t<p><strong>Tel\u00e9fono: <\/strong><a href=\"tel:(+351)%20212%20460%20650\">(+351) 212 460 650 <\/a>(llamada a la red fija nacional)<\/p><p>De lunes a viernes, de 9.00 a 19.30 h.<\/p><p>S\u00e1bados y festivos* de 9.00 a 18.00 horas<\/p><p>*excluidos el 1 de enero, 1 de mayo, 1, 8 y 25 de diciembre<\/p><p><strong>Correo electr\u00f3nico:<\/strong> <a href=\"mailto:portugal.reservas@vilagale.com\">portugal.reservas@vilagale.com <\/a><\/p>\t\t\t\t\t\t\t\t<\/div>\n\t\t\t\t<\/div>\n\t\t\t\t<div class=\"elementor-element elementor-element-8d752bd elementor-align-right elementor-mobile-align-center elementor-widget elementor-widget-button\" data-id=\"8d752bd\" data-element_type=\"widget\" data-e-type=\"widget\" data-widget_type=\"button.default\">\n\t\t\t\t<div class=\"elementor-widget-container\">\n\t\t\t\t\t\t\t\t\t<div class=\"elementor-button-wrapper\">\n\t\t\t\t\t<a class=\"elementor-button elementor-button-link elementor-size-xs\" href=\"https:\/\/ordemdosfisioterapeutas.pt\/es\/parcerias\/\">\n\t\t\t\t\t\t<span class=\"elementor-button-content-wrapper\">\n\t\t\t\t\t\t\t\t\t<span class=\"elementor-button-text\">Volver<\/span>\n\t\t\t\t\t<\/span>\n\t\t\t\t\t<\/a>\n\t\t\t\t<\/div>\n\t\t\t\t\t\t\t\t<\/div>\n\t\t\t\t<\/div>\n\t\t\t\t\t<\/div>\n\t\t\t\t<\/div>\n\t\t\t\t<\/div>","protected":false},"excerpt":{"rendered":"<p>Descri\u00e7\u00e3o O grupo Vila Gal\u00e9 \u00e9 um dos principais grupos hoteleiros portugueses e est\u00e1 agora na 120\u00ba posi\u00e7\u00e3o no ranking das 200 maiores empresas de hotelaria da revista Hotels. \u00c9 composto por diversas sociedades, das quais se destaca, pela sua dimens\u00e3o e import\u00e2ncia, a VILA GAL\u00c9 \u2013 Sociedade de Empreendimentos Tur\u00edsticos, S.A., que faz parte &#8230; <a title=\"Vila Gal\u00e9\" class=\"read-more\" href=\"https:\/\/ordemdosfisioterapeutas.pt\/es\/vila-gale\/\" aria-label=\"Leer m\u00e1s sobre Vila Gal\u00e9\">Seguir leyendo<\/a><\/p>","protected":false},"author":1,"featured_media":0,"parent":0,"menu_order":0,"comment_status":"closed","ping_status":"closed","template":"","meta":{"footnotes":""},"class_list":["post-9768","page","type-page","status-publish"],"_links":{"self":[{"href":"https:\/\/ordemdosfisioterapeutas.pt\/es\/wp-json\/wp\/v2\/pages\/9768","targetHints":{"allow":["GET"]}}],"collection":[{"href":"https:\/\/ordemdosfisioterapeutas.pt\/es\/wp-json\/wp\/v2\/pages"}],"about":[{"href":"https:\/\/ordemdosfisioterapeutas.pt\/es\/wp-json\/wp\/v2\/types\/page"}],"author":[{"embeddable":true,"href":"https:\/\/ordemdosfisioterapeutas.pt\/es\/wp-json\/wp\/v2\/users\/1"}],"replies":[{"embeddable":true,"href":"https:\/\/ordemdosfisioterapeutas.pt\/es\/wp-json\/wp\/v2\/comments?post=9768"}],"version-history":[{"count":0,"href":"https:\/\/ordemdosfisioterapeutas.pt\/es\/wp-json\/wp\/v2\/pages\/9768\/revisions"}],"wp:attachment":[{"href":"https:\/\/ordemdosfisioterapeutas.pt\/es\/wp-json\/wp\/v2\/media?parent=9768"}],"curies":[{"name":"wp","href":"https:\/\/api.w.org\/{rel}","templated":true}]}}