{"id":8703,"date":"2024-08-28T21:16:35","date_gmt":"2024-08-28T20:16:35","guid":{"rendered":"https:\/\/ordemdosfisioterapeutas.pt\/?page_id=8703"},"modified":"2024-08-28T21:20:58","modified_gmt":"2024-08-28T20:20:58","slug":"fundo-de-solidariedade-social-fss-da-ordem-dos-fisioterapeutas","status":"publish","type":"page","link":"https:\/\/ordemdosfisioterapeutas.pt\/es\/fundo-de-solidariedade-social-fss-da-ordem-dos-fisioterapeutas\/","title":{"rendered":"Fondo de Solidaridad Social"},"content":{"rendered":"\t\t<div data-elementor-type=\"wp-page\" data-elementor-id=\"8703\" class=\"elementor elementor-8703\" data-elementor-post-type=\"page\">\n\t\t\t\t<div class=\"elementor-element elementor-element-6c78f88 e-flex e-con-boxed e-con e-parent\" data-id=\"6c78f88\" data-element_type=\"container\" data-e-type=\"container\">\n\t\t\t\t\t<div class=\"e-con-inner\">\n\t\t\t\t<div class=\"elementor-element elementor-element-d108fb0 elementor-widget elementor-widget-text-editor\" data-id=\"d108fb0\" data-element_type=\"widget\" data-e-type=\"widget\" data-widget_type=\"text-editor.default\">\n\t\t\t\t<div class=\"elementor-widget-container\">\n\t\t\t\t\t\t\t\t\t<p>O fundo de solidariedade social (FSS) da Ordem dos Fisioterapeutas foi criado para proporcionar apoio social aos fisioterapeutas em situa\u00e7\u00f5es de car\u00eancia financeira comprovada, atrav\u00e9s de atribui\u00e7\u00e3o de apoios, possibilitando o acesso \u00e0s condi\u00e7\u00f5es m\u00ednimas de sobreviv\u00eancia e dignidade pessoal e familiar. Destina-se aos fisioterapeutas com inscri\u00e7\u00e3o ativa na Ordem, respetivo c\u00f4njuge ou filhos de idade inferior a vinte e um anos ou portadores de defici\u00eancia que n\u00e3o possibilitem a angaria\u00e7\u00e3o do seu pr\u00f3prio sustento.<\/p><p>Saiba mais no Regulamento e nas Perguntas Frequentes sobre o Fundo de Solidariedade Social. O formul\u00e1rio para apresentar requerimento ao Fundo est\u00e1 dispon\u00edvel na sua <a href=\"https:\/\/portal.ordemdosfisioterapeutas.pt\/of-auth\/?app_ref=e985d1b30a025a19af003c638a7f64a2\"><span style=\"text-decoration: underline;\">\u00e1rea reservada<\/span><\/a>.<\/p>\t\t\t\t\t\t\t\t<\/div>\n\t\t\t\t<\/div>\n\t\t\t\t<div class=\"elementor-element elementor-element-940c385 elementor-widget elementor-widget-heading\" data-id=\"940c385\" data-element_type=\"widget\" data-e-type=\"widget\" data-widget_type=\"heading.default\">\n\t\t\t\t<div class=\"elementor-widget-container\">\n\t\t\t\t\t<h2 class=\"elementor-heading-title elementor-size-default\">Perguntas Frequentes sobre o Fundo de Solidariedade Social<\/h2>\t\t\t\t<\/div>\n\t\t\t\t<\/div>\n\t\t\t\t<div class=\"elementor-element elementor-element-a3f3fdc elementor-widget elementor-widget-n-accordion\" data-id=\"a3f3fdc\" data-element_type=\"widget\" data-e-type=\"widget\" data-settings=\"{&quot;default_state&quot;:&quot;all_collapsed&quot;,&quot;max_items_expended&quot;:&quot;one&quot;,&quot;n_accordion_animation_duration&quot;:{&quot;unit&quot;:&quot;ms&quot;,&quot;size&quot;:400,&quot;sizes&quot;:[]}}\" data-widget_type=\"nested-accordion.default\">\n\t\t\t\t<div class=\"elementor-widget-container\">\n\t\t\t\t\t\t\t<div class=\"e-n-accordion\" aria-label=\"Accordion. Open links with Enter or Space, close with Escape, and navigate with Arrow Keys\">\n\t\t\t\t\t\t<details id=\"e-n-accordion-item-1710\" class=\"e-n-accordion-item\" >\n\t\t\t\t<summary class=\"e-n-accordion-item-title\" data-accordion-index=\"1\" tabindex=\"0\" aria-expanded=\"false\" aria-controls=\"e-n-accordion-item-1710\" >\n\t\t\t\t\t<span class='e-n-accordion-item-title-header'><div class=\"e-n-accordion-item-title-text\"> 1 - O que \u00e9 o Fundo de Solidariedade Social? <\/div><\/span>\n\t\t\t\t\t\t\t<span class='e-n-accordion-item-title-icon'>\n\t\t\t<span class='e-opened' ><i aria-hidden=\"true\" class=\"fas fa-minus\"><\/i><\/span>\n\t\t\t<span class='e-closed'><i aria-hidden=\"true\" class=\"fas fa-plus\"><\/i><\/span>\n\t\t<\/span>\n\n\t\t\t\t\t\t<\/summary>\n\t\t\t\t<div role=\"region\" aria-labelledby=\"e-n-accordion-item-1710\" class=\"elementor-element elementor-element-7e8b8a9 e-con-full e-flex e-con e-child\" data-id=\"7e8b8a9\" data-element_type=\"container\" data-e-type=\"container\">\n\t\t\t\t<div class=\"elementor-element elementor-element-6f629f6 elementor-widget elementor-widget-text-editor\" data-id=\"6f629f6\" data-element_type=\"widget\" data-e-type=\"widget\" data-widget_type=\"text-editor.default\">\n\t\t\t\t<div class=\"elementor-widget-container\">\n\t\t\t\t\t\t\t\t\t<p>O Fundo de Solidariedade Social (FSS) da Ordem dos Fisioterapeutas destina-se a proporcionar apoio social aos fisioterapeutas em situa\u00e7\u00f5es de car\u00eancia financeira comprovada, atrav\u00e9s de atribui\u00e7\u00e3o de apoios, possibilitando o acesso \u00e0s condi\u00e7\u00f5es m\u00ednimas de sobreviv\u00eancia e dignidade pessoal e familiar.<\/p>\t\t\t\t\t\t\t\t<\/div>\n\t\t\t\t<\/div>\n\t\t\t\t<\/div>\n\t\t\t\t\t<\/details>\n\t\t\t\t\t\t<details id=\"e-n-accordion-item-1711\" class=\"e-n-accordion-item\" >\n\t\t\t\t<summary class=\"e-n-accordion-item-title\" data-accordion-index=\"2\" tabindex=\"-1\" aria-expanded=\"false\" aria-controls=\"e-n-accordion-item-1711\" >\n\t\t\t\t\t<span class='e-n-accordion-item-title-header'><div class=\"e-n-accordion-item-title-text\"> 2 - A quem se destina? <\/div><\/span>\n\t\t\t\t\t\t\t<span class='e-n-accordion-item-title-icon'>\n\t\t\t<span class='e-opened' ><i aria-hidden=\"true\" class=\"fas fa-minus\"><\/i><\/span>\n\t\t\t<span class='e-closed'><i aria-hidden=\"true\" class=\"fas fa-plus\"><\/i><\/span>\n\t\t<\/span>\n\n\t\t\t\t\t\t<\/summary>\n\t\t\t\t<div role=\"region\" aria-labelledby=\"e-n-accordion-item-1711\" class=\"elementor-element elementor-element-7b265ad e-con-full e-flex e-con e-child\" data-id=\"7b265ad\" data-element_type=\"container\" data-e-type=\"container\">\n\t\t\t\t<div class=\"elementor-element elementor-element-7561e6c elementor-widget elementor-widget-text-editor\" data-id=\"7561e6c\" data-element_type=\"widget\" data-e-type=\"widget\" data-widget_type=\"text-editor.default\">\n\t\t\t\t<div class=\"elementor-widget-container\">\n\t\t\t\t\t\t\t\t\t<p>O FSS da Ordem destina-se aos fisioterapeutas com inscri\u00e7\u00e3o ativa na Ordem, respetivo c\u00f4njuge ou filhos de idade inferior a vinte e um anos ou portadores de defici\u00eancia que n\u00e3o possibilitem a angaria\u00e7\u00e3o do seu pr\u00f3prio sustento.<\/p>\t\t\t\t\t\t\t\t<\/div>\n\t\t\t\t<\/div>\n\t\t\t\t<\/div>\n\t\t\t\t\t<\/details>\n\t\t\t\t\t\t<details id=\"e-n-accordion-item-1712\" class=\"e-n-accordion-item\" >\n\t\t\t\t<summary class=\"e-n-accordion-item-title\" data-accordion-index=\"3\" tabindex=\"-1\" aria-expanded=\"false\" aria-controls=\"e-n-accordion-item-1712\" >\n\t\t\t\t\t<span class='e-n-accordion-item-title-header'><div class=\"e-n-accordion-item-title-text\"> 3 - Quem tem direito? <\/div><\/span>\n\t\t\t\t\t\t\t<span class='e-n-accordion-item-title-icon'>\n\t\t\t<span class='e-opened' ><i aria-hidden=\"true\" class=\"fas fa-minus\"><\/i><\/span>\n\t\t\t<span class='e-closed'><i aria-hidden=\"true\" class=\"fas fa-plus\"><\/i><\/span>\n\t\t<\/span>\n\n\t\t\t\t\t\t<\/summary>\n\t\t\t\t<div role=\"region\" aria-labelledby=\"e-n-accordion-item-1712\" class=\"elementor-element elementor-element-9d40e32 e-con-full e-flex e-con e-child\" data-id=\"9d40e32\" data-element_type=\"container\" data-e-type=\"container\">\n\t\t\t\t<div class=\"elementor-element elementor-element-e619e81 elementor-widget elementor-widget-text-editor\" data-id=\"e619e81\" data-element_type=\"widget\" data-e-type=\"widget\" data-widget_type=\"text-editor.default\">\n\t\t\t\t<div class=\"elementor-widget-container\">\n\t\t\t\t\t\t\t\t\t<p>T\u00eam direito \u00e0s presta\u00e7\u00f5es concedidas no \u00e2mbito do benef\u00edcio do FSS, os fisioterapeutas inscritos na Ordem dos Fisioterapeutas que, comprovadamente, se encontrem em situa\u00e7\u00e3o de insufici\u00eancia de rendimentos, privados de meios de subsist\u00eancia ou especialmente carenciados deles, que tenham sofrido situa\u00e7\u00f5es de acidente ou outras ocorr\u00eancias, das quais resultem incapacidade, total ou parcial, que comprometam o sustento do seu agregado familiar.<\/p><p>Constituem ind\u00edcios de manifesta insufici\u00eancia de rendimentos quando o agregado familiar usufrua uma capita\u00e7\u00e3o mensal inferior \u00e0 remunera\u00e7\u00e3o m\u00ednima mensal garantida ou outro limite aprovado pelo Conselho Geral da Ordem dos Fisioterapeutas.<\/p><p>N\u00e3o h\u00e1 direito \u00e0 atribui\u00e7\u00e3o do subs\u00eddio sempre que o requerente seja propriet\u00e1rio de patrim\u00f3nio mobili\u00e1rio de valor superior a 120 IAS e\/ou patrim\u00f3nio imobili\u00e1rio de valor superior a 240 IAS, excetuando a habita\u00e7\u00e3o pr\u00f3pria permanente.<\/p>\t\t\t\t\t\t\t\t<\/div>\n\t\t\t\t<\/div>\n\t\t\t\t<\/div>\n\t\t\t\t\t<\/details>\n\t\t\t\t\t\t<details id=\"e-n-accordion-item-1713\" class=\"e-n-accordion-item\" >\n\t\t\t\t<summary class=\"e-n-accordion-item-title\" data-accordion-index=\"4\" tabindex=\"-1\" aria-expanded=\"false\" aria-controls=\"e-n-accordion-item-1713\" >\n\t\t\t\t\t<span class='e-n-accordion-item-title-header'><div class=\"e-n-accordion-item-title-text\"> 4 - Como \u00e9 calculada a atribui\u00e7\u00e3o deste apoio? <\/div><\/span>\n\t\t\t\t\t\t\t<span class='e-n-accordion-item-title-icon'>\n\t\t\t<span class='e-opened' ><i aria-hidden=\"true\" class=\"fas fa-minus\"><\/i><\/span>\n\t\t\t<span class='e-closed'><i aria-hidden=\"true\" class=\"fas fa-plus\"><\/i><\/span>\n\t\t<\/span>\n\n\t\t\t\t\t\t<\/summary>\n\t\t\t\t<div role=\"region\" aria-labelledby=\"e-n-accordion-item-1713\" class=\"elementor-element elementor-element-a13be1b e-flex e-con-boxed e-con e-child\" data-id=\"a13be1b\" data-element_type=\"container\" data-e-type=\"container\">\n\t\t\t\t\t<div class=\"e-con-inner\">\n\t\t\t\t<div class=\"elementor-element elementor-element-03495c8 elementor-widget elementor-widget-text-editor\" data-id=\"03495c8\" data-element_type=\"widget\" data-e-type=\"widget\" data-widget_type=\"text-editor.default\">\n\t\t\t\t<div class=\"elementor-widget-container\">\n\t\t\t\t\t\t\t\t\t<p>O apoio social a atribuir \u00e9 fixado, ap\u00f3s apresenta\u00e7\u00e3o e por decis\u00e3o da Dire\u00e7\u00e3o da Ordem, de acordo com a situa\u00e7\u00e3o, assim como em outras circunst\u00e2ncias que possam integrar a incapacidade de obter rendimentos, podendo o subs\u00eddio assumir a natureza de presta\u00e7\u00e3o \u00fanica ou peri\u00f3dica.<\/p><p>Na atribui\u00e7\u00e3o de presta\u00e7\u00e3o peri\u00f3dica mensal, o seu c\u00e1lculo corresponde \u00e0 diferen\u00e7a entre a remunera\u00e7\u00e3o m\u00ednima mensal garantida e o rendimento <em>per capita<\/em>.<\/p><p>Os rendimentos <em>per capita<\/em> s\u00e3o os resultados de acordo com os rendimentos declarados na declara\u00e7\u00e3o modelo 3 do IRS, bem como de qualquer subs\u00eddio que esteja isento ou n\u00e3o sujeito a IRS ou, se sujeito, n\u00e3o seja de englobamento obrigat\u00f3rio e ainda as presta\u00e7\u00f5es sociais auferidas, de acordo com a seguinte f\u00f3rmula: [(\u03a3 de todos os rendimentos\/subs\u00eddios anuais brutos do agregado familiar) \/n\u00famero de elementos do agregado familiar] \/12 (meses)]<\/p>\t\t\t\t\t\t\t\t<\/div>\n\t\t\t\t<\/div>\n\t\t\t\t\t<\/div>\n\t\t\t\t<\/div>\n\t\t\t\t\t<\/details>\n\t\t\t\t\t\t<details id=\"e-n-accordion-item-1714\" class=\"e-n-accordion-item\" >\n\t\t\t\t<summary class=\"e-n-accordion-item-title\" data-accordion-index=\"5\" tabindex=\"-1\" aria-expanded=\"false\" aria-controls=\"e-n-accordion-item-1714\" >\n\t\t\t\t\t<span class='e-n-accordion-item-title-header'><div class=\"e-n-accordion-item-title-text\"> 5 - Como \u00e9 decidida a atribui\u00e7\u00e3o? <\/div><\/span>\n\t\t\t\t\t\t\t<span class='e-n-accordion-item-title-icon'>\n\t\t\t<span class='e-opened' ><i aria-hidden=\"true\" class=\"fas fa-minus\"><\/i><\/span>\n\t\t\t<span class='e-closed'><i aria-hidden=\"true\" class=\"fas fa-plus\"><\/i><\/span>\n\t\t<\/span>\n\n\t\t\t\t\t\t<\/summary>\n\t\t\t\t<div role=\"region\" aria-labelledby=\"e-n-accordion-item-1714\" class=\"elementor-element elementor-element-1f89a77 e-flex e-con-boxed e-con e-child\" data-id=\"1f89a77\" data-element_type=\"container\" data-e-type=\"container\">\n\t\t\t\t\t<div class=\"e-con-inner\">\n\t\t\t\t<div class=\"elementor-element elementor-element-c584d9b elementor-widget elementor-widget-text-editor\" data-id=\"c584d9b\" data-element_type=\"widget\" data-e-type=\"widget\" data-widget_type=\"text-editor.default\">\n\t\t\t\t<div class=\"elementor-widget-container\">\n\t\t\t\t\t\t\t\t\t<p>A an\u00e1lise e instru\u00e7\u00e3o do requerimento \u00e9 objeto de delibera\u00e7\u00e3o pela Dire\u00e7\u00e3o da Ordem dos Fisioterapeutas, a qual determinar\u00e1 o montante do apoio social a atribuir e o comunicar\u00e1 ao (\u00e0) requerente.<\/p><p>A atribui\u00e7\u00e3o produz efeitos ao dia seguinte \u00e0 data da delibera\u00e7\u00e3o e o pagamento \u00e9 efetuado por transfer\u00eancia banc\u00e1ria para a conta banc\u00e1ria da qual o requerente seja titular.<\/p>\t\t\t\t\t\t\t\t<\/div>\n\t\t\t\t<\/div>\n\t\t\t\t\t<\/div>\n\t\t\t\t<\/div>\n\t\t\t\t\t<\/details>\n\t\t\t\t\t\t<details id=\"e-n-accordion-item-1715\" class=\"e-n-accordion-item\" >\n\t\t\t\t<summary class=\"e-n-accordion-item-title\" data-accordion-index=\"6\" tabindex=\"-1\" aria-expanded=\"false\" aria-controls=\"e-n-accordion-item-1715\" >\n\t\t\t\t\t<span class='e-n-accordion-item-title-header'><div class=\"e-n-accordion-item-title-text\"> 6 - Quais as obriga\u00e7\u00f5es dos benefici\u00e1rios do Fundo de Solidariedade Social? <\/div><\/span>\n\t\t\t\t\t\t\t<span class='e-n-accordion-item-title-icon'>\n\t\t\t<span class='e-opened' ><i aria-hidden=\"true\" class=\"fas fa-minus\"><\/i><\/span>\n\t\t\t<span class='e-closed'><i aria-hidden=\"true\" class=\"fas fa-plus\"><\/i><\/span>\n\t\t<\/span>\n\n\t\t\t\t\t\t<\/summary>\n\t\t\t\t<div role=\"region\" aria-labelledby=\"e-n-accordion-item-1715\" class=\"elementor-element elementor-element-c096d03 e-flex e-con-boxed e-con e-child\" data-id=\"c096d03\" data-element_type=\"container\" data-e-type=\"container\">\n\t\t\t\t\t<div class=\"e-con-inner\">\n\t\t\t\t<div class=\"elementor-element elementor-element-bc38b17 elementor-widget elementor-widget-text-editor\" data-id=\"bc38b17\" data-element_type=\"widget\" data-e-type=\"widget\" data-widget_type=\"text-editor.default\">\n\t\t\t\t<div class=\"elementor-widget-container\">\n\t\t\t\t\t\t\t\t\t<p>Os benefici\u00e1rios do FSS devem participar \u00e0 Ordem, no prazo de 30 dias, as seguintes informa\u00e7\u00f5es:<\/p><ol><li>a) Qualquer altera\u00e7\u00e3o na composi\u00e7\u00e3o ou rendimentos do agregado familiar;<\/li><li>b) Os factos que influenciem a situa\u00e7\u00e3o patrimonial do agregado familiar;<\/li><li>c) Altera\u00e7\u00e3o da sua morada.<\/li><\/ol><p>Nos termos do Regulamento do Fundo de Solidariedade Social, a Ordem reserva-se no direito de considerar como apoio social indevidamente recebido, as situa\u00e7\u00f5es em que se comprovar que foi atribu\u00eddo com base em falsas declara\u00e7\u00f5es ou documentos viciados ou que n\u00e3o foi dado cumprimento ao estabelecido nas al\u00edneas a), b) e c), suprarreferidas.<\/p><p>A presta\u00e7\u00e3o de falsas declara\u00e7\u00f5es implica ainda a devolu\u00e7\u00e3o dos valores recebidos no prazo de 30 dias a contar da notifica\u00e7\u00e3o, sem preju\u00edzo da responsabilidade disciplinar a que haja lugar.<\/p>\t\t\t\t\t\t\t\t<\/div>\n\t\t\t\t<\/div>\n\t\t\t\t\t<\/div>\n\t\t\t\t<\/div>\n\t\t\t\t\t<\/details>\n\t\t\t\t\t<\/div>\n\t\t\t\t\t\t<\/div>\n\t\t\t\t<\/div>\n\t\t\t\t\t<\/div>\n\t\t\t\t<\/div>\n\t\t\t\t<\/div>\n\t\t","protected":false},"excerpt":{"rendered":"<p>El fondo de solidaridad social (FSS) de la Orden de Fisioterapeutas fue creado para proporcionar apoyo social a los fisioterapeutas en situaci\u00f3n de necesidad econ\u00f3mica demostrada, mediante la asignaci\u00f3n de ayudas, que permitan el acceso a las condiciones m\u00ednimas de supervivencia y dignidad personal y familiar. Est\u00e1 dirigido a fisioterapeutas con colegiaci\u00f3n activa en la Orden, su c\u00f3nyuge o hijos de ... <a title=\"Fondo de Solidaridad Social\" class=\"read-more\" href=\"https:\/\/ordemdosfisioterapeutas.pt\/es\/fundo-de-solidariedade-social-fss-da-ordem-dos-fisioterapeutas\/\" aria-label=\"M\u00e1s informaci\u00f3n sobre el Fondo de Solidaridad Social\">Seguir leyendo<\/a><\/p>","protected":false},"author":1,"featured_media":0,"parent":0,"menu_order":0,"comment_status":"closed","ping_status":"closed","template":"","meta":{"footnotes":""},"class_list":["post-8703","page","type-page","status-publish"],"_links":{"self":[{"href":"https:\/\/ordemdosfisioterapeutas.pt\/es\/wp-json\/wp\/v2\/pages\/8703","targetHints":{"allow":["GET"]}}],"collection":[{"href":"https:\/\/ordemdosfisioterapeutas.pt\/es\/wp-json\/wp\/v2\/pages"}],"about":[{"href":"https:\/\/ordemdosfisioterapeutas.pt\/es\/wp-json\/wp\/v2\/types\/page"}],"author":[{"embeddable":true,"href":"https:\/\/ordemdosfisioterapeutas.pt\/es\/wp-json\/wp\/v2\/users\/1"}],"replies":[{"embeddable":true,"href":"https:\/\/ordemdosfisioterapeutas.pt\/es\/wp-json\/wp\/v2\/comments?post=8703"}],"version-history":[{"count":0,"href":"https:\/\/ordemdosfisioterapeutas.pt\/es\/wp-json\/wp\/v2\/pages\/8703\/revisions"}],"wp:attachment":[{"href":"https:\/\/ordemdosfisioterapeutas.pt\/es\/wp-json\/wp\/v2\/media?parent=8703"}],"curies":[{"name":"wp","href":"https:\/\/api.w.org\/{rel}","templated":true}]}}