{"id":8655,"date":"2024-08-22T10:16:16","date_gmt":"2024-08-22T09:16:16","guid":{"rendered":"https:\/\/ordemdosfisioterapeutas.pt\/?page_id=8655"},"modified":"2024-09-09T20:42:11","modified_gmt":"2024-09-09T19:42:11","slug":"representacao-internacional","status":"publish","type":"page","link":"https:\/\/ordemdosfisioterapeutas.pt\/es\/representacao-internacional\/","title":{"rendered":"Representaci\u00f3n internacional"},"content":{"rendered":"<div data-elementor-type=\"wp-page\" data-elementor-id=\"8655\" class=\"elementor elementor-8655\" data-elementor-post-type=\"page\">\n\t\t\t\t<div class=\"elementor-element elementor-element-5edbd95 e-con-full e-flex e-con e-parent\" data-id=\"5edbd95\" data-element_type=\"container\" data-e-type=\"container\">\n\t\t<div class=\"elementor-element elementor-element-a98da3f e-con-full e-flex e-con e-child\" data-id=\"a98da3f\" data-element_type=\"container\" data-e-type=\"container\">\n\t\t\t\t<div class=\"elementor-element elementor-element-42f9670 elementor-widget elementor-widget-image\" data-id=\"42f9670\" data-element_type=\"widget\" data-e-type=\"widget\" data-widget_type=\"image.default\">\n\t\t\t\t<div class=\"elementor-widget-container\">\n\t\t\t\t\t\t\t\t\t\t\t\t\t\t\t<img fetchpriority=\"high\" decoding=\"async\" width=\"600\" height=\"315\" src=\"https:\/\/ordemdosfisioterapeutas.pt\/wp-content\/uploads\/2024\/09\/internacional.png\" class=\"attachment-large size-large wp-image-8774\" alt=\"\" srcset=\"https:\/\/ordemdosfisioterapeutas.pt\/wp-content\/uploads\/2024\/09\/internacional.png 600w, https:\/\/ordemdosfisioterapeutas.pt\/wp-content\/uploads\/2024\/09\/internacional-300x158.png 300w, https:\/\/ordemdosfisioterapeutas.pt\/wp-content\/uploads\/2024\/09\/internacional-18x9.png 18w\" sizes=\"(max-width: 600px) 100vw, 600px\" \/>\t\t\t\t\t\t\t\t\t\t\t\t\t\t\t<\/div>\n\t\t\t\t<\/div>\n\t\t\t\t<\/div>\n\t\t\t\t<\/div>\n\t\t<div class=\"elementor-element elementor-element-c22b1f7 e-flex e-con-boxed e-con e-parent\" data-id=\"c22b1f7\" data-element_type=\"container\" data-e-type=\"container\">\n\t\t\t\t\t<div class=\"e-con-inner\">\n\t\t\t\t<div class=\"elementor-element elementor-element-dbe35ec elementor-widget elementor-widget-text-editor\" data-id=\"dbe35ec\" data-element_type=\"widget\" data-e-type=\"widget\" data-widget_type=\"text-editor.default\">\n\t\t\t\t<div class=\"elementor-widget-container\">\n\t\t\t\t\t\t\t\t\t<p>La Orden de Fisioterapeutas est\u00e1 afiliada a varias organizaciones internacionales, lo que subraya tanto la identidad y autonom\u00eda propias de la profesi\u00f3n como su integraci\u00f3n en una red mundial de contactos y recursos. Desde enero de 2023, la Orden es miembro de World Physiotherapy, de la Europe Region of World Physiotherapy y de EurHeCA - European Health Professionals' Competent Authorities. Estas afiliaciones permiten a la Orden participar en debates globales sobre pr\u00e1cticas, pol\u00edticas y desarrollos en Fisioterapia, as\u00ed como formar parte de grupos especializados que promueven la colaboraci\u00f3n y el avance de la profesi\u00f3n a nivel internacional. La Orden est\u00e1 afiliada a las siguientes organizaciones:<\/p>\n<ul>\n<li><span style=\"text-decoration: underline;\"><a href=\"https:\/\/world.physio\/\" target=\"_blank\" rel=\"noopener\">Fisioterapia mundial<\/a> <\/span>(WP)<\/li>\n<li><span style=\"text-decoration: underline;\"><a href=\"https:\/\/world.physio\/specialtygroups\" target=\"_blank\" rel=\"noopener\">Grupos de especialidad de Fisioterapia Mundial:<\/a>&nbsp;<\/span>Fisioterapeutas internacionales para VIH\/SIDA, Oncolog\u00eda, Hospicios y Cuidados Paliativos (<span style=\"text-decoration: underline;\"><a href=\"https:\/\/world.physio\/subgroups\/hiv-aids-oncology-hospice-palliative\" target=\"_blank\" rel=\"noopener\">IPT-HOPE<\/a><\/span>), Organizaci\u00f3n Internacional de Fisioterapeutas Acu\u00e1ticos (<a href=\"https:\/\/world.physio\/subgroups\/aquatic\" target=\"_blank\" rel=\"noopener\"><span>IOAPT<\/span><\/a>), Organizaci\u00f3n Internacional de Fisioterapia en Salud Mental (<a href=\"https:\/\/world.physio\/subgroups\/mental-health\" target=\"_blank\" rel=\"noopener\"><span>IOPTMH<\/span><\/a>), la Asociaci\u00f3n Internacional de Fisioterapia Neurol\u00f3gica (<span style=\"text-decoration: underline;\"><a href=\"https:\/\/world.physio\/subgroups\/neurological\" target=\"_blank\" rel=\"noopener\">INPA<\/a>)<\/span>Organizaci\u00f3n Internacional de Fisioterapeutas en Pediatr\u00eda (<span style=\"text-decoration: underline;\"><a href=\"https:\/\/world.physio\/subgroups\/paediatrics\" target=\"_blank\" rel=\"noopener\">IOPTP<\/a><\/span>), la Federaci\u00f3n Internacional de Fisioterapeutas que trabajan en Salud Laboral y Ergonom\u00eda (<span style=\"text-decoration: underline;\"><a href=\"https:\/\/world.physio\/subgroups\/occupational-health-ergonomics\" target=\"_blank\" rel=\"noopener\">IFPTOHE<\/a><\/span>), Asociaci\u00f3n Internacional de Fisioterapeutas que trabajan con Personas Mayores (<span style=\"text-decoration: underline;\"><a href=\"https:\/\/world.physio\/subgroups\/older-people\" target=\"_blank\" rel=\"noopener\">IPTOP<\/a><\/span>)<\/li>\n<li><a href=\"https:\/\/www.erwcpt.eu\/\" target=\"_blank\" rel=\"noopener\"><span style=\"text-decoration: underline;\">Regi\u00f3n europea de la fisioterapia mundial<\/span> <\/a>(ER-WCPT)<\/li>\n<li><span style=\"text-decoration: underline;\"><a href=\"https:\/\/www.eurheca.eu\/en\/113-eurheca-en\" target=\"_blank\" rel=\"noopener\">EurHeCA - Autoridades competentes de los profesionales sanitarios europeos<\/a><\/span><\/li>\n<\/ul>\t\t\t\t\t\t\t\t<\/div>\n\t\t\t\t<\/div>\n\t\t\t\t\t<\/div>\n\t\t\t\t<\/div>\n\t\t<div class=\"elementor-element elementor-element-1a0c9b8 e-flex e-con-boxed e-con e-parent\" data-id=\"1a0c9b8\" data-element_type=\"container\" data-e-type=\"container\">\n\t\t\t\t\t<div class=\"e-con-inner\">\n\t\t<div class=\"elementor-element elementor-element-91f1184 e-con-full e-flex e-con e-child\" data-id=\"91f1184\" data-element_type=\"container\" data-e-type=\"container\">\n\t\t\t\t<div class=\"elementor-element elementor-element-ba62020 elementor-widget elementor-widget-image\" data-id=\"ba62020\" data-element_type=\"widget\" data-e-type=\"widget\" data-widget_type=\"image.default\">\n\t\t\t\t<div class=\"elementor-widget-container\">\n\t\t\t\t\t\t\t\t\t\t\t\t\t\t\t<img decoding=\"async\" width=\"398\" height=\"300\" src=\"https:\/\/ordemdosfisioterapeutas.pt\/wp-content\/uploads\/2024\/09\/internacional_01.png\" class=\"attachment-large size-large wp-image-8775\" alt=\"\" srcset=\"https:\/\/ordemdosfisioterapeutas.pt\/wp-content\/uploads\/2024\/09\/internacional_01.png 398w, https:\/\/ordemdosfisioterapeutas.pt\/wp-content\/uploads\/2024\/09\/internacional_01-300x226.png 300w, https:\/\/ordemdosfisioterapeutas.pt\/wp-content\/uploads\/2024\/09\/internacional_01-16x12.png 16w\" sizes=\"(max-width: 398px) 100vw, 398px\" \/>\t\t\t\t\t\t\t\t\t\t\t\t\t\t\t<\/div>\n\t\t\t\t<\/div>\n\t\t\t\t<\/div>\n\t\t<div class=\"elementor-element elementor-element-dfa72aa e-con-full e-flex e-con e-child\" data-id=\"dfa72aa\" data-element_type=\"container\" data-e-type=\"container\">\n\t\t\t\t<div class=\"elementor-element elementor-element-9690749 elementor-widget elementor-widget-image\" data-id=\"9690749\" data-element_type=\"widget\" data-e-type=\"widget\" data-widget_type=\"image.default\">\n\t\t\t\t<div class=\"elementor-widget-container\">\n\t\t\t\t\t\t\t\t\t\t\t\t\t\t\t<img decoding=\"async\" width=\"402\" height=\"300\" src=\"https:\/\/ordemdosfisioterapeutas.pt\/wp-content\/uploads\/2024\/09\/internacional_02.png\" class=\"attachment-large size-large wp-image-8776\" alt=\"\" srcset=\"https:\/\/ordemdosfisioterapeutas.pt\/wp-content\/uploads\/2024\/09\/internacional_02.png 402w, https:\/\/ordemdosfisioterapeutas.pt\/wp-content\/uploads\/2024\/09\/internacional_02-300x224.png 300w, https:\/\/ordemdosfisioterapeutas.pt\/wp-content\/uploads\/2024\/09\/internacional_02-16x12.png 16w\" sizes=\"(max-width: 402px) 100vw, 402px\" \/>\t\t\t\t\t\t\t\t\t\t\t\t\t\t\t<\/div>\n\t\t\t\t<\/div>\n\t\t\t\t<\/div>\n\t\t<div class=\"elementor-element elementor-element-fd6aed6 e-con-full e-flex e-con e-child\" data-id=\"fd6aed6\" data-element_type=\"container\" data-e-type=\"container\">\n\t\t\t\t<div class=\"elementor-element elementor-element-cd8d006 elementor-widget elementor-widget-image\" data-id=\"cd8d006\" data-element_type=\"widget\" data-e-type=\"widget\" data-widget_type=\"image.default\">\n\t\t\t\t<div class=\"elementor-widget-container\">\n\t\t\t\t\t\t\t\t\t\t\t\t\t\t\t<img loading=\"lazy\" decoding=\"async\" width=\"400\" height=\"300\" src=\"https:\/\/ordemdosfisioterapeutas.pt\/wp-content\/uploads\/2024\/09\/internacional_03.png\" class=\"attachment-large size-large wp-image-8777\" alt=\"\" srcset=\"https:\/\/ordemdosfisioterapeutas.pt\/wp-content\/uploads\/2024\/09\/internacional_03.png 400w, https:\/\/ordemdosfisioterapeutas.pt\/wp-content\/uploads\/2024\/09\/internacional_03-300x225.png 300w, https:\/\/ordemdosfisioterapeutas.pt\/wp-content\/uploads\/2024\/09\/internacional_03-16x12.png 16w\" sizes=\"(max-width: 400px) 100vw, 400px\" \/>\t\t\t\t\t\t\t\t\t\t\t\t\t\t\t<\/div>\n\t\t\t\t<\/div>\n\t\t\t\t<\/div>\n\t\t\t\t\t<\/div>\n\t\t\t\t<\/div>\n\t\t\t\t<\/div>","protected":false},"excerpt":{"rendered":"<p>La Orden de Fisioterapeutas est\u00e1 afiliada a varias organizaciones internacionales, lo que subraya tanto la identidad y autonom\u00eda propias de la profesi\u00f3n como su integraci\u00f3n en una red mundial de contactos y recursos. Desde enero de 2023, la Orden es miembro de World Physiotherapy, de la Europe Region of World Physiotherapy y de EurHeCA - European Health... <a title=\"Representaci\u00f3n internacional\" class=\"read-more\" href=\"https:\/\/ordemdosfisioterapeutas.pt\/es\/representacao-internacional\/\" aria-label=\"M\u00e1s informaci\u00f3n sobre la representaci\u00f3n internacional\">Seguir leyendo<\/a><\/p>","protected":false},"author":1,"featured_media":0,"parent":0,"menu_order":0,"comment_status":"closed","ping_status":"closed","template":"","meta":{"footnotes":""},"class_list":["post-8655","page","type-page","status-publish"],"_links":{"self":[{"href":"https:\/\/ordemdosfisioterapeutas.pt\/es\/wp-json\/wp\/v2\/pages\/8655","targetHints":{"allow":["GET"]}}],"collection":[{"href":"https:\/\/ordemdosfisioterapeutas.pt\/es\/wp-json\/wp\/v2\/pages"}],"about":[{"href":"https:\/\/ordemdosfisioterapeutas.pt\/es\/wp-json\/wp\/v2\/types\/page"}],"author":[{"embeddable":true,"href":"https:\/\/ordemdosfisioterapeutas.pt\/es\/wp-json\/wp\/v2\/users\/1"}],"replies":[{"embeddable":true,"href":"https:\/\/ordemdosfisioterapeutas.pt\/es\/wp-json\/wp\/v2\/comments?post=8655"}],"version-history":[{"count":0,"href":"https:\/\/ordemdosfisioterapeutas.pt\/es\/wp-json\/wp\/v2\/pages\/8655\/revisions"}],"wp:attachment":[{"href":"https:\/\/ordemdosfisioterapeutas.pt\/es\/wp-json\/wp\/v2\/media?parent=8655"}],"curies":[{"name":"wp","href":"https:\/\/api.w.org\/{rel}","templated":true}]}}