{"id":8650,"date":"2024-08-22T10:12:21","date_gmt":"2024-08-22T09:12:21","guid":{"rendered":"https:\/\/ordemdosfisioterapeutas.pt\/?page_id=8650"},"modified":"2024-09-09T20:40:49","modified_gmt":"2024-09-09T19:40:49","slug":"representacao-nacional","status":"publish","type":"page","link":"https:\/\/ordemdosfisioterapeutas.pt\/es\/representacao-nacional\/","title":{"rendered":"Representaci\u00f3n nacional"},"content":{"rendered":"<div data-elementor-type=\"wp-page\" data-elementor-id=\"8650\" class=\"elementor elementor-8650\" data-elementor-post-type=\"page\">\n\t\t\t\t<div class=\"elementor-element elementor-element-581cabf e-flex e-con-boxed e-con e-parent\" data-id=\"581cabf\" data-element_type=\"container\" data-e-type=\"container\">\n\t\t\t\t\t<div class=\"e-con-inner\">\n\t\t<div class=\"elementor-element elementor-element-3ed2425 e-con-full e-flex e-con e-child\" data-id=\"3ed2425\" data-element_type=\"container\" data-e-type=\"container\">\n\t\t\t\t<div class=\"elementor-element elementor-element-9bba05e elementor-widget elementor-widget-image\" data-id=\"9bba05e\" data-element_type=\"widget\" data-e-type=\"widget\" data-widget_type=\"image.default\">\n\t\t\t\t<div class=\"elementor-widget-container\">\n\t\t\t\t\t\t\t\t\t\t\t\t\t\t\t<img fetchpriority=\"high\" decoding=\"async\" width=\"600\" height=\"315\" src=\"https:\/\/ordemdosfisioterapeutas.pt\/wp-content\/uploads\/2024\/09\/nacional.png\" class=\"attachment-large size-large wp-image-8781\" alt=\"\" srcset=\"https:\/\/ordemdosfisioterapeutas.pt\/wp-content\/uploads\/2024\/09\/nacional.png 600w, https:\/\/ordemdosfisioterapeutas.pt\/wp-content\/uploads\/2024\/09\/nacional-300x158.png 300w, https:\/\/ordemdosfisioterapeutas.pt\/wp-content\/uploads\/2024\/09\/nacional-18x9.png 18w\" sizes=\"(max-width: 600px) 100vw, 600px\" \/>\t\t\t\t\t\t\t\t\t\t\t\t\t\t\t<\/div>\n\t\t\t\t<\/div>\n\t\t\t\t<\/div>\n\t\t\t\t\t<\/div>\n\t\t\t\t<\/div>\n\t\t<div class=\"elementor-element elementor-element-c737be9 e-flex e-con-boxed e-con e-parent\" data-id=\"c737be9\" data-element_type=\"container\" data-e-type=\"container\">\n\t\t\t\t\t<div class=\"e-con-inner\">\n\t\t\t\t<div class=\"elementor-element elementor-element-83674ce elementor-widget elementor-widget-text-editor\" data-id=\"83674ce\" data-element_type=\"widget\" data-e-type=\"widget\" data-widget_type=\"text-editor.default\">\n\t\t\t\t<div class=\"elementor-widget-container\">\n\t\t\t\t\t\t\t\t\t<p>El Colegio de Fisioterapeutas desempe\u00f1a un papel activo en diversas organizaciones nacionales, reforzando la presencia y la influencia de la fisioterapia en Portugal. Estas representaciones permiten a la Orden colaborar y contribuir al desarrollo de pol\u00edticas p\u00fablicas y normas sanitarias en el pa\u00eds, asegurando que la voz de los Fisioterapeutas sea escuchada en los m\u00e1s diversos foros. La Orden es miembro de las siguientes organizaciones nacionales:<\/p><ul><li><a href=\"https:\/\/cnop.pt\/\" target=\"_blank\" rel=\"noopener\"><span style=\"text-decoration: underline;\">Consejo Nacional de Asociaciones Profesionales<\/span><\/a><span style=\"text-decoration: underline;\"> (CNOP)<\/span><\/li><li><span style=\"text-decoration: underline;\"><a href=\"https:\/\/www.cns.min-saude.pt\/\" target=\"_blank\" rel=\"noopener\">Consejo Nacional de Salud<\/a> (CNS)<\/span><\/li><li><span style=\"text-decoration: underline;\"><a href=\"https:\/\/www.ipq.pt\/\" target=\"_blank\" rel=\"noopener\">Instituto Portugu\u00e9s de Calidad<\/a> (IPQ)<\/span><\/li><li><span style=\"text-decoration: underline;\"><a href=\"https:\/\/pactoparaoclima.portodigital.pt\/?p=9046\" target=\"_blank\" rel=\"noopener\">Consejo Portugu\u00e9s de Salud y Medio Ambiente<\/a> (CPSA)<\/span><\/li><\/ul>\t\t\t\t\t\t\t\t<\/div>\n\t\t\t\t<\/div>\n\t\t\t\t\t<\/div>\n\t\t\t\t<\/div>\n\t\t<div class=\"elementor-element elementor-element-bf0ae5b e-flex e-con-boxed e-con e-parent\" data-id=\"bf0ae5b\" data-element_type=\"container\" data-e-type=\"container\">\n\t\t\t\t\t<div class=\"e-con-inner\">\n\t\t<div class=\"elementor-element elementor-element-4f2d39b e-con-full e-flex e-con e-child\" data-id=\"4f2d39b\" data-element_type=\"container\" data-e-type=\"container\">\n\t\t\t\t<div class=\"elementor-element elementor-element-2baf97a elementor-widget elementor-widget-image\" data-id=\"2baf97a\" data-element_type=\"widget\" data-e-type=\"widget\" data-widget_type=\"image.default\">\n\t\t\t\t<div class=\"elementor-widget-container\">\n\t\t\t\t\t\t\t\t\t\t\t\t\t\t\t<img decoding=\"async\" width=\"398\" height=\"300\" src=\"https:\/\/ordemdosfisioterapeutas.pt\/wp-content\/uploads\/2024\/09\/nacional_01.png\" class=\"attachment-large size-large wp-image-8783\" alt=\"\" srcset=\"https:\/\/ordemdosfisioterapeutas.pt\/wp-content\/uploads\/2024\/09\/nacional_01.png 398w, https:\/\/ordemdosfisioterapeutas.pt\/wp-content\/uploads\/2024\/09\/nacional_01-300x226.png 300w, https:\/\/ordemdosfisioterapeutas.pt\/wp-content\/uploads\/2024\/09\/nacional_01-16x12.png 16w\" sizes=\"(max-width: 398px) 100vw, 398px\" \/>\t\t\t\t\t\t\t\t\t\t\t\t\t\t\t<\/div>\n\t\t\t\t<\/div>\n\t\t\t\t<\/div>\n\t\t<div class=\"elementor-element elementor-element-451f336 e-con-full e-flex e-con e-child\" data-id=\"451f336\" data-element_type=\"container\" data-e-type=\"container\">\n\t\t\t\t<div class=\"elementor-element elementor-element-71c7333 elementor-widget elementor-widget-image\" data-id=\"71c7333\" data-element_type=\"widget\" data-e-type=\"widget\" data-widget_type=\"image.default\">\n\t\t\t\t<div class=\"elementor-widget-container\">\n\t\t\t\t\t\t\t\t\t\t\t\t\t\t\t<img decoding=\"async\" width=\"402\" height=\"300\" src=\"https:\/\/ordemdosfisioterapeutas.pt\/wp-content\/uploads\/2024\/09\/nacional_02.png\" class=\"attachment-large size-large wp-image-8784\" alt=\"\" srcset=\"https:\/\/ordemdosfisioterapeutas.pt\/wp-content\/uploads\/2024\/09\/nacional_02.png 402w, https:\/\/ordemdosfisioterapeutas.pt\/wp-content\/uploads\/2024\/09\/nacional_02-300x224.png 300w, https:\/\/ordemdosfisioterapeutas.pt\/wp-content\/uploads\/2024\/09\/nacional_02-16x12.png 16w\" sizes=\"(max-width: 402px) 100vw, 402px\" \/>\t\t\t\t\t\t\t\t\t\t\t\t\t\t\t<\/div>\n\t\t\t\t<\/div>\n\t\t\t\t<\/div>\n\t\t<div class=\"elementor-element elementor-element-4c9c7c8 e-con-full e-flex e-con e-child\" data-id=\"4c9c7c8\" data-element_type=\"container\" data-e-type=\"container\">\n\t\t\t\t<div class=\"elementor-element elementor-element-dceabaf elementor-widget elementor-widget-image\" data-id=\"dceabaf\" data-element_type=\"widget\" data-e-type=\"widget\" data-widget_type=\"image.default\">\n\t\t\t\t<div class=\"elementor-widget-container\">\n\t\t\t\t\t\t\t\t\t\t\t\t\t\t\t<img loading=\"lazy\" decoding=\"async\" width=\"400\" height=\"300\" src=\"https:\/\/ordemdosfisioterapeutas.pt\/wp-content\/uploads\/2024\/09\/nacional_03.png\" class=\"attachment-large size-large wp-image-8785\" alt=\"\" srcset=\"https:\/\/ordemdosfisioterapeutas.pt\/wp-content\/uploads\/2024\/09\/nacional_03.png 400w, https:\/\/ordemdosfisioterapeutas.pt\/wp-content\/uploads\/2024\/09\/nacional_03-300x225.png 300w, https:\/\/ordemdosfisioterapeutas.pt\/wp-content\/uploads\/2024\/09\/nacional_03-16x12.png 16w\" sizes=\"(max-width: 400px) 100vw, 400px\" \/>\t\t\t\t\t\t\t\t\t\t\t\t\t\t\t<\/div>\n\t\t\t\t<\/div>\n\t\t\t\t<\/div>\n\t\t<div class=\"elementor-element elementor-element-f5662df e-con-full e-flex e-con e-child\" data-id=\"f5662df\" data-element_type=\"container\" data-e-type=\"container\">\n\t\t\t\t<div class=\"elementor-element elementor-element-541b857 elementor-widget elementor-widget-image\" data-id=\"541b857\" data-element_type=\"widget\" data-e-type=\"widget\" data-widget_type=\"image.default\">\n\t\t\t\t<div class=\"elementor-widget-container\">\n\t\t\t\t\t\t\t\t\t\t\t\t\t\t\t<img loading=\"lazy\" decoding=\"async\" width=\"400\" height=\"300\" src=\"https:\/\/ordemdosfisioterapeutas.pt\/wp-content\/uploads\/2024\/09\/nacional_04.png\" class=\"attachment-large size-large wp-image-8786\" alt=\"\" srcset=\"https:\/\/ordemdosfisioterapeutas.pt\/wp-content\/uploads\/2024\/09\/nacional_04.png 400w, https:\/\/ordemdosfisioterapeutas.pt\/wp-content\/uploads\/2024\/09\/nacional_04-300x225.png 300w, https:\/\/ordemdosfisioterapeutas.pt\/wp-content\/uploads\/2024\/09\/nacional_04-16x12.png 16w\" sizes=\"(max-width: 400px) 100vw, 400px\" \/>\t\t\t\t\t\t\t\t\t\t\t\t\t\t\t<\/div>\n\t\t\t\t<\/div>\n\t\t\t\t<\/div>\n\t\t\t\t\t<\/div>\n\t\t\t\t<\/div>\n\t\t\t\t<\/div>","protected":false},"excerpt":{"rendered":"<p>El Colegio de Fisioterapeutas desempe\u00f1a un papel activo en diversas organizaciones nacionales, reforzando la presencia y la influencia de la fisioterapia en Portugal. Estas representaciones permiten a la Orden colaborar y contribuir al desarrollo de pol\u00edticas p\u00fablicas y normas sanitarias en el pa\u00eds, asegurando que la voz de los Fisioterapeutas sea escuchada en los m\u00e1s diversos foros. A ... <a title=\"Representaci\u00f3n nacional\" class=\"read-more\" href=\"https:\/\/ordemdosfisioterapeutas.pt\/es\/representacao-nacional\/\" aria-label=\"M\u00e1s informaci\u00f3n sobre la representaci\u00f3n nacional\">Seguir leyendo<\/a><\/p>","protected":false},"author":1,"featured_media":0,"parent":0,"menu_order":0,"comment_status":"closed","ping_status":"closed","template":"","meta":{"footnotes":""},"class_list":["post-8650","page","type-page","status-publish"],"_links":{"self":[{"href":"https:\/\/ordemdosfisioterapeutas.pt\/es\/wp-json\/wp\/v2\/pages\/8650","targetHints":{"allow":["GET"]}}],"collection":[{"href":"https:\/\/ordemdosfisioterapeutas.pt\/es\/wp-json\/wp\/v2\/pages"}],"about":[{"href":"https:\/\/ordemdosfisioterapeutas.pt\/es\/wp-json\/wp\/v2\/types\/page"}],"author":[{"embeddable":true,"href":"https:\/\/ordemdosfisioterapeutas.pt\/es\/wp-json\/wp\/v2\/users\/1"}],"replies":[{"embeddable":true,"href":"https:\/\/ordemdosfisioterapeutas.pt\/es\/wp-json\/wp\/v2\/comments?post=8650"}],"version-history":[{"count":0,"href":"https:\/\/ordemdosfisioterapeutas.pt\/es\/wp-json\/wp\/v2\/pages\/8650\/revisions"}],"wp:attachment":[{"href":"https:\/\/ordemdosfisioterapeutas.pt\/es\/wp-json\/wp\/v2\/media?parent=8650"}],"curies":[{"name":"wp","href":"https:\/\/api.w.org\/{rel}","templated":true}]}}