{"id":832,"date":"2020-10-07T09:03:10","date_gmt":"2020-10-07T09:03:10","guid":{"rendered":"https:\/\/ordemdosfisioterapeutas.pt\/?page_id=832"},"modified":"2023-10-18T16:16:50","modified_gmt":"2023-10-18T15:16:50","slug":"cidadao","status":"publish","type":"page","link":"https:\/\/ordemdosfisioterapeutas.pt\/es\/cidadao\/","title":{"rendered":"Ciudadano"},"content":{"rendered":"<div data-elementor-type=\"wp-page\" data-elementor-id=\"832\" class=\"elementor elementor-832\" data-elementor-post-type=\"page\">\n\t\t\t\t\t\t<section class=\"elementor-section elementor-top-section elementor-element elementor-element-2dbf794 elementor-section-boxed elementor-section-height-default elementor-section-height-default\" data-id=\"2dbf794\" data-element_type=\"section\" data-e-type=\"section\">\n\t\t\t\t\t\t<div class=\"elementor-container elementor-column-gap-default\">\n\t\t\t\t\t<div class=\"elementor-column elementor-col-100 elementor-top-column elementor-element elementor-element-6be1ace\" data-id=\"6be1ace\" data-element_type=\"column\" data-e-type=\"column\">\n\t\t\t<div class=\"elementor-widget-wrap elementor-element-populated\">\n\t\t\t\t\t\t<div class=\"elementor-element elementor-element-3d00a3e elementor-widget elementor-widget-button\" data-id=\"3d00a3e\" data-element_type=\"widget\" data-e-type=\"widget\" data-widget_type=\"button.default\">\n\t\t\t\t<div class=\"elementor-widget-container\">\n\t\t\t\t\t\t\t\t\t<div class=\"elementor-button-wrapper\">\n\t\t\t\t\t<a class=\"elementor-button elementor-button-link elementor-size-sm\" href=\"https:\/\/ordemdosfisioterapeutas.pt\/es\/encontre-um-fisioterapeuta\/\" target=\"_blank\">\n\t\t\t\t\t\t<span class=\"elementor-button-content-wrapper\">\n\t\t\t\t\t\t\t\t\t<span class=\"elementor-button-text\">Fisioterapeutas colegiados<\/span>\n\t\t\t\t\t<\/span>\n\t\t\t\t\t<\/a>\n\t\t\t\t<\/div>\n\t\t\t\t\t\t\t\t<\/div>\n\t\t\t\t<\/div>\n\t\t\t\t\t<\/div>\n\t\t<\/div>\n\t\t\t\t\t<\/div>\n\t\t<\/section>\n\t\t\t\t<section class=\"elementor-section elementor-top-section elementor-element elementor-element-d76e975 elementor-section-boxed elementor-section-height-default elementor-section-height-default\" data-id=\"d76e975\" data-element_type=\"section\" data-e-type=\"section\">\n\t\t\t\t\t\t<div class=\"elementor-container elementor-column-gap-default\">\n\t\t\t\t\t<div class=\"elementor-column elementor-col-100 elementor-top-column elementor-element elementor-element-831085a\" data-id=\"831085a\" data-element_type=\"column\" data-e-type=\"column\">\n\t\t\t<div class=\"elementor-widget-wrap elementor-element-populated\">\n\t\t\t\t\t\t<div class=\"elementor-element elementor-element-ee5e8b7 elementor-widget elementor-widget-toggle\" data-id=\"ee5e8b7\" data-element_type=\"widget\" data-e-type=\"widget\" data-widget_type=\"toggle.default\">\n\t\t\t\t<div class=\"elementor-widget-container\">\n\t\t\t\t\t\t\t<div class=\"elementor-toggle\">\n\t\t\t\t\t\t\t<div class=\"elementor-toggle-item\">\n\t\t\t\t\t<div id=\"elementor-tab-title-2491\" class=\"elementor-tab-title\" data-tab=\"1\" role=\"button\" aria-controls=\"elementor-tab-content-2491\" aria-expanded=\"false\">\n\t\t\t\t\t\t\t\t\t\t\t\t<span class=\"elementor-toggle-icon elementor-toggle-icon-left\" aria-hidden=\"true\">\n\t\t\t\t\t\t\t\t\t\t\t\t\t\t\t<span class=\"elementor-toggle-icon-closed\"><i class=\"fas fa-caret-right\"><\/i><\/span>\n\t\t\t\t\t\t\t\t<span class=\"elementor-toggle-icon-opened\"><i class=\"elementor-toggle-icon-opened fas fa-caret-up\"><\/i><\/span>\n\t\t\t\t\t\t\t\t\t\t\t\t\t<\/span>\n\t\t\t\t\t\t\t\t\t\t\t\t<a class=\"elementor-toggle-title\" tabindex=\"0\">\u00bfC\u00f3mo puedo estar seguro de que alguien es realmente fisioterapeuta?<\/a>\n\t\t\t\t\t<\/div>\n\n\t\t\t\t\t<div id=\"elementor-tab-content-2491\" class=\"elementor-tab-content elementor-clearfix\" data-tab=\"1\" role=\"region\" aria-labelledby=\"elementor-tab-title-2491\"><p>Todos los fisioterapeutas son titulares de una tarjeta profesional expedida por la Orden Portuguesa de Fisioterapeutas. Si quiere saber si una intervenci\u00f3n ha sido realizada por un fisioterapeuta debidamente cualificado para ello, debe solicitar la tarjeta profesional del fisioterapeuta.   La OF aconseja a todos los ciudadanos que pidan el certificado del fisioterapeuta al iniciar el tratamiento.<\/p><p>Tambi\u00e9n puede ponerse en contacto con su fisioterapeuta en <span style=\"text-decoration: underline;\"><a href=\"https:\/\/ordemdosfisioterapeutas.pt\/es\/encontre-um-fisioterapeuta\/\" target=\"_blank\" rel=\"noopener\">Directorio<\/a><\/span> en el sitio web del Colegio de Fisioterapeutas.<\/p><\/div>\n\t\t\t\t<\/div>\n\t\t\t\t\t\t\t<div class=\"elementor-toggle-item\">\n\t\t\t\t\t<div id=\"elementor-tab-title-2492\" class=\"elementor-tab-title\" data-tab=\"2\" role=\"button\" aria-controls=\"elementor-tab-content-2492\" aria-expanded=\"false\">\n\t\t\t\t\t\t\t\t\t\t\t\t<span class=\"elementor-toggle-icon elementor-toggle-icon-left\" aria-hidden=\"true\">\n\t\t\t\t\t\t\t\t\t\t\t\t\t\t\t<span class=\"elementor-toggle-icon-closed\"><i class=\"fas fa-caret-right\"><\/i><\/span>\n\t\t\t\t\t\t\t\t<span class=\"elementor-toggle-icon-opened\"><i class=\"elementor-toggle-icon-opened fas fa-caret-up\"><\/i><\/span>\n\t\t\t\t\t\t\t\t\t\t\t\t\t<\/span>\n\t\t\t\t\t\t\t\t\t\t\t\t<a class=\"elementor-toggle-title\" tabindex=\"0\">\u00bfQu\u00e9 puede hacer por m\u00ed un fisioterapeuta?<\/a>\n\t\t\t\t\t<\/div>\n\n\t\t\t\t\t<div id=\"elementor-tab-content-2492\" class=\"elementor-tab-content elementor-clearfix\" data-tab=\"2\" role=\"region\" aria-labelledby=\"elementor-tab-title-2492\"><p>El fisioterapeuta le ayudar\u00e1 con intervenciones fisioterap\u00e9uticas espec\u00edficas. Debes tener en cuenta que cuando buscas un Fisioterapeuta colegiado, buscas un profesional sanitario debidamente cualificado, que debe actuar dentro de unos est\u00e1ndares de calidad y sujeto a un <span style=\"text-decoration: underline;\"><a href=\"https:\/\/ordemdosfisioterapeutas.pt\/wp-content\/uploads\/2023\/05\/codigo-dre.pdf\" target=\"_blank\" rel=\"noopener\">C\u00f3digo \u00e9tico<\/a><\/span>, a <span style=\"text-decoration: underline;\"><a href=\"https:\/\/ordemdosfisioterapeutas.pt\/wp-content\/uploads\/2023\/05\/regulamento-disciplinar-dre.pdf\" target=\"_blank\" rel=\"noopener\">Reglamento disciplinario<\/a><\/span> y la garant\u00eda de un seguro de responsabilidad profesional.<\/p><\/div>\n\t\t\t\t<\/div>\n\t\t\t\t\t\t\t<div class=\"elementor-toggle-item\">\n\t\t\t\t\t<div id=\"elementor-tab-title-2493\" class=\"elementor-tab-title\" data-tab=\"3\" role=\"button\" aria-controls=\"elementor-tab-content-2493\" aria-expanded=\"false\">\n\t\t\t\t\t\t\t\t\t\t\t\t<span class=\"elementor-toggle-icon elementor-toggle-icon-left\" aria-hidden=\"true\">\n\t\t\t\t\t\t\t\t\t\t\t\t\t\t\t<span class=\"elementor-toggle-icon-closed\"><i class=\"fas fa-caret-right\"><\/i><\/span>\n\t\t\t\t\t\t\t\t<span class=\"elementor-toggle-icon-opened\"><i class=\"elementor-toggle-icon-opened fas fa-caret-up\"><\/i><\/span>\n\t\t\t\t\t\t\t\t\t\t\t\t\t<\/span>\n\t\t\t\t\t\t\t\t\t\t\t\t<a class=\"elementor-toggle-title\" tabindex=\"0\">\u00bfPuede el fisioterapeuta ejercer en otros \u00e1mbitos?<\/a>\n\t\t\t\t\t<\/div>\n\n\t\t\t\t\t<div id=\"elementor-tab-content-2493\" class=\"elementor-tab-content elementor-clearfix\" data-tab=\"3\" role=\"region\" aria-labelledby=\"elementor-tab-title-2493\"><p>S\u00ed. Los fisioterapeutas pueden ejercer otra profesi\u00f3n para la que est\u00e9n legalmente habilitados, siempre que diferencien claramente la actividad profesional desarrollada en cada momento.<\/p><\/div>\n\t\t\t\t<\/div>\n\t\t\t\t\t\t\t<div class=\"elementor-toggle-item\">\n\t\t\t\t\t<div id=\"elementor-tab-title-2494\" class=\"elementor-tab-title\" data-tab=\"4\" role=\"button\" aria-controls=\"elementor-tab-content-2494\" aria-expanded=\"false\">\n\t\t\t\t\t\t\t\t\t\t\t\t<span class=\"elementor-toggle-icon elementor-toggle-icon-left\" aria-hidden=\"true\">\n\t\t\t\t\t\t\t\t\t\t\t\t\t\t\t<span class=\"elementor-toggle-icon-closed\"><i class=\"fas fa-caret-right\"><\/i><\/span>\n\t\t\t\t\t\t\t\t<span class=\"elementor-toggle-icon-opened\"><i class=\"elementor-toggle-icon-opened fas fa-caret-up\"><\/i><\/span>\n\t\t\t\t\t\t\t\t\t\t\t\t\t<\/span>\n\t\t\t\t\t\t\t\t\t\t\t\t<a class=\"elementor-toggle-title\" tabindex=\"0\">\u00bfPuede el fisioterapeuta realizar las sesiones en casa o en el domicilio de la persona que acude a \u00e9l?<\/a>\n\t\t\t\t\t<\/div>\n\n\t\t\t\t\t<div id=\"elementor-tab-content-2494\" class=\"elementor-tab-content elementor-clearfix\" data-tab=\"4\" role=\"region\" aria-labelledby=\"elementor-tab-title-2494\"><p>S\u00ed. Todos los Fisioterapeutas legalmente habilitados para realizar Fisioterapia a domicilio pueden realizar sesiones de Fisioterapia en el domicilio del paciente. Los Fisioterapeutas no podr\u00e1n realizar sesiones de Fisioterapia en su propio domicilio, salvo que dispongan de un local que permita el acceso y de zonas privadas aut\u00f3nomas y debidamente adecuadas.<\/p><\/div>\n\t\t\t\t<\/div>\n\t\t\t\t\t\t\t<div class=\"elementor-toggle-item\">\n\t\t\t\t\t<div id=\"elementor-tab-title-2495\" class=\"elementor-tab-title\" data-tab=\"5\" role=\"button\" aria-controls=\"elementor-tab-content-2495\" aria-expanded=\"false\">\n\t\t\t\t\t\t\t\t\t\t\t\t<span class=\"elementor-toggle-icon elementor-toggle-icon-left\" aria-hidden=\"true\">\n\t\t\t\t\t\t\t\t\t\t\t\t\t\t\t<span class=\"elementor-toggle-icon-closed\"><i class=\"fas fa-caret-right\"><\/i><\/span>\n\t\t\t\t\t\t\t\t<span class=\"elementor-toggle-icon-opened\"><i class=\"elementor-toggle-icon-opened fas fa-caret-up\"><\/i><\/span>\n\t\t\t\t\t\t\t\t\t\t\t\t\t<\/span>\n\t\t\t\t\t\t\t\t\t\t\t\t<a class=\"elementor-toggle-title\" tabindex=\"0\">\u00bfDeben explicar los fisioterapeutas, en una primera sesi\u00f3n de tratamiento, qu\u00e9 m\u00e9todo utilizan y utilizar\u00e1n a lo largo de su intervenci\u00f3n?<\/a>\n\t\t\t\t\t<\/div>\n\n\t\t\t\t\t<div id=\"elementor-tab-content-2495\" class=\"elementor-tab-content elementor-clearfix\" data-tab=\"5\" role=\"region\" aria-labelledby=\"elementor-tab-title-2495\"><p>El fisioterapeuta tiene el deber de proporcionar aclaraciones para permitir una elecci\u00f3n informada y el usuario, o quien est\u00e9 autorizado para ello, tiene derecho a ser informado sobre la finalidad y la naturaleza de la intervenci\u00f3n, el derecho a consentir o a constituir el derecho a rechazar la intervenci\u00f3n y a revocar el consentimiento.<\/p><p>Art\u00edculo 11 del Cap\u00edtulo IX del C\u00f3digo Deontol\u00f3gico del Fisioterapeuta, que puede consultarse en <span style=\"text-decoration: underline;\"><a href=\"https:\/\/ordemdosfisioterapeutas.pt\/wp-content\/uploads\/2023\/05\/codigo-dre.pdf\" target=\"_blank\" rel=\"noopener\">aqu\u00ed<\/a><\/span>Este art\u00edculo est\u00e1 dedicado al consentimiento informado de los usuarios.\u00a0<\/p><\/div>\n\t\t\t\t<\/div>\n\t\t\t\t\t\t\t<div class=\"elementor-toggle-item\">\n\t\t\t\t\t<div id=\"elementor-tab-title-2496\" class=\"elementor-tab-title\" data-tab=\"6\" role=\"button\" aria-controls=\"elementor-tab-content-2496\" aria-expanded=\"false\">\n\t\t\t\t\t\t\t\t\t\t\t\t<span class=\"elementor-toggle-icon elementor-toggle-icon-left\" aria-hidden=\"true\">\n\t\t\t\t\t\t\t\t\t\t\t\t\t\t\t<span class=\"elementor-toggle-icon-closed\"><i class=\"fas fa-caret-right\"><\/i><\/span>\n\t\t\t\t\t\t\t\t<span class=\"elementor-toggle-icon-opened\"><i class=\"elementor-toggle-icon-opened fas fa-caret-up\"><\/i><\/span>\n\t\t\t\t\t\t\t\t\t\t\t\t\t<\/span>\n\t\t\t\t\t\t\t\t\t\t\t\t<a class=\"elementor-toggle-title\" tabindex=\"0\">\u00bfLa fisioterapia s\u00f3lo sirve para tratar el dolor?<\/a>\n\t\t\t\t\t<\/div>\n\n\t\t\t\t\t<div id=\"elementor-tab-content-2496\" class=\"elementor-tab-content elementor-clearfix\" data-tab=\"6\" role=\"region\" aria-labelledby=\"elementor-tab-title-2496\"><p>No. Los fisioterapeutas trabajan en distintos \u00e1mbitos. El dolor es un s\u00edntoma relevante tanto para el paciente como para el fisioterapeuta, que hay que tener en cuenta, pero no es el \u00fanico. Los fisioterapeutas tambi\u00e9n trabajan en situaciones cl\u00ednicas en las que el elemento dolor no est\u00e1 presente.<\/p><\/div>\n\t\t\t\t<\/div>\n\t\t\t\t\t\t\t<div class=\"elementor-toggle-item\">\n\t\t\t\t\t<div id=\"elementor-tab-title-2497\" class=\"elementor-tab-title\" data-tab=\"7\" role=\"button\" aria-controls=\"elementor-tab-content-2497\" aria-expanded=\"false\">\n\t\t\t\t\t\t\t\t\t\t\t\t<span class=\"elementor-toggle-icon elementor-toggle-icon-left\" aria-hidden=\"true\">\n\t\t\t\t\t\t\t\t\t\t\t\t\t\t\t<span class=\"elementor-toggle-icon-closed\"><i class=\"fas fa-caret-right\"><\/i><\/span>\n\t\t\t\t\t\t\t\t<span class=\"elementor-toggle-icon-opened\"><i class=\"elementor-toggle-icon-opened fas fa-caret-up\"><\/i><\/span>\n\t\t\t\t\t\t\t\t\t\t\t\t\t<\/span>\n\t\t\t\t\t\t\t\t\t\t\t\t<a class=\"elementor-toggle-title\" tabindex=\"0\">\u00bfRecibe el Colegio de Fisioterapeutas quejas\/reclamaciones del p\u00fablico?<\/a>\n\t\t\t\t\t<\/div>\n\n\t\t\t\t\t<div id=\"elementor-tab-content-2497\" class=\"elementor-tab-content elementor-clearfix\" data-tab=\"7\" role=\"region\" aria-labelledby=\"elementor-tab-title-2497\"><p>S\u00ed, el Colegio de Fisioterapeutas tiene entre sus funciones estatutarias la defensa de los intereses generales de los usuarios de los servicios prestados por sus colegiados, velando y haciendo efectivo el derecho a la salud de los ciudadanos.<\/p><p>El Colegio de Fisioterapeutas cuenta con un Consejo Jurisdiccional que, entre otras competencias, puede instruir y juzgar procedimientos disciplinarios contra miembros del Colegio.<\/p><p>Existe un procedimiento para el registro y an\u00e1lisis de todas las denuncias, dependiendo de su naturaleza, que requiere una respuesta a la persona o entidad que present\u00f3 la denuncia, y el respectivo reenv\u00edo.<\/p><p>Si desea presentar una denuncia\/queja\/queja sobre un Fisioterapeuta, rellene el formulario disponible <span style=\"text-decoration: underline;\"><a href=\"https:\/\/staging.ordemdosfisioterapeutas.pt\/wp-content\/uploads\/2023\/10\/Formulario-Participacao-OF-2023_II_11_05_2023.pdf\" target=\"_blank\" rel=\"noopener\">aqu\u00ed<\/a><\/span> <i>y enviarlo a <span style=\"text-decoration: underline;\"><a href=\"mailto:geral@ordemdosfisioterapeutas.pt\" target=\"_blank\" rel=\"noopener\">geral@ordemdosfisioterapeutas.pt<\/a><\/span>.<\/i><\/p><\/div>\n\t\t\t\t<\/div>\n\t\t\t\t\t\t\t\t<\/div>\n\t\t\t\t\t\t<\/div>\n\t\t\t\t<\/div>\n\t\t\t\t\t<\/div>\n\t\t<\/div>\n\t\t\t\t\t<\/div>\n\t\t<\/section>\n\t\t\t\t<\/div>","protected":false},"excerpt":{"rendered":"<p>Fisioterapeutas colegiados \u00bfC\u00f3mo puedo estar seguro de que una persona es realmente fisioterapeuta? Todos los Fisioterapeutas son titulares de una licencia profesional expedida por el Colegio de Fisioterapeutas. Si quiere saber si una intervenci\u00f3n ha sido realizada por un Fisioterapeuta debidamente cualificado para ello, debe solicitar la tarjeta profesional del Fisioterapeuta.   EL DE ... <a title=\"Ciudadano\" class=\"read-more\" href=\"https:\/\/ordemdosfisioterapeutas.pt\/es\/cidadao\/\" aria-label=\"Leer m\u00e1s sobre Citizen\">Seguir leyendo<\/a><\/p>","protected":false},"author":1,"featured_media":0,"parent":0,"menu_order":0,"comment_status":"closed","ping_status":"closed","template":"","meta":{"footnotes":""},"class_list":["post-832","page","type-page","status-publish"],"_links":{"self":[{"href":"https:\/\/ordemdosfisioterapeutas.pt\/es\/wp-json\/wp\/v2\/pages\/832","targetHints":{"allow":["GET"]}}],"collection":[{"href":"https:\/\/ordemdosfisioterapeutas.pt\/es\/wp-json\/wp\/v2\/pages"}],"about":[{"href":"https:\/\/ordemdosfisioterapeutas.pt\/es\/wp-json\/wp\/v2\/types\/page"}],"author":[{"embeddable":true,"href":"https:\/\/ordemdosfisioterapeutas.pt\/es\/wp-json\/wp\/v2\/users\/1"}],"replies":[{"embeddable":true,"href":"https:\/\/ordemdosfisioterapeutas.pt\/es\/wp-json\/wp\/v2\/comments?post=832"}],"version-history":[{"count":0,"href":"https:\/\/ordemdosfisioterapeutas.pt\/es\/wp-json\/wp\/v2\/pages\/832\/revisions"}],"wp:attachment":[{"href":"https:\/\/ordemdosfisioterapeutas.pt\/es\/wp-json\/wp\/v2\/media?parent=832"}],"curies":[{"name":"wp","href":"https:\/\/api.w.org\/{rel}","templated":true}]}}