{"id":8188,"date":"2024-06-04T17:38:50","date_gmt":"2024-06-04T16:38:50","guid":{"rendered":"https:\/\/ordemdosfisioterapeutas.pt\/?page_id=8188"},"modified":"2024-06-04T17:44:05","modified_gmt":"2024-06-04T16:44:05","slug":"avisos-legais","status":"publish","type":"page","link":"https:\/\/ordemdosfisioterapeutas.pt\/es\/avisos-legais\/","title":{"rendered":"Menciones legales"},"content":{"rendered":"<div data-elementor-type=\"wp-page\" data-elementor-id=\"8188\" class=\"elementor elementor-8188\" data-elementor-post-type=\"page\">\n\t\t\t\t<div class=\"elementor-element elementor-element-807b185 e-flex e-con-boxed e-con e-parent\" data-id=\"807b185\" data-element_type=\"container\" data-e-type=\"container\">\n\t\t\t\t\t<div class=\"e-con-inner\">\n\t\t\t\t<div class=\"elementor-element elementor-element-00bfdb5 elementor-widget elementor-widget-text-editor\" data-id=\"00bfdb5\" data-element_type=\"widget\" data-e-type=\"widget\" data-widget_type=\"text-editor.default\">\n\t\t\t\t<div class=\"elementor-widget-container\">\n\t\t\t\t\t\t\t\t\t<p>De conformidad con las disposiciones legales aplicables en materia de servicios de la sociedad de la informaci\u00f3n y de comercio electr\u00f3nico, el presente aviso legal regula el acceso y utilizaci\u00f3n del sitio web de Ordem dos Fisioterapeutas.<\/p><p>Para identificar correctamente a esta organizaci\u00f3n, se facilita la siguiente informaci\u00f3n:<\/p><p><strong>Nombre y apellidos<\/strong>Orden de Fisioterapeutas<\/p><p><strong>N\u00famero de identificaci\u00f3n fiscal (NIF):<\/strong> 515\u00a0877\u00a0964<\/p><p><strong>Direcci\u00f3n de la sede social:<\/strong> Centro LEAP - Espa\u00e7o Amoreiras, Rua D. Jo\u00e3o V, n\u00b0 24 - 1.03; 1250-091 Lisboa.<br \/><br \/><\/p><p>Toda persona que acceda a este sitio web Ordem dos Fisioterapeutas asume la condici\u00f3n de usuario, comprometi\u00e9ndose a la observancia y cumplimiento riguroso de las disposiciones aqu\u00ed dispuestas, as\u00ed como a cualesquiera otra disposici\u00f3n legal que fuera de aplicaci\u00f3n.<\/p><p>El acceso y uso de este sitio web atribuye la condici\u00f3n de usuario e implica la aceptaci\u00f3n plena y sin reservas de todas y cada una de las disposiciones incluidas en este Aviso Legal, en la versi\u00f3n publicada por el Colegio de Fisioterapeutas en el momento mismo en que el usuario acceda al sitio web. Aconsejamos su lectura previa.<br \/><br \/><\/p><p><strong>Pol\u00edtica de privacidad:<\/strong><\/p><p>Cuestiones jur\u00eddicas relacionadas con <em>sitio web<\/em> puede aclararse consultando la Pol\u00edtica de Privacidad y Protecci\u00f3n de Datos del Colegio de Fisioterapeutas, disponible en <span style=\"text-decoration: underline;\"><a href=\"https:\/\/ordemdosfisioterapeutas.pt\/es\/politica-de-privacidade\/\" target=\"_blank\" rel=\"noopener\">aqu\u00ed<\/a><\/span>.<br \/><br \/><\/p><p><strong>Uso personal y difusi\u00f3n:<\/strong><\/p><p>El acceso y uso del sitio web est\u00e1 disponible exclusivamente para uso personal y para dar a conocer las actividades de la Orden de Fisioterapeutas en beneficio de sus miembros. La Orden de Fisioterapeutas se reserva el derecho de cerrar las cuentas de los usuarios que infrinjan estas disposiciones, especialmente en caso de perturbaci\u00f3n del funcionamiento normal del sitio web. <em>sitio web<\/em>.<br \/><br \/><\/p><p><strong>Credenciales de acceso:<\/strong><\/p><p>Para acceder a las zonas reservadas, el usuario es responsable de la custodia y el uso correcto de sus credenciales, como el nombre de usuario y la contrase\u00f1a, que no debe compartir con terceros.<br \/><br \/><\/p><p><strong>Responsabilidad del usuario:<\/strong><\/p><p>El usuario es el \u00fanico responsable de la informaci\u00f3n personal facilitada, garantizando que \u00e9sta sea veraz, correcta, completa y actualizada. El Colegio de Fisioterapeutas se reserva el derecho de suspender el registro y denegar el acceso a <em>sitio web<\/em> si la informaci\u00f3n facilitada es enga\u00f1osa.<br \/><br \/><\/p><p><strong>Notificaciones y advertencias:<\/strong><\/p><p>La Orden de Fisioterapeutas puede enviar avisos al usuario para mejorar la interacci\u00f3n con el <em>sitio web<\/em>teniendo en cuenta el perfil del usuario.<br \/><br \/><\/p><p><strong>Acciones en la cuenta de usuario:<\/strong><\/p><p>El usuario es el \u00fanico responsable de todas las acciones realizadas a trav\u00e9s de su cuenta de usuario. El Colegio de Fisioterapeutas podr\u00e1 revocar la licencia, arbitrariamente y en cualquier momento, en caso de actos abusivos, fraudulentos o ilegales.<br \/><br \/><\/p><p><strong>Responsabilidad por el uso de contenidos:<\/strong><\/p><p>El uso de los contenidos del sitio web es responsabilidad exclusiva del usuario.<br \/><br \/><\/p><p><strong>Incorrecciones y errores:<\/strong><\/p><p>El Colegio de Fisioterapeutas no se hace responsable de las inexactitudes, errores o da\u00f1os derivados del uso de la informaci\u00f3n contenida en este sitio web. <em>sitio web<\/em>.<br \/><br \/><\/p><p><strong><em>Cookies<\/em><\/strong><strong>:<\/strong><\/p><p>Al utilizar el <em>sitio web<\/em>Con el fin de mejorar la experiencia de navegaci\u00f3n, se instalan cookies. El usuario puede configurar el navegador para aceptar o rechazar <em>galletas<\/em>en el mensaje que aparece cuando visita nuestro sitio web. <em>sitio web<\/em>pero esto puede afectar a la experiencia de navegaci\u00f3n.<br \/><br \/><\/p><p><strong>Seguridad e interrupciones:<\/strong><\/p><p>El Colegio de Fisioterapeutas adopta medidas de seguridad para garantizar la integridad de los datos. El acceso a <em>sitio web<\/em> puede suspenderse temporalmente por mantenimiento o implantaci\u00f3n de nuevos servicios.<br \/><br \/><\/p><p><strong>Propiedad intelectual:<\/strong><\/p><p>O <em>sitio web <\/em>de la Orden de Fisioterapeutas y los contenidos cuya propiedad intelectual pertenece a la Orden de Fisioterapeutas est\u00e1n protegidos por las leyes de derechos de autor y de propiedad industrial y no pueden ser copiados, imitados o retransmitidos, salvo autorizaci\u00f3n expresa de la Orden de Fisioterapeutas.<br \/><br \/><\/p><p><strong>Enlace <em>sitios web<\/em> de terceros:<\/strong><\/p><p>El Colegio de Fisioterapeutas no es responsable de la interacci\u00f3n de los usuarios con <em>sitios web<\/em> de terceros a trav\u00e9s de hiperv\u00ednculos (<em>enlaces)<\/em> disponible en nuestra <em>sitio web<\/em>.<br \/><br \/><\/p><p><strong>Disposiciones finales:<\/strong><\/p><p>Al utilizar el <em>sitio web<\/em>el usuario reconoce y acepta las disposiciones establecidas en el presente documento.<br \/><br \/><\/p><p>Cualquier litigio se someter\u00e1 a la jurisdicci\u00f3n exclusiva de los tribunales del distrito de Lisboa.<\/p>\t\t\t\t\t\t\t\t<\/div>\n\t\t\t\t<\/div>\n\t\t\t\t\t<\/div>\n\t\t\t\t<\/div>\n\t\t\t\t<\/div>","protected":false},"excerpt":{"rendered":"<p>De conformidad con las disposiciones legales aplicables en materia de servicios de la sociedad de la informaci\u00f3n y de comercio electr\u00f3nico, el presente aviso legal regula el acceso y el uso del sitio web de Ordem dos Fisioterapeutas. Para la correcta identificaci\u00f3n de esta organizaci\u00f3n, se facilitan los siguientes datos: Nombre completo: Ordem dos Fisioterapeutas N\u00famero de Identificaci\u00f3n Fiscal (NIF): 515 877 964 Domicilio Social: ... <a title=\"Menciones legales\" class=\"read-more\" href=\"https:\/\/ordemdosfisioterapeutas.pt\/es\/avisos-legais\/\" aria-label=\"M\u00e1s informaci\u00f3n sobre los avisos legales\">Seguir leyendo<\/a><\/p>","protected":false},"author":1,"featured_media":0,"parent":0,"menu_order":0,"comment_status":"closed","ping_status":"closed","template":"","meta":{"footnotes":""},"class_list":["post-8188","page","type-page","status-publish"],"_links":{"self":[{"href":"https:\/\/ordemdosfisioterapeutas.pt\/es\/wp-json\/wp\/v2\/pages\/8188","targetHints":{"allow":["GET"]}}],"collection":[{"href":"https:\/\/ordemdosfisioterapeutas.pt\/es\/wp-json\/wp\/v2\/pages"}],"about":[{"href":"https:\/\/ordemdosfisioterapeutas.pt\/es\/wp-json\/wp\/v2\/types\/page"}],"author":[{"embeddable":true,"href":"https:\/\/ordemdosfisioterapeutas.pt\/es\/wp-json\/wp\/v2\/users\/1"}],"replies":[{"embeddable":true,"href":"https:\/\/ordemdosfisioterapeutas.pt\/es\/wp-json\/wp\/v2\/comments?post=8188"}],"version-history":[{"count":0,"href":"https:\/\/ordemdosfisioterapeutas.pt\/es\/wp-json\/wp\/v2\/pages\/8188\/revisions"}],"wp:attachment":[{"href":"https:\/\/ordemdosfisioterapeutas.pt\/es\/wp-json\/wp\/v2\/media?parent=8188"}],"curies":[{"name":"wp","href":"https:\/\/api.w.org\/{rel}","templated":true}]}}