{"id":6445,"date":"2023-09-08T09:37:20","date_gmt":"2023-09-08T08:37:20","guid":{"rendered":"https:\/\/ordemdosfisioterapeutas.pt\/?page_id=6445"},"modified":"2024-07-30T09:49:45","modified_gmt":"2024-07-30T08:49:45","slug":"dia-mundial-da-fisioterapia-2023","status":"publish","type":"page","link":"https:\/\/ordemdosfisioterapeutas.pt\/es\/dia-mundial-da-fisioterapia-2023\/","title":{"rendered":"D\u00eda Mundial de la Fisioterapia 2023"},"content":{"rendered":"<div data-elementor-type=\"wp-page\" data-elementor-id=\"6445\" class=\"elementor elementor-6445\" data-elementor-post-type=\"page\">\n\t\t\t\t\t\t<section class=\"elementor-section elementor-top-section elementor-element elementor-element-7e22248 elementor-section-boxed elementor-section-height-default elementor-section-height-default\" data-id=\"7e22248\" data-element_type=\"section\" data-e-type=\"section\">\n\t\t\t\t\t\t<div class=\"elementor-container elementor-column-gap-default\">\n\t\t\t\t\t<div class=\"elementor-column elementor-col-100 elementor-top-column elementor-element elementor-element-1575091\" data-id=\"1575091\" data-element_type=\"column\" data-e-type=\"column\">\n\t\t\t<div class=\"elementor-widget-wrap elementor-element-populated\">\n\t\t\t\t\t\t<div class=\"elementor-element elementor-element-073c3cd elementor-widget elementor-widget-text-editor\" data-id=\"073c3cd\" data-element_type=\"widget\" data-e-type=\"widget\" data-widget_type=\"text-editor.default\">\n\t\t\t\t<div class=\"elementor-widget-container\">\n\t\t\t\t\t\t\t\t\t<p>El D\u00eda Mundial de la Fisioterapia se celebra cada a\u00f1o desde 1996 el 8 de septiembre, fecha correspondiente a la fundaci\u00f3n de la actual Fisioterapia Mundial en 1951.<\/p><p>El D\u00eda Mundial de la Fisioterapia es una oportunidad para reconocer el importante papel que desempe\u00f1a la profesi\u00f3n en la salud y el bienestar de la poblaci\u00f3n en general, y para promover la profesi\u00f3n entre sus usuarios y comunidades.<\/p><p>World Physiotherapy produce y pone a disposici\u00f3n materiales gr\u00e1ficos para apoyar a los fisioterapeutas en sus actividades, como folletos informativos, carteles y pancartas, con traducciones a varios idiomas. La Orden de Fisioterapeutas es miembro de World Physiotherapy desde principios de 2023 y participa en la traducci\u00f3n de estos materiales.<\/p><p>Este a\u00f1o, el D\u00eda Mundial de la Fisioterapia se centra en la artritis, con un an\u00e1lisis en profundidad de algunas formas de artritis inflamatoria, como la artritis reumatoide y la espondilitis axial.<\/p>\t\t\t\t\t\t\t\t<\/div>\n\t\t\t\t<\/div>\n\t\t\t\t<div class=\"elementor-element elementor-element-55502e8 elementor-widget elementor-widget-heading\" data-id=\"55502e8\" data-element_type=\"widget\" data-e-type=\"widget\" data-widget_type=\"heading.default\">\n\t\t\t\t<div class=\"elementor-widget-container\">\n\t\t\t\t\t<h3 class=\"elementor-heading-title elementor-size-default\">Folletos informativos<\/h3>\t\t\t\t<\/div>\n\t\t\t\t<\/div>\n\t\t<div class=\"elementor-element elementor-element-7012a03 e-grid e-con-boxed e-con e-parent\" data-id=\"7012a03\" data-element_type=\"container\" data-e-type=\"container\">\n\t\t\t\t\t<div class=\"e-con-inner\">\n\t\t\t\t<div class=\"elementor-element elementor-element-2910aad elementor-widget elementor-widget-image\" data-id=\"2910aad\" data-element_type=\"widget\" data-e-type=\"widget\" data-widget_type=\"image.default\">\n\t\t\t\t<div class=\"elementor-widget-container\">\n\t\t\t\t\t\t\t\t\t\t\t\t\t\t\t\t<a href=\"https:\/\/bit.ly\/OF_Folheto_1\" target=\"_blank\" rel=\"noopener\">\n\t\t\t\t\t\t\t<img fetchpriority=\"high\" decoding=\"async\" width=\"724\" height=\"1024\" src=\"https:\/\/ordemdosfisioterapeutas.pt\/wp-content\/uploads\/2023\/09\/artrite-724x1024.png\" class=\"attachment-large size-large wp-image-6447\" alt=\"\" srcset=\"https:\/\/ordemdosfisioterapeutas.pt\/wp-content\/uploads\/2023\/09\/artrite-724x1024.png 724w, https:\/\/ordemdosfisioterapeutas.pt\/wp-content\/uploads\/2023\/09\/artrite-212x300.png 212w, https:\/\/ordemdosfisioterapeutas.pt\/wp-content\/uploads\/2023\/09\/artrite-768x1087.png 768w, https:\/\/ordemdosfisioterapeutas.pt\/wp-content\/uploads\/2023\/09\/artrite-8x12.png 8w, https:\/\/ordemdosfisioterapeutas.pt\/wp-content\/uploads\/2023\/09\/artrite.png 848w\" sizes=\"(max-width: 724px) 100vw, 724px\" \/>\t\t\t\t\t\t\t\t<\/a>\n\t\t\t\t\t\t\t\t\t\t\t\t\t\t\t<\/div>\n\t\t\t\t<\/div>\n\t\t\t\t<div class=\"elementor-element elementor-element-dfcd4fb elementor-widget elementor-widget-image\" data-id=\"dfcd4fb\" data-element_type=\"widget\" data-e-type=\"widget\" data-widget_type=\"image.default\">\n\t\t\t\t<div class=\"elementor-widget-container\">\n\t\t\t\t\t\t\t\t\t\t\t\t\t\t\t\t<a href=\"https:\/\/bit.ly\/OF_Folheto_2\" target=\"_blank\" rel=\"noopener\">\n\t\t\t\t\t\t\t<img decoding=\"async\" width=\"724\" height=\"1024\" src=\"https:\/\/ordemdosfisioterapeutas.pt\/wp-content\/uploads\/2023\/09\/artrite-reumatoide-724x1024.png\" class=\"attachment-large size-large wp-image-6448\" alt=\"\" srcset=\"https:\/\/ordemdosfisioterapeutas.pt\/wp-content\/uploads\/2023\/09\/artrite-reumatoide-724x1024.png 724w, https:\/\/ordemdosfisioterapeutas.pt\/wp-content\/uploads\/2023\/09\/artrite-reumatoide-212x300.png 212w, https:\/\/ordemdosfisioterapeutas.pt\/wp-content\/uploads\/2023\/09\/artrite-reumatoide-768x1087.png 768w, https:\/\/ordemdosfisioterapeutas.pt\/wp-content\/uploads\/2023\/09\/artrite-reumatoide-8x12.png 8w, https:\/\/ordemdosfisioterapeutas.pt\/wp-content\/uploads\/2023\/09\/artrite-reumatoide.png 848w\" sizes=\"(max-width: 724px) 100vw, 724px\" \/>\t\t\t\t\t\t\t\t<\/a>\n\t\t\t\t\t\t\t\t\t\t\t\t\t\t\t<\/div>\n\t\t\t\t<\/div>\n\t\t\t\t<div class=\"elementor-element elementor-element-7f4ad50 elementor-widget elementor-widget-image\" data-id=\"7f4ad50\" data-element_type=\"widget\" data-e-type=\"widget\" data-widget_type=\"image.default\">\n\t\t\t\t<div class=\"elementor-widget-container\">\n\t\t\t\t\t\t\t\t\t\t\t\t\t\t\t\t<a href=\"https:\/\/bit.ly\/OF_Folheto_3\" target=\"_blank\" rel=\"noopener\">\n\t\t\t\t\t\t\t<img decoding=\"async\" width=\"724\" height=\"1024\" src=\"https:\/\/ordemdosfisioterapeutas.pt\/wp-content\/uploads\/2023\/09\/espondilite-axial-724x1024.png\" class=\"attachment-large size-large wp-image-6449\" alt=\"\" srcset=\"https:\/\/ordemdosfisioterapeutas.pt\/wp-content\/uploads\/2023\/09\/espondilite-axial-724x1024.png 724w, https:\/\/ordemdosfisioterapeutas.pt\/wp-content\/uploads\/2023\/09\/espondilite-axial-212x300.png 212w, https:\/\/ordemdosfisioterapeutas.pt\/wp-content\/uploads\/2023\/09\/espondilite-axial-768x1087.png 768w, https:\/\/ordemdosfisioterapeutas.pt\/wp-content\/uploads\/2023\/09\/espondilite-axial-8x12.png 8w, https:\/\/ordemdosfisioterapeutas.pt\/wp-content\/uploads\/2023\/09\/espondilite-axial.png 848w\" sizes=\"(max-width: 724px) 100vw, 724px\" \/>\t\t\t\t\t\t\t\t<\/a>\n\t\t\t\t\t\t\t\t\t\t\t\t\t\t\t<\/div>\n\t\t\t\t<\/div>\n\t\t\t\t<div class=\"elementor-element elementor-element-7f06037 elementor-widget elementor-widget-image\" data-id=\"7f06037\" data-element_type=\"widget\" data-e-type=\"widget\" data-widget_type=\"image.default\">\n\t\t\t\t<div class=\"elementor-widget-container\">\n\t\t\t\t\t\t\t\t\t\t\t\t\t\t\t\t<a href=\"https:\/\/bit.ly\/OF_Folheto_4\" target=\"_blank\" rel=\"noopener\">\n\t\t\t\t\t\t\t<img loading=\"lazy\" decoding=\"async\" width=\"724\" height=\"1024\" src=\"https:\/\/ordemdosfisioterapeutas.pt\/wp-content\/uploads\/2023\/09\/ultrapassar-barreiras-724x1024.png\" class=\"attachment-large size-large wp-image-6450\" alt=\"\" srcset=\"https:\/\/ordemdosfisioterapeutas.pt\/wp-content\/uploads\/2023\/09\/ultrapassar-barreiras-724x1024.png 724w, https:\/\/ordemdosfisioterapeutas.pt\/wp-content\/uploads\/2023\/09\/ultrapassar-barreiras-212x300.png 212w, https:\/\/ordemdosfisioterapeutas.pt\/wp-content\/uploads\/2023\/09\/ultrapassar-barreiras-768x1087.png 768w, https:\/\/ordemdosfisioterapeutas.pt\/wp-content\/uploads\/2023\/09\/ultrapassar-barreiras-8x12.png 8w, https:\/\/ordemdosfisioterapeutas.pt\/wp-content\/uploads\/2023\/09\/ultrapassar-barreiras.png 848w\" sizes=\"(max-width: 724px) 100vw, 724px\" \/>\t\t\t\t\t\t\t\t<\/a>\n\t\t\t\t\t\t\t\t\t\t\t\t\t\t\t<\/div>\n\t\t\t\t<\/div>\n\t\t\t\t<div class=\"elementor-element elementor-element-4cfe2ea elementor-widget elementor-widget-image\" data-id=\"4cfe2ea\" data-element_type=\"widget\" data-e-type=\"widget\" data-widget_type=\"image.default\">\n\t\t\t\t<div class=\"elementor-widget-container\">\n\t\t\t\t\t\t\t\t\t\t\t\t\t\t\t\t<a href=\"https:\/\/bit.ly\/OF_Folheto_5\" target=\"_blank\" rel=\"noopener\">\n\t\t\t\t\t\t\t<img loading=\"lazy\" decoding=\"async\" width=\"724\" height=\"1024\" src=\"https:\/\/ordemdosfisioterapeutas.pt\/wp-content\/uploads\/2023\/09\/artrite-juvenil-724x1024.png\" class=\"attachment-large size-large wp-image-6451\" alt=\"\" srcset=\"https:\/\/ordemdosfisioterapeutas.pt\/wp-content\/uploads\/2023\/09\/artrite-juvenil-724x1024.png 724w, https:\/\/ordemdosfisioterapeutas.pt\/wp-content\/uploads\/2023\/09\/artrite-juvenil-212x300.png 212w, https:\/\/ordemdosfisioterapeutas.pt\/wp-content\/uploads\/2023\/09\/artrite-juvenil-768x1087.png 768w, https:\/\/ordemdosfisioterapeutas.pt\/wp-content\/uploads\/2023\/09\/artrite-juvenil-8x12.png 8w, https:\/\/ordemdosfisioterapeutas.pt\/wp-content\/uploads\/2023\/09\/artrite-juvenil.png 848w\" sizes=\"(max-width: 724px) 100vw, 724px\" \/>\t\t\t\t\t\t\t\t<\/a>\n\t\t\t\t\t\t\t\t\t\t\t\t\t\t\t<\/div>\n\t\t\t\t<\/div>\n\t\t\t\t\t<\/div>\n\t\t\t\t<\/div>\n\t\t\t\t<div class=\"elementor-element elementor-element-9fc9e66 elementor-widget elementor-widget-heading\" data-id=\"9fc9e66\" data-element_type=\"widget\" data-e-type=\"widget\" data-widget_type=\"heading.default\">\n\t\t\t\t<div class=\"elementor-widget-container\">\n\t\t\t\t\t<h3 class=\"elementor-heading-title elementor-size-default\">Carteles<\/h3>\t\t\t\t<\/div>\n\t\t\t\t<\/div>\n\t\t<div class=\"elementor-element elementor-element-28538f0 e-grid e-con-boxed e-con e-parent\" data-id=\"28538f0\" data-element_type=\"container\" data-e-type=\"container\">\n\t\t\t\t\t<div class=\"e-con-inner\">\n\t\t\t\t<div class=\"elementor-element elementor-element-fb82be6 elementor-widget elementor-widget-image\" data-id=\"fb82be6\" data-element_type=\"widget\" data-e-type=\"widget\" data-widget_type=\"image.default\">\n\t\t\t\t<div class=\"elementor-widget-container\">\n\t\t\t\t\t\t\t\t\t\t\t\t\t\t\t\t<a href=\"https:\/\/bit.ly\/OF_Poster_1\" target=\"_blank\" rel=\"noopener\">\n\t\t\t\t\t\t\t<img loading=\"lazy\" decoding=\"async\" width=\"724\" height=\"1024\" src=\"https:\/\/ordemdosfisioterapeutas.pt\/wp-content\/uploads\/2023\/09\/fazer-exercicio-artrite-724x1024.png\" class=\"attachment-large size-large wp-image-6452\" alt=\"\" srcset=\"https:\/\/ordemdosfisioterapeutas.pt\/wp-content\/uploads\/2023\/09\/fazer-exercicio-artrite-724x1024.png 724w, https:\/\/ordemdosfisioterapeutas.pt\/wp-content\/uploads\/2023\/09\/fazer-exercicio-artrite-212x300.png 212w, https:\/\/ordemdosfisioterapeutas.pt\/wp-content\/uploads\/2023\/09\/fazer-exercicio-artrite-768x1087.png 768w, https:\/\/ordemdosfisioterapeutas.pt\/wp-content\/uploads\/2023\/09\/fazer-exercicio-artrite-8x12.png 8w, https:\/\/ordemdosfisioterapeutas.pt\/wp-content\/uploads\/2023\/09\/fazer-exercicio-artrite.png 848w\" sizes=\"(max-width: 724px) 100vw, 724px\" \/>\t\t\t\t\t\t\t\t<\/a>\n\t\t\t\t\t\t\t\t\t\t\t\t\t\t\t<\/div>\n\t\t\t\t<\/div>\n\t\t\t\t<div class=\"elementor-element elementor-element-f3c195b elementor-widget elementor-widget-image\" data-id=\"f3c195b\" data-element_type=\"widget\" data-e-type=\"widget\" data-widget_type=\"image.default\">\n\t\t\t\t<div class=\"elementor-widget-container\">\n\t\t\t\t\t\t\t\t\t\t\t\t\t\t\t\t<a href=\"https:\/\/bit.ly\/OF_Poster_2\" target=\"_blank\" rel=\"noopener\">\n\t\t\t\t\t\t\t<img loading=\"lazy\" decoding=\"async\" width=\"724\" height=\"1024\" src=\"https:\/\/ordemdosfisioterapeutas.pt\/wp-content\/uploads\/2023\/09\/fisioterapia-e-artrite-724x1024.png\" class=\"attachment-large size-large wp-image-6453\" alt=\"\" srcset=\"https:\/\/ordemdosfisioterapeutas.pt\/wp-content\/uploads\/2023\/09\/fisioterapia-e-artrite-724x1024.png 724w, https:\/\/ordemdosfisioterapeutas.pt\/wp-content\/uploads\/2023\/09\/fisioterapia-e-artrite-212x300.png 212w, https:\/\/ordemdosfisioterapeutas.pt\/wp-content\/uploads\/2023\/09\/fisioterapia-e-artrite-768x1087.png 768w, https:\/\/ordemdosfisioterapeutas.pt\/wp-content\/uploads\/2023\/09\/fisioterapia-e-artrite-8x12.png 8w, https:\/\/ordemdosfisioterapeutas.pt\/wp-content\/uploads\/2023\/09\/fisioterapia-e-artrite.png 848w\" sizes=\"(max-width: 724px) 100vw, 724px\" \/>\t\t\t\t\t\t\t\t<\/a>\n\t\t\t\t\t\t\t\t\t\t\t\t\t\t\t<\/div>\n\t\t\t\t<\/div>\n\t\t\t\t<div class=\"elementor-element elementor-element-4688ec4 elementor-widget elementor-widget-image\" data-id=\"4688ec4\" data-element_type=\"widget\" data-e-type=\"widget\" data-widget_type=\"image.default\">\n\t\t\t\t<div class=\"elementor-widget-container\">\n\t\t\t\t\t\t\t\t\t\t\t\t\t\t\t\t<a href=\"https:\/\/bit.ly\/OF_Poster_3\" target=\"_blank\" rel=\"noopener\">\n\t\t\t\t\t\t\t<img loading=\"lazy\" decoding=\"async\" width=\"724\" height=\"1024\" src=\"https:\/\/ordemdosfisioterapeutas.pt\/wp-content\/uploads\/2023\/09\/DCV-724x1024.png\" class=\"attachment-large size-large wp-image-6454\" alt=\"\" srcset=\"https:\/\/ordemdosfisioterapeutas.pt\/wp-content\/uploads\/2023\/09\/DCV-724x1024.png 724w, https:\/\/ordemdosfisioterapeutas.pt\/wp-content\/uploads\/2023\/09\/DCV-212x300.png 212w, https:\/\/ordemdosfisioterapeutas.pt\/wp-content\/uploads\/2023\/09\/DCV-768x1087.png 768w, https:\/\/ordemdosfisioterapeutas.pt\/wp-content\/uploads\/2023\/09\/DCV-8x12.png 8w, https:\/\/ordemdosfisioterapeutas.pt\/wp-content\/uploads\/2023\/09\/DCV.png 848w\" sizes=\"(max-width: 724px) 100vw, 724px\" \/>\t\t\t\t\t\t\t\t<\/a>\n\t\t\t\t\t\t\t\t\t\t\t\t\t\t\t<\/div>\n\t\t\t\t<\/div>\n\t\t\t\t\t<\/div>\n\t\t\t\t<\/div>\n\t\t\t\t<div class=\"elementor-element elementor-element-691bade elementor-widget elementor-widget-heading\" data-id=\"691bade\" data-element_type=\"widget\" data-e-type=\"widget\" data-widget_type=\"heading.default\">\n\t\t\t\t<div class=\"elementor-widget-container\">\n\t\t\t\t\t<h3 class=\"elementor-heading-title elementor-size-default\">Pancartas<\/h3>\t\t\t\t<\/div>\n\t\t\t\t<\/div>\n\t\t<div class=\"elementor-element elementor-element-f1cc090 e-grid e-con-boxed e-con e-parent\" data-id=\"f1cc090\" data-element_type=\"container\" data-e-type=\"container\">\n\t\t\t\t\t<div class=\"e-con-inner\">\n\t\t\t\t<div class=\"elementor-element elementor-element-fcba427 elementor-widget elementor-widget-image\" data-id=\"fcba427\" data-element_type=\"widget\" data-e-type=\"widget\" data-widget_type=\"image.default\">\n\t\t\t\t<div class=\"elementor-widget-container\">\n\t\t\t\t\t\t\t\t\t\t\t\t\t\t\t\t<a href=\"https:\/\/bit.ly\/OF_RollUp_1\" target=\"_blank\" rel=\"noopener\">\n\t\t\t\t\t\t\t<img loading=\"lazy\" decoding=\"async\" width=\"409\" height=\"1024\" src=\"https:\/\/ordemdosfisioterapeutas.pt\/wp-content\/uploads\/2023\/09\/banner-2-409x1024.png\" class=\"attachment-large size-large wp-image-6455\" alt=\"\" srcset=\"https:\/\/ordemdosfisioterapeutas.pt\/wp-content\/uploads\/2023\/09\/banner-2-409x1024.png 409w, https:\/\/ordemdosfisioterapeutas.pt\/wp-content\/uploads\/2023\/09\/banner-2-120x300.png 120w, https:\/\/ordemdosfisioterapeutas.pt\/wp-content\/uploads\/2023\/09\/banner-2-5x12.png 5w, https:\/\/ordemdosfisioterapeutas.pt\/wp-content\/uploads\/2023\/09\/banner-2.png 479w\" sizes=\"(max-width: 409px) 100vw, 409px\" \/>\t\t\t\t\t\t\t\t<\/a>\n\t\t\t\t\t\t\t\t\t\t\t\t\t\t\t<\/div>\n\t\t\t\t<\/div>\n\t\t\t\t<div class=\"elementor-element elementor-element-4457d3b elementor-widget elementor-widget-image\" data-id=\"4457d3b\" data-element_type=\"widget\" data-e-type=\"widget\" data-widget_type=\"image.default\">\n\t\t\t\t<div class=\"elementor-widget-container\">\n\t\t\t\t\t\t\t\t\t\t\t\t\t\t\t\t<a href=\"https:\/\/bit.ly\/OF_RollUp_2\" target=\"_blank\" rel=\"noopener\">\n\t\t\t\t\t\t\t<img loading=\"lazy\" decoding=\"async\" width=\"409\" height=\"1024\" src=\"https:\/\/ordemdosfisioterapeutas.pt\/wp-content\/uploads\/2023\/09\/banner-1-409x1024.png\" class=\"attachment-large size-large wp-image-6456\" alt=\"\" srcset=\"https:\/\/ordemdosfisioterapeutas.pt\/wp-content\/uploads\/2023\/09\/banner-1-409x1024.png 409w, https:\/\/ordemdosfisioterapeutas.pt\/wp-content\/uploads\/2023\/09\/banner-1-120x300.png 120w, https:\/\/ordemdosfisioterapeutas.pt\/wp-content\/uploads\/2023\/09\/banner-1-5x12.png 5w, https:\/\/ordemdosfisioterapeutas.pt\/wp-content\/uploads\/2023\/09\/banner-1.png 479w\" sizes=\"(max-width: 409px) 100vw, 409px\" \/>\t\t\t\t\t\t\t\t<\/a>\n\t\t\t\t\t\t\t\t\t\t\t\t\t\t\t<\/div>\n\t\t\t\t<\/div>\n\t\t\t\t\t<\/div>\n\t\t\t\t<\/div>\n\t\t\t\t\t<\/div>\n\t\t<\/div>\n\t\t\t\t\t<\/div>\n\t\t<\/section>\n\t\t\t\t<\/div>","protected":false},"excerpt":{"rendered":"<p>El D\u00eda Mundial de la Fisioterapia se celebra cada a\u00f1o desde 1996 el 8 de septiembre, fecha correspondiente a la fundaci\u00f3n de la actual Fisioterapia Mundial en 1951. El D\u00eda Mundial de la Fisioterapia es una oportunidad para reconocer el importante papel que desempe\u00f1a la profesi\u00f3n en la salud y el bienestar de la poblaci\u00f3n en general, y... <a title=\"D\u00eda Mundial de la Fisioterapia 2023\" class=\"read-more\" href=\"https:\/\/ordemdosfisioterapeutas.pt\/es\/dia-mundial-da-fisioterapia-2023\/\" aria-label=\"Leer m\u00e1s sobre D\u00eda Mundial de la Fisioterapia 2023\">Seguir leyendo<\/a><\/p>","protected":false},"author":1,"featured_media":0,"parent":0,"menu_order":0,"comment_status":"closed","ping_status":"closed","template":"","meta":{"footnotes":""},"class_list":["post-6445","page","type-page","status-publish"],"_links":{"self":[{"href":"https:\/\/ordemdosfisioterapeutas.pt\/es\/wp-json\/wp\/v2\/pages\/6445","targetHints":{"allow":["GET"]}}],"collection":[{"href":"https:\/\/ordemdosfisioterapeutas.pt\/es\/wp-json\/wp\/v2\/pages"}],"about":[{"href":"https:\/\/ordemdosfisioterapeutas.pt\/es\/wp-json\/wp\/v2\/types\/page"}],"author":[{"embeddable":true,"href":"https:\/\/ordemdosfisioterapeutas.pt\/es\/wp-json\/wp\/v2\/users\/1"}],"replies":[{"embeddable":true,"href":"https:\/\/ordemdosfisioterapeutas.pt\/es\/wp-json\/wp\/v2\/comments?post=6445"}],"version-history":[{"count":0,"href":"https:\/\/ordemdosfisioterapeutas.pt\/es\/wp-json\/wp\/v2\/pages\/6445\/revisions"}],"wp:attachment":[{"href":"https:\/\/ordemdosfisioterapeutas.pt\/es\/wp-json\/wp\/v2\/media?parent=6445"}],"curies":[{"name":"wp","href":"https:\/\/api.w.org\/{rel}","templated":true}]}}