{"id":5994,"date":"2023-05-11T15:10:53","date_gmt":"2023-05-11T14:10:53","guid":{"rendered":"https:\/\/ordemdosfisioterapeutas.pt\/?page_id=5994"},"modified":"2026-04-19T19:21:05","modified_gmt":"2026-04-19T18:21:05","slug":"formacao-pos-graduada","status":"publish","type":"page","link":"https:\/\/ordemdosfisioterapeutas.pt\/es\/formacao-pos-graduada\/","title":{"rendered":"Formaci\u00f3n de posgrado"},"content":{"rendered":"<div data-elementor-type=\"wp-page\" data-elementor-id=\"5994\" class=\"elementor elementor-5994\" data-elementor-post-type=\"page\">\n\t\t\t\t\t\t<section class=\"elementor-section elementor-top-section elementor-element elementor-element-ecf45ad elementor-section-boxed elementor-section-height-default elementor-section-height-default\" data-id=\"ecf45ad\" data-element_type=\"section\" data-e-type=\"section\">\n\t\t\t\t\t\t<div class=\"elementor-container elementor-column-gap-default\">\n\t\t\t\t\t<div class=\"elementor-column elementor-col-100 elementor-top-column elementor-element elementor-element-724a1b3\" data-id=\"724a1b3\" data-element_type=\"column\" data-e-type=\"column\">\n\t\t\t<div class=\"elementor-widget-wrap elementor-element-populated\">\n\t\t\t\t\t\t<div class=\"elementor-element elementor-element-3d21354 elementor-widget elementor-widget-heading\" data-id=\"3d21354\" data-element_type=\"widget\" data-e-type=\"widget\" data-widget_type=\"heading.default\">\n\t\t\t\t<div class=\"elementor-widget-container\">\n\t\t\t\t\t<h2 class=\"elementor-heading-title elementor-size-default\">M\u00e1ster<\/h2>\t\t\t\t<\/div>\n\t\t\t\t<\/div>\n\t\t\t\t\t<\/div>\n\t\t<\/div>\n\t\t\t\t\t<\/div>\n\t\t<\/section>\n\t\t\t\t<section class=\"elementor-section elementor-top-section elementor-element elementor-element-366c180 elementor-section-boxed elementor-section-height-default elementor-section-height-default\" data-id=\"366c180\" data-element_type=\"section\" data-e-type=\"section\">\n\t\t\t\t\t\t<div class=\"elementor-container elementor-column-gap-default\">\n\t\t\t\t\t<div class=\"elementor-column elementor-col-100 elementor-top-column elementor-element elementor-element-2113fbe\" data-id=\"2113fbe\" data-element_type=\"column\" data-e-type=\"column\">\n\t\t\t<div class=\"elementor-widget-wrap elementor-element-populated\">\n\t\t\t\t\t\t<div class=\"elementor-element elementor-element-bf801f5 elementor-widget elementor-widget-text-editor\" data-id=\"bf801f5\" data-element_type=\"widget\" data-e-type=\"widget\" data-widget_type=\"text-editor.default\">\n\t\t\t\t<div class=\"elementor-widget-container\">\n\t\t\t\t\t\t\t\t\t<p>Ciclos de estudios de M\u00e1ster en Fisioterapia*:<\/p>\t\t\t\t\t\t\t\t<\/div>\n\t\t\t\t<\/div>\n\t\t\t\t<div class=\"elementor-element elementor-element-c769b6b elementor-widget elementor-widget-text-editor\" data-id=\"c769b6b\" data-element_type=\"widget\" data-e-type=\"widget\" data-widget_type=\"text-editor.default\">\n\t\t\t\t<div class=\"elementor-widget-container\">\n\t\t\t\t\t\t\t\t\t<ul><li><p>M\u00e1ster en Fisioterapia - Escuela Universitaria de Salud de Aveiro<br \/><a href=\"https:\/\/www.ua.pt\/pt\/curso\/1715\" target=\"_blank\" rel=\"noopener\">M\u00e1ster en Fisioterapia Cardiovascular y Respiratoria<\/a><br \/><a href=\"https:\/\/si.a3es.pt\/sia3es\/page?stage=ConsultaPublicaProcesso&amp;processID=129\" target=\"_blank\" rel=\"noopener\">Acreditaci\u00f3n por la A3ES\u00a0<\/a>- N\u00famero total de ECTS: 120<\/p><\/li><\/ul>\t\t\t\t\t\t\t\t<\/div>\n\t\t\t\t<\/div>\n\t\t\t\t<div class=\"elementor-element elementor-element-bff5a69 elementor-widget elementor-widget-text-editor\" data-id=\"bff5a69\" data-element_type=\"widget\" data-e-type=\"widget\" data-widget_type=\"text-editor.default\">\n\t\t\t\t<div class=\"elementor-widget-container\">\n\t\t\t\t\t\t\t\t\t<ul><li>M\u00e1ster en Fisioterapia - <span style=\"text-decoration: underline;\"><a href=\"https:\/\/www.ua.pt\/pt\/curso\/1792\" target=\"_blank\" rel=\"noopener\">Escuela de Salud de la Universidad de Aveiro<\/a><\/span> e <span style=\"text-decoration: underline;\"><a href=\"https:\/\/ess.ips.pt\/estudar\/mestrados\/fisioterapia-do-desporto\/\" target=\"_blank\" rel=\"noopener\">Escuela de Salud del Instituto Polit\u00e9cnico de Set\u00fabal<\/a><\/span><br \/>M\u00e1ster en Fisioterapia Deportiva<br \/><span style=\"text-decoration: underline;\"><a href=\"https:\/\/si.a3es.pt\/sia3es\/page?stage=ConsultaPublicaProcesso&amp;processID=4335\" target=\"_blank\" rel=\"noopener\">Acreditaci\u00f3n por la A3ES<\/a><\/span>\u00a0- N\u00famero total de ECTS: 120<\/li><\/ul>\t\t\t\t\t\t\t\t<\/div>\n\t\t\t\t<\/div>\n\t\t\t\t<div class=\"elementor-element elementor-element-1067a0d elementor-widget elementor-widget-text-editor\" data-id=\"1067a0d\" data-element_type=\"widget\" data-e-type=\"widget\" data-widget_type=\"text-editor.default\">\n\t\t\t\t<div class=\"elementor-widget-container\">\n\t\t\t\t\t\t\t\t\t<ul><li><a href=\"https:\/\/www.ipleiria.pt\/curso\/fisioterapia\/\" target=\"_blank\" rel=\"noopener\"><span style=\"text-decoration: underline;\">M\u00e1ster en Fisioterapia<\/span><\/a> - Escuela de Salud del Instituto Polit\u00e9cnico de Leiria<br \/>\u00c1rea de especializaci\u00f3n en fisioterapia pedi\u00e1trica<br \/>\u00c1rea de especializaci\u00f3n en prescripci\u00f3n de ejercicio f\u00edsico<br \/><span style=\"text-decoration: underline;\"><a href=\"https:\/\/a3es.pt\/pt\/resultados-acreditacao\/fisioterapia-47\" target=\"_blank\" rel=\"noopener\">Acreditaci\u00f3n por la A3ES<\/a><\/span> - N\u00famero total de ECTS: 120<\/li><\/ul>\t\t\t\t\t\t\t\t<\/div>\n\t\t\t\t<\/div>\n\t\t\t\t<div class=\"elementor-element elementor-element-19df999 elementor-widget elementor-widget-text-editor\" data-id=\"19df999\" data-element_type=\"widget\" data-e-type=\"widget\" data-widget_type=\"text-editor.default\">\n\t\t\t\t<div class=\"elementor-widget-container\">\n\t\t\t\t\t\t\t\t\t<ul><li>M\u00e1ster en Fisioterapia - Escola Superior de Sa\u00fade - Polit\u00e9cnico do Porto<br \/>\u00c1rea de especializaci\u00f3n Cardio-Respiratoria<br \/>Especializaci\u00f3n en Deporte<br \/>\u00c1rea de especializaci\u00f3n en Neurolog\u00eda<br \/>\u00c1rea de especializaci\u00f3n en Neuro-m\u00fasculo-esquel\u00e9tico<br \/>Salud de la mujer y suelo p\u00e9lvico \u00c1rea de especializaci\u00f3n<br \/><span style=\"text-decoration: underline;\"><a href=\"https:\/\/si.a3es.pt\/sia3es\/page?stage=ConsultaPublicaProcesso&amp;processID=21844#none\" target=\"_blank\" rel=\"noopener\">Acreditaci\u00f3n por la A3ES<\/a><\/span> - N\u00famero total de ECTS: 120<\/li><\/ul>\t\t\t\t\t\t\t\t<\/div>\n\t\t\t\t<\/div>\n\t\t\t\t<div class=\"elementor-element elementor-element-04ed7a1 elementor-widget elementor-widget-text-editor\" data-id=\"04ed7a1\" data-element_type=\"widget\" data-e-type=\"widget\" data-widget_type=\"text-editor.default\">\n\t\t\t\t<div class=\"elementor-widget-container\">\n\t\t\t\t\t\t\t\t\t<ul><li><span style=\"text-decoration: underline;\"><a href=\"https:\/\/www.santamariasaude.pt\/mestrados\/mestrado-em-fisioterapia-em-condicoes-neuro-musculo-esqueleticas\/\" target=\"_blank\" rel=\"noopener\">M\u00e1ster en Fisioterapia en Afecciones Neuro-M\u00fasculo-Esquel\u00e9ticas<\/a><\/span> - Escuela de Salud Santa Mar\u00eda<br \/><a href=\"https:\/\/www.a3es.pt\/pt\/resultados-acreditacao\/mestrado-em-fisioterapia-em-condicoes-neuro-musculo-esqueleticas\" target=\"_blank\" rel=\"noopener\"><span style=\"text-decoration: underline;\">Acreditaci\u00f3n por la A3ES<\/span><\/a> - N\u00famero total de ECTS: 90<\/li><\/ul>\t\t\t\t\t\t\t\t<\/div>\n\t\t\t\t<\/div>\n\t\t\t\t<div class=\"elementor-element elementor-element-23a0a67 elementor-widget elementor-widget-text-editor\" data-id=\"23a0a67\" data-element_type=\"widget\" data-e-type=\"widget\" data-widget_type=\"text-editor.default\">\n\t\t\t\t<div class=\"elementor-widget-container\">\n\t\t\t\t\t\t\t\t\t<ul><li><a href=\"https:\/\/www.ess.ips.pt\/pr-tica-avan-ada-de-fisioterapia-em-neurologia\" target=\"_blank\" rel=\"noopener\"><span style=\"text-decoration: underline;\">M\u00e1ster en Pr\u00e1ctica Avanzada de Fisioterapia en Neurolog\u00eda<\/span><\/a> - Escuela Superior de Salud del Instituto Polit\u00e9cnico de Set\u00fabal<br \/><span style=\"text-decoration: underline;\"><a href=\"https:\/\/a3es.pt\/pt\/resultados-acreditacao\/mestrado-de-pratica-avancada-de-fisioterapia-em-neurologia\" target=\"_blank\" rel=\"noopener\">Acreditaci\u00f3n por la A3ES<\/a><\/span> - N\u00famero total de ECTS: 90<\/li><\/ul>\t\t\t\t\t\t\t\t<\/div>\n\t\t\t\t<\/div>\n\t\t\t\t<div class=\"elementor-element elementor-element-e36be58 elementor-widget elementor-widget-text-editor\" data-id=\"e36be58\" data-element_type=\"widget\" data-e-type=\"widget\" data-widget_type=\"text-editor.default\">\n\t\t\t\t<div class=\"elementor-widget-container\">\n\t\t\t\t\t\t\t\t\t<ul><li><a href=\"https:\/\/www.ess.ips.pt\/cursos\/mestrados\/mfcme\" target=\"_blank\" rel=\"noopener\"><span style=\"text-decoration: underline;\">M\u00e1ster en Fisioterapia en Afecciones Musculoesquel\u00e9ticas<\/span><\/a> - Curso organizado en colaboraci\u00f3n entre la Escola Superior de Sa\u00fade del Instituto Polit\u00e9cnico de Set\u00fabal, la Facultad de Medicina NOVA y la Escola Nacional de Sa\u00fade P\u00fablica de la Universidade Nova de Lisboa.<br \/><a href=\"https:\/\/a3es.pt\/pt\/resultados-acreditacao\/fisioterapia-em-condicoes-musculo-esqueleticas\" target=\"_blank\" rel=\"noopener\"><span style=\"text-decoration: underline;\">Acreditaci\u00f3n por la A3ES<\/span><\/a> - N\u00famero total de ECTS: 120<\/li><\/ul>\t\t\t\t\t\t\t\t<\/div>\n\t\t\t\t<\/div>\n\t\t\t\t<div class=\"elementor-element elementor-element-d9f5143 elementor-widget elementor-widget-text-editor\" data-id=\"d9f5143\" data-element_type=\"widget\" data-e-type=\"widget\" data-widget_type=\"text-editor.default\">\n\t\t\t\t<div class=\"elementor-widget-container\">\n\t\t\t\t\t\t\t\t\t<ul><li><a href=\"https:\/\/www.essa.pt\/portal\/cursos\/mestrados\/\" target=\"_blank\" rel=\"noopener\"><span style=\"text-decoration: underline;\">M\u00e1ster en Fisioterapia<\/span><\/a> - Escuela de Salud de Alcoit\u00e3o<br \/>\u00c1rea de especializaci\u00f3n en Fisioterapia Neurofuncional<br \/>\u00c1rea de especializaci\u00f3n en Fisioterapia en Afecciones Musculoesquel\u00e9ticas<br \/>\u00c1rea de especializaci\u00f3n en Fisioterapia en Salud P\u00e9lvica y de la Mujer<br \/>Acreditaci\u00f3n por A3ES - N\u00famero total de ECTS: 120<\/li><\/ul>\t\t\t\t\t\t\t\t<\/div>\n\t\t\t\t<\/div>\n\t\t\t\t<div class=\"elementor-element elementor-element-928e635 elementor-widget elementor-widget-text-editor\" data-id=\"928e635\" data-element_type=\"widget\" data-e-type=\"widget\" data-widget_type=\"text-editor.default\">\n\t\t\t\t<div class=\"elementor-widget-container\">\n\t\t\t\t\t\t\t\t\t<ul><li><a href=\"https:\/\/candidaturas.cespu.pt\/cursos\/mestrados\/mestrado-em-fisioterapia-gandra-paredes\" target=\"_blank\" rel=\"noopener\"><span style=\"text-decoration: underline;\">M\u00e1ster en Fisioterapia<\/span><\/a>- Instituto Polit\u00e9cnico de la Salud del Norte - Escuela de Tecnolog\u00edas Sanitarias T\u00e2mega e Sousa<br \/>\u00c1rea de especializaci\u00f3n en Musculoesquel\u00e9tico<br \/>\u00c1rea de especializaci\u00f3n en Neurolog\u00eda<br \/>\u00c1rea de especializaci\u00f3n en Cardiorrespiratorio<br \/><span style=\"text-decoration: underline;\"><a href=\"https:\/\/web01.a3es.pt\/pt\/resultados-acreditacao\/fisioterapia-64\" target=\"_blank\" rel=\"noopener\">Acreditaci\u00f3n por la A3ES<\/a><\/span> - N\u00famero total de ECTS: 120<\/li><\/ul>\t\t\t\t\t\t\t\t<\/div>\n\t\t\t\t<\/div>\n\t\t\t\t<div class=\"elementor-element elementor-element-6d82d84 elementor-widget elementor-widget-text-editor\" data-id=\"6d82d84\" data-element_type=\"widget\" data-e-type=\"widget\" data-widget_type=\"text-editor.default\">\n\t\t\t\t<div class=\"elementor-widget-container\">\n\t\t\t\t\t\t\t\t\t<ul><li><a href=\"https:\/\/www.egasmoniz.com.pt\/courses\/mestrado-fisioterapia\" target=\"_blank\" rel=\"noopener\"><span style=\"text-decoration: underline;\">M\u00e1ster en Fisioterapia<\/span><\/a> - Escuela Superior de Salud Egas Moniz<br \/>\u00c1rea de especializaci\u00f3n en Fisioterapia en el Deporte<br \/>\u00c1rea de especializaci\u00f3n en Fisioterapia Neuromusculoesquel\u00e9tica<br \/><a href=\"https:\/\/www.a3es.pt\/pt\/resultados-acreditacao\/fisioterapia-48\" target=\"_blank\" rel=\"noopener\"><span style=\"text-decoration: underline;\">Acreditaci\u00f3n por la A3ES<\/span><\/a> - N\u00famero total de ECTS: 120<\/li><\/ul>\t\t\t\t\t\t\t\t<\/div>\n\t\t\t\t<\/div>\n\t\t\t\t<div class=\"elementor-element elementor-element-b37b7a9 elementor-widget elementor-widget-text-editor\" data-id=\"b37b7a9\" data-element_type=\"widget\" data-e-type=\"widget\" data-widget_type=\"text-editor.default\">\n\t\t\t\t<div class=\"elementor-widget-container\">\n\t\t\t\t\t\t\t\t\t<ul><li><a href=\"https:\/\/www.estesc.ipc.pt\/index.php\/candidato\/candidaturas-a-mestrados\/fisioterapia\/\" target=\"_blank\" rel=\"noopener\"><span style=\"text-decoration: underline;\">M\u00e1ster en Fisioterapia<\/span><\/a> - Instituto Polit\u00e9cnico de Coimbra - Escuela de Tecnolog\u00eda Sanitaria<br \/>\u00c1rea de especializaci\u00f3n de Evaluaci\u00f3n del Movimiento y Aplicaci\u00f3n Cl\u00ednica<br \/><a href=\"https:\/\/www.a3es.pt\/pt\/resultados-acreditacao\/fisioterapia-54\" target=\"_blank\" rel=\"noopener\"><span style=\"text-decoration: underline;\">Acreditaci\u00f3n por la A3ES<\/span><\/a> - N\u00famero total de ECTS: 120<\/li><\/ul>\t\t\t\t\t\t\t\t<\/div>\n\t\t\t\t<\/div>\n\t\t\t\t<div class=\"elementor-element elementor-element-4626373 elementor-widget elementor-widget-text-editor\" data-id=\"4626373\" data-element_type=\"widget\" data-e-type=\"widget\" data-widget_type=\"text-editor.default\">\n\t\t\t\t<div class=\"elementor-widget-container\">\n\t\t\t\t\t\t\t\t\t<ul><li><a href=\"https:\/\/www.essl.ipl.pt\/estudar\/mestrados\" target=\"_blank\" rel=\"noopener\"><span style=\"text-decoration: underline;\">M\u00e1ster en Fisioterapia<\/span><\/a>- Escuela de Salud - Instituto Polit\u00e9cnico de Lisboa <br \/><span style=\"text-decoration: underline;\"><a href=\"https:\/\/www.essl.ipl.pt\/estudar\/fisioterapia-neurologica\" target=\"_blank\" rel=\"noopener\">\u00c1rea de especializaci\u00f3n de Fisioterapia Neurol\u00f3gica<\/a><\/span><br \/>\u00c1rea de especializaci\u00f3n de Envejecimiento Activo y Fisioterapia<br \/><span style=\"text-decoration: underline;\"><a href=\"https:\/\/www.essl.ipl.pt\/estudar\/mestrados\/fisioterapia-saude-da-mulher\" target=\"_blank\" rel=\"noopener\">Especialidad de Fisioterapia en Salud de la Mujer<\/a><\/span><br \/><span style=\"text-decoration: underline;\"><a href=\"https:\/\/si.a3es.pt\/sia3es\/page?stage=ConsultaPublicaProcesso&amp;processID=3212\" target=\"_blank\" rel=\"noopener\">Acreditaci\u00f3n por la A3ES\u00a0<\/a><\/span>- N\u00famero total de ECTS: 120<\/li><\/ul>\t\t\t\t\t\t\t\t<\/div>\n\t\t\t\t<\/div>\n\t\t\t\t<div class=\"elementor-element elementor-element-ee67266 elementor-widget elementor-widget-text-editor\" data-id=\"ee67266\" data-element_type=\"widget\" data-e-type=\"widget\" data-widget_type=\"text-editor.default\">\n\t\t\t\t<div class=\"elementor-widget-container\">\n\t\t\t\t\t\t\t\t\t<ul><li><a href=\"https:\/\/ess.fernandopessoa.pt\/cursos\/mestrado-fisioterapia\/\" target=\"_blank\" rel=\"noopener\"><span style=\"text-decoration: underline;\">M\u00e1ster en Fisioterapia<\/span><\/a> - Escuela de Salud de la Fundaci\u00f3n Fernando Pessoa<p>Campo de especializaci\u00f3n en Fisioterapia Materno-Infantil<br \/>\u00c1rea de especializaci\u00f3n en Fisioterapia de la senescencia<br \/>\u00c1rea de especializaci\u00f3n en Fisioterapia Deportiva<br \/><span style=\"text-decoration: underline;\"><a href=\"https:\/\/www.a3es.pt\/pt\/resultados-acreditacao\/fisioterapia-57\" target=\"_blank\" rel=\"noopener\">Acreditaci\u00f3n por la A3ES<\/a><\/span> - N\u00famero total de ECTS: 120<\/p><\/li><\/ul>\t\t\t\t\t\t\t\t<\/div>\n\t\t\t\t<\/div>\n\t\t\t\t\t<\/div>\n\t\t<\/div>\n\t\t\t\t\t<\/div>\n\t\t<\/section>\n\t\t\t\t<section class=\"elementor-section elementor-top-section elementor-element elementor-element-ec424e3 elementor-section-boxed elementor-section-height-default elementor-section-height-default\" data-id=\"ec424e3\" data-element_type=\"section\" data-e-type=\"section\">\n\t\t\t\t\t\t<div class=\"elementor-container elementor-column-gap-default\">\n\t\t\t\t\t<div class=\"elementor-column elementor-col-100 elementor-top-column elementor-element elementor-element-80ac38e\" data-id=\"80ac38e\" data-element_type=\"column\" data-e-type=\"column\">\n\t\t\t<div class=\"elementor-widget-wrap elementor-element-populated\">\n\t\t\t\t\t\t<div class=\"elementor-element elementor-element-1ec916e elementor-widget elementor-widget-heading\" data-id=\"1ec916e\" data-element_type=\"widget\" data-e-type=\"widget\" data-widget_type=\"heading.default\">\n\t\t\t\t<div class=\"elementor-widget-container\">\n\t\t\t\t\t<h2 class=\"elementor-heading-title elementor-size-default\">Programa de doctorado<\/h2>\t\t\t\t<\/div>\n\t\t\t\t<\/div>\n\t\t\t\t\t<\/div>\n\t\t<\/div>\n\t\t\t\t\t<\/div>\n\t\t<\/section>\n\t\t\t\t<section class=\"elementor-section elementor-top-section elementor-element elementor-element-2023ba2 elementor-section-boxed elementor-section-height-default elementor-section-height-default\" data-id=\"2023ba2\" data-element_type=\"section\" data-e-type=\"section\">\n\t\t\t\t\t\t<div class=\"elementor-container elementor-column-gap-default\">\n\t\t\t\t\t<div class=\"elementor-column elementor-col-100 elementor-top-column elementor-element elementor-element-b58e484\" data-id=\"b58e484\" data-element_type=\"column\" data-e-type=\"column\">\n\t\t\t<div class=\"elementor-widget-wrap elementor-element-populated\">\n\t\t\t\t\t\t<div class=\"elementor-element elementor-element-936470c elementor-widget elementor-widget-text-editor\" data-id=\"936470c\" data-element_type=\"widget\" data-e-type=\"widget\" data-widget_type=\"text-editor.default\">\n\t\t\t\t<div class=\"elementor-widget-container\">\n\t\t\t\t\t\t\t\t\t<p>Programa de estudios para la obtenci\u00f3n del t\u00edtulo de Doctor en Fisioterapia<strong>*<\/strong>:<\/p>\t\t\t\t\t\t\t\t<\/div>\n\t\t\t\t<\/div>\n\t\t\t\t<div class=\"elementor-element elementor-element-3859878 elementor-widget elementor-widget-text-editor\" data-id=\"3859878\" data-element_type=\"widget\" data-e-type=\"widget\" data-widget_type=\"text-editor.default\">\n\t\t\t\t<div class=\"elementor-widget-container\">\n\t\t\t\t\t\t\t\t\t<ul><li><p><span style=\"text-decoration: underline;\"><a href=\"https:\/\/sigarra.up.pt\/fadeup\/pt\/cur_geral.cur_view?pv_curso_id=861\" target=\"_blank\" rel=\"noopener\">Programa de Doctorado en Fisioterapia<\/a> <\/span>- Facultad de Deportes, Universidad de Oporto<br \/><span style=\"text-decoration: underline;\"><a href=\"https:\/\/www.a3es.pt\/pt\/resultados-acreditacao\/fisioterapia\" target=\"_blank\" rel=\"noopener\">Acreditaci\u00f3n por la A3ES<\/a><\/span> - N\u00famero total de ECTS: 180<\/p><\/li><\/ul>\t\t\t\t\t\t\t\t<\/div>\n\t\t\t\t<\/div>\n\t\t\t\t\t<\/div>\n\t\t<\/div>\n\t\t\t\t\t<\/div>\n\t\t<\/section>\n\t\t\t\t<section class=\"elementor-section elementor-top-section elementor-element elementor-element-5c37238 elementor-section-boxed elementor-section-height-default elementor-section-height-default\" data-id=\"5c37238\" data-element_type=\"section\" data-e-type=\"section\">\n\t\t\t\t\t\t<div class=\"elementor-container elementor-column-gap-default\">\n\t\t\t\t\t<div class=\"elementor-column elementor-col-100 elementor-top-column elementor-element elementor-element-092b269\" data-id=\"092b269\" data-element_type=\"column\" data-e-type=\"column\">\n\t\t\t<div class=\"elementor-widget-wrap elementor-element-populated\">\n\t\t\t\t\t\t<div class=\"elementor-element elementor-element-d28ac00 elementor-widget elementor-widget-text-editor\" data-id=\"d28ac00\" data-element_type=\"widget\" data-e-type=\"widget\" data-widget_type=\"text-editor.default\">\n\t\t\t\t<div class=\"elementor-widget-container\">\n\t\t\t\t\t\t\t\t\t<p>*Corresponde a la informaci\u00f3n enviada por las Instituciones de Educaci\u00f3n Superior. Pueden existir divergencias o retrasos puntuales en determinadas actualizaciones de la informaci\u00f3n disponible en esta p\u00e1gina. El Colegio de Fisioterapeutas no garantiza su exactitud, ni se hace responsable de la reproducci\u00f3n accidental de datos incorrectos.<\/p>\t\t\t\t\t\t\t\t<\/div>\n\t\t\t\t<\/div>\n\t\t\t\t\t<\/div>\n\t\t<\/div>\n\t\t\t\t\t<\/div>\n\t\t<\/section>\n\t\t\t\t<\/div>","protected":false},"excerpt":{"rendered":"<p>Mestrado Ciclos de estudo de mestrado em Fisioterapia*: Mestrados em Fisioterapia &#8211; Escola Superior de Sa\u00fade da Universidade de AveiroMestrado em Fisioterapia Cardiovascular e Respirat\u00f3riaAcredita\u00e7\u00e3o pela A3ES\u00a0\u2013 N\u00famero total de ECTS: 120 Mestrado em Fisioterapia \u2013 Escola Superior de Sa\u00fade da Universidade de Aveiro e Escola Superior de Sa\u00fade do Instituto Polit\u00e9cnico de Set\u00fabalMestrado em &#8230; <a title=\"Formaci\u00f3n de posgrado\" class=\"read-more\" href=\"https:\/\/ordemdosfisioterapeutas.pt\/es\/formacao-pos-graduada\/\" aria-label=\"M\u00e1s informaci\u00f3n sobre la formaci\u00f3n de posgrado\">Seguir leyendo<\/a><\/p>","protected":false},"author":1,"featured_media":0,"parent":0,"menu_order":0,"comment_status":"closed","ping_status":"closed","template":"","meta":{"footnotes":""},"class_list":["post-5994","page","type-page","status-publish"],"_links":{"self":[{"href":"https:\/\/ordemdosfisioterapeutas.pt\/es\/wp-json\/wp\/v2\/pages\/5994","targetHints":{"allow":["GET"]}}],"collection":[{"href":"https:\/\/ordemdosfisioterapeutas.pt\/es\/wp-json\/wp\/v2\/pages"}],"about":[{"href":"https:\/\/ordemdosfisioterapeutas.pt\/es\/wp-json\/wp\/v2\/types\/page"}],"author":[{"embeddable":true,"href":"https:\/\/ordemdosfisioterapeutas.pt\/es\/wp-json\/wp\/v2\/users\/1"}],"replies":[{"embeddable":true,"href":"https:\/\/ordemdosfisioterapeutas.pt\/es\/wp-json\/wp\/v2\/comments?post=5994"}],"version-history":[{"count":12,"href":"https:\/\/ordemdosfisioterapeutas.pt\/es\/wp-json\/wp\/v2\/pages\/5994\/revisions"}],"predecessor-version":[{"id":13282,"href":"https:\/\/ordemdosfisioterapeutas.pt\/es\/wp-json\/wp\/v2\/pages\/5994\/revisions\/13282"}],"wp:attachment":[{"href":"https:\/\/ordemdosfisioterapeutas.pt\/es\/wp-json\/wp\/v2\/media?parent=5994"}],"curies":[{"name":"wp","href":"https:\/\/api.w.org\/{rel}","templated":true}]}}