{"id":5562,"date":"2023-02-16T15:53:29","date_gmt":"2023-02-16T15:53:29","guid":{"rendered":"https:\/\/ordemdosfisioterapeutas.pt\/?page_id=5562"},"modified":"2023-02-16T15:55:15","modified_gmt":"2023-02-16T15:55:15","slug":"repositorios-cientificos","status":"publish","type":"page","link":"https:\/\/ordemdosfisioterapeutas.pt\/es\/repositorios-cientificos\/","title":{"rendered":"Repositorios cient\u00edficos"},"content":{"rendered":"<div data-elementor-type=\"wp-page\" data-elementor-id=\"5562\" class=\"elementor elementor-5562\" data-elementor-post-type=\"page\">\n\t\t\t\t\t\t<section class=\"elementor-section elementor-top-section elementor-element elementor-element-f589648 elementor-section-boxed elementor-section-height-default elementor-section-height-default\" data-id=\"f589648\" data-element_type=\"section\" data-e-type=\"section\">\n\t\t\t\t\t\t<div class=\"elementor-container elementor-column-gap-default\">\n\t\t\t\t\t<div class=\"elementor-column elementor-col-100 elementor-top-column elementor-element elementor-element-510174f\" data-id=\"510174f\" data-element_type=\"column\" data-e-type=\"column\">\n\t\t\t<div class=\"elementor-widget-wrap elementor-element-populated\">\n\t\t\t\t\t\t<div class=\"elementor-element elementor-element-e484202 elementor-widget elementor-widget-heading\" data-id=\"e484202\" data-element_type=\"widget\" data-e-type=\"widget\" data-widget_type=\"heading.default\">\n\t\t\t\t<div class=\"elementor-widget-container\">\n\t\t\t\t\t<h2 class=\"elementor-heading-title elementor-size-default\">Recursos electr\u00f3nicos a repositorios cient\u00edficos <\/h2>\t\t\t\t<\/div>\n\t\t\t\t<\/div>\n\t\t\t\t\t<\/div>\n\t\t<\/div>\n\t\t\t\t\t<\/div>\n\t\t<\/section>\n\t\t\t\t<section class=\"elementor-section elementor-top-section elementor-element elementor-element-5c8a4a4 elementor-section-boxed elementor-section-height-default elementor-section-height-default\" data-id=\"5c8a4a4\" data-element_type=\"section\" data-e-type=\"section\">\n\t\t\t\t\t\t<div class=\"elementor-container elementor-column-gap-default\">\n\t\t\t\t\t<div class=\"elementor-column elementor-col-100 elementor-top-column elementor-element elementor-element-087f848\" data-id=\"087f848\" data-element_type=\"column\" data-e-type=\"column\">\n\t\t\t<div class=\"elementor-widget-wrap elementor-element-populated\">\n\t\t\t\t\t\t<div class=\"elementor-element elementor-element-44c66bc elementor-widget elementor-widget-text-editor\" data-id=\"44c66bc\" data-element_type=\"widget\" data-e-type=\"widget\" data-widget_type=\"text-editor.default\">\n\t\t\t\t<div class=\"elementor-widget-container\">\n\t\t\t\t\t\t\t\t\t<p>La Orden Portuguesa de Fisioterapeutas se compromete a poner a disposici\u00f3n de todos sus miembros, bases de datos electr\u00f3nicas de producci\u00f3n e investigaci\u00f3n cient\u00edfica, de acceso abierto, con relevancia para los fisioterapeutas.<\/p><p>Se proporciona acceso al Repositorio Cient\u00edfico de Acceso Abierto de Portugal (RCAAP), que tambi\u00e9n incluye OASISbr, b-on, OpenAIRE y Google Scholar.<\/p><p>RCAAP permite ver los textos en su totalidad o s\u00f3lo consultar los metadatos. Tambi\u00e9n es posible consultar art\u00edculos cient\u00edficos, tesinas de m\u00e1ster, monograf\u00edas de licenciatura, tesis doctorales, informes, conferencias, actas de congresos, entre otros. Puede acceder a la RCAAP en su \u00e1rea reservada, donde tambi\u00e9n encontrar\u00e1 una gu\u00eda pr\u00e1ctica de consulta.<\/p>\t\t\t\t\t\t\t\t<\/div>\n\t\t\t\t<\/div>\n\t\t\t\t<div class=\"elementor-element elementor-element-3b7ad6e elementor-align-left elementor-widget elementor-widget-button\" data-id=\"3b7ad6e\" data-element_type=\"widget\" data-e-type=\"widget\" data-widget_type=\"button.default\">\n\t\t\t\t<div class=\"elementor-widget-container\">\n\t\t\t\t\t\t\t\t\t<div class=\"elementor-button-wrapper\">\n\t\t\t\t\t<a class=\"elementor-button elementor-button-link elementor-size-sm\" href=\"https:\/\/portal.ordemdosfisioterapeutas.pt\/\" target=\"_blank\">\n\t\t\t\t\t\t<span class=\"elementor-button-content-wrapper\">\n\t\t\t\t\t\t\t\t\t<span class=\"elementor-button-text\">\u00c1rea reservada<\/span>\n\t\t\t\t\t<\/span>\n\t\t\t\t\t<\/a>\n\t\t\t\t<\/div>\n\t\t\t\t\t\t\t\t<\/div>\n\t\t\t\t<\/div>\n\t\t\t\t\t<\/div>\n\t\t<\/div>\n\t\t\t\t\t<\/div>\n\t\t<\/section>\n\t\t\t\t<\/div>","protected":false},"excerpt":{"rendered":"<p>Recursos electr\u00f3nicos a Repositorios Cient\u00edficos La Orden de Fisioterapeutas se compromete a poner a disposici\u00f3n de todos sus miembros bases de datos electr\u00f3nicas de acceso abierto de producci\u00f3n cient\u00edfica e investigaci\u00f3n relevante para los fisioterapeutas. Se puede acceder al Repositorio Cient\u00edfico Portugu\u00e9s de Acceso Abierto (RCAAP), que tambi\u00e9n incluye OASISbr, b-on, ... <a title=\"Repositorios cient\u00edficos\" class=\"read-more\" href=\"https:\/\/ordemdosfisioterapeutas.pt\/es\/repositorios-cientificos\/\" aria-label=\"M\u00e1s informaci\u00f3n sobre dep\u00f3sitos cient\u00edficos\">Seguir leyendo<\/a><\/p>","protected":false},"author":1,"featured_media":0,"parent":0,"menu_order":0,"comment_status":"closed","ping_status":"closed","template":"","meta":{"footnotes":""},"class_list":["post-5562","page","type-page","status-publish"],"_links":{"self":[{"href":"https:\/\/ordemdosfisioterapeutas.pt\/es\/wp-json\/wp\/v2\/pages\/5562","targetHints":{"allow":["GET"]}}],"collection":[{"href":"https:\/\/ordemdosfisioterapeutas.pt\/es\/wp-json\/wp\/v2\/pages"}],"about":[{"href":"https:\/\/ordemdosfisioterapeutas.pt\/es\/wp-json\/wp\/v2\/types\/page"}],"author":[{"embeddable":true,"href":"https:\/\/ordemdosfisioterapeutas.pt\/es\/wp-json\/wp\/v2\/users\/1"}],"replies":[{"embeddable":true,"href":"https:\/\/ordemdosfisioterapeutas.pt\/es\/wp-json\/wp\/v2\/comments?post=5562"}],"version-history":[{"count":0,"href":"https:\/\/ordemdosfisioterapeutas.pt\/es\/wp-json\/wp\/v2\/pages\/5562\/revisions"}],"wp:attachment":[{"href":"https:\/\/ordemdosfisioterapeutas.pt\/es\/wp-json\/wp\/v2\/media?parent=5562"}],"curies":[{"name":"wp","href":"https:\/\/api.w.org\/{rel}","templated":true}]}}