{"id":4840,"date":"2022-07-14T13:26:08","date_gmt":"2022-07-14T12:26:08","guid":{"rendered":"https:\/\/ordemdosfisioterapeutas.pt\/?page_id=4840"},"modified":"2025-05-02T11:38:47","modified_gmt":"2025-05-02T10:38:47","slug":"especialidades-em-fisioterapia","status":"publish","type":"page","link":"https:\/\/ordemdosfisioterapeutas.pt\/es\/especialidades-em-fisioterapia\/","title":{"rendered":"Especialidades de fisioterapia"},"content":{"rendered":"<div data-elementor-type=\"wp-page\" data-elementor-id=\"4840\" class=\"elementor elementor-4840\" data-elementor-post-type=\"page\">\n\t\t\t\t\t\t<section class=\"elementor-section elementor-top-section elementor-element elementor-element-3e120a5 elementor-section-boxed elementor-section-height-default elementor-section-height-default\" data-id=\"3e120a5\" data-element_type=\"section\" data-e-type=\"section\">\n\t\t\t\t\t\t<div class=\"elementor-container elementor-column-gap-default\">\n\t\t\t\t\t<div class=\"elementor-column elementor-col-100 elementor-top-column elementor-element elementor-element-dd476f6\" data-id=\"dd476f6\" data-element_type=\"column\" data-e-type=\"column\">\n\t\t\t<div class=\"elementor-widget-wrap elementor-element-populated\">\n\t\t\t\t\t\t<div class=\"elementor-element elementor-element-4c18a55 elementor-widget elementor-widget-heading\" data-id=\"4c18a55\" data-element_type=\"widget\" data-e-type=\"widget\" data-widget_type=\"heading.default\">\n\t\t\t\t<div class=\"elementor-widget-container\">\n\t\t\t\t\t<h2 class=\"elementor-heading-title elementor-size-default\">Especializaci\u00f3n en Fisioterapia - Marco conceptual<\/h2>\t\t\t\t<\/div>\n\t\t\t\t<\/div>\n\t\t\t\t<div class=\"elementor-element elementor-element-1febedf elementor-widget elementor-widget-text-editor\" data-id=\"1febedf\" data-element_type=\"widget\" data-e-type=\"widget\" data-widget_type=\"text-editor.default\">\n\t\t\t\t<div class=\"elementor-widget-container\">\n\t\t\t\t\t\t\t\t\t<p>La especializaci\u00f3n de los fisioterapeutas tiene como objetivo mejorar los niveles de calidad de la atenci\u00f3n fisioterap\u00e9utica prestada a los usuarios y promover su desarrollo profesional continuo.<\/p><p>Se consideran esenciales como referencia <span style=\"text-decoration: underline;\"><a href=\"https:\/\/www.wcpt.org\/policy\/ps-specialisation\" target=\"_blank\" rel=\"noopener\">directrices<\/a><\/span> de la Confederaci\u00f3n Mundial de Fisioterapia (WCPT) sobre esta cuesti\u00f3n, a saber, los siguientes supuestos:<\/p><ul><li>Las especialidades son \u00e1reas de estudio y pr\u00e1ctica de la Fisioterapia en las que es posible que los fisioterapeutas adquieran y demuestren \"competencias avanzadas \/ aumentadas\" en relaci\u00f3n con las requeridas para el acceso a la profesi\u00f3n y al t\u00edtulo profesional.<\/li><li>Debe existir un proceso formal y documentado de especializaci\u00f3n, que reconozca estas competencias en competencias cl\u00ednicas concretas.<\/li><li>La especializaci\u00f3n no debe considerarse una limitaci\u00f3n de la pr\u00e1ctica. El campo de actividad reconocido como fisioterapia permanecer\u00e1 abierto a todos los fisioterapeutas debidamente cualificados.<\/li><li>Se espera que los especialistas desarrollen su actividad profesional en su \u00e1rea de especializaci\u00f3n cl\u00ednica, contribuyan a la ense\u00f1anza y a la evaluaci\u00f3n de la pr\u00e1ctica profesional, con vistas a mejorar los servicios prestados. Tambi\u00e9n se espera que lleven a cabo proyectos de investigaci\u00f3n y contribuyan al desarrollo y la difusi\u00f3n de conocimientos en su \u00e1rea de especializaci\u00f3n.<\/li><\/ul><p>En esencia, por tanto, ser\u00e1 importante considerar tres elementos sustanciales en el proceso de especializaci\u00f3n:<\/p><ul><li>Estar en posesi\u00f3n de una formaci\u00f3n avanzada de posgrado, con reconocimiento acad\u00e9mico;<\/li><li>La demostraci\u00f3n de competencias (<em>competencias<\/em>) experiencia cl\u00ednica y probada, en el \u00e1mbito de especializaci\u00f3n;<\/li><li>El desarrollo de competencias en el \u00e1mbito de la investigaci\u00f3n (an\u00e1lisis cr\u00edtico de la investigaci\u00f3n publicada, como apoyo a una pr\u00e1ctica basada en la evidencia cient\u00edfica, con una contribuci\u00f3n publicada al desarrollo del conocimiento en el \u00e1rea de especializaci\u00f3n).<\/li><\/ul><p>El Consejo de la Orden de Fisioterapeutas considera que el perfil del especialista se ajusta claramente a los descriptores del t\u00edtulo acad\u00e9mico de m\u00e1ster, siendo \u00e9sta una v\u00eda potencial, pero no la \u00fanica, en el proceso formal de reconocimiento de la condici\u00f3n de especialista.<\/p><p>La concesi\u00f3n del t\u00edtulo de especialista presupone que es el titular quien debe demostrar peri\u00f3dicamente que sigue mereci\u00e9ndolo, lo que implica un sistema de renovaci\u00f3n de la posesi\u00f3n del t\u00edtulo de especialista.<\/p><p>Se considera prudente definir un n\u00famero reducido de especialidades, a ser posible en paridad con la pr\u00e1ctica internacional o con la de los pa\u00edses de referencia. En los casos en que no se justifique la creaci\u00f3n de una especialidad aut\u00f3noma, podr\u00e1 crearse un sistema de certificaci\u00f3n de la competencia, alternativo al de las especialidades.<\/p>\t\t\t\t\t\t\t\t<\/div>\n\t\t\t\t<\/div>\n\t\t\t\t<div class=\"elementor-element elementor-element-613ce13 elementor-widget elementor-widget-heading\" data-id=\"613ce13\" data-element_type=\"widget\" data-e-type=\"widget\" data-widget_type=\"heading.default\">\n\t\t\t\t<div class=\"elementor-widget-container\">\n\t\t\t\t\t<h2 class=\"elementor-heading-title elementor-size-default\">Creaci\u00f3n del Quadro de Especialidades Profissionais de Fisioterapia en Portugal<\/h2>\t\t\t\t<\/div>\n\t\t\t\t<\/div>\n\t\t\t\t<div class=\"elementor-element elementor-element-ada17fd elementor-widget elementor-widget-text-editor\" data-id=\"ada17fd\" data-element_type=\"widget\" data-e-type=\"widget\" data-widget_type=\"text-editor.default\">\n\t\t\t\t<div class=\"elementor-widget-container\">\n\t\t\t\t\t\t\t\t\t<p>La elaboraci\u00f3n de la propuesta de este marco ya formaba parte del plan de actividades para 2022 y contin\u00faa la labor iniciada por la Comisi\u00f3n de Instalaci\u00f3n.<\/p><p>Alcanzar este objetivo exigi\u00f3 superar una serie de etapas internas, incluido un periodo de debate p\u00fablico del proyecto antes de la aprobaci\u00f3n definitiva del Reglamento General de Especialidades Profesionales.<\/p><p>El reglamento fue aprobado por el Ministerio de Sanidad el 6 de marzo de 2025 y publicado en el Di\u00e1rio da Rep\u00fablica el 15 de abril de 2025, formalizando el reconocimiento de las siguientes especialidades: Fisioterapia Cardiorrespiratoria, Fisioterapia Musculoesquel\u00e9tica y Fisioterapia Neurol\u00f3gica.<\/p><p>Ya est\u00e1n en marcha los tr\u00e1mites necesarios para poner en marcha el proceso de solicitud y obtenci\u00f3n del t\u00edtulo de especialista en estas \u00e1reas.<\/p><p>El reglamento ahora en vigor establece las condiciones y procedimientos para la creaci\u00f3n de nuevas especialidades profesionales en Fisioterapia.<\/p><p>Los documentos de trabajo y las actualizaciones sobre el proceso de aplicaci\u00f3n se pusieron progresivamente a disposici\u00f3n de los miembros de la Orden, en una pesta\u00f1a separada del sitio web de la Orden. <span style=\"text-decoration: underline;\"><a href=\"https:\/\/portal.ordemdosfisioterapeutas.pt\/\">\u00e1rea reservada<\/a><\/span>Ser\u00e1 posible seguir la evoluci\u00f3n concreta.<\/p>\t\t\t\t\t\t\t\t<\/div>\n\t\t\t\t<\/div>\n\t\t\t\t\t<\/div>\n\t\t<\/div>\n\t\t\t\t\t<\/div>\n\t\t<\/section>\n\t\t\t\t<\/div>","protected":false},"excerpt":{"rendered":"<p>Especializaci\u00f3n en Fisioterapia - Marco Conceptual La especializaci\u00f3n de los Fisioterapeutas tiene como objetivo mejorar los est\u00e1ndares de calidad de la atenci\u00f3n fisioterap\u00e9utica prestada a los usuarios y promover su desarrollo profesional continuo. Las directrices de la Confederaci\u00f3n Mundial de Fisioterapia (WCPT) en este \u00e1mbito se consideran esenciales, a saber, los siguientes supuestos: Las especialidades son \u00e1reas ... <a title=\"Especialidades de fisioterapia\" class=\"read-more\" href=\"https:\/\/ordemdosfisioterapeutas.pt\/es\/especialidades-em-fisioterapia\/\" aria-label=\"M\u00e1s informaci\u00f3n sobre las especialidades de fisioterapia\">Seguir leyendo<\/a><\/p>","protected":false},"author":1,"featured_media":0,"parent":0,"menu_order":0,"comment_status":"closed","ping_status":"closed","template":"","meta":{"footnotes":""},"class_list":["post-4840","page","type-page","status-publish"],"_links":{"self":[{"href":"https:\/\/ordemdosfisioterapeutas.pt\/es\/wp-json\/wp\/v2\/pages\/4840","targetHints":{"allow":["GET"]}}],"collection":[{"href":"https:\/\/ordemdosfisioterapeutas.pt\/es\/wp-json\/wp\/v2\/pages"}],"about":[{"href":"https:\/\/ordemdosfisioterapeutas.pt\/es\/wp-json\/wp\/v2\/types\/page"}],"author":[{"embeddable":true,"href":"https:\/\/ordemdosfisioterapeutas.pt\/es\/wp-json\/wp\/v2\/users\/1"}],"replies":[{"embeddable":true,"href":"https:\/\/ordemdosfisioterapeutas.pt\/es\/wp-json\/wp\/v2\/comments?post=4840"}],"version-history":[{"count":0,"href":"https:\/\/ordemdosfisioterapeutas.pt\/es\/wp-json\/wp\/v2\/pages\/4840\/revisions"}],"wp:attachment":[{"href":"https:\/\/ordemdosfisioterapeutas.pt\/es\/wp-json\/wp\/v2\/media?parent=4840"}],"curies":[{"name":"wp","href":"https:\/\/api.w.org\/{rel}","templated":true}]}}