{"id":344,"date":"2020-09-29T20:20:51","date_gmt":"2020-09-29T20:20:51","guid":{"rendered":"https:\/\/ordemdosfisioterapeutas.pt\/?page_id=344"},"modified":"2025-07-14T22:20:26","modified_gmt":"2025-07-14T21:20:26","slug":"estatuto-e-regulamentos","status":"publish","type":"page","link":"https:\/\/ordemdosfisioterapeutas.pt\/es\/estatuto-e-regulamentos\/","title":{"rendered":"Estatutos y reglamentos"},"content":{"rendered":"<div data-elementor-type=\"wp-page\" data-elementor-id=\"344\" class=\"elementor elementor-344\" data-elementor-post-type=\"page\">\n\t\t\t\t\t\t<section class=\"elementor-section elementor-top-section elementor-element elementor-element-012febc elementor-section-boxed elementor-section-height-default elementor-section-height-default\" data-id=\"012febc\" data-element_type=\"section\" data-e-type=\"section\">\n\t\t\t\t\t\t<div class=\"elementor-container elementor-column-gap-default\">\n\t\t\t\t\t<div class=\"elementor-column elementor-col-100 elementor-top-column elementor-element elementor-element-3af0515\" data-id=\"3af0515\" data-element_type=\"column\" data-e-type=\"column\">\n\t\t\t<div class=\"elementor-widget-wrap elementor-element-populated\">\n\t\t\t\t\t\t<div class=\"elementor-element elementor-element-d210dbd elementor-widget elementor-widget-toggle\" data-id=\"d210dbd\" data-element_type=\"widget\" data-e-type=\"widget\" data-widget_type=\"toggle.default\">\n\t\t\t\t<div class=\"elementor-widget-container\">\n\t\t\t\t\t\t\t<div class=\"elementor-toggle\">\n\t\t\t\t\t\t\t<div class=\"elementor-toggle-item\">\n\t\t\t\t\t<div id=\"elementor-tab-title-2201\" class=\"elementor-tab-title\" data-tab=\"1\" role=\"button\" aria-controls=\"elementor-tab-content-2201\" aria-expanded=\"false\">\n\t\t\t\t\t\t\t\t\t\t\t\t<span class=\"elementor-toggle-icon elementor-toggle-icon-left\" aria-hidden=\"true\">\n\t\t\t\t\t\t\t\t\t\t\t\t\t\t\t<span class=\"elementor-toggle-icon-closed\"><i class=\"fas fa-caret-right\"><\/i><\/span>\n\t\t\t\t\t\t\t\t<span class=\"elementor-toggle-icon-opened\"><i class=\"elementor-toggle-icon-opened fas fa-caret-up\"><\/i><\/span>\n\t\t\t\t\t\t\t\t\t\t\t\t\t<\/span>\n\t\t\t\t\t\t\t\t\t\t\t\t<a class=\"elementor-toggle-title\" tabindex=\"0\">Estado<\/a>\n\t\t\t\t\t<\/div>\n\n\t\t\t\t\t<div id=\"elementor-tab-content-2201\" class=\"elementor-tab-content elementor-clearfix\" data-tab=\"1\" role=\"region\" aria-labelledby=\"elementor-tab-title-2201\"><p><span style=\"text-decoration: underline;\"><a href=\"https:\/\/ordemdosfisioterapeutas.pt\/wp-content\/uploads\/2024\/02\/LC_lei-122-2019-versao-consolidada_09_02_2024.pdf\" target=\"_blank\" rel=\"noopener\">Estatuto del Colegio de Fisioterapeutas<\/a><\/span> - versi\u00f3n consolidada<\/p><p><span style=\"text-decoration: underline;\"><a href=\"https:\/\/data.dre.pt\/eli\/lei\/71\/2023\/12\/12\/p\/dre\/pt\/html\" target=\"_blank\" rel=\"noopener\">Ley n\u00ba 71\/2023 de 12 de diciembre<\/a><\/span> - Modificaci\u00f3n del Estatuto del Colegio de Fisioterapeutas<\/p><p><span style=\"text-decoration: underline;\"><a href=\"https:\/\/dre.pt\/application\/conteudo\/125016439\" target=\"_blank\" rel=\"noopener\">Ley n\u00ba 122\/2019, de 30 de septiembre<\/a><\/span> - Crea la Orden de Fisioterapeutas y aprueba el Estatuto respectivo<\/p><\/div>\n\t\t\t\t<\/div>\n\t\t\t\t\t\t\t<div class=\"elementor-toggle-item\">\n\t\t\t\t\t<div id=\"elementor-tab-title-2202\" class=\"elementor-tab-title\" data-tab=\"2\" role=\"button\" aria-controls=\"elementor-tab-content-2202\" aria-expanded=\"false\">\n\t\t\t\t\t\t\t\t\t\t\t\t<span class=\"elementor-toggle-icon elementor-toggle-icon-left\" aria-hidden=\"true\">\n\t\t\t\t\t\t\t\t\t\t\t\t\t\t\t<span class=\"elementor-toggle-icon-closed\"><i class=\"fas fa-caret-right\"><\/i><\/span>\n\t\t\t\t\t\t\t\t<span class=\"elementor-toggle-icon-opened\"><i class=\"elementor-toggle-icon-opened fas fa-caret-up\"><\/i><\/span>\n\t\t\t\t\t\t\t\t\t\t\t\t\t<\/span>\n\t\t\t\t\t\t\t\t\t\t\t\t<a class=\"elementor-toggle-title\" tabindex=\"0\">Normativa<\/a>\n\t\t\t\t\t<\/div>\n\n\t\t\t\t\t<div id=\"elementor-tab-content-2202\" class=\"elementor-tab-content elementor-clearfix\" data-tab=\"2\" role=\"region\" aria-labelledby=\"elementor-tab-title-2202\"><p><span style=\"text-decoration: underline;\"><a href=\"https:\/\/ordemdosfisioterapeutas.pt\/wp-content\/uploads\/2025\/04\/Regulamento-491_2025_Especialidades_DR.pdf\" target=\"_blank\" rel=\"noopener\">Reglamento General de Especialidades Profesionales<\/a><\/span><br \/><span style=\"text-decoration: underline;\"><a href=\"https:\/\/ordemdosfisioterapeutas.pt\/wp-content\/uploads\/2025\/04\/Regulamento-489_2025_Acreditacao_DR.pdf\" target=\"_blank\" rel=\"noopener\">Reglamento de acreditaci\u00f3n de las actividades de formaci\u00f3n<\/a><\/span><br \/><span style=\"text-decoration: underline;\"><a href=\"https:\/\/ordemdosfisioterapeutas.pt\/wp-content\/uploads\/2025\/04\/Regulamento-490_2025_Creditacao_DR.pdf\" target=\"_blank\" rel=\"noopener\">Normativa para la acreditaci\u00f3n de actividades de desarrollo profesional continuo<\/a><\/span><br \/><span style=\"text-decoration: underline;\"><a href=\"https:\/\/ordemdosfisioterapeutas.pt\/wp-content\/uploads\/2025\/07\/DR_Regulamento-Eleitoral-836_2025.pdf\" target=\"_blank\" rel=\"noopener\">Reglamento Electoral de la Orden Portuguesa de Fisioterapeutas<\/a><br \/><\/span><span style=\"text-decoration: underline;\"><a href=\"https:\/\/ordemdosfisioterapeutas.pt\/wp-content\/uploads\/2023\/05\/ato-dre.pdf\" target=\"_blank\" rel=\"noopener\">Reglamento de la Ley de Fisioterapeutas<\/a><\/span><br \/><a href=\"https:\/\/ordemdosfisioterapeutas.pt\/wp-content\/uploads\/2023\/05\/codigo-dre.pdf\" target=\"_blank\" rel=\"noopener\"><span style=\"text-decoration: underline;\">C\u00f3digo deontol\u00f3gico del fisioterapeuta<\/span><\/a><br \/><span style=\"text-decoration: underline;\"><a href=\"https:\/\/ordemdosfisioterapeutas.pt\/wp-content\/uploads\/2023\/05\/regulamento-disciplinar-dre.pdf\" target=\"_blank\" rel=\"noopener\">Reglamento disciplinario del fisioterapeuta<\/a><\/span><br \/><span style=\"text-decoration: underline;\"><a href=\"https:\/\/ordemdosfisioterapeutas.pt\/wp-content\/uploads\/2022\/09\/AF_Regulamento-de-Ajudas-de-Custo.pdf\" target=\"_blank\" rel=\"noopener\">Reglamento sobre dietas<\/a><br \/><\/span><span style=\"text-decoration: underline;\"><span style=\"text-decoration: underline;\"><span style=\"text-decoration: underline;\"><span style=\"text-decoration: underline;\"><span style=\"text-decoration: underline;\"><a href=\"https:\/\/dre.pt\/application\/file\/205869771\" target=\"_blank\" rel=\"noopener\">Reglamento de tasas y c\u00e1nones<\/a><br \/><\/span><\/span><\/span><\/span><\/span><span style=\"text-decoration: underline;\"><a href=\"https:\/\/ordemdosfisioterapeutas.pt\/wp-content\/uploads\/2022\/04\/Regulamento-Remuneracoes-01Abr2022.pdf\" target=\"_blank\" rel=\"noopener\">Regulaci\u00f3n de las remuneraciones y dietas de asistencia<\/a><br \/><\/span><a href=\"https:\/\/dre.pt\/application\/file\/205931318\" target=\"_blank\" rel=\"noopener\"><span style=\"text-decoration: underline;\">Reglamento de Registro de la Orden Portuguesa de Fisioterapeutas<\/span><\/a><br \/><span style=\"text-decoration: underline;\"><a href=\"https:\/\/ordemdosfisioterapeutas.pt\/wp-content\/uploads\/2025\/06\/Regulamento-583_2025_medidas-compensacao.pdf\" target=\"_blank\" rel=\"noopener\">Reglamento sobre la aplicaci\u00f3n de medidas compensatorias (Tarjeta Profesional Europea)<\/a><span style=\"text-decoration: underline;\"><span style=\"text-decoration: underline;\"><span style=\"text-decoration: underline;\"><span style=\"text-decoration: underline;\"><br \/><\/span><\/span><\/span><\/span><\/span><a href=\"https:\/\/ordemdosfisioterapeutas.pt\/wp-content\/uploads\/2022\/08\/Reg_Admissao_de-Pessoal.pdf\" target=\"_blank\" rel=\"noopener\"><u>Estatuto del personal<\/u><\/a><br \/><span style=\"text-decoration: underline;\"><a href=\"https:\/\/ordemdosfisioterapeutas.pt\/wp-content\/uploads\/2024\/08\/REG_FSS_2024.pdf\" target=\"_blank\" rel=\"noopener\">Reglamento del Fondo de Solidaridad Social<\/a><\/span>\u00a0<br \/><span style=\"text-decoration: underline;\"><a href=\"https:\/\/ordemdosfisioterapeutas.pt\/wp-content\/uploads\/2024\/08\/Reg_Classificacao_arquivista.pdf\" target=\"_blank\" rel=\"noopener\">Normas de clasificaci\u00f3n y evaluaci\u00f3n de la informaci\u00f3n de archivo<\/a><\/span><\/p><\/div>\n\t\t\t\t<\/div>\n\t\t\t\t\t\t\t\t<\/div>\n\t\t\t\t\t\t<\/div>\n\t\t\t\t<\/div>\n\t\t\t\t\t<\/div>\n\t\t<\/div>\n\t\t\t\t\t<\/div>\n\t\t<\/section>\n\t\t\t\t<\/div>","protected":false},"excerpt":{"rendered":"<p>Estatuto Estatuto de la Orden de Fisioterapeutas - versi\u00f3n consolidada Ley n\u00fam. 71\/2023, de 12 de diciembre - Modificaci\u00f3n del Estatuto de la Orden de Fisioterapeutas Ley n\u00fam. 122\/2019, de 30 de septiembre - Crea la Orden de Fisioterapeutas y aprueba el respectivo Estatuto Reglamento Reglamento General de Especialidades ProfesionalesReglamento de Acreditaci\u00f3n de Actividades FormativasReglamento de Acreditaci\u00f3n ... <a title=\"Estatutos y reglamentos\" class=\"read-more\" href=\"https:\/\/ordemdosfisioterapeutas.pt\/es\/estatuto-e-regulamentos\/\" aria-label=\"M\u00e1s informaci\u00f3n sobre Estatutos y Reglamentos\">Seguir leyendo<\/a><\/p>","protected":false},"author":1,"featured_media":0,"parent":0,"menu_order":0,"comment_status":"closed","ping_status":"closed","template":"","meta":{"footnotes":""},"class_list":["post-344","page","type-page","status-publish"],"_links":{"self":[{"href":"https:\/\/ordemdosfisioterapeutas.pt\/es\/wp-json\/wp\/v2\/pages\/344","targetHints":{"allow":["GET"]}}],"collection":[{"href":"https:\/\/ordemdosfisioterapeutas.pt\/es\/wp-json\/wp\/v2\/pages"}],"about":[{"href":"https:\/\/ordemdosfisioterapeutas.pt\/es\/wp-json\/wp\/v2\/types\/page"}],"author":[{"embeddable":true,"href":"https:\/\/ordemdosfisioterapeutas.pt\/es\/wp-json\/wp\/v2\/users\/1"}],"replies":[{"embeddable":true,"href":"https:\/\/ordemdosfisioterapeutas.pt\/es\/wp-json\/wp\/v2\/comments?post=344"}],"version-history":[{"count":0,"href":"https:\/\/ordemdosfisioterapeutas.pt\/es\/wp-json\/wp\/v2\/pages\/344\/revisions"}],"wp:attachment":[{"href":"https:\/\/ordemdosfisioterapeutas.pt\/es\/wp-json\/wp\/v2\/media?parent=344"}],"curies":[{"name":"wp","href":"https:\/\/api.w.org\/{rel}","templated":true}]}}