{"id":340,"date":"2020-09-29T20:18:58","date_gmt":"2020-09-29T20:18:58","guid":{"rendered":"https:\/\/ordemdosfisioterapeutas.pt\/?page_id=340"},"modified":"2026-02-03T08:38:10","modified_gmt":"2026-02-03T08:38:10","slug":"historia-da-ordem-dos-fisioterapeutas","status":"publish","type":"page","link":"https:\/\/ordemdosfisioterapeutas.pt\/es\/historia-da-ordem-dos-fisioterapeutas\/","title":{"rendered":"Historia de la Orden Portuguesa de Fisioterapeutas"},"content":{"rendered":"<div data-elementor-type=\"wp-page\" data-elementor-id=\"340\" class=\"elementor elementor-340\" data-elementor-post-type=\"page\">\n\t\t\t\t\t\t<section class=\"elementor-section elementor-top-section elementor-element elementor-element-1069ebb6 elementor-section-boxed elementor-section-height-default elementor-section-height-default\" data-id=\"1069ebb6\" data-element_type=\"section\" data-e-type=\"section\">\n\t\t\t\t\t\t<div class=\"elementor-container elementor-column-gap-default\">\n\t\t\t\t\t<div class=\"elementor-column elementor-col-100 elementor-top-column elementor-element elementor-element-2f009988\" data-id=\"2f009988\" data-element_type=\"column\" data-e-type=\"column\">\n\t\t\t<div class=\"elementor-widget-wrap elementor-element-populated\">\n\t\t\t\t\t\t<div class=\"elementor-element elementor-element-8960567 elementor-widget elementor-widget-text-editor\" data-id=\"8960567\" data-element_type=\"widget\" data-e-type=\"widget\" data-widget_type=\"text-editor.default\">\n\t\t\t\t<div class=\"elementor-widget-container\">\n\t\t\t\t\t\t\t\t\t<p>El proceso de creaci\u00f3n de la Orden de Fisioterapeutas se inici\u00f3 en 1998 a ra\u00edz de la modificaci\u00f3n de los estatutos de la Asociaci\u00f3n Portuguesa de Fisioterapeutas (APFisio):<\/p>\t\t\t\t\t\t\t\t<\/div>\n\t\t\t\t<\/div>\n\t\t\t\t<div class=\"elementor-element elementor-element-05ba553 elementor-widget elementor-widget-be-timeline\" data-id=\"05ba553\" data-element_type=\"widget\" data-e-type=\"widget\" data-widget_type=\"be-timeline.default\">\n\t\t\t\t<div class=\"elementor-widget-container\">\n\t\t\t\t\t<ul class=\"be-pack timeline\"><li class=\"timeline-right\"> \n\t\t\t<div class=\"tl-circ\"><\/div>\n\t\t <div class=\"timeline-panel\">\n\t\t   <div class=\"tl-heading\">\n\t\t\t <div class=\"tl-content\">\n\n\t\t\t    \n\t\t\t\t\t\t\n\t\t\t\t\t\t<div class=\"be-desc\">\n\t\t\t\t\t\t\t<h2 class=\"be-title\">Consejo de la Orden de Fisioterapeutas - Cuatrienio 2025-2029<\/h2>\t\t\t\t\t\t\t<div class=\"be-content\"><p>La Junta Directiva de la Orden de Fisioterapeutas fue ratificada en la reuni\u00f3n del Consejo General del 15 de enero de 2025. La Junta est\u00e1 compuesta por: Ant\u00f3nio Lopes (Presidente), Concei\u00e7\u00e3o Bettencourt (Vicepresidente 1\u00ba), Pedro Rebelo (Vicepresidente 2\u00ba), Afonso Neutel (Vocal) y Sofia Jord\u00e3o (Vocal).<\/p><\/div>\t\t\t\t\t\t<\/div>\n\n\t\t\t\t\t\n\t\t\t\t<\/div>\n\n\t\t\t<\/div>\n\t\t<\/div>\n\t\t\t<\/li>\n\t\t\t<li class=\"timeline-inverted\"> \n\t\t\t<div class=\"tl-circ\"><\/div>\n\t\t <div class=\"timeline-panel\">\n\t\t   <div class=\"tl-heading\">\n\t\t\t <div class=\"tl-content\">\n\n\t\t\t    \n\t\t\t\t\t\t\n\t\t\t\t\t\t<div class=\"be-desc\">\n\t\t\t\t\t\t\t<h2 class=\"be-title\">Entrada en funciones de los \u00f3rganos de gobierno elegidos<\/h2>\t\t\t\t\t\t\t<div class=\"be-content\"><p>Los \u00d3rganos de Gobierno elegidos tomaron posesi\u00f3n de sus cargos el 13 de diciembre de 2025 en el Auditorio de la Escuela de Salud de Lisboa.<\/p><\/div>\t\t\t\t\t\t<\/div>\n\n\t\t\t\t\t\n\t\t\t\t<\/div>\n\n\t\t\t<\/div>\n\t\t<\/div>\n\t\t\t<\/li>\n\t\t\t<li class=\"timeline-right\"> \n\t\t\t<div class=\"tl-circ\"><\/div>\n\t\t <div class=\"timeline-panel\">\n\t\t   <div class=\"tl-heading\">\n\t\t\t <div class=\"tl-content\">\n\n\t\t\t    \n\t\t\t\t\t\t\n\t\t\t\t\t\t<div class=\"be-desc\">\n\t\t\t\t\t\t\t<h2 class=\"be-title\">Elecciones para los \u00d3rganos de Gobierno 2025-2029<\/h2>\t\t\t\t\t\t\t<div class=\"be-content\"><p>Las elecciones para los \u00d3rganos de Gobierno (nacionales y regionales) de la Orden de Fisioterapeutas tuvieron lugar el 5 de diciembre de 2025.<\/p><\/div>\t\t\t\t\t\t<\/div>\n\n\t\t\t\t\t\n\t\t\t\t<\/div>\n\n\t\t\t<\/div>\n\t\t<\/div>\n\t\t\t<\/li>\n\t\t\t<li class=\"timeline-inverted\"> \n\t\t\t<div class=\"tl-circ\"><\/div>\n\t\t <div class=\"timeline-panel\">\n\t\t   <div class=\"tl-heading\">\n\t\t\t <div class=\"tl-content\">\n\n\t\t\t    \n\t\t\t\t\t\t\n\t\t\t\t\t\t<div class=\"be-desc\">\n\t\t\t\t\t\t\t<h2 class=\"be-title\">\u00d3rganos rectores 2021-2025<\/h2>\t\t\t\t\t\t\t<div class=\"be-content\"><p><span style=\"text-decoration: underline\"><a title=\"Consejo General\" href=\"https:\/\/ordemdosfisioterapeutas.pt\/es\/conselho-geral\/\" target=\"_blank\" rel=\"noopener\">Consejo General<\/a><\/span><\/p><p><span style=\"text-decoration: underline\"><a href=\"https:\/\/ordemdosfisioterapeutas.pt\/es\/direcao\/\" target=\"_blank\" rel=\"noopener\">Direcci\u00f3n<\/a><\/span><\/p><p><span style=\"text-decoration: underline\"><a href=\"https:\/\/ordemdosfisioterapeutas.pt\/es\/conselho-jurisdicional\/\" target=\"_blank\" rel=\"noopener\">Consejo Jurisdiccional<\/a><\/span><\/p><p><span style=\"text-decoration: underline\"><a href=\"https:\/\/ordemdosfisioterapeutas.pt\/es\/conselho-de-supervisao\/\" target=\"_blank\" rel=\"noopener\">Consejo de Supervisi\u00f3n<\/a><\/span><\/p><p><span style=\"text-decoration: underline\"><a href=\"https:\/\/ordemdosfisioterapeutas.pt\/es\/conselho-fiscal\/\" target=\"_blank\" rel=\"noopener\">Consejo Fiscal<\/a><\/span><\/p><\/div>\t\t\t\t\t\t<\/div>\n\n\t\t\t\t\t\n\t\t\t\t<\/div>\n\n\t\t\t<\/div>\n\t\t<\/div>\n\t\t\t<\/li>\n\t\t\t<li class=\"timeline-right\"> \n\t\t\t<div class=\"tl-circ\"><\/div>\n\t\t <div class=\"timeline-panel\">\n\t\t   <div class=\"tl-heading\">\n\t\t\t <div class=\"tl-content\">\n\n\t\t\t    \n\t\t\t\t\t\t\n\t\t\t\t\t\t<div class=\"be-desc\">\n\t\t\t\t\t\t\t<h2 class=\"be-title\"><\/h2>\t\t\t\t\t\t\t<div class=\"be-content\"><p>Durante su mandato, la miembro Ana Gon\u00e7alves dimiti\u00f3 y fue sustituida por la fisioterapeuta Carla Pimenta, con efectos a partir del 29 de abril de 2024, de conformidad con los t\u00e9rminos estatutarios aplicables.<\/p><\/div>\t\t\t\t\t\t<\/div>\n\n\t\t\t\t\t\n\t\t\t\t<\/div>\n\n\t\t\t<\/div>\n\t\t<\/div>\n\t\t\t<\/li>\n\t\t\t<li class=\"timeline-inverted\"> \n\t\t\t<div class=\"tl-circ\"><\/div>\n\t\t <div class=\"timeline-panel\">\n\t\t   <div class=\"tl-heading\">\n\t\t\t <div class=\"tl-content\">\n\n\t\t\t    \n\t\t\t\t\t\t\n\t\t\t\t\t\t<div class=\"be-desc\">\n\t\t\t\t\t\t\t<h2 class=\"be-title\">Primera Direcci\u00f3n de la Orden Portuguesa de Fisioterapeutas<\/h2>\t\t\t\t\t\t\t<div class=\"be-content\"><p>La primera direcci\u00f3n de la historia de la Orden de Fisioterapeutas fue ratificada en la primera reuni\u00f3n del Consejo General de la Orden el 21 de diciembre de 2021. El Consejo est\u00e1 compuesto por: Ant\u00f3nio Lopes ( Presidente ), Nuno Cordeiro ( Vicepresidente 1\u00ba ), Concei\u00e7\u00e3o Bettencourt ( Vicepresidente 2\u00ba ), Pedro Rebelo ( Vocal ), F\u00e1tima Domingues ( Vocal ), Ana Gon\u00e7alves ( Vocal ) y Afonso Neutel ( Vocal ).<\/p><\/div>\t\t\t\t\t\t<\/div>\n\n\t\t\t\t\t\n\t\t\t\t<\/div>\n\n\t\t\t<\/div>\n\t\t<\/div>\n\t\t\t<\/li>\n\t\t\t<li class=\"timeline-right\"> \n\t\t\t<div class=\"tl-circ\"><\/div>\n\t\t <div class=\"timeline-panel\">\n\t\t   <div class=\"tl-heading\">\n\t\t\t <div class=\"tl-content\">\n\n\t\t\t    \n\t\t\t\t\t\t\n\t\t\t\t\t\t<div class=\"be-desc\">\n\t\t\t\t\t\t\t<h2 class=\"be-title\">Investidura de los primeros \u00d3rganos de Gobierno <\/h2>\t\t\t\t\t\t\t<div class=\"be-content\"><p>El 14 de diciembre de 2021 tomaron posesi\u00f3n de sus cargos los primeros \u00d3rganos Estatutarios de la Orden de Fisioterapeutas en el auditorio de la Ordem dos Contabilistas Certificados, en Lisboa.<\/p><\/div>\t\t\t\t\t\t<\/div>\n\n\t\t\t\t\t\n\t\t\t\t<\/div>\n\n\t\t\t<\/div>\n\t\t<\/div>\n\t\t\t<\/li>\n\t\t\t<li class=\"timeline-inverted\"> \n\t\t\t<div class=\"tl-circ\"><\/div>\n\t\t <div class=\"timeline-panel\">\n\t\t   <div class=\"tl-heading\">\n\t\t\t <div class=\"tl-content\">\n\n\t\t\t    \n\t\t\t\t\t\t\n\t\t\t\t\t\t<div class=\"be-desc\">\n\t\t\t\t\t\t\t<h2 class=\"be-title\">Primeras elecciones de la Orden Portuguesa de Fisioterapeutas<\/h2>\t\t\t\t\t\t\t<div class=\"be-content\"><p>Las primeras elecciones de la Orden de Fisioterapeutas tuvieron lugar el 15 de noviembre de 2021. Los resultados de las elecciones determinaron la elecci\u00f3n de los primeros \u00d3rganos Estatutarios:<\/p><p>\u00a0- Presidente: Ant\u00f3nio Lopes<\/p><p>\u00a0- Consejo General: Lista E (encabezada por el fisioterapeuta Rui Dias Costa );<\/p><p>\u00a0- Consejo Jurisdiccional (presidido por la fisioterapeuta Isabel Souza Guerra);<\/p><\/div>\t\t\t\t\t\t<\/div>\n\n\t\t\t\t\t\n\t\t\t\t<\/div>\n\n\t\t\t<\/div>\n\t\t<\/div>\n\t\t\t<\/li>\n\t\t\t<li class=\"timeline-right\"> \n\t\t\t<div class=\"tl-circ\"><\/div>\n\t\t <div class=\"timeline-panel\">\n\t\t   <div class=\"tl-heading\">\n\t\t\t <div class=\"tl-content\">\n\n\t\t\t    \n\t\t\t\t\t\t\n\t\t\t\t\t\t<div class=\"be-desc\">\n\t\t\t\t\t\t\t<h2 class=\"be-title\">Comienza la inscripci\u00f3n en la Orden de Fisioterapeutas<\/h2>\t\t\t\t\t\t\t<div class=\"be-content\"><p>Las primeras inscripciones en la Orden de Fisioterapeutas tuvieron lugar el 19 de mayo de 2021, y los primeros miembros de pleno derecho fueron aprobados el 18 de junio de 2021.<\/p><\/div>\t\t\t\t\t\t<\/div>\n\n\t\t\t\t\t\n\t\t\t\t<\/div>\n\n\t\t\t<\/div>\n\t\t<\/div>\n\t\t\t<\/li>\n\t\t\t<li class=\"timeline-inverted\"> \n\t\t\t<div class=\"tl-circ\"><\/div>\n\t\t <div class=\"timeline-panel\">\n\t\t   <div class=\"tl-heading\">\n\t\t\t <div class=\"tl-content\">\n\n\t\t\t    \n\t\t\t\t\t\t\n\t\t\t\t\t\t<div class=\"be-desc\">\n\t\t\t\t\t\t\t<h2 class=\"be-title\">Orden de pr\u00f3rroga de la Comisi\u00f3n para la instalaci\u00f3n de la Orden<\/h2>\t\t\t\t\t\t\t<div class=\"be-content\"><p>La ministra de Sanidad, Marta Temido, prorrog\u00f3 el mandato de la Comisi\u00f3n Instaladora hasta la instalaci\u00f3n efectiva de la Orden de Fisioterapeutas, en el despacho 3657\/2021, con la misma composici\u00f3n.<\/p><\/div>\t\t\t\t\t\t<\/div>\n\n\t\t\t\t\t\n\t\t\t\t<\/div>\n\n\t\t\t<\/div>\n\t\t<\/div>\n\t\t\t<\/li>\n\t\t\t<li class=\"timeline-right\"> \n\t\t\t<div class=\"tl-circ\"><\/div>\n\t\t <div class=\"timeline-panel\">\n\t\t   <div class=\"tl-heading\">\n\t\t\t <div class=\"tl-content\">\n\n\t\t\t    \n\t\t\t\t\t\t\n\t\t\t\t\t\t<div class=\"be-desc\">\n\t\t\t\t\t\t\t<h2 class=\"be-title\">Orden por la que se nombra el Comit\u00e9 de Instalaci\u00f3n de la Orden<\/h2>\t\t\t\t\t\t\t<div class=\"be-content\"><p>La Ministra de Sanidad, Marta Temido, nombra la Comisi\u00f3n Instaladora de la Orden de Fisioterapeutas, en el despacho 12067\/2019, con la siguiente composici\u00f3n: Isabel Souza Guerra ( Presidenta ), Ant\u00f3nio Manuel Fernandes Lopes, Ol\u00edmpio Pereira, Pedro Rebelo y Maria da Concei\u00e7\u00e3o Bettencourt.<\/p><\/div>\t\t\t\t\t\t<\/div>\n\n\t\t\t\t\t\n\t\t\t\t<\/div>\n\n\t\t\t<\/div>\n\t\t<\/div>\n\t\t\t<\/li>\n\t\t\t \n      <\/ul>\n\n\t\t\t\t\t<\/div>\n\t\t\t\t<\/div>\n\t\t\t\t\t<\/div>\n\t\t<\/div>\n\t\t\t\t\t<\/div>\n\t\t<\/section>\n\t\t\t\t<section class=\"elementor-section elementor-top-section elementor-element elementor-element-236fa95 elementor-section-boxed elementor-section-height-default elementor-section-height-default\" data-id=\"236fa95\" data-element_type=\"section\" data-e-type=\"section\">\n\t\t\t\t\t\t<div class=\"elementor-container elementor-column-gap-default\">\n\t\t\t\t\t<div class=\"elementor-column elementor-col-100 elementor-top-column elementor-element elementor-element-5127eec\" data-id=\"5127eec\" data-element_type=\"column\" data-e-type=\"column\">\n\t\t\t<div class=\"elementor-widget-wrap elementor-element-populated\">\n\t\t\t\t\t\t<div class=\"elementor-element elementor-element-c280c41 elementor-widget elementor-widget-be-timeline\" data-id=\"c280c41\" data-element_type=\"widget\" data-e-type=\"widget\" data-widget_type=\"be-timeline.default\">\n\t\t\t\t<div class=\"elementor-widget-container\">\n\t\t\t\t\t<ul class=\"be-pack timeline\"><li class=\"timeline-right\"> \n\t\t\t<div class=\"tl-circ\"><\/div>\n\t\t <div class=\"timeline-panel\">\n\t\t   <div class=\"tl-heading\">\n\t\t\t <div class=\"tl-content\">\n\n\t\t\t    \n\t\t\t\t\t\t\n\t\t\t\t\t\t<div class=\"be-desc\">\n\t\t\t\t\t\t\t<h2 class=\"be-title\">Septiembre de 2019<\/h2>\t\t\t\t\t\t\t<div class=\"be-content\"><p>Se publica la Ley 122\/2019 que crea la Orden de Fisioterapeutas<\/p><\/div>\t\t\t\t\t\t<\/div>\n\n\t\t\t\t\t\n\t\t\t\t<\/div>\n\n\t\t\t<\/div>\n\t\t<\/div>\n\t\t\t<\/li>\n\t\t\t<li class=\"timeline-inverted\"> \n\t\t\t<div class=\"tl-circ\"><\/div>\n\t\t <div class=\"timeline-panel\">\n\t\t   <div class=\"tl-heading\">\n\t\t\t <div class=\"tl-content\">\n\n\t\t\t    \n\t\t\t\t\t\t\n\t\t\t\t\t\t<div class=\"be-desc\">\n\t\t\t\t\t\t\t<h2 class=\"be-title\">Agosto de 2019<\/h2>\t\t\t\t\t\t\t<div class=\"be-content\"><p>El Presidente de la Rep\u00fablica promulga el diploma de la Asamblea de la Rep\u00fablica que crea la Orden de Fisioterapeutas y aprueba el estatuto respectivo.<\/p><\/div>\t\t\t\t\t\t<\/div>\n\n\t\t\t\t\t\n\t\t\t\t<\/div>\n\n\t\t\t<\/div>\n\t\t<\/div>\n\t\t\t<\/li>\n\t\t\t<li class=\"timeline-right\"> \n\t\t\t<div class=\"tl-circ\"><\/div>\n\t\t <div class=\"timeline-panel\">\n\t\t   <div class=\"tl-heading\">\n\t\t\t <div class=\"tl-content\">\n\n\t\t\t    \n\t\t\t\t\t\t\n\t\t\t\t\t\t<div class=\"be-desc\">\n\t\t\t\t\t\t\t<h2 class=\"be-title\">Julio de 2019<\/h2>\t\t\t\t\t\t\t<div class=\"be-content\"><p>Tras 20 a\u00f1os de avances y retrocesos, el proyecto de ley que crea la Orden de Fisioterapeutas fue votado a favor en el pleno del Parlamento<\/p><\/div>\t\t\t\t\t\t<\/div>\n\n\t\t\t\t\t\n\t\t\t\t<\/div>\n\n\t\t\t<\/div>\n\t\t<\/div>\n\t\t\t<\/li>\n\t\t\t<li class=\"timeline-inverted\"> \n\t\t\t<div class=\"tl-circ\"><\/div>\n\t\t <div class=\"timeline-panel\">\n\t\t   <div class=\"tl-heading\">\n\t\t\t <div class=\"tl-content\">\n\n\t\t\t    \n\t\t\t\t\t\t\n\t\t\t\t\t\t<div class=\"be-desc\">\n\t\t\t\t\t\t\t<h2 class=\"be-title\">Junio de 2019<\/h2>\t\t\t\t\t\t\t<div class=\"be-content\"><p>el proyecto de ley sobre la creaci\u00f3n de la Orden de Fisioterapeutas fue aprobado en la especialidad, en la 10\u00aa Comisi\u00f3n de Trabajo y Seguridad Social, con los votos favorables del PS y CDS-PP y la abstenci\u00f3n de los dem\u00e1s partidos<\/p><\/div>\t\t\t\t\t\t<\/div>\n\n\t\t\t\t\t\n\t\t\t\t<\/div>\n\n\t\t\t<\/div>\n\t\t<\/div>\n\t\t\t<\/li>\n\t\t\t<li class=\"timeline-right\"> \n\t\t\t<div class=\"tl-circ\"><\/div>\n\t\t <div class=\"timeline-panel\">\n\t\t   <div class=\"tl-heading\">\n\t\t\t <div class=\"tl-content\">\n\n\t\t\t    \n\t\t\t\t\t\t\n\t\t\t\t\t\t<div class=\"be-desc\">\n\t\t\t\t\t\t\t<h2 class=\"be-title\">Octubre de 2017<\/h2>\t\t\t\t\t\t\t<div class=\"be-content\"><p>La creaci\u00f3n de la Orden de Fisioterapeutas vuelve a ser aprobada en general en el pleno del Parlamento portugu\u00e9s, a propuesta del Partido Socialista y CDS-PP<\/p><\/div>\t\t\t\t\t\t<\/div>\n\n\t\t\t\t\t\n\t\t\t\t<\/div>\n\n\t\t\t<\/div>\n\t\t<\/div>\n\t\t\t<\/li>\n\t\t\t<li class=\"timeline-inverted\"> \n\t\t\t<div class=\"tl-circ\"><\/div>\n\t\t <div class=\"timeline-panel\">\n\t\t   <div class=\"tl-heading\">\n\t\t\t <div class=\"tl-content\">\n\n\t\t\t    \n\t\t\t\t\t\t\n\t\t\t\t\t\t<div class=\"be-desc\">\n\t\t\t\t\t\t\t<h2 class=\"be-title\">Junio de 2016<\/h2>\t\t\t\t\t\t\t<div class=\"be-content\"><p>Se crea la Comisi\u00f3n Pro-Orden en la Asamblea General de la Asociaci\u00f3n Portuguesa de Fisioterapeutas, presidida por Isabel de Souza Guerra<\/p><\/div>\t\t\t\t\t\t<\/div>\n\n\t\t\t\t\t\n\t\t\t\t<\/div>\n\n\t\t\t<\/div>\n\t\t<\/div>\n\t\t\t<\/li>\n\t\t\t<li class=\"timeline-right\"> \n\t\t\t<div class=\"tl-circ\"><\/div>\n\t\t <div class=\"timeline-panel\">\n\t\t   <div class=\"tl-heading\">\n\t\t\t <div class=\"tl-content\">\n\n\t\t\t    \n\t\t\t\t\t\t\n\t\t\t\t\t\t<div class=\"be-desc\">\n\t\t\t\t\t\t\t<h2 class=\"be-title\">Noviembre de 2011<\/h2>\t\t\t\t\t\t\t<div class=\"be-content\"><p>A petici\u00f3n de la Comisi\u00f3n Parlamentaria de Trabajo y Administraci\u00f3n P\u00fablica, tras una audiencia celebrada el 23 de noviembre de 2011, se entreg\u00f3 un nuevo documento relativo al Memorando de Entendimiento con la Rep\u00fablica Portuguesa<\/p><\/div>\t\t\t\t\t\t<\/div>\n\n\t\t\t\t\t\n\t\t\t\t<\/div>\n\n\t\t\t<\/div>\n\t\t<\/div>\n\t\t\t<\/li>\n\t\t\t<li class=\"timeline-inverted\"> \n\t\t\t<div class=\"tl-circ\"><\/div>\n\t\t <div class=\"timeline-panel\">\n\t\t   <div class=\"tl-heading\">\n\t\t\t <div class=\"tl-content\">\n\n\t\t\t    \n\t\t\t\t\t\t\n\t\t\t\t\t\t<div class=\"be-desc\">\n\t\t\t\t\t\t\t<h2 class=\"be-title\">Septiembre de 2011<\/h2>\t\t\t\t\t\t\t<div class=\"be-content\"><p>APFisio env\u00eda toda la documentaci\u00f3n debidamente actualizada a la Asamblea Parlamentaria, a las Comisiones de Sanidad y Trabajo y Seguridad Social, as\u00ed como a todos los grupos parlamentarios para su reexamen y remisi\u00f3n<\/p><\/div>\t\t\t\t\t\t<\/div>\n\n\t\t\t\t\t\n\t\t\t\t<\/div>\n\n\t\t\t<\/div>\n\t\t<\/div>\n\t\t\t<\/li>\n\t\t\t<li class=\"timeline-right\"> \n\t\t\t<div class=\"tl-circ\"><\/div>\n\t\t <div class=\"timeline-panel\">\n\t\t   <div class=\"tl-heading\">\n\t\t\t <div class=\"tl-content\">\n\n\t\t\t    \n\t\t\t\t\t\t\n\t\t\t\t\t\t<div class=\"be-desc\">\n\t\t\t\t\t\t\t<h2 class=\"be-title\">Febrero de 2011<\/h2>\t\t\t\t\t\t\t<div class=\"be-content\"><p>Se aprueba, a propuesta del CDS-PP, con car\u00e1cter general en el pleno de la Asamblea de la Rep\u00fablica, la creaci\u00f3n de la Orden de Fisioterapeutas| (debido a la disoluci\u00f3n de la legislatura en vigor y la nueva legislatura tras el 05|06|2011, el proceso se detuvo y tuvo que ser reiniciado)<\/p><\/div>\t\t\t\t\t\t<\/div>\n\n\t\t\t\t\t\n\t\t\t\t<\/div>\n\n\t\t\t<\/div>\n\t\t<\/div>\n\t\t\t<\/li>\n\t\t\t<li class=\"timeline-inverted\"> \n\t\t\t<div class=\"tl-circ\"><\/div>\n\t\t <div class=\"timeline-panel\">\n\t\t   <div class=\"tl-heading\">\n\t\t\t <div class=\"tl-content\">\n\n\t\t\t    \n\t\t\t\t\t\t\n\t\t\t\t\t\t<div class=\"be-desc\">\n\t\t\t\t\t\t\t<h2 class=\"be-title\">2008<\/h2>\t\t\t\t\t\t\t<div class=\"be-content\"><p>El 2 de mayo APFisio actualiza su propuesta y vuelve a presentar los documentos necesarios<\/p><\/div>\t\t\t\t\t\t<\/div>\n\n\t\t\t\t\t\n\t\t\t\t<\/div>\n\n\t\t\t<\/div>\n\t\t<\/div>\n\t\t\t<\/li>\n\t\t\t<li class=\"timeline-right\"> \n\t\t\t<div class=\"tl-circ\"><\/div>\n\t\t <div class=\"timeline-panel\">\n\t\t   <div class=\"tl-heading\">\n\t\t\t <div class=\"tl-content\">\n\n\t\t\t    \n\t\t\t\t\t\t\n\t\t\t\t\t\t<div class=\"be-desc\">\n\t\t\t\t\t\t\t<h2 class=\"be-title\">2004<\/h2>\t\t\t\t\t\t\t<div class=\"be-content\"><p>Es, por segunda vez, entregado a todos el documento necesario, con la direcci\u00f3n de la APFisio continuando a insistir sobre su pretensi\u00f3n, cerca de la Asamblea de la Rep\u00fablica (AR) y del Ministerio de Salud (MS)<\/p><\/div>\t\t\t\t\t\t<\/div>\n\n\t\t\t\t\t\n\t\t\t\t<\/div>\n\n\t\t\t<\/div>\n\t\t<\/div>\n\t\t\t<\/li>\n\t\t\t<li class=\"timeline-inverted\"> \n\t\t\t<div class=\"tl-circ\"><\/div>\n\t\t <div class=\"timeline-panel\">\n\t\t   <div class=\"tl-heading\">\n\t\t\t <div class=\"tl-content\">\n\n\t\t\t    \n\t\t\t\t\t\t\n\t\t\t\t\t\t<div class=\"be-desc\">\n\t\t\t\t\t\t\t<h2 class=\"be-title\">1999<\/h2>\t\t\t\t\t\t\t<div class=\"be-content\"><p>Todos los documentos necesarios para la creaci\u00f3n de una Orden Profesional de Fisioterapeutas fueron entregados a los \u00f3rganos soberanos (sin ning\u00fan efecto productivo)<\/p><\/div>\t\t\t\t\t\t<\/div>\n\n\t\t\t\t\t\n\t\t\t\t<\/div>\n\n\t\t\t<\/div>\n\t\t<\/div>\n\t\t\t<\/li>\n\t\t\t<li class=\"timeline-right\"> \n\t\t\t<div class=\"tl-circ\"><\/div>\n\t\t <div class=\"timeline-panel\">\n\t\t   <div class=\"tl-heading\">\n\t\t\t <div class=\"tl-content\">\n\n\t\t\t    \n\t\t\t\t\t\t\n\t\t\t\t\t\t<div class=\"be-desc\">\n\t\t\t\t\t\t\t<h2 class=\"be-title\">1998  <\/h2>\t\t\t\t\t\t\t<div class=\"be-content\"><p>Alteraci\u00f3n de los estatutos de APFisio, donde se describ\u00eda \"desarrollar todas las iniciativas conducentes a su reconocimiento como Asociaci\u00f3n de derecho p\u00fablico, con el fin de atribuir el t\u00edtulo profesional de fisioterapeuta y regular el ejercicio de esta profesi\u00f3n\".<\/p><\/div>\t\t\t\t\t\t<\/div>\n\n\t\t\t\t\t\n\t\t\t\t<\/div>\n\n\t\t\t<\/div>\n\t\t<\/div>\n\t\t\t<\/li>\n\t\t\t \n      <\/ul>\n\n\t\t\t\t\t<\/div>\n\t\t\t\t<\/div>\n\t\t\t\t\t<\/div>\n\t\t<\/div>\n\t\t\t\t\t<\/div>\n\t\t<\/section>\n\t\t\t\t<\/div>","protected":false},"excerpt":{"rendered":"<p>O processo da cria\u00e7\u00e3o da Ordem dos Fisioterapeutas teve in\u00edcio em 1998 na sequ\u00eancia da altera\u00e7\u00e3o dos estatutos da Associa\u00e7\u00e3o Portuguesa de Fisioterapeutas (APFisio)| Durante 20 anos, o processo passou por v\u00e1rias fases: Dire\u00e7\u00e3o da Ordem dos Fisioterapeutas \u2013 Quadri\u00e9nio 2025\u20132029 A Dire\u00e7\u00e3o da Ordem dos Fisioterapeutas foi ratificada na reuni\u00e3o do Conselho Geral a &#8230; <a title=\"Historia de la Orden Portuguesa de Fisioterapeutas\" class=\"read-more\" href=\"https:\/\/ordemdosfisioterapeutas.pt\/es\/historia-da-ordem-dos-fisioterapeutas\/\" aria-label=\"Leer m\u00e1s sobre Historia de la Orden de Fisioterapeutas\">Seguir leyendo<\/a><\/p>","protected":false},"author":1,"featured_media":0,"parent":0,"menu_order":0,"comment_status":"closed","ping_status":"closed","template":"","meta":{"footnotes":""},"class_list":["post-340","page","type-page","status-publish"],"_links":{"self":[{"href":"https:\/\/ordemdosfisioterapeutas.pt\/es\/wp-json\/wp\/v2\/pages\/340","targetHints":{"allow":["GET"]}}],"collection":[{"href":"https:\/\/ordemdosfisioterapeutas.pt\/es\/wp-json\/wp\/v2\/pages"}],"about":[{"href":"https:\/\/ordemdosfisioterapeutas.pt\/es\/wp-json\/wp\/v2\/types\/page"}],"author":[{"embeddable":true,"href":"https:\/\/ordemdosfisioterapeutas.pt\/es\/wp-json\/wp\/v2\/users\/1"}],"replies":[{"embeddable":true,"href":"https:\/\/ordemdosfisioterapeutas.pt\/es\/wp-json\/wp\/v2\/comments?post=340"}],"version-history":[{"count":6,"href":"https:\/\/ordemdosfisioterapeutas.pt\/es\/wp-json\/wp\/v2\/pages\/340\/revisions"}],"predecessor-version":[{"id":12660,"href":"https:\/\/ordemdosfisioterapeutas.pt\/es\/wp-json\/wp\/v2\/pages\/340\/revisions\/12660"}],"wp:attachment":[{"href":"https:\/\/ordemdosfisioterapeutas.pt\/es\/wp-json\/wp\/v2\/media?parent=340"}],"curies":[{"name":"wp","href":"https:\/\/api.w.org\/{rel}","templated":true}]}}