{"id":2840,"date":"2021-09-11T11:57:19","date_gmt":"2021-09-11T10:57:19","guid":{"rendered":"https:\/\/ordemdosfisioterapeutas.pt\/?page_id=2840"},"modified":"2024-08-02T14:29:45","modified_gmt":"2024-08-02T13:29:45","slug":"campanha-eleitoral","status":"publish","type":"page","link":"https:\/\/ordemdosfisioterapeutas.pt\/es\/eleicoes\/campanha-eleitoral\/","title":{"rendered":"Campa\u00f1a electoral"},"content":{"rendered":"<div data-elementor-type=\"wp-page\" data-elementor-id=\"2840\" class=\"elementor elementor-2840\" data-elementor-post-type=\"page\">\n\t\t\t\t\t\t<section class=\"elementor-section elementor-top-section elementor-element elementor-element-78fbde3 elementor-section-boxed elementor-section-height-default elementor-section-height-default\" data-id=\"78fbde3\" data-element_type=\"section\" data-e-type=\"section\">\n\t\t\t\t\t\t<div class=\"elementor-container elementor-column-gap-default\">\n\t\t\t\t\t<div class=\"elementor-column elementor-col-50 elementor-top-column elementor-element elementor-element-18c143a5 sticky-parent\" data-id=\"18c143a5\" data-element_type=\"column\" data-e-type=\"column\">\n\t\t\t<div class=\"elementor-widget-wrap elementor-element-populated\">\n\t\t\t\t\t\t<section class=\"elementor-section elementor-inner-section elementor-element elementor-element-2d3cc907 sticky-column elementor-section-boxed elementor-section-height-default elementor-section-height-default\" data-id=\"2d3cc907\" data-element_type=\"section\" data-e-type=\"section\">\n\t\t\t\t\t\t<div class=\"elementor-container elementor-column-gap-default\">\n\t\t\t\t\t<div class=\"elementor-column elementor-col-100 elementor-inner-column elementor-element elementor-element-390758f0\" data-id=\"390758f0\" data-element_type=\"column\" data-e-type=\"column\">\n\t\t\t<div class=\"elementor-widget-wrap elementor-element-populated\">\n\t\t\t\t\t\t<div class=\"elementor-element elementor-element-e456d46 elementor-hidden-desktop elementor-hidden-tablet elementor-hidden-mobile elementor-nav-menu--dropdown-tablet elementor-nav-menu__text-align-aside elementor-nav-menu--toggle elementor-nav-menu--burger elementor-widget elementor-widget-global elementor-global-2875 elementor-widget-nav-menu\" data-id=\"e456d46\" data-element_type=\"widget\" data-e-type=\"widget\" data-settings=\"{&quot;layout&quot;:&quot;vertical&quot;,&quot;submenu_icon&quot;:{&quot;value&quot;:&quot;fas fa-caret-down&quot;,&quot;library&quot;:&quot;fa-solid&quot;},&quot;toggle&quot;:&quot;burger&quot;}\" data-widget_type=\"nav-menu.default\">\n\t\t\t\t<div class=\"elementor-widget-container\">\n\t\t\t\t\t\t\t\t<nav aria-label=\"Men\u00fa\" class=\"elementor-nav-menu--main elementor-nav-menu__container elementor-nav-menu--layout-vertical e--pointer-underline e--animation-fade\">\n\t\t\t\t<ul id=\"menu-1-e456d46\" class=\"elementor-nav-menu sm-vertical\"><li class=\"menu-item menu-item-type-post_type menu-item-object-page menu-item-2852\"><a href=\"https:\/\/ordemdosfisioterapeutas.pt\/es\/eleicoes\/\" class=\"elementor-item\">Elecciones al Consejo de Supervisi\u00f3n<\/a><\/li>\n<li class=\"menu-item menu-item-type-post_type menu-item-object-page menu-item-2863\"><a href=\"https:\/\/ordemdosfisioterapeutas.pt\/es\/eleicoes\/calendario-eleitoral\/\" class=\"elementor-item\">Calendario electoral<\/a><\/li>\n<li class=\"menu-item menu-item-type-post_type menu-item-object-page menu-item-2864\"><a href=\"https:\/\/ordemdosfisioterapeutas.pt\/es\/eleicoes\/comissao-eleitoral\/\" class=\"elementor-item\">Comisi\u00f3n Electoral<\/a><\/li>\n<li class=\"menu-item menu-item-type-post_type menu-item-object-page menu-item-2862\"><a href=\"https:\/\/ordemdosfisioterapeutas.pt\/es\/eleicoes\/recenseamento\/\" class=\"elementor-item\">Censo<\/a><\/li>\n<li class=\"menu-item menu-item-type-post_type menu-item-object-page menu-item-2861\"><a href=\"https:\/\/ordemdosfisioterapeutas.pt\/es\/eleicoes\/caderno-eleitoral\/\" class=\"elementor-item\">Censo electoral<\/a><\/li>\n<li class=\"menu-item menu-item-type-post_type menu-item-object-page menu-item-2860\"><a href=\"https:\/\/ordemdosfisioterapeutas.pt\/es\/eleicoes\/candidaturas\/\" class=\"elementor-item\">Aplicaciones<\/a><\/li>\n<li class=\"menu-item menu-item-type-post_type menu-item-object-page menu-item-2859\"><a href=\"https:\/\/ordemdosfisioterapeutas.pt\/es\/eleicoes\/listas-candidatas\/\" class=\"elementor-item\">Listas de candidatos<\/a><\/li>\n<li class=\"menu-item menu-item-type-post_type menu-item-object-page menu-item-2858\"><a href=\"https:\/\/ordemdosfisioterapeutas.pt\/es\/eleicoes\/campanha-eleitoral\/\" class=\"elementor-item\">Campa\u00f1a electoral<\/a><\/li>\n<li class=\"menu-item menu-item-type-post_type menu-item-object-page menu-item-2857\"><a href=\"https:\/\/ordemdosfisioterapeutas.pt\/es\/eleicoes\/ato-eleitoral\/\" class=\"elementor-item\">Ley electoral<\/a><\/li>\n<li class=\"menu-item menu-item-type-post_type menu-item-object-page menu-item-2856\"><a href=\"https:\/\/ordemdosfisioterapeutas.pt\/es\/eleicoes\/apuramento-dos-resultados\/\" class=\"elementor-item\">Resultados provisionales<\/a><\/li>\n<li class=\"menu-item menu-item-type-post_type menu-item-object-page menu-item-2855\"><a href=\"https:\/\/ordemdosfisioterapeutas.pt\/es\/eleicoes\/resultados-oficiais\/\" class=\"elementor-item\">Resultados oficiales<\/a><\/li>\n<li class=\"menu-item menu-item-type-post_type menu-item-object-page menu-item-2853\"><a href=\"https:\/\/ordemdosfisioterapeutas.pt\/es\/eleicoes\/faq-eleicoes\/\" class=\"elementor-item\">Preguntas frecuentes<\/a><\/li>\n<\/ul>\t\t\t<\/nav>\n\t\t\t\t\t<div class=\"elementor-menu-toggle\" role=\"button\" tabindex=\"0\" aria-label=\"Men\u00fa Cambiar\" aria-expanded=\"false\">\n\t\t\t<i aria-hidden=\"true\" role=\"presentation\" class=\"elementor-menu-toggle__icon--open eicon-menu-bar\"><\/i><i aria-hidden=\"true\" role=\"presentation\" class=\"elementor-menu-toggle__icon--close eicon-close\"><\/i>\t\t<\/div>\n\t\t\t\t\t<nav class=\"elementor-nav-menu--dropdown elementor-nav-menu__container\" aria-hidden=\"true\">\n\t\t\t\t<ul id=\"menu-2-e456d46\" class=\"elementor-nav-menu sm-vertical\"><li class=\"menu-item menu-item-type-post_type menu-item-object-page menu-item-2852\"><a href=\"https:\/\/ordemdosfisioterapeutas.pt\/es\/eleicoes\/\" class=\"elementor-item\" tabindex=\"-1\">Elecciones al Consejo de Supervisi\u00f3n<\/a><\/li>\n<li class=\"menu-item menu-item-type-post_type menu-item-object-page menu-item-2863\"><a href=\"https:\/\/ordemdosfisioterapeutas.pt\/es\/eleicoes\/calendario-eleitoral\/\" class=\"elementor-item\" tabindex=\"-1\">Calendario electoral<\/a><\/li>\n<li class=\"menu-item menu-item-type-post_type menu-item-object-page menu-item-2864\"><a href=\"https:\/\/ordemdosfisioterapeutas.pt\/es\/eleicoes\/comissao-eleitoral\/\" class=\"elementor-item\" tabindex=\"-1\">Comisi\u00f3n Electoral<\/a><\/li>\n<li class=\"menu-item menu-item-type-post_type menu-item-object-page menu-item-2862\"><a href=\"https:\/\/ordemdosfisioterapeutas.pt\/es\/eleicoes\/recenseamento\/\" class=\"elementor-item\" tabindex=\"-1\">Censo<\/a><\/li>\n<li class=\"menu-item menu-item-type-post_type menu-item-object-page menu-item-2861\"><a href=\"https:\/\/ordemdosfisioterapeutas.pt\/es\/eleicoes\/caderno-eleitoral\/\" class=\"elementor-item\" tabindex=\"-1\">Censo electoral<\/a><\/li>\n<li class=\"menu-item menu-item-type-post_type menu-item-object-page menu-item-2860\"><a href=\"https:\/\/ordemdosfisioterapeutas.pt\/es\/eleicoes\/candidaturas\/\" class=\"elementor-item\" tabindex=\"-1\">Aplicaciones<\/a><\/li>\n<li class=\"menu-item menu-item-type-post_type menu-item-object-page menu-item-2859\"><a href=\"https:\/\/ordemdosfisioterapeutas.pt\/es\/eleicoes\/listas-candidatas\/\" class=\"elementor-item\" tabindex=\"-1\">Listas de candidatos<\/a><\/li>\n<li class=\"menu-item menu-item-type-post_type menu-item-object-page menu-item-2858\"><a href=\"https:\/\/ordemdosfisioterapeutas.pt\/es\/eleicoes\/campanha-eleitoral\/\" class=\"elementor-item\" tabindex=\"-1\">Campa\u00f1a electoral<\/a><\/li>\n<li class=\"menu-item menu-item-type-post_type menu-item-object-page menu-item-2857\"><a href=\"https:\/\/ordemdosfisioterapeutas.pt\/es\/eleicoes\/ato-eleitoral\/\" class=\"elementor-item\" tabindex=\"-1\">Ley electoral<\/a><\/li>\n<li class=\"menu-item menu-item-type-post_type menu-item-object-page menu-item-2856\"><a href=\"https:\/\/ordemdosfisioterapeutas.pt\/es\/eleicoes\/apuramento-dos-resultados\/\" class=\"elementor-item\" tabindex=\"-1\">Resultados provisionales<\/a><\/li>\n<li class=\"menu-item menu-item-type-post_type menu-item-object-page menu-item-2855\"><a href=\"https:\/\/ordemdosfisioterapeutas.pt\/es\/eleicoes\/resultados-oficiais\/\" class=\"elementor-item\" tabindex=\"-1\">Resultados oficiales<\/a><\/li>\n<li class=\"menu-item menu-item-type-post_type menu-item-object-page menu-item-2853\"><a href=\"https:\/\/ordemdosfisioterapeutas.pt\/es\/eleicoes\/faq-eleicoes\/\" class=\"elementor-item\" tabindex=\"-1\">Preguntas frecuentes<\/a><\/li>\n<\/ul>\t\t\t<\/nav>\n\t\t\t\t\t\t<\/div>\n\t\t\t\t<\/div>\n\t\t\t\t\t<\/div>\n\t\t<\/div>\n\t\t\t\t\t<\/div>\n\t\t<\/section>\n\t\t\t\t\t<\/div>\n\t\t<\/div>\n\t\t\t\t<div class=\"elementor-column elementor-col-50 elementor-top-column elementor-element elementor-element-9698849\" data-id=\"9698849\" data-element_type=\"column\" data-e-type=\"column\">\n\t\t\t<div class=\"elementor-widget-wrap elementor-element-populated\">\n\t\t\t\t\t\t<div class=\"elementor-element elementor-element-637f171 elementor-widget elementor-widget-text-editor\" data-id=\"637f171\" data-element_type=\"widget\" data-e-type=\"widget\" data-widget_type=\"text-editor.default\">\n\t\t\t\t<div class=\"elementor-widget-container\">\n\t\t\t\t\t\t\t\t\t<p>La campa\u00f1a electoral comienza el d\u00eda siguiente a la publicaci\u00f3n de los candidatos admitidos a las votaciones, es decir, el d\u00eda de las elecciones. <b>31 de octubre de 2024 <\/b>y terminar\u00e1 el <b>13 de noviembre de 2024 <\/b>(la v\u00edspera de las elecciones).<\/p><p>Durante este periodo, <b>la Orden pondr\u00e1 a disposici\u00f3n <\/b>los medios de los candidatos para promover sus propuestas e interactuar con los votantes, de la siguiente manera:<\/p><ul><li>Cada lista de candidatos tiene derecho a enviar 3 mensajes electr\u00f3nicos. El mensaje a enviar debe dirigirse a eleicoes@ordemdosfisioterapeutas.pt para que los servicios de la Orden puedan reenviarlo a todos los electores;<\/li><li>Durante el periodo de campa\u00f1a electoral, a petici\u00f3n de los interesados, se colocar\u00e1n en el sitio web de la Orden enlaces a las p\u00e1ginas web de las listas de candidatos.<\/li><\/ul><p>A <b>La Orden har\u00e1 <\/b>tambi\u00e9n el acceso ocasional a los locales de la Orden en Rua D. Jo\u00e3o V, n\u00b0 24 - 1.06, 1250-091 Lisboa.<\/p><ul><li>La disponibilidad de un espacio en el local, con capacidad para un m\u00e1ximo de 15 personas, deber\u00e1 ser solicitada por los representantes de las listas de candidatos, indicando la fecha y hora deseada, con al menos 48 horas de antelaci\u00f3n, a eleicoes@ordemdosfisioterapeutas.pt;<\/li><li>Los servicios de la organizaci\u00f3n deben responder a las solicitudes presentadas en un plazo de 24 horas;<\/li><li>En caso de solapamiento de fechas, y si no hay acuerdo entre las listas, los locales se pondr\u00e1n a disposici\u00f3n de la lista cuya solicitud se haya recibido en primer lugar, y la otra lista deber\u00e1 proponer una fecha alternativa;<\/li><li>El horario disponible para utilizar este espacio es de 9.00 a 18.00 horas en d\u00edas laborables.<\/li><\/ul><p>La Orden, acogi\u00e9ndose a los t\u00e9rminos de su Estatuto, ha decidido que no habr\u00e1 contribuci\u00f3n a los gastos de las campa\u00f1as electorales de las listas que puedan presentarse a las elecciones, como en el anterior proceso electoral.<\/p>\t\t\t\t\t\t\t\t<\/div>\n\t\t\t\t<\/div>\n\t\t\t\t\t<\/div>\n\t\t<\/div>\n\t\t\t\t\t<\/div>\n\t\t<\/section>\n\t\t\t\t<\/div>","protected":false},"excerpt":{"rendered":"<p>La campa\u00f1a electoral se iniciar\u00e1 al d\u00eda siguiente de la publicaci\u00f3n de las candidaturas admitidas a elecci\u00f3n, es decir, comenzar\u00e1 el 31 de octubre de 2024 y finalizar\u00e1 el 13 de noviembre de 2024 (v\u00edspera de las elecciones). Durante este periodo, el Colegio de Abogados pondr\u00e1 a disposici\u00f3n de los candidatos los medios para promocionar sus propuestas e interactuar con... <a title=\"Campa\u00f1a electoral\" class=\"read-more\" href=\"https:\/\/ordemdosfisioterapeutas.pt\/es\/eleicoes\/campanha-eleitoral\/\" aria-label=\"M\u00e1s informaci\u00f3n sobre las campa\u00f1as electorales\">Seguir leyendo<\/a><\/p>","protected":false},"author":1,"featured_media":0,"parent":2495,"menu_order":7,"comment_status":"closed","ping_status":"closed","template":"","meta":{"footnotes":""},"class_list":["post-2840","page","type-page","status-publish"],"_links":{"self":[{"href":"https:\/\/ordemdosfisioterapeutas.pt\/es\/wp-json\/wp\/v2\/pages\/2840","targetHints":{"allow":["GET"]}}],"collection":[{"href":"https:\/\/ordemdosfisioterapeutas.pt\/es\/wp-json\/wp\/v2\/pages"}],"about":[{"href":"https:\/\/ordemdosfisioterapeutas.pt\/es\/wp-json\/wp\/v2\/types\/page"}],"author":[{"embeddable":true,"href":"https:\/\/ordemdosfisioterapeutas.pt\/es\/wp-json\/wp\/v2\/users\/1"}],"replies":[{"embeddable":true,"href":"https:\/\/ordemdosfisioterapeutas.pt\/es\/wp-json\/wp\/v2\/comments?post=2840"}],"version-history":[{"count":0,"href":"https:\/\/ordemdosfisioterapeutas.pt\/es\/wp-json\/wp\/v2\/pages\/2840\/revisions"}],"up":[{"embeddable":true,"href":"https:\/\/ordemdosfisioterapeutas.pt\/es\/wp-json\/wp\/v2\/pages\/2495"}],"wp:attachment":[{"href":"https:\/\/ordemdosfisioterapeutas.pt\/es\/wp-json\/wp\/v2\/media?parent=2840"}],"curies":[{"name":"wp","href":"https:\/\/api.w.org\/{rel}","templated":true}]}}