{"id":2830,"date":"2021-09-11T11:52:10","date_gmt":"2021-09-11T10:52:10","guid":{"rendered":"https:\/\/ordemdosfisioterapeutas.pt\/?page_id=2830"},"modified":"2024-08-06T10:54:05","modified_gmt":"2024-08-06T09:54:05","slug":"calendario-eleitoral","status":"publish","type":"page","link":"https:\/\/ordemdosfisioterapeutas.pt\/es\/eleicoes\/calendario-eleitoral\/","title":{"rendered":"Calendario electoral"},"content":{"rendered":"<div data-elementor-type=\"wp-page\" data-elementor-id=\"2830\" class=\"elementor elementor-2830\" data-elementor-post-type=\"page\">\n\t\t\t\t\t\t<section class=\"elementor-section elementor-top-section elementor-element elementor-element-609bf69b elementor-section-boxed elementor-section-height-default elementor-section-height-default\" data-id=\"609bf69b\" data-element_type=\"section\" data-e-type=\"section\">\n\t\t\t\t\t\t<div class=\"elementor-container elementor-column-gap-default\">\n\t\t\t\t\t<div class=\"elementor-column elementor-col-50 elementor-top-column elementor-element elementor-element-743a95c8 sticky-parent\" data-id=\"743a95c8\" data-element_type=\"column\" data-e-type=\"column\">\n\t\t\t<div class=\"elementor-widget-wrap elementor-element-populated\">\n\t\t\t\t\t\t<section class=\"elementor-section elementor-inner-section elementor-element elementor-element-60df9648 sticky-column elementor-section-boxed elementor-section-height-default elementor-section-height-default\" data-id=\"60df9648\" data-element_type=\"section\" data-e-type=\"section\">\n\t\t\t\t\t\t<div class=\"elementor-container elementor-column-gap-default\">\n\t\t\t\t\t<div class=\"elementor-column elementor-col-100 elementor-inner-column elementor-element elementor-element-4d650475\" data-id=\"4d650475\" data-element_type=\"column\" data-e-type=\"column\">\n\t\t\t<div class=\"elementor-widget-wrap elementor-element-populated\">\n\t\t\t\t\t\t<div class=\"elementor-element elementor-element-91b7ccc elementor-hidden-desktop elementor-hidden-tablet elementor-hidden-mobile elementor-nav-menu--dropdown-tablet elementor-nav-menu__text-align-aside elementor-nav-menu--toggle elementor-nav-menu--burger elementor-widget elementor-widget-global elementor-global-2875 elementor-widget-nav-menu\" data-id=\"91b7ccc\" data-element_type=\"widget\" data-e-type=\"widget\" data-settings=\"{&quot;layout&quot;:&quot;vertical&quot;,&quot;submenu_icon&quot;:{&quot;value&quot;:&quot;fas fa-caret-down&quot;,&quot;library&quot;:&quot;fa-solid&quot;},&quot;toggle&quot;:&quot;burger&quot;}\" data-widget_type=\"nav-menu.default\">\n\t\t\t\t<div class=\"elementor-widget-container\">\n\t\t\t\t\t\t\t\t<nav aria-label=\"Men\u00fa\" class=\"elementor-nav-menu--main elementor-nav-menu__container elementor-nav-menu--layout-vertical e--pointer-underline e--animation-fade\">\n\t\t\t\t<ul id=\"menu-1-91b7ccc\" class=\"elementor-nav-menu sm-vertical\"><li class=\"menu-item menu-item-type-post_type menu-item-object-page menu-item-2852\"><a href=\"https:\/\/ordemdosfisioterapeutas.pt\/es\/eleicoes\/\" class=\"elementor-item\">Elecciones al Consejo de Supervisi\u00f3n<\/a><\/li>\n<li class=\"menu-item menu-item-type-post_type menu-item-object-page menu-item-2863\"><a href=\"https:\/\/ordemdosfisioterapeutas.pt\/es\/eleicoes\/calendario-eleitoral\/\" class=\"elementor-item\">Calendario electoral<\/a><\/li>\n<li class=\"menu-item menu-item-type-post_type menu-item-object-page menu-item-2864\"><a href=\"https:\/\/ordemdosfisioterapeutas.pt\/es\/eleicoes\/comissao-eleitoral\/\" class=\"elementor-item\">Comisi\u00f3n Electoral<\/a><\/li>\n<li class=\"menu-item menu-item-type-post_type menu-item-object-page menu-item-2862\"><a href=\"https:\/\/ordemdosfisioterapeutas.pt\/es\/eleicoes\/recenseamento\/\" class=\"elementor-item\">Censo<\/a><\/li>\n<li class=\"menu-item menu-item-type-post_type menu-item-object-page menu-item-2861\"><a href=\"https:\/\/ordemdosfisioterapeutas.pt\/es\/eleicoes\/caderno-eleitoral\/\" class=\"elementor-item\">Censo electoral<\/a><\/li>\n<li class=\"menu-item menu-item-type-post_type menu-item-object-page menu-item-2860\"><a href=\"https:\/\/ordemdosfisioterapeutas.pt\/es\/eleicoes\/candidaturas\/\" class=\"elementor-item\">Aplicaciones<\/a><\/li>\n<li class=\"menu-item menu-item-type-post_type menu-item-object-page menu-item-2859\"><a href=\"https:\/\/ordemdosfisioterapeutas.pt\/es\/eleicoes\/listas-candidatas\/\" class=\"elementor-item\">Listas de candidatos<\/a><\/li>\n<li class=\"menu-item menu-item-type-post_type menu-item-object-page menu-item-2858\"><a href=\"https:\/\/ordemdosfisioterapeutas.pt\/es\/eleicoes\/campanha-eleitoral\/\" class=\"elementor-item\">Campa\u00f1a electoral<\/a><\/li>\n<li class=\"menu-item menu-item-type-post_type menu-item-object-page menu-item-2857\"><a href=\"https:\/\/ordemdosfisioterapeutas.pt\/es\/eleicoes\/ato-eleitoral\/\" class=\"elementor-item\">Ley electoral<\/a><\/li>\n<li class=\"menu-item menu-item-type-post_type menu-item-object-page menu-item-2856\"><a href=\"https:\/\/ordemdosfisioterapeutas.pt\/es\/eleicoes\/apuramento-dos-resultados\/\" class=\"elementor-item\">Resultados provisionales<\/a><\/li>\n<li class=\"menu-item menu-item-type-post_type menu-item-object-page menu-item-2855\"><a href=\"https:\/\/ordemdosfisioterapeutas.pt\/es\/eleicoes\/resultados-oficiais\/\" class=\"elementor-item\">Resultados oficiales<\/a><\/li>\n<li class=\"menu-item menu-item-type-post_type menu-item-object-page menu-item-2853\"><a href=\"https:\/\/ordemdosfisioterapeutas.pt\/es\/eleicoes\/faq-eleicoes\/\" class=\"elementor-item\">Preguntas frecuentes<\/a><\/li>\n<\/ul>\t\t\t<\/nav>\n\t\t\t\t\t<div class=\"elementor-menu-toggle\" role=\"button\" tabindex=\"0\" aria-label=\"Men\u00fa Cambiar\" aria-expanded=\"false\">\n\t\t\t<i aria-hidden=\"true\" role=\"presentation\" class=\"elementor-menu-toggle__icon--open eicon-menu-bar\"><\/i><i aria-hidden=\"true\" role=\"presentation\" class=\"elementor-menu-toggle__icon--close eicon-close\"><\/i>\t\t<\/div>\n\t\t\t\t\t<nav class=\"elementor-nav-menu--dropdown elementor-nav-menu__container\" aria-hidden=\"true\">\n\t\t\t\t<ul id=\"menu-2-91b7ccc\" class=\"elementor-nav-menu sm-vertical\"><li class=\"menu-item menu-item-type-post_type menu-item-object-page menu-item-2852\"><a href=\"https:\/\/ordemdosfisioterapeutas.pt\/es\/eleicoes\/\" class=\"elementor-item\" tabindex=\"-1\">Elecciones al Consejo de Supervisi\u00f3n<\/a><\/li>\n<li class=\"menu-item menu-item-type-post_type menu-item-object-page menu-item-2863\"><a href=\"https:\/\/ordemdosfisioterapeutas.pt\/es\/eleicoes\/calendario-eleitoral\/\" class=\"elementor-item\" tabindex=\"-1\">Calendario electoral<\/a><\/li>\n<li class=\"menu-item menu-item-type-post_type menu-item-object-page menu-item-2864\"><a href=\"https:\/\/ordemdosfisioterapeutas.pt\/es\/eleicoes\/comissao-eleitoral\/\" class=\"elementor-item\" tabindex=\"-1\">Comisi\u00f3n Electoral<\/a><\/li>\n<li class=\"menu-item menu-item-type-post_type menu-item-object-page menu-item-2862\"><a href=\"https:\/\/ordemdosfisioterapeutas.pt\/es\/eleicoes\/recenseamento\/\" class=\"elementor-item\" tabindex=\"-1\">Censo<\/a><\/li>\n<li class=\"menu-item menu-item-type-post_type menu-item-object-page menu-item-2861\"><a href=\"https:\/\/ordemdosfisioterapeutas.pt\/es\/eleicoes\/caderno-eleitoral\/\" class=\"elementor-item\" tabindex=\"-1\">Censo electoral<\/a><\/li>\n<li class=\"menu-item menu-item-type-post_type menu-item-object-page menu-item-2860\"><a href=\"https:\/\/ordemdosfisioterapeutas.pt\/es\/eleicoes\/candidaturas\/\" class=\"elementor-item\" tabindex=\"-1\">Aplicaciones<\/a><\/li>\n<li class=\"menu-item menu-item-type-post_type menu-item-object-page menu-item-2859\"><a href=\"https:\/\/ordemdosfisioterapeutas.pt\/es\/eleicoes\/listas-candidatas\/\" class=\"elementor-item\" tabindex=\"-1\">Listas de candidatos<\/a><\/li>\n<li class=\"menu-item menu-item-type-post_type menu-item-object-page menu-item-2858\"><a href=\"https:\/\/ordemdosfisioterapeutas.pt\/es\/eleicoes\/campanha-eleitoral\/\" class=\"elementor-item\" tabindex=\"-1\">Campa\u00f1a electoral<\/a><\/li>\n<li class=\"menu-item menu-item-type-post_type menu-item-object-page menu-item-2857\"><a href=\"https:\/\/ordemdosfisioterapeutas.pt\/es\/eleicoes\/ato-eleitoral\/\" class=\"elementor-item\" tabindex=\"-1\">Ley electoral<\/a><\/li>\n<li class=\"menu-item menu-item-type-post_type menu-item-object-page menu-item-2856\"><a href=\"https:\/\/ordemdosfisioterapeutas.pt\/es\/eleicoes\/apuramento-dos-resultados\/\" class=\"elementor-item\" tabindex=\"-1\">Resultados provisionales<\/a><\/li>\n<li class=\"menu-item menu-item-type-post_type menu-item-object-page menu-item-2855\"><a href=\"https:\/\/ordemdosfisioterapeutas.pt\/es\/eleicoes\/resultados-oficiais\/\" class=\"elementor-item\" tabindex=\"-1\">Resultados oficiales<\/a><\/li>\n<li class=\"menu-item menu-item-type-post_type menu-item-object-page menu-item-2853\"><a href=\"https:\/\/ordemdosfisioterapeutas.pt\/es\/eleicoes\/faq-eleicoes\/\" class=\"elementor-item\" tabindex=\"-1\">Preguntas frecuentes<\/a><\/li>\n<\/ul>\t\t\t<\/nav>\n\t\t\t\t\t\t<\/div>\n\t\t\t\t<\/div>\n\t\t\t\t\t<\/div>\n\t\t<\/div>\n\t\t\t\t\t<\/div>\n\t\t<\/section>\n\t\t\t\t\t<\/div>\n\t\t<\/div>\n\t\t\t\t<div class=\"elementor-column elementor-col-50 elementor-top-column elementor-element elementor-element-77a0b004\" data-id=\"77a0b004\" data-element_type=\"column\" data-e-type=\"column\">\n\t\t\t<div class=\"elementor-widget-wrap elementor-element-populated\">\n\t\t\t\t\t\t<div class=\"elementor-element elementor-element-d7e9ee3 elementor-widget elementor-widget-text-editor\" data-id=\"d7e9ee3\" data-element_type=\"widget\" data-e-type=\"widget\" data-widget_type=\"text-editor.default\">\n\t\t\t\t<div class=\"elementor-widget-container\">\n\t\t\t\t\t\t\t\t\t<p>Consulte todas las etapas del proceso de elecci\u00f3n del Consejo de Supervisi\u00f3n de 2024. Es esencial que todos los implicados conozcan los plazos y fechas importantes:<\/p>\t\t\t\t\t\t\t\t<\/div>\n\t\t\t\t<\/div>\n\t\t\t\t<div class=\"elementor-element elementor-element-824af1a elementor-widget elementor-widget-image\" data-id=\"824af1a\" data-element_type=\"widget\" data-e-type=\"widget\" data-widget_type=\"image.default\">\n\t\t\t\t<div class=\"elementor-widget-container\">\n\t\t\t\t\t\t\t\t\t\t\t\t\t\t\t<img fetchpriority=\"high\" decoding=\"async\" width=\"855\" height=\"641\" src=\"https:\/\/ordemdosfisioterapeutas.pt\/wp-content\/uploads\/2024\/08\/calendario-eleitoral-2024-1024x768.jpeg\" class=\"attachment-large size-large wp-image-8604\" alt=\"\" srcset=\"https:\/\/ordemdosfisioterapeutas.pt\/wp-content\/uploads\/2024\/08\/calendario-eleitoral-2024-1024x768.jpeg 1024w, https:\/\/ordemdosfisioterapeutas.pt\/wp-content\/uploads\/2024\/08\/calendario-eleitoral-2024-300x225.jpeg 300w, https:\/\/ordemdosfisioterapeutas.pt\/wp-content\/uploads\/2024\/08\/calendario-eleitoral-2024-768x576.jpeg 768w, https:\/\/ordemdosfisioterapeutas.pt\/wp-content\/uploads\/2024\/08\/calendario-eleitoral-2024-16x12.jpeg 16w, https:\/\/ordemdosfisioterapeutas.pt\/wp-content\/uploads\/2024\/08\/calendario-eleitoral-2024.jpeg 1152w\" sizes=\"(max-width: 855px) 100vw, 855px\" \/>\t\t\t\t\t\t\t\t\t\t\t\t\t\t\t<\/div>\n\t\t\t\t<\/div>\n\t\t\t\t<div class=\"elementor-element elementor-element-a27db12 elementor-widget elementor-widget-shortcode\" data-id=\"a27db12\" data-element_type=\"widget\" data-e-type=\"widget\" data-widget_type=\"shortcode.default\">\n\t\t\t\t<div class=\"elementor-widget-container\">\n\t\t\t\t\t\t\t<div class=\"elementor-shortcode\">\n<table id=\"tablepress-19\" class=\"tablepress tablepress-id-19\">\n<thead>\n<tr class=\"row-1\">\n\t<th class=\"column-1\">TAREA<\/th><th class=\"column-2\">FECHA L\u00cdMITE<\/th><th class=\"column-3\">FECHA L\u00cdMITE<\/th>\n<\/tr>\n<\/thead>\n<tbody class=\"row-striping row-hover\">\n<tr class=\"row-2\">\n\t<td class=\"column-1\">Plazo de presentaci\u00f3n de solicitudes<\/td><td class=\"column-2\">90 d\u00edas antes de las elecciones<\/td><td class=\"column-3\">17 de agosto de 2024<\/td>\n<\/tr>\n<tr class=\"row-3\">\n\t<td class=\"column-1\">Plazo de presentaci\u00f3n de solicitudes<\/td><td class=\"column-2\">60 d\u00edas antes de las elecciones<\/td><td class=\"column-3\">16 de septiembre de 2024<\/td>\n<\/tr>\n<tr class=\"row-4\">\n\t<td class=\"column-1\">Convocatoria de la Comisi\u00f3n Electoral (CE)<\/td><td class=\"column-2\">59 d\u00edas antes de las elecciones<\/td><td class=\"column-3\">17 de septiembre de 2024<\/td>\n<\/tr>\n<tr class=\"row-5\">\n\t<td class=\"column-1\">Exposici\u00f3n y publicaci\u00f3n de la Comunicaci\u00f3n de la CE<\/td><td class=\"column-2\">59 d\u00edas antes de las elecciones<\/td><td class=\"column-3\">17 de septiembre de 2024<\/td>\n<\/tr>\n<tr class=\"row-6\">\n\t<td class=\"column-1\">Comprobaci\u00f3n de irregularidades en las solicitudes<\/td><td class=\"column-2\">hasta 5 d\u00edas despu\u00e9s de la recepci\u00f3n de las solicitudes<\/td><td class=\"column-3\">21 de septiembre de 2024<\/td>\n<\/tr>\n<tr class=\"row-7\">\n\t<td class=\"column-1\">Regularizaci\u00f3n de posibles irregularidades<\/td><td class=\"column-2\">en un plazo de 3 d\u00edas a partir de la fecha l\u00edmite arriba indicada<\/td><td class=\"column-3\">24 de septiembre de 2024<\/td>\n<\/tr>\n<tr class=\"row-8\">\n\t<td class=\"column-1\">Rechazo de solicitudes no regularizadas<\/td><td class=\"column-2\">48 horas despu\u00e9s del plazo arriba indicado<\/td><td class=\"column-3\">26 de septiembre de 2024<\/td>\n<\/tr>\n<tr class=\"row-9\">\n\t<td class=\"column-1\">Confecci\u00f3n de las listas de la papeleta electoral<\/td><td class=\"column-2\">5 d\u00edas despu\u00e9s de la presentaci\u00f3n o aceptaci\u00f3n de las listas<\/td><td class=\"column-3\">1 de octubre de 2024<\/td>\n<\/tr>\n<tr class=\"row-10\">\n\t<td class=\"column-1\">Publicaci\u00f3n de listas<\/td><td class=\"column-2\">5 d\u00edas despu\u00e9s del sorteo<\/td><td class=\"column-3\">6 de octubre de 2024<\/td>\n<\/tr>\n<tr class=\"row-11\">\n\t<td class=\"column-1\">Extracci\u00f3n del censo electoral<\/td><td class=\"column-2\">31 d\u00edas antes de las elecciones<\/td><td class=\"column-3\">15 de octubre de 2024<\/td>\n<\/tr>\n<tr class=\"row-12\">\n\t<td class=\"column-1\">Publicaci\u00f3n del censo electoral<\/td><td class=\"column-2\">hasta 30 d\u00edas antes de las elecciones<\/td><td class=\"column-3\">16 de octubre de 2024<\/td>\n<\/tr>\n<tr class=\"row-13\">\n\t<td class=\"column-1\">Presentar reclamaciones sobre el censo electoral<\/td><td class=\"column-2\">hasta 10 d\u00edas despu\u00e9s de la publicaci\u00f3n<\/td><td class=\"column-3\">26 de octubre de 2024<\/td>\n<\/tr>\n<tr class=\"row-14\">\n\t<td class=\"column-1\">Decisi\u00f3n sobre las reclamaciones<\/td><td class=\"column-2\">48 horas despu\u00e9s del plazo arriba indicado<\/td><td class=\"column-3\">28 de octubre de 2024<\/td>\n<\/tr>\n<tr class=\"row-15\">\n\t<td class=\"column-1\">Entrega del censo electoral a la empresa de voto electr\u00f3nico<\/td><td class=\"column-2\"><\/td><td class=\"column-3\">28 de octubre de 2024<\/td>\n<\/tr>\n<tr class=\"row-16\">\n\t<td class=\"column-1\">Comienza la campa\u00f1a electoral<\/td><td class=\"column-2\">15 d\u00edas antes de las elecciones<\/td><td class=\"column-3\">31 de octubre de 2024<\/td>\n<\/tr>\n<tr class=\"row-17\">\n\t<td class=\"column-1\">Sustituci\u00f3n de un candidato<\/td><td class=\"column-2\">hasta 10 d\u00edas antes de las elecciones<\/td><td class=\"column-3\">5 de noviembre de 2024<\/td>\n<\/tr>\n<tr class=\"row-18\">\n\t<td class=\"column-1\">Acceso a la plataforma de votaci\u00f3n<\/td><td class=\"column-2\">3 d\u00edas antes de las elecciones<\/td><td class=\"column-3\">12 de noviembre de 2024<\/td>\n<\/tr>\n<tr class=\"row-19\">\n\t<td class=\"column-1\">Env\u00edo electr\u00f3nico del carn\u00e9 de votante<\/td><td class=\"column-2\">3 d\u00edas antes de las elecciones<\/td><td class=\"column-3\">12 de noviembre de 2024<\/td>\n<\/tr>\n<tr class=\"row-20\">\n\t<td class=\"column-1\">Fin de la campa\u00f1a electoral<\/td><td class=\"column-2\">2 d\u00edas antes de las elecciones<\/td><td class=\"column-3\">13 de noviembre de 2024<\/td>\n<\/tr>\n<tr class=\"row-21\">\n\t<td class=\"column-1\">Enviar un pin por SMS<\/td><td class=\"column-2\">la v\u00edspera de las elecciones<\/td><td class=\"column-3\">14 de noviembre de 2024<\/td>\n<\/tr>\n<tr class=\"row-22\">\n\t<td class=\"column-1\">Elecciones<\/td><td class=\"column-2\"><\/td><td class=\"column-3\">15 de noviembre de 2024<\/td>\n<\/tr>\n<\/tbody>\n<\/table>\n<!-- #tablepress-19 from cache --><\/div>\n\t\t\t\t\t\t<\/div>\n\t\t\t\t<\/div>\n\t\t\t\t\t<\/div>\n\t\t<\/div>\n\t\t\t\t\t<\/div>\n\t\t<\/section>\n\t\t\t\t<\/div>","protected":false},"excerpt":{"rendered":"<p>Consulte todas las etapas del proceso de elecci\u00f3n del Consejo de Supervisi\u00f3n de 2024. Es esencial que todos los implicados conozcan los plazos y fechas importantes:<\/p>","protected":false},"author":1,"featured_media":0,"parent":2495,"menu_order":2,"comment_status":"closed","ping_status":"closed","template":"","meta":{"footnotes":""},"class_list":["post-2830","page","type-page","status-publish"],"_links":{"self":[{"href":"https:\/\/ordemdosfisioterapeutas.pt\/es\/wp-json\/wp\/v2\/pages\/2830","targetHints":{"allow":["GET"]}}],"collection":[{"href":"https:\/\/ordemdosfisioterapeutas.pt\/es\/wp-json\/wp\/v2\/pages"}],"about":[{"href":"https:\/\/ordemdosfisioterapeutas.pt\/es\/wp-json\/wp\/v2\/types\/page"}],"author":[{"embeddable":true,"href":"https:\/\/ordemdosfisioterapeutas.pt\/es\/wp-json\/wp\/v2\/users\/1"}],"replies":[{"embeddable":true,"href":"https:\/\/ordemdosfisioterapeutas.pt\/es\/wp-json\/wp\/v2\/comments?post=2830"}],"version-history":[{"count":0,"href":"https:\/\/ordemdosfisioterapeutas.pt\/es\/wp-json\/wp\/v2\/pages\/2830\/revisions"}],"up":[{"embeddable":true,"href":"https:\/\/ordemdosfisioterapeutas.pt\/es\/wp-json\/wp\/v2\/pages\/2495"}],"wp:attachment":[{"href":"https:\/\/ordemdosfisioterapeutas.pt\/es\/wp-json\/wp\/v2\/media?parent=2830"}],"curies":[{"name":"wp","href":"https:\/\/api.w.org\/{rel}","templated":true}]}}