{"id":2827,"date":"2021-09-11T11:49:58","date_gmt":"2021-09-11T10:49:58","guid":{"rendered":"https:\/\/ordemdosfisioterapeutas.pt\/?page_id=2827"},"modified":"2024-09-17T22:18:03","modified_gmt":"2024-09-17T21:18:03","slug":"comissao-eleitoral","status":"publish","type":"page","link":"https:\/\/ordemdosfisioterapeutas.pt\/es\/eleicoes\/comissao-eleitoral\/","title":{"rendered":"Comisi\u00f3n Electoral"},"content":{"rendered":"<div data-elementor-type=\"wp-page\" data-elementor-id=\"2827\" class=\"elementor elementor-2827\" data-elementor-post-type=\"page\">\n\t\t\t\t\t\t<section class=\"elementor-section elementor-top-section elementor-element elementor-element-873edb7 elementor-section-boxed elementor-section-height-default elementor-section-height-default\" data-id=\"873edb7\" data-element_type=\"section\" data-e-type=\"section\">\n\t\t\t\t\t\t<div class=\"elementor-container elementor-column-gap-default\">\n\t\t\t\t\t<div class=\"elementor-column elementor-col-50 elementor-top-column elementor-element elementor-element-4cfc2990 sticky-parent\" data-id=\"4cfc2990\" data-element_type=\"column\" data-e-type=\"column\">\n\t\t\t<div class=\"elementor-widget-wrap elementor-element-populated\">\n\t\t\t\t\t\t<section class=\"elementor-section elementor-inner-section elementor-element elementor-element-16958d50 sticky-column elementor-section-boxed elementor-section-height-default elementor-section-height-default\" data-id=\"16958d50\" data-element_type=\"section\" data-e-type=\"section\">\n\t\t\t\t\t\t<div class=\"elementor-container elementor-column-gap-default\">\n\t\t\t\t\t<div class=\"elementor-column elementor-col-100 elementor-inner-column elementor-element elementor-element-6f52bfa5\" data-id=\"6f52bfa5\" data-element_type=\"column\" data-e-type=\"column\">\n\t\t\t<div class=\"elementor-widget-wrap elementor-element-populated\">\n\t\t\t\t\t\t<div class=\"elementor-element elementor-element-a73d872 elementor-hidden-desktop elementor-hidden-tablet elementor-hidden-mobile elementor-nav-menu--dropdown-tablet elementor-nav-menu__text-align-aside elementor-nav-menu--toggle elementor-nav-menu--burger elementor-widget elementor-widget-global elementor-global-2875 elementor-widget-nav-menu\" data-id=\"a73d872\" data-element_type=\"widget\" data-e-type=\"widget\" data-settings=\"{&quot;layout&quot;:&quot;vertical&quot;,&quot;submenu_icon&quot;:{&quot;value&quot;:&quot;fas fa-caret-down&quot;,&quot;library&quot;:&quot;fa-solid&quot;},&quot;toggle&quot;:&quot;burger&quot;}\" data-widget_type=\"nav-menu.default\">\n\t\t\t\t<div class=\"elementor-widget-container\">\n\t\t\t\t\t\t\t\t<nav aria-label=\"Men\u00fa\" class=\"elementor-nav-menu--main elementor-nav-menu__container elementor-nav-menu--layout-vertical e--pointer-underline e--animation-fade\">\n\t\t\t\t<ul id=\"menu-1-a73d872\" class=\"elementor-nav-menu sm-vertical\"><li class=\"menu-item menu-item-type-post_type menu-item-object-page menu-item-2852\"><a href=\"https:\/\/ordemdosfisioterapeutas.pt\/es\/eleicoes\/\" class=\"elementor-item\">Elecciones al Consejo de Supervisi\u00f3n<\/a><\/li>\n<li class=\"menu-item menu-item-type-post_type menu-item-object-page menu-item-2863\"><a href=\"https:\/\/ordemdosfisioterapeutas.pt\/es\/eleicoes\/calendario-eleitoral\/\" class=\"elementor-item\">Calendario electoral<\/a><\/li>\n<li class=\"menu-item menu-item-type-post_type menu-item-object-page menu-item-2864\"><a href=\"https:\/\/ordemdosfisioterapeutas.pt\/es\/eleicoes\/comissao-eleitoral\/\" class=\"elementor-item\">Comisi\u00f3n Electoral<\/a><\/li>\n<li class=\"menu-item menu-item-type-post_type menu-item-object-page menu-item-2862\"><a href=\"https:\/\/ordemdosfisioterapeutas.pt\/es\/eleicoes\/recenseamento\/\" class=\"elementor-item\">Censo<\/a><\/li>\n<li class=\"menu-item menu-item-type-post_type menu-item-object-page menu-item-2861\"><a href=\"https:\/\/ordemdosfisioterapeutas.pt\/es\/eleicoes\/caderno-eleitoral\/\" class=\"elementor-item\">Censo electoral<\/a><\/li>\n<li class=\"menu-item menu-item-type-post_type menu-item-object-page menu-item-2860\"><a href=\"https:\/\/ordemdosfisioterapeutas.pt\/es\/eleicoes\/candidaturas\/\" class=\"elementor-item\">Aplicaciones<\/a><\/li>\n<li class=\"menu-item menu-item-type-post_type menu-item-object-page menu-item-2859\"><a href=\"https:\/\/ordemdosfisioterapeutas.pt\/es\/eleicoes\/listas-candidatas\/\" class=\"elementor-item\">Listas de candidatos<\/a><\/li>\n<li class=\"menu-item menu-item-type-post_type menu-item-object-page menu-item-2858\"><a href=\"https:\/\/ordemdosfisioterapeutas.pt\/es\/eleicoes\/campanha-eleitoral\/\" class=\"elementor-item\">Campa\u00f1a electoral<\/a><\/li>\n<li class=\"menu-item menu-item-type-post_type menu-item-object-page menu-item-2857\"><a href=\"https:\/\/ordemdosfisioterapeutas.pt\/es\/eleicoes\/ato-eleitoral\/\" class=\"elementor-item\">Ley electoral<\/a><\/li>\n<li class=\"menu-item menu-item-type-post_type menu-item-object-page menu-item-2856\"><a href=\"https:\/\/ordemdosfisioterapeutas.pt\/es\/eleicoes\/apuramento-dos-resultados\/\" class=\"elementor-item\">Resultados provisionales<\/a><\/li>\n<li class=\"menu-item menu-item-type-post_type menu-item-object-page menu-item-2855\"><a href=\"https:\/\/ordemdosfisioterapeutas.pt\/es\/eleicoes\/resultados-oficiais\/\" class=\"elementor-item\">Resultados oficiales<\/a><\/li>\n<li class=\"menu-item menu-item-type-post_type menu-item-object-page menu-item-2853\"><a href=\"https:\/\/ordemdosfisioterapeutas.pt\/es\/eleicoes\/faq-eleicoes\/\" class=\"elementor-item\">Preguntas frecuentes<\/a><\/li>\n<\/ul>\t\t\t<\/nav>\n\t\t\t\t\t<div class=\"elementor-menu-toggle\" role=\"button\" tabindex=\"0\" aria-label=\"Men\u00fa Cambiar\" aria-expanded=\"false\">\n\t\t\t<i aria-hidden=\"true\" role=\"presentation\" class=\"elementor-menu-toggle__icon--open eicon-menu-bar\"><\/i><i aria-hidden=\"true\" role=\"presentation\" class=\"elementor-menu-toggle__icon--close eicon-close\"><\/i>\t\t<\/div>\n\t\t\t\t\t<nav class=\"elementor-nav-menu--dropdown elementor-nav-menu__container\" aria-hidden=\"true\">\n\t\t\t\t<ul id=\"menu-2-a73d872\" class=\"elementor-nav-menu sm-vertical\"><li class=\"menu-item menu-item-type-post_type menu-item-object-page menu-item-2852\"><a href=\"https:\/\/ordemdosfisioterapeutas.pt\/es\/eleicoes\/\" class=\"elementor-item\" tabindex=\"-1\">Elecciones al Consejo de Supervisi\u00f3n<\/a><\/li>\n<li class=\"menu-item menu-item-type-post_type menu-item-object-page menu-item-2863\"><a href=\"https:\/\/ordemdosfisioterapeutas.pt\/es\/eleicoes\/calendario-eleitoral\/\" class=\"elementor-item\" tabindex=\"-1\">Calendario electoral<\/a><\/li>\n<li class=\"menu-item menu-item-type-post_type menu-item-object-page menu-item-2864\"><a href=\"https:\/\/ordemdosfisioterapeutas.pt\/es\/eleicoes\/comissao-eleitoral\/\" class=\"elementor-item\" tabindex=\"-1\">Comisi\u00f3n Electoral<\/a><\/li>\n<li class=\"menu-item menu-item-type-post_type menu-item-object-page menu-item-2862\"><a href=\"https:\/\/ordemdosfisioterapeutas.pt\/es\/eleicoes\/recenseamento\/\" class=\"elementor-item\" tabindex=\"-1\">Censo<\/a><\/li>\n<li class=\"menu-item menu-item-type-post_type menu-item-object-page menu-item-2861\"><a href=\"https:\/\/ordemdosfisioterapeutas.pt\/es\/eleicoes\/caderno-eleitoral\/\" class=\"elementor-item\" tabindex=\"-1\">Censo electoral<\/a><\/li>\n<li class=\"menu-item menu-item-type-post_type menu-item-object-page menu-item-2860\"><a href=\"https:\/\/ordemdosfisioterapeutas.pt\/es\/eleicoes\/candidaturas\/\" class=\"elementor-item\" tabindex=\"-1\">Aplicaciones<\/a><\/li>\n<li class=\"menu-item menu-item-type-post_type menu-item-object-page menu-item-2859\"><a href=\"https:\/\/ordemdosfisioterapeutas.pt\/es\/eleicoes\/listas-candidatas\/\" class=\"elementor-item\" tabindex=\"-1\">Listas de candidatos<\/a><\/li>\n<li class=\"menu-item menu-item-type-post_type menu-item-object-page menu-item-2858\"><a href=\"https:\/\/ordemdosfisioterapeutas.pt\/es\/eleicoes\/campanha-eleitoral\/\" class=\"elementor-item\" tabindex=\"-1\">Campa\u00f1a electoral<\/a><\/li>\n<li class=\"menu-item menu-item-type-post_type menu-item-object-page menu-item-2857\"><a href=\"https:\/\/ordemdosfisioterapeutas.pt\/es\/eleicoes\/ato-eleitoral\/\" class=\"elementor-item\" tabindex=\"-1\">Ley electoral<\/a><\/li>\n<li class=\"menu-item menu-item-type-post_type menu-item-object-page menu-item-2856\"><a href=\"https:\/\/ordemdosfisioterapeutas.pt\/es\/eleicoes\/apuramento-dos-resultados\/\" class=\"elementor-item\" tabindex=\"-1\">Resultados provisionales<\/a><\/li>\n<li class=\"menu-item menu-item-type-post_type menu-item-object-page menu-item-2855\"><a href=\"https:\/\/ordemdosfisioterapeutas.pt\/es\/eleicoes\/resultados-oficiais\/\" class=\"elementor-item\" tabindex=\"-1\">Resultados oficiales<\/a><\/li>\n<li class=\"menu-item menu-item-type-post_type menu-item-object-page menu-item-2853\"><a href=\"https:\/\/ordemdosfisioterapeutas.pt\/es\/eleicoes\/faq-eleicoes\/\" class=\"elementor-item\" tabindex=\"-1\">Preguntas frecuentes<\/a><\/li>\n<\/ul>\t\t\t<\/nav>\n\t\t\t\t\t\t<\/div>\n\t\t\t\t<\/div>\n\t\t\t\t\t<\/div>\n\t\t<\/div>\n\t\t\t\t\t<\/div>\n\t\t<\/section>\n\t\t\t\t\t<\/div>\n\t\t<\/div>\n\t\t\t\t<div class=\"elementor-column elementor-col-50 elementor-top-column elementor-element elementor-element-750a2291\" data-id=\"750a2291\" data-element_type=\"column\" data-e-type=\"column\">\n\t\t\t<div class=\"elementor-widget-wrap elementor-element-populated\">\n\t\t\t\t\t\t<div class=\"elementor-element elementor-element-656e2dc elementor-widget elementor-widget-text-editor\" data-id=\"656e2dc\" data-element_type=\"widget\" data-e-type=\"widget\" data-widget_type=\"text-editor.default\">\n\t\t\t\t<div class=\"elementor-widget-container\">\n\t\t\t\t\t\t\t\t\t<p>A <b>Comisi\u00f3n Electoral <\/b><span class=\"s1\">es responsable de garantizar la legalidad y la transparencia de todo el proceso electoral. Desempe\u00f1a un papel clave en la supervisi\u00f3n de todas las etapas del proceso electoral, desde la recepci\u00f3n de las candidaturas hasta la tabulaci\u00f3n de los resultados.<\/span><\/p><p class=\"p2\" style=\"margin: 0cm; font-stretch: normal; font-size-adjust: none; font-kerning: auto; font-variant-alternates: normal; font-variant-ligatures: normal; font-variant-numeric: normal; font-variant-east-asian: normal; font-variant-position: normal; font-feature-settings: normal; font-optical-sizing: auto; font-variation-settings: normal; -webkit-text-size-adjust: auto;\"><span class=\"s1\">Seg\u00fan el Reglamento Electoral, el <b>Comisi\u00f3n Electoral<\/b><\/span><span class=\"s2\"><b><span style=\"font-family: 'UICTFontTextStyleEmphasizedBody',serif;\">\u00a0<\/span><\/b><\/span><span class=\"s1\">est\u00e1 compuesto por el presidente de la mesa del consejo general y un representante de cada una de las listas admitidas a votaci\u00f3n, que se designar\u00e1 cuando se presenten las candidaturas respectivas.<\/span><\/p><p class=\"p2\" style=\"margin: 0cm; font-stretch: normal; font-size-adjust: none; font-kerning: auto; font-variant-alternates: normal; font-variant-ligatures: normal; font-variant-numeric: normal; font-variant-east-asian: normal; font-variant-position: normal; font-feature-settings: normal; font-optical-sizing: auto; font-variation-settings: normal; -webkit-text-size-adjust: auto;\"><span class=\"s1\">La Comisi\u00f3n Electoral est\u00e1 compuesta por:<\/span><\/p><p class=\"p2\" style=\"margin: 0cm; font-stretch: normal; font-size-adjust: none; font-kerning: auto; font-variant-alternates: normal; font-variant-ligatures: normal; font-variant-numeric: normal; font-variant-east-asian: normal; font-variant-position: normal; font-feature-settings: normal; font-optical-sizing: auto; font-variation-settings: normal; -webkit-text-size-adjust: auto;\"><span class=\"s1\">\u00a0- Presidente de la Comisi\u00f3n Electoral - El Presidente del Consejo General - Rui Jorge Dias Costa, CP n\u00ba 11.<\/span><\/p><p class=\"p2\" style=\"margin: 0cm; font-stretch: normal; font-size-adjust: none; font-kerning: auto; font-variant-alternates: normal; font-variant-ligatures: normal; font-variant-numeric: normal; font-variant-east-asian: normal; font-variant-position: normal; font-feature-settings: normal; font-optical-sizing: auto; font-variation-settings: normal; -webkit-text-size-adjust: auto;\"><span class=\"s1\">\u00a0- Representante de la Lista de Candidatos (1 lista) - Jo\u00e3o Ant\u00f3nio Pereira e Silva - CP n\u00ba 1371.<\/span><\/p><p>\u00a0<\/p><p style=\"-webkit-text-size-adjust: auto;\"><span style=\"font-family: 'Arial',sans-serif;\">Lista encabezada por: Rui Manuel da Fonseca Pinto<\/span><\/p><p style=\"-webkit-text-size-adjust: auto;\"><span style=\"font-family: 'Arial',sans-serif;\">Representante: Joana Patr\u00edcia dos Santos Cruz<\/span><\/p>\t\t\t\t\t\t\t\t<\/div>\n\t\t\t\t<\/div>\n\t\t\t\t\t<\/div>\n\t\t<\/div>\n\t\t\t\t\t<\/div>\n\t\t<\/section>\n\t\t\t\t<\/div>","protected":false},"excerpt":{"rendered":"<p>La Comisi\u00f3n Electoral es responsable de garantizar la legalidad y transparencia de todo el proceso electoral. Desempe\u00f1a un papel clave en la supervisi\u00f3n de todas las etapas del proceso electoral, desde la recepci\u00f3n de las candidaturas hasta la tabulaci\u00f3n de los resultados. Seg\u00fan el Reglamento Electoral, la Comisi\u00f3n Electoral est\u00e1 compuesta por el presidente de la ... <a title=\"Comisi\u00f3n Electoral\" class=\"read-more\" href=\"https:\/\/ordemdosfisioterapeutas.pt\/es\/eleicoes\/comissao-eleitoral\/\" aria-label=\"M\u00e1s informaci\u00f3n sobre la Comisi\u00f3n Electoral\">Seguir leyendo<\/a><\/p>","protected":false},"author":1,"featured_media":0,"parent":2495,"menu_order":1,"comment_status":"closed","ping_status":"closed","template":"","meta":{"footnotes":""},"class_list":["post-2827","page","type-page","status-publish"],"_links":{"self":[{"href":"https:\/\/ordemdosfisioterapeutas.pt\/es\/wp-json\/wp\/v2\/pages\/2827","targetHints":{"allow":["GET"]}}],"collection":[{"href":"https:\/\/ordemdosfisioterapeutas.pt\/es\/wp-json\/wp\/v2\/pages"}],"about":[{"href":"https:\/\/ordemdosfisioterapeutas.pt\/es\/wp-json\/wp\/v2\/types\/page"}],"author":[{"embeddable":true,"href":"https:\/\/ordemdosfisioterapeutas.pt\/es\/wp-json\/wp\/v2\/users\/1"}],"replies":[{"embeddable":true,"href":"https:\/\/ordemdosfisioterapeutas.pt\/es\/wp-json\/wp\/v2\/comments?post=2827"}],"version-history":[{"count":0,"href":"https:\/\/ordemdosfisioterapeutas.pt\/es\/wp-json\/wp\/v2\/pages\/2827\/revisions"}],"up":[{"embeddable":true,"href":"https:\/\/ordemdosfisioterapeutas.pt\/es\/wp-json\/wp\/v2\/pages\/2495"}],"wp:attachment":[{"href":"https:\/\/ordemdosfisioterapeutas.pt\/es\/wp-json\/wp\/v2\/media?parent=2827"}],"curies":[{"name":"wp","href":"https:\/\/api.w.org\/{rel}","templated":true}]}}