{"id":2316,"date":"2021-05-13T20:20:25","date_gmt":"2021-05-13T19:20:25","guid":{"rendered":"https:\/\/ordemdosfisioterapeutas.pt\/?page_id=2316"},"modified":"2021-05-19T12:25:52","modified_gmt":"2021-05-19T11:25:52","slug":"referencial-da-formacao-inicial","status":"publish","type":"page","link":"https:\/\/ordemdosfisioterapeutas.pt\/es\/referencial-da-formacao-inicial\/","title":{"rendered":"Formaci\u00f3n inicial Referencial"},"content":{"rendered":"<div data-elementor-type=\"wp-page\" data-elementor-id=\"2316\" class=\"elementor elementor-2316\" data-elementor-post-type=\"page\">\n\t\t\t\t\t\t<section class=\"elementor-section elementor-top-section elementor-element elementor-element-78c5b9b elementor-section-boxed elementor-section-height-default elementor-section-height-default\" data-id=\"78c5b9b\" data-element_type=\"section\" data-e-type=\"section\">\n\t\t\t\t\t\t<div class=\"elementor-container elementor-column-gap-default\">\n\t\t\t\t\t<div class=\"elementor-column elementor-col-100 elementor-top-column elementor-element elementor-element-058787a\" data-id=\"058787a\" data-element_type=\"column\" data-e-type=\"column\">\n\t\t\t<div class=\"elementor-widget-wrap elementor-element-populated\">\n\t\t\t\t\t\t<div class=\"elementor-element elementor-element-1c03ce8 elementor-widget elementor-widget-text-editor\" data-id=\"1c03ce8\" data-element_type=\"widget\" data-e-type=\"widget\" data-widget_type=\"text-editor.default\">\n\t\t\t\t<div class=\"elementor-widget-container\">\n\t\t\t\t\t\t\t\t\t<p>\u00a0El Referencial de Formaci\u00f3n Inicial para la Inscripci\u00f3n en la OF es un documento estructurante para la definici\u00f3n de los criterios m\u00ednimos de acceso a la profesi\u00f3n. Presenta una s\u00edntesis de las cualificaciones, a saber, el perfil de competencias, la estructura curricular de las titulaciones de Fisioterapia que dan acceso a la profesi\u00f3n, as\u00ed como la evaluaci\u00f3n de las competencias profesionales de los ciudadanos europeos formados en otros pa\u00edses de la UE.<\/p>\t\t\t\t\t\t\t\t<\/div>\n\t\t\t\t<\/div>\n\t\t\t\t\t<\/div>\n\t\t<\/div>\n\t\t\t\t\t<\/div>\n\t\t<\/section>\n\t\t\t\t<section class=\"elementor-section elementor-top-section elementor-element elementor-element-adbc86e elementor-section-boxed elementor-section-height-default elementor-section-height-default\" data-id=\"adbc86e\" data-element_type=\"section\" data-e-type=\"section\">\n\t\t\t\t\t\t<div class=\"elementor-container elementor-column-gap-default\">\n\t\t\t\t\t<div class=\"elementor-column elementor-col-100 elementor-top-column elementor-element elementor-element-f132f35\" data-id=\"f132f35\" data-element_type=\"column\" data-e-type=\"column\">\n\t\t\t<div class=\"elementor-widget-wrap elementor-element-populated\">\n\t\t\t\t\t\t<div class=\"elementor-element elementor-element-fba7a14 elementor-widget elementor-widget-button\" data-id=\"fba7a14\" data-element_type=\"widget\" data-e-type=\"widget\" data-widget_type=\"button.default\">\n\t\t\t\t<div class=\"elementor-widget-container\">\n\t\t\t\t\t\t\t\t\t<div class=\"elementor-button-wrapper\">\n\t\t\t\t\t<a class=\"elementor-button elementor-button-link elementor-size-sm\" href=\"https:\/\/ordemdosfisioterapeutas.pt\/wp-content\/uploads\/2021\/04\/ReferencialdaFormacaoInicial.pdf\" target=\"_blank\">\n\t\t\t\t\t\t<span class=\"elementor-button-content-wrapper\">\n\t\t\t\t\t\t\t\t\t<span class=\"elementor-button-text\">Referencial de Formaci\u00f3n Inicial para la Inscripci\u00f3n en la Orden de Fisioterapeutas<\/span>\n\t\t\t\t\t<\/span>\n\t\t\t\t\t<\/a>\n\t\t\t\t<\/div>\n\t\t\t\t\t\t\t\t<\/div>\n\t\t\t\t<\/div>\n\t\t\t\t\t<\/div>\n\t\t<\/div>\n\t\t\t\t\t<\/div>\n\t\t<\/section>\n\t\t\t\t<\/div>","protected":false},"excerpt":{"rendered":"<p>&nbsp;El Referencial da Forma\u00e7\u00e3o Inicial para a Inscri\u00e7\u00e3o na OF es un documento estructurante para definir los criterios m\u00ednimos de acceso a la profesi\u00f3n. Resume las cualificaciones, en particular el perfil de competencias, la estructura curricular de las titulaciones de fisioterapia que dan acceso a la profesi\u00f3n, adem\u00e1s de evaluar las competencias profesionales de los ciudadanos europeos con formaci\u00f3n... <a title=\"Formaci\u00f3n inicial Referencial\" class=\"read-more\" href=\"https:\/\/ordemdosfisioterapeutas.pt\/es\/referencial-da-formacao-inicial\/\" aria-label=\"M\u00e1s informaci\u00f3n sobre el Marco de Formaci\u00f3n Inicial\">Seguir leyendo<\/a><\/p>","protected":false},"author":1,"featured_media":0,"parent":0,"menu_order":0,"comment_status":"closed","ping_status":"closed","template":"","meta":{"footnotes":""},"class_list":["post-2316","page","type-page","status-publish"],"_links":{"self":[{"href":"https:\/\/ordemdosfisioterapeutas.pt\/es\/wp-json\/wp\/v2\/pages\/2316","targetHints":{"allow":["GET"]}}],"collection":[{"href":"https:\/\/ordemdosfisioterapeutas.pt\/es\/wp-json\/wp\/v2\/pages"}],"about":[{"href":"https:\/\/ordemdosfisioterapeutas.pt\/es\/wp-json\/wp\/v2\/types\/page"}],"author":[{"embeddable":true,"href":"https:\/\/ordemdosfisioterapeutas.pt\/es\/wp-json\/wp\/v2\/users\/1"}],"replies":[{"embeddable":true,"href":"https:\/\/ordemdosfisioterapeutas.pt\/es\/wp-json\/wp\/v2\/comments?post=2316"}],"version-history":[{"count":0,"href":"https:\/\/ordemdosfisioterapeutas.pt\/es\/wp-json\/wp\/v2\/pages\/2316\/revisions"}],"wp:attachment":[{"href":"https:\/\/ordemdosfisioterapeutas.pt\/es\/wp-json\/wp\/v2\/media?parent=2316"}],"curies":[{"name":"wp","href":"https:\/\/api.w.org\/{rel}","templated":true}]}}