{"id":1471,"date":"2020-11-11T19:31:32","date_gmt":"2020-11-11T19:31:32","guid":{"rendered":"https:\/\/ordemdosfisioterapeutas.pt\/?page_id=1471"},"modified":"2021-02-03T19:19:24","modified_gmt":"2021-02-03T19:19:24","slug":"mensagem-de-boas-vindas","status":"publish","type":"page","link":"https:\/\/ordemdosfisioterapeutas.pt\/es\/mensagem-de-boas-vindas\/","title":{"rendered":"Mensaje de bienvenida"},"content":{"rendered":"<div data-elementor-type=\"wp-page\" data-elementor-id=\"1471\" class=\"elementor elementor-1471\" data-elementor-post-type=\"page\">\n\t\t\t\t\t\t<section class=\"elementor-section elementor-top-section elementor-element elementor-element-ad8715c elementor-section-boxed elementor-section-height-default elementor-section-height-default\" data-id=\"ad8715c\" data-element_type=\"section\" data-e-type=\"section\">\n\t\t\t\t\t\t<div class=\"elementor-container elementor-column-gap-default\">\n\t\t\t\t\t<div class=\"elementor-column elementor-col-50 elementor-top-column elementor-element elementor-element-e03a368\" data-id=\"e03a368\" data-element_type=\"column\" data-e-type=\"column\">\n\t\t\t<div class=\"elementor-widget-wrap elementor-element-populated\">\n\t\t\t\t\t\t<div class=\"elementor-element elementor-element-b788fe2 elementor-widget elementor-widget-image\" data-id=\"b788fe2\" data-element_type=\"widget\" data-e-type=\"widget\" data-widget_type=\"image.default\">\n\t\t\t\t<div class=\"elementor-widget-container\">\n\t\t\t\t\t\t\t\t\t\t\t\t\t\t\t<img fetchpriority=\"high\" decoding=\"async\" width=\"683\" height=\"1024\" src=\"https:\/\/ordemdosfisioterapeutas.pt\/wp-content\/uploads\/2020\/10\/isabel-souza-guerra-683x1024.jpg\" class=\"attachment-large size-large wp-image-1057\" alt=\"Isabel de Souza Guerra\" srcset=\"https:\/\/ordemdosfisioterapeutas.pt\/wp-content\/uploads\/2020\/10\/isabel-souza-guerra-683x1024.jpg 683w, https:\/\/ordemdosfisioterapeutas.pt\/wp-content\/uploads\/2020\/10\/isabel-souza-guerra-200x300.jpg 200w, https:\/\/ordemdosfisioterapeutas.pt\/wp-content\/uploads\/2020\/10\/isabel-souza-guerra-768x1152.jpg 768w, https:\/\/ordemdosfisioterapeutas.pt\/wp-content\/uploads\/2020\/10\/isabel-souza-guerra.jpg 1000w\" sizes=\"(max-width: 683px) 100vw, 683px\" \/>\t\t\t\t\t\t\t\t\t\t\t\t\t\t\t<\/div>\n\t\t\t\t<\/div>\n\t\t\t\t\t<\/div>\n\t\t<\/div>\n\t\t\t\t<div class=\"elementor-column elementor-col-50 elementor-top-column elementor-element elementor-element-34b608f\" data-id=\"34b608f\" data-element_type=\"column\" data-e-type=\"column\">\n\t\t\t<div class=\"elementor-widget-wrap elementor-element-populated\">\n\t\t\t\t\t\t<div class=\"elementor-element elementor-element-e1dea3c elementor-widget elementor-widget-text-editor\" data-id=\"e1dea3c\" data-element_type=\"widget\" data-e-type=\"widget\" data-widget_type=\"text-editor.default\">\n\t\t\t\t<div class=\"elementor-widget-container\">\n\t\t\t\t\t\t\t\t\t<p>Bienvenido a la Orden de Fisioterapeutas.<\/p><p>La Orden de Fisioterapeutas es un avance importante en la afirmaci\u00f3n de nuestra profesi\u00f3n en la sociedad portuguesa.<\/p><p>La misi\u00f3n principal de la Orden es la defensa de los ciudadanos frente a la pr\u00e1ctica no cualificada y el derecho a una atenci\u00f3n fisioterap\u00e9utica, con calidad, seguridad y buenos resultados, prestada por profesionales de competencia reconocida y certificada.<\/p><p>La comisi\u00f3n de instalaci\u00f3n de la Orden de Fisioterapeutas est\u00e1 trabajando para garantizar las condiciones necesarias para la elecci\u00f3n de los \u00f3rganos sociales, momento a partir del cual la orden podr\u00e1 desarrollar plenamente su actividad.<\/p><p>Hoy disponemos de tres plataformas digitales: una web, una p\u00e1gina en Facebook y un perfil en LinkedIn para que nuestra comunidad empiece a crecer gracias a la participaci\u00f3n de todos. La web ser\u00e1 el principal canal de comunicaci\u00f3n entre la comisi\u00f3n de instalaci\u00f3n y los fisioterapeutas, donde se podr\u00e1n aclarar todas las dudas. Pr\u00f3ximamente, tambi\u00e9n se habilitar\u00e1 un \u00e1rea privada para cada fisioterapeuta donde, entre otras cosas, podr\u00e1 darse de alta en la Orden, obligatoria para el ejercicio de la profesi\u00f3n.<\/p><p>Estamos con vosotros.<\/p><p>Qu\u00e9date tambi\u00e9n con nosotros.<\/p>\t\t\t\t\t\t\t\t<\/div>\n\t\t\t\t<\/div>\n\t\t\t\t\t<\/div>\n\t\t<\/div>\n\t\t\t\t\t<\/div>\n\t\t<\/section>\n\t\t\t\t<\/div>","protected":false},"excerpt":{"rendered":"<p>Seja bem-vindo \u00e0 Ordem dos Fisioterapeutas. A Ordem dos Fisioterapeutas \u00e9 um importante avan\u00e7o na afirma\u00e7\u00e3o da nossa profiss\u00e3o na sociedade portuguesa. A principal miss\u00e3o da ordem \u00e9 a defesa dos cidad\u00e3os contra o exerc\u00edcio inqualificado e o direito a cuidados de fisioterapia, com qualidade, seguran\u00e7a e bons resultados, prestados por profissionais de reconhecidas compet\u00eancias &#8230; <a title=\"Mensaje de bienvenida\" class=\"read-more\" href=\"https:\/\/ordemdosfisioterapeutas.pt\/es\/mensagem-de-boas-vindas\/\" aria-label=\"Leer m\u00e1s sobre Mensagem de boas-vindas\">Seguir leyendo<\/a><\/p>","protected":false},"author":1,"featured_media":0,"parent":0,"menu_order":0,"comment_status":"closed","ping_status":"closed","template":"","meta":{"footnotes":""},"class_list":["post-1471","page","type-page","status-publish"],"_links":{"self":[{"href":"https:\/\/ordemdosfisioterapeutas.pt\/es\/wp-json\/wp\/v2\/pages\/1471","targetHints":{"allow":["GET"]}}],"collection":[{"href":"https:\/\/ordemdosfisioterapeutas.pt\/es\/wp-json\/wp\/v2\/pages"}],"about":[{"href":"https:\/\/ordemdosfisioterapeutas.pt\/es\/wp-json\/wp\/v2\/types\/page"}],"author":[{"embeddable":true,"href":"https:\/\/ordemdosfisioterapeutas.pt\/es\/wp-json\/wp\/v2\/users\/1"}],"replies":[{"embeddable":true,"href":"https:\/\/ordemdosfisioterapeutas.pt\/es\/wp-json\/wp\/v2\/comments?post=1471"}],"version-history":[{"count":0,"href":"https:\/\/ordemdosfisioterapeutas.pt\/es\/wp-json\/wp\/v2\/pages\/1471\/revisions"}],"wp:attachment":[{"href":"https:\/\/ordemdosfisioterapeutas.pt\/es\/wp-json\/wp\/v2\/media?parent=1471"}],"curies":[{"name":"wp","href":"https:\/\/api.w.org\/{rel}","templated":true}]}}