{"id":13111,"date":"2026-03-20T19:36:05","date_gmt":"2026-03-20T19:36:05","guid":{"rendered":"https:\/\/ordemdosfisioterapeutas.pt\/?page_id=13111"},"modified":"2026-03-20T19:41:08","modified_gmt":"2026-03-20T19:41:08","slug":"fala-sem-fronteiras","status":"publish","type":"page","link":"https:\/\/ordemdosfisioterapeutas.pt\/es\/fala-sem-fronteiras\/","title":{"rendered":"Hablar sin fronteras"},"content":{"rendered":"<div data-elementor-type=\"wp-page\" data-elementor-id=\"13111\" class=\"elementor elementor-13111\" data-elementor-post-type=\"page\">\n\t\t\t\t<div class=\"elementor-element elementor-element-1139d65 e-grid e-con-boxed e-con e-parent\" data-id=\"1139d65\" data-element_type=\"container\" data-e-type=\"container\">\n\t\t\t\t\t<div class=\"e-con-inner\">\n\t\t\t\t<div class=\"elementor-element elementor-element-8d3c7df elementor-widget elementor-widget-image\" data-id=\"8d3c7df\" data-element_type=\"widget\" data-e-type=\"widget\" data-widget_type=\"image.default\">\n\t\t\t\t<div class=\"elementor-widget-container\">\n\t\t\t\t\t\t\t\t\t\t\t\t\t\t\t<img decoding=\"async\" src=\"https:\/\/ordemdosfisioterapeutas.pt\/wp-content\/uploads\/elementor\/thumbs\/logo__0012_falasemfronteiras-rksuby2k7iof2htihirk7k3p5vpd6kcucfmce15tz4.png\" title=\"logo__0012_falasemfronteiras\" alt=\"logo__0012_falasemfronteiras\" loading=\"lazy\" \/>\t\t\t\t\t\t\t\t\t\t\t\t\t\t\t<\/div>\n\t\t\t\t<\/div>\n\t\t\t\t<div class=\"elementor-element elementor-element-63cdbc0 elementor-widget elementor-widget-image\" data-id=\"63cdbc0\" data-element_type=\"widget\" data-e-type=\"widget\" data-widget_type=\"image.default\">\n\t\t\t\t<div class=\"elementor-widget-container\">\n\t\t\t\t\t\t\t\t\t\t\t\t\t\t\t<img decoding=\"async\" src=\"https:\/\/ordemdosfisioterapeutas.pt\/wp-content\/uploads\/elementor\/thumbs\/parcerias-r1e5sfsz0l2px9fc2vf1dqmethbbh5ts4btblfpj40.png\" title=\"asociaciones.png\" alt=\"parcerias.png\" loading=\"lazy\" \/>\t\t\t\t\t\t\t\t\t\t\t\t\t\t\t<\/div>\n\t\t\t\t<\/div>\n\t\t\t\t\t<\/div>\n\t\t\t\t<\/div>\n\t\t<div class=\"elementor-element elementor-element-4e092fe e-flex e-con-boxed e-con e-parent\" data-id=\"4e092fe\" data-element_type=\"container\" data-e-type=\"container\">\n\t\t\t\t\t<div class=\"e-con-inner\">\n\t\t\t\t<div class=\"elementor-element elementor-element-464e55e elementor-widget elementor-widget-heading\" data-id=\"464e55e\" data-element_type=\"widget\" data-e-type=\"widget\" data-widget_type=\"heading.default\">\n\t\t\t\t<div class=\"elementor-widget-container\">\n\t\t\t\t\t<h2 class=\"elementor-heading-title elementor-size-default\">Descripci\u00f3n<\/h2>\t\t\t\t<\/div>\n\t\t\t\t<\/div>\n\t\t\t\t<div class=\"elementor-element elementor-element-eb5655d elementor-widget elementor-widget-text-editor\" data-id=\"eb5655d\" data-element_type=\"widget\" data-e-type=\"widget\" data-widget_type=\"text-editor.default\">\n\t\t\t\t<div class=\"elementor-widget-container\">\n\t\t\t\t\t\t\t\t\t<p data-olk-copy-source=\"MessageBody\">Fala Sem Fronteiras es una cl\u00ednica con certificaci\u00f3n ERS especializada en Logopedia y Psicolog\u00eda Cl\u00ednica. Con un enfoque centrado en el individuo, el equipo de especialistas apoya a ni\u00f1os, j\u00f3venes y adultos en el desarrollo de habilidades de comunicaci\u00f3n y el fortalecimiento del equilibrio emocional.<\/p><p>Ofrece la comodidad de consultas presenciales (Lisboa y Aveiro) y en l\u00ednea, garantizando un excelente apoyo dondequiera que est\u00e9. El enfoque es claro: promover la salud mental y la confianza en uno mismo mediante soluciones cl\u00ednicas personalizadas y eficaces.<\/p>\t\t\t\t\t\t\t\t<\/div>\n\t\t\t\t<\/div>\n\t\t\t\t\t<\/div>\n\t\t\t\t<\/div>\n\t\t<div class=\"elementor-element elementor-element-ccda0df condicoes e-flex e-con-boxed e-con e-parent\" data-id=\"ccda0df\" data-element_type=\"container\" data-e-type=\"container\">\n\t\t\t\t\t<div class=\"e-con-inner\">\n\t\t\t\t<div class=\"elementor-element elementor-element-470aa51 elementor-widget elementor-widget-heading\" data-id=\"470aa51\" data-element_type=\"widget\" data-e-type=\"widget\" data-widget_type=\"heading.default\">\n\t\t\t\t<div class=\"elementor-widget-container\">\n\t\t\t\t\t<h2 class=\"elementor-heading-title elementor-size-default\">Condiciones<\/h2>\t\t\t\t<\/div>\n\t\t\t\t<\/div>\n\t\t\t\t<div class=\"elementor-element elementor-element-f8d46e2 elementor-widget elementor-widget-text-editor\" data-id=\"f8d46e2\" data-element_type=\"widget\" data-e-type=\"widget\" data-widget_type=\"text-editor.default\">\n\t\t\t\t<div class=\"elementor-widget-container\">\n\t\t\t\t\t\t\t\t\t<p data-olk-copy-source=\"MessageBody\">- 15% de descuento en los servicios de logopedia y psicolog\u00eda cl\u00ednica para los afiliados y sus familiares directos (padres, hijos o c\u00f3nyuges). Este descuento se aplica al valor del servicio al precio particular cobrado, incluidas las campa\u00f1as promocionales.<\/p><p>Las sesiones pueden celebrarse: en persona o a domicilio, en los distritos de Lisboa y Aveiro; en l\u00ednea, accesibles desde cualquier lugar de Portugal.<\/p><p>Las condiciones aplicables a los servicios prestados est\u00e1n disponibles en:\u00a0<a title=\"https:\/\/falasemfronteiras.eu\/termos-e-condicoes\/\" href=\"https:\/\/falasemfronteiras.eu\/termos-e-condicoes\/\" data-auth=\"NotApplicable\" data-linkindex=\"0\" target=\"_blank\" rel=\"noopener\">https:\/\/falasemfronteiras.eu\/termos-e-condicoes\/<\/a><\/p><p><strong>Acceso a la prestaci\u00f3n:<\/strong><\/p><p>Para beneficiarse de las condiciones preferentes debe introducir el c\u00f3digo de descuento \u201c<b>FISIO15<\/b>\u201d al reservar el servicio y enviar la prueba de que cumple los requisitos.<\/p><p>Contacte con Fala Sem Fronteiras a trav\u00e9s de los siguientes canales:<\/p><p>Tel\u00e9fono: 911 924 757<\/p><p>Correo electr\u00f3nico:\u00a0<a title=\"mailto:geral@falasemfronteiras.eu\" href=\"mailto:geral@falasemfronteiras.eu\" data-linkindex=\"1\">geral@falasemfronteiras.eu<\/a><\/p>\t\t\t\t\t\t\t\t<\/div>\n\t\t\t\t<\/div>\n\t\t\t\t\t<\/div>\n\t\t\t\t<\/div>\n\t\t<div class=\"elementor-element elementor-element-9487975 condicoes-btn e-flex e-con-boxed e-con e-parent\" data-id=\"9487975\" data-element_type=\"container\" data-e-type=\"container\">\n\t\t\t\t\t<div class=\"e-con-inner\">\n\t\t\t\t<div class=\"elementor-element elementor-element-d247edb elementor-align-right elementor-mobile-align-center elementor-widget elementor-widget-button\" data-id=\"d247edb\" data-element_type=\"widget\" data-e-type=\"widget\" data-widget_type=\"button.default\">\n\t\t\t\t<div class=\"elementor-widget-container\">\n\t\t\t\t\t\t\t\t\t<div class=\"elementor-button-wrapper\">\n\t\t\t\t\t<a class=\"elementor-button elementor-button-link elementor-size-xs\" href=\"https:\/\/portal.ordemdosfisioterapeutas.pt\/of-auth\/?app_ref=e985d1b30a025a19af003c638a7f64a2\" target=\"_blank\">\n\t\t\t\t\t\t<span class=\"elementor-button-content-wrapper\">\n\t\t\t\t\t\t\t\t\t<span class=\"elementor-button-text\">Conozca las condiciones<\/span>\n\t\t\t\t\t<\/span>\n\t\t\t\t\t<\/a>\n\t\t\t\t<\/div>\n\t\t\t\t\t\t\t\t<\/div>\n\t\t\t\t<\/div>\n\t\t\t\t\t<\/div>\n\t\t\t\t<\/div>\n\t\t<div class=\"elementor-element elementor-element-39aafbc e-flex e-con-boxed e-con e-parent\" data-id=\"39aafbc\" data-element_type=\"container\" data-e-type=\"container\">\n\t\t\t\t\t<div class=\"e-con-inner\">\n\t\t\t\t<div class=\"elementor-element elementor-element-3367fab elementor-align-right elementor-mobile-align-center elementor-widget elementor-widget-button\" data-id=\"3367fab\" data-element_type=\"widget\" data-e-type=\"widget\" data-widget_type=\"button.default\">\n\t\t\t\t<div class=\"elementor-widget-container\">\n\t\t\t\t\t\t\t\t\t<div class=\"elementor-button-wrapper\">\n\t\t\t\t\t<a class=\"elementor-button elementor-button-link elementor-size-xs\" href=\"https:\/\/ordemdosfisioterapeutas.pt\/es\/parcerias\/\">\n\t\t\t\t\t\t<span class=\"elementor-button-content-wrapper\">\n\t\t\t\t\t\t\t\t\t<span class=\"elementor-button-text\">Volver<\/span>\n\t\t\t\t\t<\/span>\n\t\t\t\t\t<\/a>\n\t\t\t\t<\/div>\n\t\t\t\t\t\t\t\t<\/div>\n\t\t\t\t<\/div>\n\t\t\t\t\t<\/div>\n\t\t\t\t<\/div>\n\t\t\t\t<\/div>","protected":false},"excerpt":{"rendered":"<p>Descri\u00e7\u00e3o A Fala Sem Fronteiras \u00e9 uma cl\u00ednica certificada pela ERS, especializada em Terapia da Fala e Psicologia Cl\u00ednica. Com uma abordagem centrada no indiv\u00edduo, a equipa de especialistas apoia crian\u00e7as, jovens e adultos no desenvolvimento de compet\u00eancias comunicativas e no fortalecimento do equil\u00edbrio emocional. Oferece a conveni\u00eancia de consultas presenciais (Lisboa e Aveiro) e &#8230; <a title=\"Hablar sin fronteras\" class=\"read-more\" href=\"https:\/\/ordemdosfisioterapeutas.pt\/es\/fala-sem-fronteiras\/\" aria-label=\"Leer m\u00e1s sobre Fala Sem Fronteiras\">Seguir leyendo<\/a><\/p>","protected":false},"author":1,"featured_media":0,"parent":0,"menu_order":0,"comment_status":"closed","ping_status":"closed","template":"","meta":{"footnotes":""},"class_list":["post-13111","page","type-page","status-publish"],"_links":{"self":[{"href":"https:\/\/ordemdosfisioterapeutas.pt\/es\/wp-json\/wp\/v2\/pages\/13111","targetHints":{"allow":["GET"]}}],"collection":[{"href":"https:\/\/ordemdosfisioterapeutas.pt\/es\/wp-json\/wp\/v2\/pages"}],"about":[{"href":"https:\/\/ordemdosfisioterapeutas.pt\/es\/wp-json\/wp\/v2\/types\/page"}],"author":[{"embeddable":true,"href":"https:\/\/ordemdosfisioterapeutas.pt\/es\/wp-json\/wp\/v2\/users\/1"}],"replies":[{"embeddable":true,"href":"https:\/\/ordemdosfisioterapeutas.pt\/es\/wp-json\/wp\/v2\/comments?post=13111"}],"version-history":[{"count":4,"href":"https:\/\/ordemdosfisioterapeutas.pt\/es\/wp-json\/wp\/v2\/pages\/13111\/revisions"}],"predecessor-version":[{"id":13117,"href":"https:\/\/ordemdosfisioterapeutas.pt\/es\/wp-json\/wp\/v2\/pages\/13111\/revisions\/13117"}],"wp:attachment":[{"href":"https:\/\/ordemdosfisioterapeutas.pt\/es\/wp-json\/wp\/v2\/media?parent=13111"}],"curies":[{"name":"wp","href":"https:\/\/api.w.org\/{rel}","templated":true}]}}