{"id":13105,"date":"2026-03-20T19:30:23","date_gmt":"2026-03-20T19:30:23","guid":{"rendered":"https:\/\/ordemdosfisioterapeutas.pt\/?page_id=13105"},"modified":"2026-04-19T18:51:16","modified_gmt":"2026-04-19T17:51:16","slug":"credilink","status":"publish","type":"page","link":"https:\/\/ordemdosfisioterapeutas.pt\/es\/credilink\/","title":{"rendered":"Credilink"},"content":{"rendered":"<div data-elementor-type=\"wp-page\" data-elementor-id=\"13105\" class=\"elementor elementor-13105\" data-elementor-post-type=\"page\">\n\t\t\t\t<div class=\"elementor-element elementor-element-df75f01 e-grid e-con-boxed e-con e-parent\" data-id=\"df75f01\" data-element_type=\"container\" data-e-type=\"container\">\n\t\t\t\t\t<div class=\"e-con-inner\">\n\t\t\t\t<div class=\"elementor-element elementor-element-286e850 elementor-widget elementor-widget-image\" data-id=\"286e850\" data-element_type=\"widget\" data-e-type=\"widget\" data-widget_type=\"image.default\">\n\t\t\t\t<div class=\"elementor-widget-container\">\n\t\t\t\t\t\t\t\t\t\t\t\t\t\t\t<img decoding=\"async\" src=\"https:\/\/ordemdosfisioterapeutas.pt\/wp-content\/uploads\/elementor\/thumbs\/logo__0013_Credilink-rksu4ntl8qpf3aeg0vendwa3fdlyj0fqcdlvhtyo74.png\" title=\"logo__0013_Credilink\" alt=\"logo__0013_Credilink\" loading=\"lazy\" \/>\t\t\t\t\t\t\t\t\t\t\t\t\t\t\t<\/div>\n\t\t\t\t<\/div>\n\t\t\t\t<div class=\"elementor-element elementor-element-fc68fde elementor-widget elementor-widget-image\" data-id=\"fc68fde\" data-element_type=\"widget\" data-e-type=\"widget\" data-widget_type=\"image.default\">\n\t\t\t\t<div class=\"elementor-widget-container\">\n\t\t\t\t\t\t\t\t\t\t\t\t\t\t\t<img decoding=\"async\" src=\"https:\/\/ordemdosfisioterapeutas.pt\/wp-content\/uploads\/elementor\/thumbs\/parcerias-r1e5sfsz0l2px9fc2vf1dqmethbbh5ts4btblfpj40.png\" title=\"asociaciones.png\" alt=\"parcerias.png\" loading=\"lazy\" \/>\t\t\t\t\t\t\t\t\t\t\t\t\t\t\t<\/div>\n\t\t\t\t<\/div>\n\t\t\t\t\t<\/div>\n\t\t\t\t<\/div>\n\t\t<div class=\"elementor-element elementor-element-ca6a059 e-flex e-con-boxed e-con e-parent\" data-id=\"ca6a059\" data-element_type=\"container\" data-e-type=\"container\">\n\t\t\t\t\t<div class=\"e-con-inner\">\n\t\t\t\t<div class=\"elementor-element elementor-element-fa7a604 elementor-widget elementor-widget-heading\" data-id=\"fa7a604\" data-element_type=\"widget\" data-e-type=\"widget\" data-widget_type=\"heading.default\">\n\t\t\t\t<div class=\"elementor-widget-container\">\n\t\t\t\t\t<h2 class=\"elementor-heading-title elementor-size-default\">Descripci\u00f3n<\/h2>\t\t\t\t<\/div>\n\t\t\t\t<\/div>\n\t\t\t\t<div class=\"elementor-element elementor-element-4e4249c elementor-widget elementor-widget-text-editor\" data-id=\"4e4249c\" data-element_type=\"widget\" data-e-type=\"widget\" data-widget_type=\"text-editor.default\">\n\t\t\t\t<div class=\"elementor-widget-container\">\n\t\t\t\t\t\t\t\t\t<p class=\"x_xxmsonormal\"><span data-olk-copy-source=\"MessageBody\">Credilink es una empresa de intermediaci\u00f3n crediticia autorizada por el Banco de Portugal y especializada en la b\u00fasqueda de las mejores soluciones crediticias entre las entidades de cr\u00e9dito de Portugal, incluidos los principales bancos y financieras con los que tiene acuerdos de colaboraci\u00f3n.<\/span><\/p><p class=\"x_xxmsonormal\">Ayuda a los clientes a lo largo de todo el proceso crediticio de forma sencilla, transparente y personalizada.<\/p><p class=\"x_xxmsonormal\">Este servicio permite a los clientes ahorrar tiempo (porque no necesitan establecer contactos ni desplazarse a los bancos\/entidades financieras) y dinero (porque las condiciones que Credilink puede obtener son casi siempre mejores que las que el cliente puede conseguir por su cuenta).<\/p>\t\t\t\t\t\t\t\t<\/div>\n\t\t\t\t<\/div>\n\t\t\t\t\t<\/div>\n\t\t\t\t<\/div>\n\t\t<div class=\"elementor-element elementor-element-c8dfb18 condicoes e-flex e-con-boxed e-con e-parent\" data-id=\"c8dfb18\" data-element_type=\"container\" data-e-type=\"container\">\n\t\t\t\t\t<div class=\"e-con-inner\">\n\t\t\t\t<div class=\"elementor-element elementor-element-593e045 elementor-widget elementor-widget-heading\" data-id=\"593e045\" data-element_type=\"widget\" data-e-type=\"widget\" data-widget_type=\"heading.default\">\n\t\t\t\t<div class=\"elementor-widget-container\">\n\t\t\t\t\t<h2 class=\"elementor-heading-title elementor-size-default\">Condiciones<\/h2>\t\t\t\t<\/div>\n\t\t\t\t<\/div>\n\t\t\t\t<div class=\"elementor-element elementor-element-83e50dd elementor-widget elementor-widget-text-editor\" data-id=\"83e50dd\" data-element_type=\"widget\" data-e-type=\"widget\" data-widget_type=\"text-editor.default\">\n\t\t\t\t<div class=\"elementor-widget-container\">\n\t\t\t\t\t\t\t\t\t<p class=\"x_MsoNormal\" data-olk-copy-source=\"MessageBody\">- Oferta de un vale de compra de Pingo Doce o FNAC (o equivalente) por valor de 250 euros, siempre que se complete un Pr\u00e9stamo Vivienda o una Transferencia de Pr\u00e9stamo Vivienda utilizando los servicios Credilink.<\/p><p class=\"x_MsoNormal\">- Oferta de un vale de compra de Pingo Doce o FNAC (o equivalente) por valor de 250 euros, siempre que recomienden Credilink a un amigo o familiar (que no sea empleado y\/o miembro de la ORDEM DOS FISIOTERAPEUTAS) y que formalice un Pr\u00e9stamo Vivienda o una Transferencia de Pr\u00e9stamo Vivienda a trav\u00e9s de los servicios de Credilink.<\/p><p class=\"x_MsoNormal\">- Seminarios gratuitos<\/p><p class=\"x_MsoNormal\">- Simulaci\u00f3n gratuita y sin compromiso<\/p><p class=\"x_MsoNormal\">- Apoyo especializado<\/p><p class=\"x_MsoNormal\">Seminarios web gratuitos a partir de 2026:<\/p><p class=\"x_MsoNormal\">- 16 de abril | 13:30 | C\u00f3mo analizan los bancos su perfil financiero<\/p><p class=\"x_MsoNormal\">- Mayo | 26 | 13.30 | C\u00f3mo ahorrar en el seguro hipotecario<\/p><p class=\"x_MsoNormal\">- 29 junio | Tipo fijo, variable o mixto: La elecci\u00f3n que puede cambiarlo todo<\/p><p class=\"x_MsoNormal\">Invitada especial: Paula Alves, Directora de Sucursal de Novobanco<\/p><p class=\"x_MsoNormal\">- Julio | sin fecha fijada | Cr\u00e9dito a la construcci\u00f3n frente a construcci\u00f3n: \u00bfcu\u00e1l es mejor?<\/p><p class=\"x_MsoNormal\">Invitada especial: Cristiana Campelo, Directora 360 de Novobanco<\/p><p class=\"x_MsoNormal\">- Septiembre | sin fecha fijada | Cr\u00e9dito consolidado: c\u00f3mo recuperar el control de sus finanzas<\/p><p class=\"x_MsoNormal\">- Octubre | sin fecha fijada | El cr\u00e9dito como herramienta de crecimiento (no de supervivencia)<\/p><p class=\"x_MsoNormal\">Invitado especial: Inversor (por confirmar)<\/p><p class=\"x_MsoNormal\">- Noviembre | sin fecha | Lo que debe saber antes de firmar un contrato de cr\u00e9dito<\/p><p class=\"x_MsoNormal\">- Diciembre | sin fecha | 2026 a examen: Lo que hemos aprendido sobre el cr\u00e9dito y los clientes<\/p><p class=\"x_MsoNormal\">Acceso a la prestaci\u00f3n:<\/p><p class=\"x_MsoNormal\">Puede beneficiarse de estas condiciones con el c\u00f3digo promocional:\u00a0<b>ORDEMFISIO1<\/b><br \/>P\u00f3ngase en contacto con Credilink por los siguientes medios:<\/p><p class=\"x_MsoNormal\">Tel\u00e9fono o WhatsApp: 913 594 545<\/p><p class=\"x_MsoNormal\">Correo electr\u00f3nico:\u00a0<a title=\"mailto:info@credilink.pt\" href=\"mailto:info@credilink.pt\" data-linkindex=\"0\">info@credilink.pt<\/a><\/p><p class=\"x_MsoNormal\">P\u00e1gina web:\u00a0<a title=\"http:\/\/www.credilink.pt\" href=\"http:\/\/www.credilink.pt\/\" data-auth=\"NotApplicable\" data-linkindex=\"1\" target=\"_blank\" rel=\"noopener\">www.credilink.pt<\/a><\/p>\t\t\t\t\t\t\t\t<\/div>\n\t\t\t\t<\/div>\n\t\t\t\t<div class=\"elementor-element elementor-element-5478628 elementor-widget elementor-widget-image\" data-id=\"5478628\" data-element_type=\"widget\" data-e-type=\"widget\" data-widget_type=\"image.default\">\n\t\t\t\t<div class=\"elementor-widget-container\">\n\t\t\t\t\t\t\t\t\t\t\t\t\t\t\t<img fetchpriority=\"high\" decoding=\"async\" width=\"855\" height=\"513\" src=\"https:\/\/ordemdosfisioterapeutas.pt\/wp-content\/uploads\/2026\/04\/Webinar-16-Abril.png\" class=\"attachment-large size-large wp-image-13258\" alt=\"\" srcset=\"https:\/\/ordemdosfisioterapeutas.pt\/wp-content\/uploads\/2026\/04\/Webinar-16-Abril.png 1000w, https:\/\/ordemdosfisioterapeutas.pt\/wp-content\/uploads\/2026\/04\/Webinar-16-Abril-300x180.png 300w, https:\/\/ordemdosfisioterapeutas.pt\/wp-content\/uploads\/2026\/04\/Webinar-16-Abril-768x461.png 768w, https:\/\/ordemdosfisioterapeutas.pt\/wp-content\/uploads\/2026\/04\/Webinar-16-Abril-18x12.png 18w\" sizes=\"(max-width: 855px) 100vw, 855px\" \/>\t\t\t\t\t\t\t\t\t\t\t\t\t\t\t<\/div>\n\t\t\t\t<\/div>\n\t\t\t\t\t<\/div>\n\t\t\t\t<\/div>\n\t\t<div class=\"elementor-element elementor-element-2c80e88 condicoes-btn e-flex e-con-boxed e-con e-parent\" data-id=\"2c80e88\" data-element_type=\"container\" data-e-type=\"container\">\n\t\t\t\t\t<div class=\"e-con-inner\">\n\t\t\t\t<div class=\"elementor-element elementor-element-cf67895 elementor-align-right elementor-mobile-align-center elementor-widget elementor-widget-button\" data-id=\"cf67895\" data-element_type=\"widget\" data-e-type=\"widget\" data-widget_type=\"button.default\">\n\t\t\t\t<div class=\"elementor-widget-container\">\n\t\t\t\t\t\t\t\t\t<div class=\"elementor-button-wrapper\">\n\t\t\t\t\t<a class=\"elementor-button elementor-button-link elementor-size-xs\" href=\"https:\/\/portal.ordemdosfisioterapeutas.pt\/of-auth\/?app_ref=e985d1b30a025a19af003c638a7f64a2\" target=\"_blank\">\n\t\t\t\t\t\t<span class=\"elementor-button-content-wrapper\">\n\t\t\t\t\t\t\t\t\t<span class=\"elementor-button-text\">Conozca las condiciones<\/span>\n\t\t\t\t\t<\/span>\n\t\t\t\t\t<\/a>\n\t\t\t\t<\/div>\n\t\t\t\t\t\t\t\t<\/div>\n\t\t\t\t<\/div>\n\t\t\t\t\t<\/div>\n\t\t\t\t<\/div>\n\t\t<div class=\"elementor-element elementor-element-06250ea e-flex e-con-boxed e-con e-parent\" data-id=\"06250ea\" data-element_type=\"container\" data-e-type=\"container\">\n\t\t\t\t\t<div class=\"e-con-inner\">\n\t\t\t\t<div class=\"elementor-element elementor-element-aa3f201 elementor-align-right elementor-mobile-align-center elementor-widget elementor-widget-button\" data-id=\"aa3f201\" data-element_type=\"widget\" data-e-type=\"widget\" data-widget_type=\"button.default\">\n\t\t\t\t<div class=\"elementor-widget-container\">\n\t\t\t\t\t\t\t\t\t<div class=\"elementor-button-wrapper\">\n\t\t\t\t\t<a class=\"elementor-button elementor-button-link elementor-size-xs\" href=\"https:\/\/ordemdosfisioterapeutas.pt\/es\/parcerias\/\">\n\t\t\t\t\t\t<span class=\"elementor-button-content-wrapper\">\n\t\t\t\t\t\t\t\t\t<span class=\"elementor-button-text\">Volver<\/span>\n\t\t\t\t\t<\/span>\n\t\t\t\t\t<\/a>\n\t\t\t\t<\/div>\n\t\t\t\t\t\t\t\t<\/div>\n\t\t\t\t<\/div>\n\t\t\t\t\t<\/div>\n\t\t\t\t<\/div>\n\t\t\t\t<\/div>","protected":false},"excerpt":{"rendered":"<p>Descri\u00e7\u00e3o A Credilink \u00e9 uma empresa de intermedia\u00e7\u00e3o de cr\u00e9dito autorizada pelo Banco de Portugal, sendo especializada em encontrar as melhores solu\u00e7\u00f5es de cr\u00e9dito junto das Institui\u00e7\u00f5es de Cr\u00e9dito em Portugal, incluindo bancos e financeiras de refer\u00eancia, com as quais tem parcerias. Apoia os clientes em todo o processo de cr\u00e9dito, de forma simples, transparente &#8230; <a title=\"Credilink\" class=\"read-more\" href=\"https:\/\/ordemdosfisioterapeutas.pt\/es\/credilink\/\" aria-label=\"Leer m\u00e1s sobre Credilink\">Seguir leyendo<\/a><\/p>","protected":false},"author":1,"featured_media":0,"parent":0,"menu_order":0,"comment_status":"closed","ping_status":"closed","template":"","meta":{"footnotes":""},"class_list":["post-13105","page","type-page","status-publish"],"_links":{"self":[{"href":"https:\/\/ordemdosfisioterapeutas.pt\/es\/wp-json\/wp\/v2\/pages\/13105","targetHints":{"allow":["GET"]}}],"collection":[{"href":"https:\/\/ordemdosfisioterapeutas.pt\/es\/wp-json\/wp\/v2\/pages"}],"about":[{"href":"https:\/\/ordemdosfisioterapeutas.pt\/es\/wp-json\/wp\/v2\/types\/page"}],"author":[{"embeddable":true,"href":"https:\/\/ordemdosfisioterapeutas.pt\/es\/wp-json\/wp\/v2\/users\/1"}],"replies":[{"embeddable":true,"href":"https:\/\/ordemdosfisioterapeutas.pt\/es\/wp-json\/wp\/v2\/comments?post=13105"}],"version-history":[{"count":7,"href":"https:\/\/ordemdosfisioterapeutas.pt\/es\/wp-json\/wp\/v2\/pages\/13105\/revisions"}],"predecessor-version":[{"id":13261,"href":"https:\/\/ordemdosfisioterapeutas.pt\/es\/wp-json\/wp\/v2\/pages\/13105\/revisions\/13261"}],"wp:attachment":[{"href":"https:\/\/ordemdosfisioterapeutas.pt\/es\/wp-json\/wp\/v2\/media?parent=13105"}],"curies":[{"name":"wp","href":"https:\/\/api.w.org\/{rel}","templated":true}]}}