{"id":12782,"date":"2026-02-14T15:38:03","date_gmt":"2026-02-14T15:38:03","guid":{"rendered":"https:\/\/ordemdosfisioterapeutas.pt\/?page_id=12782"},"modified":"2026-02-14T17:21:14","modified_gmt":"2026-02-14T17:21:14","slug":"campanha-eleitoral-2025-2","status":"publish","type":"page","link":"https:\/\/ordemdosfisioterapeutas.pt\/es\/campanha-eleitoral-2025-2\/","title":{"rendered":"Campa\u00f1a electoral"},"content":{"rendered":"<div data-elementor-type=\"wp-page\" data-elementor-id=\"12782\" class=\"elementor elementor-12782\" data-elementor-post-type=\"page\">\n\t\t\t\t<div class=\"elementor-element elementor-element-6936afb e-flex e-con-boxed e-con e-parent\" data-id=\"6936afb\" data-element_type=\"container\" data-e-type=\"container\">\n\t\t\t\t\t<div class=\"e-con-inner\">\n\t\t\t\t<div class=\"elementor-element elementor-element-bf9df89 elementor-widget elementor-widget-text-editor\" data-id=\"bf9df89\" data-element_type=\"widget\" data-e-type=\"widget\" data-widget_type=\"text-editor.default\">\n\t\t\t\t<div class=\"elementor-widget-container\">\n\t\t\t\t\t\t\t\t\t<p>La campa\u00f1a electoral comienza el d\u00eda siguiente a la publicaci\u00f3n de los candidatos admitidos a las votaciones, es decir, el d\u00eda de las elecciones. <b>3 de mayo de 2026 <\/b>y terminar\u00e1 el <b>16 de mayo de 2026 <\/b>(la v\u00edspera de las elecciones).<\/p><p>Durante este periodo, <b>la Orden pondr\u00e1 a disposici\u00f3n <\/b>los medios de los candidatos para promover sus propuestas e interactuar con los votantes, de la siguiente manera:<\/p><ul><li>Cada lista podr\u00e1 enviar hasta dos correos electr\u00f3nicos a los votantes, que se difundir\u00e1n a trav\u00e9s de los canales oficiales de la Orden;<\/li><li>Los mensajes deben enviarse en formato HTML a: eleicoes@ordemdosfisioterapeutas.pt, identificando claramente la lista;<\/li><li>Las respuestas a los contactos recibidos en la direcci\u00f3n arriba indicada se enviar\u00e1n en horario de oficina, en d\u00edas laborables, de 09.00 a 18.00 horas;<\/li><li>El calendario ser\u00e1 gestionado por la Comisi\u00f3n Electoral, seg\u00fan el orden de recepci\u00f3n y el periodo de campa\u00f1a;<\/li><li>No se facilitar\u00e1 ning\u00fan contacto de los miembros ni se enviar\u00e1n SMS\/MMS en nombre de las listas;<\/li><li>A petici\u00f3n de las listas, se podr\u00e1n publicar hiperv\u00ednculos en el sitio web de la Orden que redirijan a las p\u00e1ginas oficiales de los candidatos.<\/li><\/ul><p>A <b>La Orden har\u00e1 <\/b>tambi\u00e9n el acceso ocasional a los locales de la Orden en Rua D. Jo\u00e3o V, n\u00b0 24 - 1.06, 1250-091 Lisboa.<\/p><ul><li>Se puede disponer de una sala con capacidad para un m\u00e1ximo de 6 personas previa solicitud con 48 horas de antelaci\u00f3n;<\/li><li>Las solicitudes deben enviarse a la direcci\u00f3n de correo electr\u00f3nico oficial arriba indicada;<\/li><li>La respuesta se dar\u00e1 en un plazo de 24 horas;<\/li><li>El espacio estar\u00e1 disponible los d\u00edas laborables entre las 9.00 y las 18.00 horas.<\/li><li>De conformidad con el apartado 2 del art\u00edculo 49 de los Estatutos, el Consejo de Administraci\u00f3n ha decidido no contribuir al coste de las campa\u00f1as electorales, como ocurri\u00f3 en elecciones anteriores.<\/li><\/ul>\t\t\t\t\t\t\t\t<\/div>\n\t\t\t\t<\/div>\n\t\t\t\t\t<\/div>\n\t\t\t\t<\/div>\n\t\t\t\t<\/div>","protected":false},"excerpt":{"rendered":"<p>La campa\u00f1a electoral se iniciar\u00e1 al d\u00eda siguiente de la publicaci\u00f3n de las candidaturas admitidas a elecci\u00f3n, es decir, comenzar\u00e1 el 3 de mayo de 2026 y finalizar\u00e1 el 16 de mayo de 2026 (v\u00edspera de las elecciones). Durante este periodo, el Colegio de Abogados pondr\u00e1 a disposici\u00f3n de los candidatos los medios para promocionar sus propuestas e interactuar con... <a title=\"Campa\u00f1a electoral\" class=\"read-more\" href=\"https:\/\/ordemdosfisioterapeutas.pt\/es\/campanha-eleitoral-2025-2\/\" aria-label=\"M\u00e1s informaci\u00f3n sobre las campa\u00f1as electorales\">Seguir leyendo<\/a><\/p>","protected":false},"author":1,"featured_media":0,"parent":0,"menu_order":0,"comment_status":"closed","ping_status":"closed","template":"","meta":{"footnotes":""},"class_list":["post-12782","page","type-page","status-publish"],"_links":{"self":[{"href":"https:\/\/ordemdosfisioterapeutas.pt\/es\/wp-json\/wp\/v2\/pages\/12782","targetHints":{"allow":["GET"]}}],"collection":[{"href":"https:\/\/ordemdosfisioterapeutas.pt\/es\/wp-json\/wp\/v2\/pages"}],"about":[{"href":"https:\/\/ordemdosfisioterapeutas.pt\/es\/wp-json\/wp\/v2\/types\/page"}],"author":[{"embeddable":true,"href":"https:\/\/ordemdosfisioterapeutas.pt\/es\/wp-json\/wp\/v2\/users\/1"}],"replies":[{"embeddable":true,"href":"https:\/\/ordemdosfisioterapeutas.pt\/es\/wp-json\/wp\/v2\/comments?post=12782"}],"version-history":[{"count":4,"href":"https:\/\/ordemdosfisioterapeutas.pt\/es\/wp-json\/wp\/v2\/pages\/12782\/revisions"}],"predecessor-version":[{"id":12828,"href":"https:\/\/ordemdosfisioterapeutas.pt\/es\/wp-json\/wp\/v2\/pages\/12782\/revisions\/12828"}],"wp:attachment":[{"href":"https:\/\/ordemdosfisioterapeutas.pt\/es\/wp-json\/wp\/v2\/media?parent=12782"}],"curies":[{"name":"wp","href":"https:\/\/api.w.org\/{rel}","templated":true}]}}