{"id":12778,"date":"2026-02-14T15:37:12","date_gmt":"2026-02-14T15:37:12","guid":{"rendered":"https:\/\/ordemdosfisioterapeutas.pt\/?page_id=12778"},"modified":"2026-02-14T17:19:13","modified_gmt":"2026-02-14T17:19:13","slug":"candidaturas-2026","status":"publish","type":"page","link":"https:\/\/ordemdosfisioterapeutas.pt\/es\/candidaturas-2026\/","title":{"rendered":"Aplicaciones"},"content":{"rendered":"<div data-elementor-type=\"wp-page\" data-elementor-id=\"12778\" class=\"elementor elementor-12778\" data-elementor-post-type=\"page\">\n\t\t\t\t<div class=\"elementor-element elementor-element-b01c4e4 e-flex e-con-boxed e-con e-parent\" data-id=\"b01c4e4\" data-element_type=\"container\" data-e-type=\"container\">\n\t\t\t\t\t<div class=\"e-con-inner\">\n\t\t\t\t<div class=\"elementor-element elementor-element-e5e74ac elementor-widget elementor-widget-text-editor\" data-id=\"e5e74ac\" data-element_type=\"widget\" data-e-type=\"widget\" data-widget_type=\"text-editor.default\">\n\t\t\t\t<div class=\"elementor-widget-container\">\n\t\t\t\t\t\t\t\t\t<p>Los miembros interesados en presentarse a las elecciones de los \u00f3rganos de la Orden pueden presentar sus candidaturas entre los d\u00edas siguientes <b>17 de febrero a<\/b> <b>19 de marzo de 2026<\/b>. Para presentar su solicitud, acceda a los formularios de solicitud que figuran a continuaci\u00f3n y siga las instrucciones facilitadas. Compruebe los requisitos necesarios y prepare la documentaci\u00f3n requerida.<\/p><p><u><b>Procedimientos de recepci\u00f3n de las listas de candidatos (con <\/b><\/u><u><b><i>enlace<\/i><\/b><\/u><u><b> para el documento \u201crecepci\u00f3n de listas\u201d<\/b><\/u><\/p><ul><li><b>Recibo por correo electr\u00f3nico:<\/b> La recepci\u00f3n se realiza a trav\u00e9s de la direcci\u00f3n <a href=\"mailto:eleicoes@ordemdosfisioterapeutas.pt\">eleicoes@ordemdosfisioterapeutas.pt<\/a>La documentaci\u00f3n es firmada digitalmente por los servicios de la Orden y enviada al representante de la lista. A su vez, el representante de la lista declara\/confirma que ha recibido una respuesta de los servicios de la Orden.<\/li><li><b>Entrega en mano<\/b>Cuando se recibe la lista en los locales de la Orden en Rua D. Jo\u00e3o V, n\u00b0 24 - 1.06, 1250-091 Lisboa, todas las p\u00e1ginas son selladas y rubricadas por los servicios de la Orden. Toda la documentaci\u00f3n original se fotocopia para entregar una copia al representante de la lista, que declara\/confirma haber recibido la copia, utilizando el formulario previsto a tal efecto.<\/li><li><b>Recibo por correo<\/b>Las candidaturas deber\u00e1n enviarse a Ordem dos Fisioterapeutas - Rua D. Jo\u00e3o V, n\u00b0 24 - 1.06, 1250-091 Lisboa, asegur\u00e1ndose de que lleguen antes de la fecha l\u00edmite de presentaci\u00f3n de candidaturas (19 de marzo). Los sobres ser\u00e1n abiertos por los servicios de la Orden en presencia de 2 testigos. Asimismo, la documentaci\u00f3n recibida deber\u00e1 estar sellada y rubricada en todas las p\u00e1ginas.<\/li><\/ul><p>\u00a0<\/p><p><u><b>Formularios de solicitud:<\/b><\/u><\/p><p>a)<span style=\"text-decoration: underline;\"><a href=\"https:\/\/ordemdosfisioterapeutas.pt\/wp-content\/uploads\/2025\/08\/e-REQUERIMENTO-CANDIDATURA-DIRECAO-REGIONAL.pdf\" target=\"_blank\" rel=\"noopener\">Solicitud a la Direcci\u00f3n Regional<\/a><\/span><\/p><p>b)<span style=\"text-decoration: underline;\"><a href=\"https:\/\/ordemdosfisioterapeutas.pt\/wp-content\/uploads\/2025\/08\/f_CANDIDATURA-MESA-ASSEMBLEIA-REGIONAL.pdf\" target=\"_blank\" rel=\"noopener\">Candidatura a la Mesa de la Asamblea Regional<\/a><\/span><br \/><br \/>c) <span style=\"text-decoration: underline;\"><a href=\"https:\/\/ordemdosfisioterapeutas.pt\/wp-content\/uploads\/2025\/08\/g_DECLARACAO-ACEITACAO-DE-CANDIDATURA.pdf\" target=\"_blank\" rel=\"noopener\">Declaraci\u00f3n de aceptaci\u00f3n de la candidatura<\/a><\/span><\/p><p>d) <span style=\"text-decoration: underline;\"><a href=\"https:\/\/ordemdosfisioterapeutas.pt\/wp-content\/uploads\/2025\/08\/h-DECLARACAO-NOMEACOES-REPRESENTANTE-CE_M_290325.pdf\" target=\"_blank\" rel=\"noopener\">Declaraci\u00f3n de nombramiento de representante ante la Comisi\u00f3n Electoral<\/a><\/span><\/p><p>e) <span style=\"text-decoration: underline;\"><a href=\"https:\/\/ordemdosfisioterapeutas.pt\/wp-content\/uploads\/2025\/08\/i-LISTA-SUBSCRITORES-COLETIVA.pdf\" target=\"_blank\" rel=\"noopener\">Lista colectiva de abonados<\/a><\/span><\/p><p>f) <span style=\"text-decoration: underline;\"><a href=\"https:\/\/ordemdosfisioterapeutas.pt\/wp-content\/uploads\/2025\/08\/j-LISTA-SUBSCRITORES-INDIVIDUAL.pdf\">Lista individual de abonados<\/a><\/span><\/p><p>\u00a0<\/p><p>\u26a0\ufe0f <b>Nota informativa - Formularios de solicitud<\/b><\/p><p>Se advierte que algunos de los formularios de solicitud contenidos en los anexos del Reglamento Electoral publicados en el Di\u00e1rio da Rep\u00fablica contienen errores materiales y no reflejan plenamente los requisitos establecidos en el respectivo texto normativo.<\/p><p>Los formularios de solicitud disponibles en esta p\u00e1gina del <b>Orden de Fisioterapeutas<\/b> corresponden a las versiones actualizadas y se ajustan a lo dispuesto en el Estatuto y el Reglamento Electoral vigentes, y deben utilizarse <b>exclusivamente<\/b> en el contexto de esta ley electoral complementaria.<\/p><p>Por lo tanto, se recomienda que todas las solicitudes presentadas utilicen \u00fanicamente los formularios aqu\u00ed facilitados; no se tendr\u00e1n en cuenta versiones alternativas ni formularios en otros soportes.<\/p>\t\t\t\t\t\t\t\t<\/div>\n\t\t\t\t<\/div>\n\t\t\t\t\t<\/div>\n\t\t\t\t<\/div>\n\t\t\t\t<\/div>","protected":false},"excerpt":{"rendered":"<p>Los miembros interesados en presentarse a las elecciones de los \u00f3rganos de la Orden pueden presentar sus candidaturas entre el 17 de febrero y el 19 de marzo de 2026. Para presentar su candidatura, acceda a los formularios de candidatura que figuran a continuaci\u00f3n y siga las instrucciones que se indican. Compruebe los requisitos necesarios y prepare la documentaci\u00f3n requerida. Procedimientos para ... <a title=\"Aplicaciones\" class=\"read-more\" href=\"https:\/\/ordemdosfisioterapeutas.pt\/es\/candidaturas-2026\/\" aria-label=\"M\u00e1s informaci\u00f3n sobre aplicaciones\">Seguir leyendo<\/a><\/p>","protected":false},"author":1,"featured_media":0,"parent":0,"menu_order":0,"comment_status":"closed","ping_status":"closed","template":"","meta":{"footnotes":""},"class_list":["post-12778","page","type-page","status-publish"],"_links":{"self":[{"href":"https:\/\/ordemdosfisioterapeutas.pt\/es\/wp-json\/wp\/v2\/pages\/12778","targetHints":{"allow":["GET"]}}],"collection":[{"href":"https:\/\/ordemdosfisioterapeutas.pt\/es\/wp-json\/wp\/v2\/pages"}],"about":[{"href":"https:\/\/ordemdosfisioterapeutas.pt\/es\/wp-json\/wp\/v2\/types\/page"}],"author":[{"embeddable":true,"href":"https:\/\/ordemdosfisioterapeutas.pt\/es\/wp-json\/wp\/v2\/users\/1"}],"replies":[{"embeddable":true,"href":"https:\/\/ordemdosfisioterapeutas.pt\/es\/wp-json\/wp\/v2\/comments?post=12778"}],"version-history":[{"count":4,"href":"https:\/\/ordemdosfisioterapeutas.pt\/es\/wp-json\/wp\/v2\/pages\/12778\/revisions"}],"predecessor-version":[{"id":12822,"href":"https:\/\/ordemdosfisioterapeutas.pt\/es\/wp-json\/wp\/v2\/pages\/12778\/revisions\/12822"}],"wp:attachment":[{"href":"https:\/\/ordemdosfisioterapeutas.pt\/es\/wp-json\/wp\/v2\/media?parent=12778"}],"curies":[{"name":"wp","href":"https:\/\/api.w.org\/{rel}","templated":true}]}}