{"id":12776,"date":"2026-02-14T15:36:39","date_gmt":"2026-02-14T15:36:39","guid":{"rendered":"https:\/\/ordemdosfisioterapeutas.pt\/?page_id=12776"},"modified":"2026-04-30T12:56:48","modified_gmt":"2026-04-30T11:56:48","slug":"caderno-eleitoral-2026","status":"publish","type":"page","link":"https:\/\/ordemdosfisioterapeutas.pt\/es\/caderno-eleitoral-2026\/","title":{"rendered":"Censo electoral"},"content":{"rendered":"<div data-elementor-type=\"wp-page\" data-elementor-id=\"12776\" class=\"elementor elementor-12776\" data-elementor-post-type=\"page\">\n\t\t\t\t<div class=\"elementor-element elementor-element-853cf6e condicoes-btn e-flex e-con-boxed e-con e-parent\" data-id=\"853cf6e\" data-element_type=\"container\" data-e-type=\"container\">\n\t\t\t\t\t<div class=\"e-con-inner\">\n\t\t\t\t<div class=\"elementor-element elementor-element-768d981 elementor-widget elementor-widget-text-editor\" data-id=\"768d981\" data-element_type=\"widget\" data-e-type=\"widget\" data-widget_type=\"text-editor.default\">\n\t\t\t\t<div class=\"elementor-widget-container\">\n\t\t\t\t\t\t\t\t\t<p><span lang=\"PT\">El censo electoral definitivo puede consultarse.<\/span><\/p><p><span lang=\"PT\">Una vez transcurrido el plazo de reclamaciones y no habi\u00e9ndose recibido ninguna, se publicar\u00e1 el censo electoral definitivo.<\/span><\/p><p><span lang=\"PT\">El documento incluye a los Fisioterapeutas con domicilio profesional en las regiones correspondientes a los \u00f3rganos a elegir - la Junta Regional de Madeira y la Junta de la Asamblea Regional Sur - con inscripci\u00f3n activa, excluyendo las inscripciones vigentes, suspendidas y canceladas. Tambi\u00e9n incluye a los colegiados cuya \u00faltima cuota de colegiaci\u00f3n haya sido pagada hasta noviembre de 2025 y cuya inscripci\u00f3n haya sido completada (fecha del 2\u00ba pago) hasta el 19 de enero de 2026.<\/span><\/p><p><span lang=\"PT\">El folleto puede consultarse en el \u00e1rea reservada del sitio web de la Ordem dos Fisioterapeutas o personalmente en los locales de la Ordem dos Fisioterapeutas (Centro LEAP - Espa\u00e7o Amoreiras | Rua D. Jo\u00e3o V, n.\u00ba 24 - 1.03, 1250-091 Lisboa).<\/span><\/p>\t\t\t\t\t\t\t\t<\/div>\n\t\t\t\t<\/div>\n\t\t\t\t\t<\/div>\n\t\t\t\t<\/div>\n\t\t<div class=\"elementor-element elementor-element-69a276f condicoes e-flex e-con-boxed e-con e-parent\" data-id=\"69a276f\" data-element_type=\"container\" data-e-type=\"container\">\n\t\t\t\t\t<div class=\"e-con-inner\">\n\t\t\t\t<div class=\"elementor-element elementor-element-98c48f2 elementor-widget elementor-widget-text-editor\" data-id=\"98c48f2\" data-element_type=\"widget\" data-e-type=\"widget\" data-widget_type=\"text-editor.default\">\n\t\t\t\t<div class=\"elementor-widget-container\">\n\t\t\t\t\t\t\t\t\t<p><span lang=\"PT\">El censo electoral definitivo puede consultarse.<\/span><\/p><p><span lang=\"PT\">Una vez transcurrido el plazo de reclamaciones y no habi\u00e9ndose recibido ninguna, se publicar\u00e1 el censo electoral definitivo.<\/span><\/p><p><span lang=\"PT\">El documento incluye a los Fisioterapeutas con domicilio profesional en las regiones correspondientes a los \u00f3rganos a elegir - la Junta Regional de Madeira y la Junta de la Asamblea Regional Sur - con inscripci\u00f3n activa, excluyendo las inscripciones vigentes, suspendidas y canceladas. Tambi\u00e9n incluye a los colegiados cuya \u00faltima cuota de colegiaci\u00f3n haya sido pagada hasta noviembre de 2025 y cuya inscripci\u00f3n haya sido completada (fecha del 2\u00ba pago) hasta el 19 de enero de 2026. <\/span><\/p><p><span lang=\"PT\">El folleto puede consultarse en el enlace que figura a continuaci\u00f3n o personalmente, en los locales del Colegio de Fisioterapeutas (Centro LEAP - Espa\u00e7o Amoreiras | Rua D. Jo\u00e3o V, n.\u00ba 24 - 1.03, 1250-091 Lisboa).<\/span><\/p>\t\t\t\t\t\t\t\t<\/div>\n\t\t\t\t<\/div>\n\t\t\t\t<div class=\"elementor-element elementor-element-ca4594a elementor-widget elementor-widget-button\" data-id=\"ca4594a\" data-element_type=\"widget\" data-e-type=\"widget\" data-widget_type=\"button.default\">\n\t\t\t\t<div class=\"elementor-widget-container\">\n\t\t\t\t\t\t\t\t\t<div class=\"elementor-button-wrapper\">\n\t\t\t\t\t<a class=\"elementor-button elementor-button-link elementor-size-sm\" href=\"https:\/\/ordemdosfisioterapeutas.pt\/wp-content\/uploads\/2026\/04\/CADERNOS_ELEITORAIS_FINAIS_2026.pdf\" target=\"_blank\">\n\t\t\t\t\t\t<span class=\"elementor-button-content-wrapper\">\n\t\t\t\t\t\t\t\t\t<span class=\"elementor-button-text\">Censo electoral<\/span>\n\t\t\t\t\t<\/span>\n\t\t\t\t\t<\/a>\n\t\t\t\t<\/div>\n\t\t\t\t\t\t\t\t<\/div>\n\t\t\t\t<\/div>\n\t\t\t\t\t<\/div>\n\t\t\t\t<\/div>\n\t\t\t\t<\/div>","protected":false},"excerpt":{"rendered":"<p>El censo electoral definitivo est\u00e1 disponible para consulta. Una vez finalizado el plazo de reclamaciones y no habi\u00e9ndose recibido ninguna, se publicar\u00e1 el censo electoral definitivo. El documento incluye a los fisioterapeutas con domicilio profesional en las regiones correspondientes a los \u00f3rganos a elegir - Junta Regional de Madeira y Junta de la Asamblea Regional Sur - con ... <a title=\"Censo electoral\" class=\"read-more\" href=\"https:\/\/ordemdosfisioterapeutas.pt\/es\/caderno-eleitoral-2026\/\" aria-label=\"Leer m\u00e1s sobre Censo electoral\">Seguir leyendo<\/a><\/p>","protected":false},"author":1,"featured_media":0,"parent":0,"menu_order":0,"comment_status":"closed","ping_status":"closed","template":"","meta":{"footnotes":""},"class_list":["post-12776","page","type-page","status-publish"],"_links":{"self":[{"href":"https:\/\/ordemdosfisioterapeutas.pt\/es\/wp-json\/wp\/v2\/pages\/12776","targetHints":{"allow":["GET"]}}],"collection":[{"href":"https:\/\/ordemdosfisioterapeutas.pt\/es\/wp-json\/wp\/v2\/pages"}],"about":[{"href":"https:\/\/ordemdosfisioterapeutas.pt\/es\/wp-json\/wp\/v2\/types\/page"}],"author":[{"embeddable":true,"href":"https:\/\/ordemdosfisioterapeutas.pt\/es\/wp-json\/wp\/v2\/users\/1"}],"replies":[{"embeddable":true,"href":"https:\/\/ordemdosfisioterapeutas.pt\/es\/wp-json\/wp\/v2\/comments?post=12776"}],"version-history":[{"count":13,"href":"https:\/\/ordemdosfisioterapeutas.pt\/es\/wp-json\/wp\/v2\/pages\/12776\/revisions"}],"predecessor-version":[{"id":13339,"href":"https:\/\/ordemdosfisioterapeutas.pt\/es\/wp-json\/wp\/v2\/pages\/12776\/revisions\/13339"}],"wp:attachment":[{"href":"https:\/\/ordemdosfisioterapeutas.pt\/es\/wp-json\/wp\/v2\/media?parent=12776"}],"curies":[{"name":"wp","href":"https:\/\/api.w.org\/{rel}","templated":true}]}}